{"id":57408,"date":"2026-01-30T11:19:46","date_gmt":"2026-01-30T10:19:46","guid":{"rendered":"https:\/\/www.prologistik.com\/ai-dive-profonde\/"},"modified":"2026-02-27T16:25:14","modified_gmt":"2026-02-27T15:25:14","slug":"ai-dive-profonde","status":"publish","type":"page","link":"https:\/\/www.prologistik.com\/fr\/ai-dive-profonde\/","title":{"rendered":"AI Dive profonde"},"content":{"rendered":"<section class=\"gb-container gb-container-d04d67e7 gradient-header\"><div class=\"gb-inside-container\">\n<div class=\"gb-grid-wrapper gb-grid-wrapper-35bad9b5\">\n<div class=\"gb-grid-column gb-grid-column-85956520\"><div class=\"gb-container gb-container-85956520\"><div class=\"gb-inside-container\">\n\n<div class=\"wp-block-pixel-headline headlines is-subheadline-bottom has-text-align-left\"><h1 class=\"headline\" style=\"color:var(--color-white)\">AI Dive profonde<\/h1><\/div>\n\n<\/div><\/div><\/div>\n<\/div>\n<\/div><\/section><section class=\"gb-container gb-container-75063a27\">\n<div class=\"gb-container gb-container-011b8387\">\n<div class=\"gb-grid-wrapper gb-grid-wrapper-a09b6f72\">\n<div class=\"gb-grid-column gb-grid-column-85c03be9\"><div class=\"gb-container gb-container-85c03be9\">\n\n<p><\/p>\n\n<\/div><\/div>\n\n<div class=\"gb-grid-column gb-grid-column-7d7e387e\"><div class=\"gb-container gb-container-7d7e387e\">\n<div class=\"glossary aiglossary\"><div class=\"glossary-nav\"><a href=\"#A\" class=\"glossary-nav-item has-data group-active\" data-id=\"A\">A<\/a><a href=\"#B\" class=\"glossary-nav-item \" data-id=\"B\">B<\/a><a href=\"#C\" class=\"glossary-nav-item has-data\" data-id=\"C\">C<\/a><a href=\"#D\" class=\"glossary-nav-item \" data-id=\"D\">D<\/a><a href=\"#E\" class=\"glossary-nav-item \" data-id=\"E\">E<\/a><a href=\"#F\" class=\"glossary-nav-item \" data-id=\"F\">F<\/a><a href=\"#G\" class=\"glossary-nav-item \" data-id=\"G\">G<\/a><a href=\"#H\" class=\"glossary-nav-item \" data-id=\"H\">H<\/a><a href=\"#I\" class=\"glossary-nav-item \" data-id=\"I\">I<\/a><a href=\"#J\" class=\"glossary-nav-item \" data-id=\"J\">J<\/a><a href=\"#K\" class=\"glossary-nav-item \" data-id=\"K\">K<\/a><a href=\"#L\" class=\"glossary-nav-item \" data-id=\"L\">L<\/a><a href=\"#M\" class=\"glossary-nav-item has-data\" data-id=\"M\">M<\/a><a href=\"#N\" class=\"glossary-nav-item \" data-id=\"N\">N<\/a><a href=\"#O\" class=\"glossary-nav-item \" data-id=\"O\">O<\/a><a href=\"#P\" class=\"glossary-nav-item \" data-id=\"P\">P<\/a><a href=\"#Q\" class=\"glossary-nav-item \" data-id=\"Q\">Q<\/a><a href=\"#R\" class=\"glossary-nav-item has-data\" data-id=\"R\">R<\/a><a href=\"#S\" class=\"glossary-nav-item has-data\" data-id=\"S\">S<\/a><a href=\"#T\" class=\"glossary-nav-item \" data-id=\"T\">T<\/a><a href=\"#U\" class=\"glossary-nav-item \" data-id=\"U\">U<\/a><a href=\"#V\" class=\"glossary-nav-item \" data-id=\"V\">V<\/a><a href=\"#W\" class=\"glossary-nav-item has-data\" data-id=\"W\">W<\/a><a href=\"#X\" class=\"glossary-nav-item \" data-id=\"X\">X<\/a><a href=\"#Y\" class=\"glossary-nav-item \" data-id=\"Y\">Y<\/a><a href=\"#Z\" class=\"glossary-nav-item \" data-id=\"Z\">Z<\/a><\/div><div class=\"glossary-content\"><div id=\"A\" class=\"glossary-char-group group-active\" data-id=\"A\"><div class=\"glossary-char\">A<\/div><div class=\"glossary-entry-group\"><a href=\"https:\/\/www.prologistik.com\/fr\/ai-deep-dive\/ameliorer-les-chaines-dapprovisionnement-grace-a-la-transformation-numerique\/\" class=\"glossary-entry\"><span class=\"glossary-entry-title\">Am\u00e9liorer les cha\u00eenes d&#039;approvisionnement gr\u00e2ce \u00e0 la transformation num\u00e9rique<\/span><\/a><\/div><\/div><div id=\"C\" class=\"glossary-char-group \" data-id=\"C\"><div class=\"glossary-char\">C<\/div><div class=\"glossary-entry-group\"><a href=\"https:\/\/www.prologistik.com\/fr\/ai-deep-dive\/comment-automatiser-le-controle-de-mes-factures-de-fret\/\" class=\"glossary-entry\"><span class=\"glossary-entry-title\">Comment automatiser le contr\u00f4le de mes factures de fret ?<\/span><\/a><\/div><\/div><div id=\"M\" class=\"glossary-char-group \" data-id=\"M\"><div class=\"glossary-char\">M<\/div><div class=\"glossary-entry-group\"><a href=\"https:\/\/www.prologistik.com\/fr\/ai-deep-dive\/mise-en-service-de-wms-instructions-pour-le-go-live\/\" class=\"glossary-entry\"><span class=\"glossary-entry-title\">Mise en service de WMS : instructions pour le &quot;go live<\/span><\/a><a href=\"https:\/\/www.prologistik.com\/fr\/ai-deep-dive\/mise-en-service-du-wms-5-phases-vers-le-go-live-prologistik\/\" class=\"glossary-entry\"><span class=\"glossary-entry-title\">Mise en service du WMS : 5 phases vers le &quot;go live&quot; | proLogistik<\/span><\/a><\/div><\/div><div id=\"R\" class=\"glossary-char-group \" data-id=\"R\"><div class=\"glossary-char\">R<\/div><div class=\"glossary-entry-group\"><a href=\"https:\/\/www.prologistik.com\/fr\/ai-deep-dive\/roi-du-wms-dans-le-cloud-vs-sur-site-une-analyse-financiere\/\" class=\"glossary-entry\"><span class=\"glossary-entry-title\">ROI du WMS dans le cloud vs. sur site : une analyse financi\u00e8re<\/span><\/a><\/div><\/div><div id=\"S\" class=\"glossary-char-group \" data-id=\"S\"><div class=\"glossary-char\">S<\/div><div class=\"glossary-entry-group\"><a href=\"https:\/\/www.prologistik.com\/fr\/ai-deep-dive\/suivi-des-envois-en-temps-reel-avantages-et-solutions\/\" class=\"glossary-entry\"><span class=\"glossary-entry-title\">Suivi des envois en temps r\u00e9el : avantages et solutions<\/span><\/a><a href=\"https:\/\/www.prologistik.com\/fr\/ai-deep-dive\/suivi-des-expeditions-en-temps-reel-plus-de-transparence-dans-lentrepot\/\" class=\"glossary-entry\"><span class=\"glossary-entry-title\">Suivi des exp\u00e9ditions en temps r\u00e9el : plus de transparence dans l&#039;entrep\u00f4t<\/span><\/a><a href=\"https:\/\/www.prologistik.com\/fr\/ai-deep-dive\/synchronizing-store-online-inventory-in-real-time\/\" class=\"glossary-entry\"><span class=\"glossary-entry-title\">Synchronizing Store &amp; Online Inventory in Real-Time<\/span><\/a><\/div><\/div><div id=\"W\" class=\"glossary-char-group \" data-id=\"W\"><div class=\"glossary-char\">W<\/div><div class=\"glossary-entry-group\"><a href=\"https:\/\/www.prologistik.com\/fr\/ai-deep-dive\/wms-dans-le-commerce-avantages-facteurs-de-reussite\/\" class=\"glossary-entry\"><span class=\"glossary-entry-title\">WMS dans le commerce : avantages &amp; facteurs de r\u00e9ussite<\/span><\/a><\/div><\/div><\/div><\/div>\n\n<\/div><\/div>\n<\/div>\n<\/div>\n<\/section>","protected":false},"excerpt":{"rendered":"","protected":false},"author":1,"featured_media":0,"parent":0,"menu_order":10,"comment_status":"closed","ping_status":"closed","template":"","meta":{"_acf_changed":false,"footnotes":""},"class_list":["post-57408","page","type-page","status-publish"],"acf":[],"yoast_head":"<!-- This site is optimized with the Yoast SEO Premium plugin v26.9 (Yoast SEO v27.3) - https:\/\/yoast.com\/product\/yoast-seo-premium-wordpress\/ -->\n<title>AI Dive profonde - proLogistik Group<\/title>\n<meta name=\"robots\" content=\"index, follow, max-snippet:-1, max-image-preview:large, max-video-preview:-1\" \/>\n<link rel=\"canonical\" href=\"https:\/\/www.prologistik.com\/fr\/ai-dive-profonde\/\" \/>\n<meta property=\"og:locale\" content=\"fr_FR\" \/>\n<meta property=\"og:type\" content=\"article\" \/>\n<meta property=\"og:title\" content=\"AI Dive profonde\" \/>\n<meta property=\"og:url\" content=\"https:\/\/www.prologistik.com\/fr\/ai-dive-profonde\/\" \/>\n<meta property=\"og:site_name\" content=\"proLogistik Group\" \/>\n<meta property=\"article:modified_time\" content=\"2026-02-27T15:25:14+00:00\" \/>\n<meta name=\"twitter:card\" content=\"summary_large_image\" \/>\n<script type=\"application\/ld+json\" class=\"yoast-schema-graph\">{\"@context\":\"https:\\\/\\\/schema.org\",\"@graph\":[{\"@type\":\"WebPage\",\"@id\":\"https:\\\/\\\/www.prologistik.com\\\/fr\\\/ai-dive-profonde\\\/\",\"url\":\"https:\\\/\\\/www.prologistik.com\\\/fr\\\/ai-dive-profonde\\\/\",\"name\":\"AI Dive profonde - proLogistik Group\",\"isPartOf\":{\"@id\":\"https:\\\/\\\/www.prologistik.com\\\/fr\\\/#website\"},\"datePublished\":\"2026-01-30T10:19:46+00:00\",\"dateModified\":\"2026-02-27T15:25:14+00:00\",\"breadcrumb\":{\"@id\":\"https:\\\/\\\/www.prologistik.com\\\/fr\\\/ai-dive-profonde\\\/#breadcrumb\"},\"inLanguage\":\"fr-FR\",\"potentialAction\":[{\"@type\":\"ReadAction\",\"target\":[\"https:\\\/\\\/www.prologistik.com\\\/fr\\\/ai-dive-profonde\\\/\"]}]},{\"@type\":\"BreadcrumbList\",\"@id\":\"https:\\\/\\\/www.prologistik.com\\\/fr\\\/ai-dive-profonde\\\/#breadcrumb\",\"itemListElement\":[{\"@type\":\"ListItem\",\"position\":1,\"name\":\"Startseite\",\"item\":\"https:\\\/\\\/www.prologistik.com\\\/fr\\\/\"},{\"@type\":\"ListItem\",\"position\":2,\"name\":\"AI Dive profonde\"}]},{\"@type\":\"WebSite\",\"@id\":\"https:\\\/\\\/www.prologistik.com\\\/fr\\\/#website\",\"url\":\"https:\\\/\\\/www.prologistik.com\\\/fr\\\/\",\"name\":\"proLogistik Group\",\"description\":\"Software und Hardware f\u00fcr die Intralogistik\",\"publisher\":{\"@id\":\"https:\\\/\\\/www.prologistik.com\\\/fr\\\/#organization\"},\"potentialAction\":[{\"@type\":\"SearchAction\",\"target\":{\"@type\":\"EntryPoint\",\"urlTemplate\":\"https:\\\/\\\/www.prologistik.com\\\/fr\\\/?s={search_term_string}\"},\"query-input\":{\"@type\":\"PropertyValueSpecification\",\"valueRequired\":true,\"valueName\":\"search_term_string\"}}],\"inLanguage\":\"fr-FR\"},{\"@type\":\"Organization\",\"@id\":\"https:\\\/\\\/www.prologistik.com\\\/fr\\\/#organization\",\"name\":\"proLogistik Group\",\"url\":\"https:\\\/\\\/www.prologistik.com\\\/fr\\\/\",\"logo\":{\"@type\":\"ImageObject\",\"inLanguage\":\"fr-FR\",\"@id\":\"https:\\\/\\\/www.prologistik.com\\\/fr\\\/#\\\/schema\\\/logo\\\/image\\\/\",\"url\":\"https:\\\/\\\/www.prologistik.com\\\/wp-content\\\/uploads\\\/prologistik-logo-web.svg\",\"contentUrl\":\"https:\\\/\\\/www.prologistik.com\\\/wp-content\\\/uploads\\\/prologistik-logo-web.svg\",\"width\":320,\"height\":59,\"caption\":\"proLogistik Group\"},\"image\":{\"@id\":\"https:\\\/\\\/www.prologistik.com\\\/fr\\\/#\\\/schema\\\/logo\\\/image\\\/\"}}]}<\/script>\n<!-- \/ Yoast SEO Premium plugin. -->","yoast_head_json":{"title":"AI Dive profonde - proLogistik Group","robots":{"index":"index","follow":"follow","max-snippet":"max-snippet:-1","max-image-preview":"max-image-preview:large","max-video-preview":"max-video-preview:-1"},"canonical":"https:\/\/www.prologistik.com\/fr\/ai-dive-profonde\/","og_locale":"fr_FR","og_type":"article","og_title":"AI Dive profonde","og_url":"https:\/\/www.prologistik.com\/fr\/ai-dive-profonde\/","og_site_name":"proLogistik Group","article_modified_time":"2026-02-27T15:25:14+00:00","twitter_card":"summary_large_image","schema":{"@context":"https:\/\/schema.org","@graph":[{"@type":"WebPage","@id":"https:\/\/www.prologistik.com\/fr\/ai-dive-profonde\/","url":"https:\/\/www.prologistik.com\/fr\/ai-dive-profonde\/","name":"AI Dive profonde - proLogistik Group","isPartOf":{"@id":"https:\/\/www.prologistik.com\/fr\/#website"},"datePublished":"2026-01-30T10:19:46+00:00","dateModified":"2026-02-27T15:25:14+00:00","breadcrumb":{"@id":"https:\/\/www.prologistik.com\/fr\/ai-dive-profonde\/#breadcrumb"},"inLanguage":"fr-FR","potentialAction":[{"@type":"ReadAction","target":["https:\/\/www.prologistik.com\/fr\/ai-dive-profonde\/"]}]},{"@type":"BreadcrumbList","@id":"https:\/\/www.prologistik.com\/fr\/ai-dive-profonde\/#breadcrumb","itemListElement":[{"@type":"ListItem","position":1,"name":"Startseite","item":"https:\/\/www.prologistik.com\/fr\/"},{"@type":"ListItem","position":2,"name":"AI Dive profonde"}]},{"@type":"WebSite","@id":"https:\/\/www.prologistik.com\/fr\/#website","url":"https:\/\/www.prologistik.com\/fr\/","name":"proLogistik Group","description":"Software und Hardware f\u00fcr die Intralogistik","publisher":{"@id":"https:\/\/www.prologistik.com\/fr\/#organization"},"potentialAction":[{"@type":"SearchAction","target":{"@type":"EntryPoint","urlTemplate":"https:\/\/www.prologistik.com\/fr\/?s={search_term_string}"},"query-input":{"@type":"PropertyValueSpecification","valueRequired":true,"valueName":"search_term_string"}}],"inLanguage":"fr-FR"},{"@type":"Organization","@id":"https:\/\/www.prologistik.com\/fr\/#organization","name":"proLogistik Group","url":"https:\/\/www.prologistik.com\/fr\/","logo":{"@type":"ImageObject","inLanguage":"fr-FR","@id":"https:\/\/www.prologistik.com\/fr\/#\/schema\/logo\/image\/","url":"https:\/\/www.prologistik.com\/wp-content\/uploads\/prologistik-logo-web.svg","contentUrl":"https:\/\/www.prologistik.com\/wp-content\/uploads\/prologistik-logo-web.svg","width":320,"height":59,"caption":"proLogistik Group"},"image":{"@id":"https:\/\/www.prologistik.com\/fr\/#\/schema\/logo\/image\/"}}]}},"_links":{"self":[{"href":"https:\/\/www.prologistik.com\/fr\/wp-json\/wp\/v2\/pages\/57408","targetHints":{"allow":["GET"]}}],"collection":[{"href":"https:\/\/www.prologistik.com\/fr\/wp-json\/wp\/v2\/pages"}],"about":[{"href":"https:\/\/www.prologistik.com\/fr\/wp-json\/wp\/v2\/types\/page"}],"author":[{"embeddable":true,"href":"https:\/\/www.prologistik.com\/fr\/wp-json\/wp\/v2\/users\/1"}],"replies":[{"embeddable":true,"href":"https:\/\/www.prologistik.com\/fr\/wp-json\/wp\/v2\/comments?post=57408"}],"version-history":[{"count":1,"href":"https:\/\/www.prologistik.com\/fr\/wp-json\/wp\/v2\/pages\/57408\/revisions"}],"predecessor-version":[{"id":57409,"href":"https:\/\/www.prologistik.com\/fr\/wp-json\/wp\/v2\/pages\/57408\/revisions\/57409"}],"wp:attachment":[{"href":"https:\/\/www.prologistik.com\/fr\/wp-json\/wp\/v2\/media?parent=57408"}],"curies":[{"name":"wp","href":"https:\/\/api.w.org\/{rel}","templated":true}]}}