{"id":50407,"date":"2025-07-14T13:47:59","date_gmt":"2025-07-14T11:47:59","guid":{"rendered":"https:\/\/www.prologistik.com\/?page_id=50407"},"modified":"2025-11-14T17:06:08","modified_gmt":"2025-11-14T16:06:08","slug":"labour-management-system","status":"publish","type":"page","link":"https:\/\/www.prologistik.com\/fr\/logiciel-global\/labour-management-system\/","title":{"rendered":"Labour Management System"},"content":{"rendered":"<section class=\"gb-container gb-container-3fd5c8ec\">\n<div class=\"gb-container gb-container-54e9f3fb\">\n<div class=\"gb-grid-wrapper gb-grid-wrapper-663af350\">\n<div class=\"gb-grid-column gb-grid-column-143a8beb\"><div class=\"gb-container gb-container-143a8beb\">\n<div class=\"gb-grid-wrapper gb-grid-wrapper-900528ed\">\n<div class=\"gb-grid-column gb-grid-column-483c54da\"><div class=\"gb-container gb-container-483c54da\">\n\n<div class=\"wp-block-pixel-headline headlines is-subheadline-top has-text-align-left\"><h1 class=\"headline\" style=\"color:var(--color-dodger-blue)\">Labour Management System (LMS)<\/h1><span class=\"subheadline\" style=\"color:var(--color-dodger-blue)\">Gagner en performance<\/span><\/div>\n\n\n\n<p>La gestion des entrep\u00f4ts est sous tension&nbsp;: la performance financi\u00e8re des entrep\u00f4ts est une \u00e9quation complexe \u00e0 g\u00e9rer. Au-del\u00e0 des al\u00e9as li\u00e9s \u00e0 la cha\u00eene d\u2019approvisionnement, les directeurs de sites sont confront\u00e9s \u00e0 plusieurs difficult\u00e9s&nbsp;:<\/p>\n\n\n\n<ul class=\"wp-block-list is-style-list-item-checkmark\">\n<li>Des outils diff\u00e9rents sont utilis\u00e9s par les \u00e9quipes<\/li>\n\n\n\n<li>La culture de la performance n\u2019est pas homog\u00e8ne sur les diff\u00e9rents entrep\u00f4ts<\/li>\n\n\n\n<li>Les processus m\u00e9tier ne sont pas standardis\u00e9s<\/li>\n<\/ul>\n\n\n\n<p>Notre solution Labour Management System (LMS) permet d\u2019industrialiser la gestion de la performance et de gagner en visibilit\u00e9 financi\u00e8re. C\u2019est un outil incontournable pour la gestion des op\u00e9rations et des ressources humaines en entrep\u00f4t.<\/p>\n\n\n\n<div class=\"wp-block-buttons is-layout-flex wp-block-buttons-is-layout-flex\">\n<div class=\"wp-block-button is-style-fill\"><a class=\"wp-block-button__link has-color-white-color has-color-blue-background-color has-text-color has-background wp-element-button\" href=\"#contact\">Rencontrer un expert<\/a><\/div>\n<\/div>\n\n<\/div><\/div>\n<\/div>\n<\/div><\/div>\n<\/div>\n<\/div>\n<\/section>\n\n<section class=\"gb-container gb-container-769c6ce8 gb-container-half-padding-bottom\">\n<div class=\"gb-container gb-container-e4d7beb7 gb-container-align-right-third\">\n<div class=\"gb-grid-wrapper gb-grid-wrapper-5e1719ce\">\n<div class=\"gb-grid-column gb-grid-column-64f7144c\"><div class=\"gb-container gb-container-64f7144c\">\n\n<div class=\"wp-block-pixel-headline headlines is-subheadline-top has-text-align-left\"><h2 class=\"headline\" style=\"color:var(--color-dodger-blue)\">Organisation, suivi, contr\u00f4le, analyse et simulation<\/h2><span class=\"subheadline\" style=\"color:var(--color-dodger-blue)\">Un outil complet pour la gestion des ressources humaines<\/span><\/div>\n\n\n\n<p>Notre solution de Labour Management permet d\u2019organiser les activit\u00e9s des op\u00e9rateurs logistiques sur le terrain. Elle a \u00e9t\u00e9 con\u00e7ue pour suivre l\u2019ex\u00e9cution des commandes dans les entrep\u00f4ts en fonction des processus et des objectifs financiers. Le contr\u00f4le des co\u00fbts permet d\u2019assurer la rentabilit\u00e9 d\u2019une prestation logistique gr\u00e2ce \u00e0 des outils d\u2019analyse et de simulation. Autre atout de notre solution&nbsp;LMS:&nbsp; elle propose des outils de d\u00e9claration et de gestion des temps de travail.<\/p>\n\n<\/div><\/div>\n\n<div class=\"gb-grid-column gb-grid-column-3650977e\"><div class=\"gb-container gb-container-3650977e\">\n\n<figure class=\"wp-block-image size-full\"><img loading=\"lazy\" decoding=\"async\" width=\"2000\" height=\"1600\" alt=\"Labor Management System\" src=\"https:\/\/www.prologistik.com\/wp-content\/uploads\/CENTRAL_MONITORING_Schema2.png\" alt=\"Labor Management System\" class=\"wp-image-53389\" srcset=\"https:\/\/www.prologistik.com\/wp-content\/uploads\/CENTRAL_MONITORING_Schema2.png 2000w, https:\/\/www.prologistik.com\/wp-content\/uploads\/CENTRAL_MONITORING_Schema2-300x240.png 300w, https:\/\/www.prologistik.com\/wp-content\/uploads\/CENTRAL_MONITORING_Schema2-1024x819.png 1024w, https:\/\/www.prologistik.com\/wp-content\/uploads\/CENTRAL_MONITORING_Schema2-150x120.png 150w, https:\/\/www.prologistik.com\/wp-content\/uploads\/CENTRAL_MONITORING_Schema2-768x614.png 768w, https:\/\/www.prologistik.com\/wp-content\/uploads\/CENTRAL_MONITORING_Schema2-1536x1229.png 1536w\" sizes=\"auto, (max-width: 2000px) 100vw, 2000px\" \/><\/figure>\n\n<\/div><\/div>\n<\/div>\n<\/div>\n<\/section>\n\n<section class=\"gb-container gb-container-1c05d91a\">\n<div class=\"gb-container gb-container-e1797b69\">\n<div class=\"gb-grid-wrapper gb-grid-wrapper-c50680dd\">\n<div class=\"gb-grid-column gb-grid-column-f2f89797\"><div class=\"gb-container gb-container-f2f89797\">\n\n<div class=\"wp-block-pixel-headline headlines is-subheadline-top has-text-align-left\"><h2 class=\"headline\" style=\"color:var(--color-dodger-blue)\">Industrialiser les processus m\u00e9tier  <\/h2><span class=\"subheadline\" style=\"color:var(--color-dodger-blue)\">D\u00e9finir la performance en entrep\u00f4t<\/span><\/div>\n\n\n\n<p>Nos \u00e9quipes projets sont constitu\u00e9es de logisticiens, qui connaissent bien les m\u00e9tiers de nos clients. Nos services accompagnent les directeurs d\u2019entrep\u00f4ts et les chefs de services dans l\u2019organisation des processus m\u00e9tier.<\/p>\n\n\n\n<p>Cette phase d\u2019analyse et d\u2019am\u00e9lioration peut se faire suivant diff\u00e9rentes opportunit\u00e9s&nbsp;:<\/p>\n\n\n\n<ul class=\"wp-block-list is-style-list-item-checkmark\">\n<li>La cr\u00e9ation d\u2019un entrep\u00f4t qui g\u00e8re une nouvelle activit\u00e9<\/li>\n\n\n\n<li>Le d\u00e9ploiement d\u2019une s\u00e9rie d\u2019entrep\u00f4ts suivant un mod\u00e8le donn\u00e9<\/li>\n\n\n\n<li>La r\u00e9organisation des activit\u00e9s d\u2019un entrep\u00f4t sous de nouvelles modalit\u00e9s<\/li>\n<\/ul>\n\n<\/div><\/div>\n<\/div>\n<\/div>\n<\/section>\n\n<section class=\"gb-container gb-container-1c512c78 gb-container-half-padding-top\">\n<div class=\"gb-container gb-container-adc7fe91\">\n<div class=\"gb-grid-wrapper gb-grid-wrapper-bd1e7031\">\n<div class=\"gb-grid-column gb-grid-column-883800b7\"><div class=\"gb-container gb-container-883800b7\">\n<div class=\"gb-container gb-container-735be261 wp-embed-aspect-16-9 wp-has-aspect-ratio\"><a class=\"gb-container-link\" href=\"https:\/\/vimeo.com\/829706149?share=copy\"><\/a>\n\n<div class=\"wp-block-pixel-headline headlines is-subheadline-top has-text-align-left\"><h3 class=\"headline\" style=\"color:\">Connexion au WMS pLG<\/h3><\/div>\n\n\n\n<p>Cr\u00e9ez des mod\u00e8les de donn\u00e9es ou des indicateurs de performance cl\u00e9s pour votre planification des besoins en personnel.<\/p>\n\n<\/div>\n\n<div class=\"gb-grid-wrapper gb-grid-wrapper-47e27918\">\n<div class=\"gb-grid-column gb-grid-column-e4df9060\"><div class=\"gb-container gb-container-e4df9060 wp-embed-aspect-16-9 wp-has-aspect-ratio\"><a class=\"gb-container-link\" href=\"https:\/\/vimeo.com\/829706149?share=copy\"><\/a>\n\n<figure class=\"wp-block-image size-large is-resized\"><img decoding=\"async\" src=\"https:\/\/www.prologistik.com\/wp-content\/uploads\/pLG_Teams-1-1024x576.png\" alt=\"\" class=\"wp-image-24966\" style=\"width:718px;height:auto\" \/><figcaption class=\"wp-element-caption\">Vue des besoins en personnel<\/figcaption><\/figure>\n\n<\/div><\/div>\n\n<div class=\"gb-grid-column gb-grid-column-c4d97dc1\"><div class=\"gb-container gb-container-c4d97dc1 wp-embed-aspect-16-9 wp-has-aspect-ratio\"><a class=\"gb-container-link\" href=\"https:\/\/vimeo.com\/829706149?share=copy\"><\/a>\n\n<figure class=\"wp-block-image size-large is-resized\"><img decoding=\"async\" src=\"https:\/\/www.prologistik.com\/wp-content\/uploads\/pLG_Teams-1-1024x576.png\" alt=\"\" class=\"wp-image-24966\" style=\"width:718px;height:auto\" \/><figcaption class=\"wp-element-caption\">Picklast<\/figcaption><\/figure>\n\n<\/div><\/div>\n<\/div>\n<\/div><\/div>\n<\/div>\n\n<div class=\"gb-grid-wrapper gb-grid-wrapper-5aa7b3a9\">\n<div class=\"gb-grid-column gb-grid-column-8009f4fd\"><div class=\"gb-container gb-container-8009f4fd\">\n<div class=\"gb-container gb-container-7b7b5c1f wp-embed-aspect-16-9 wp-has-aspect-ratio\"><a class=\"gb-container-link\" href=\"https:\/\/vimeo.com\/829706149?share=copy\"><\/a>\n\n<div class=\"wp-block-pixel-headline headlines is-subheadline-top has-text-align-left\"><h3 class=\"headline\" style=\"color:\">Connexion au pLG TMS<\/h3><\/div>\n\n\n\n<p>Cr\u00e9ez des mod\u00e8les de donn\u00e9es ou des indicateurs cl\u00e9s de performance pertinents.<\/p>\n\n<\/div>\n\n<div class=\"gb-grid-wrapper gb-grid-wrapper-e026c2e4\">\n<div class=\"gb-grid-column gb-grid-column-0ec66f0b\"><div class=\"gb-container gb-container-0ec66f0b wp-embed-aspect-16-9 wp-has-aspect-ratio\"><a class=\"gb-container-link\" href=\"https:\/\/vimeo.com\/829706149?share=copy\"><\/a>\n\n<figure class=\"wp-block-image size-large is-resized\"><img decoding=\"async\" src=\"https:\/\/www.prologistik.com\/wp-content\/uploads\/pLG_Teams-1-1024x576.png\" alt=\"\" class=\"wp-image-24966\" style=\"width:718px;height:auto\" \/><figcaption class=\"wp-element-caption\">Graphique 1 TMS<\/figcaption><\/figure>\n\n<\/div><\/div>\n\n<div class=\"gb-grid-column gb-grid-column-f8886c0a\"><div class=\"gb-container gb-container-f8886c0a wp-embed-aspect-16-9 wp-has-aspect-ratio\"><a class=\"gb-container-link\" href=\"https:\/\/vimeo.com\/829706149?share=copy\"><\/a>\n\n<figure class=\"wp-block-image size-large is-resized\"><img decoding=\"async\" src=\"https:\/\/www.prologistik.com\/wp-content\/uploads\/pLG_Teams-1-1024x576.png\" alt=\"\" class=\"wp-image-24966\" style=\"width:718px;height:auto\" \/><figcaption class=\"wp-element-caption\">Graphique 2 TMS<\/figcaption><\/figure>\n\n<\/div><\/div>\n<\/div>\n<\/div><\/div>\n<\/div>\n<\/div>\n<\/section>\n\n<section class=\"gb-container gb-container-78838206 gb-container-no-padding-bottom\" id=\"contact\">\n<div class=\"gb-container gb-container-50cd05df\">\n<div class=\"gb-grid-wrapper gb-grid-wrapper-c9c168fa\">\n<div class=\"gb-grid-column gb-grid-column-23b9ba83\"><div class=\"gb-container gb-container-23b9ba83\">\n\n<div class=\"wp-block-pixel-headline headlines is-subheadline-top has-text-align-left\"><h2 class=\"headline\" style=\"color:\">Nous serions ravis de vous conseiller<\/h2><span class=\"subheadline\" style=\"color:var(--color-blue)\">nous sommes l\u00e0 pour vous<\/span><\/div>\n\n\n\n<p>Appelez-nous ou envoyez-nous un message. Nous vous r\u00e9pondrons dans les plus brefs d\u00e9lais!<\/p>\n\n<\/div><\/div>\n<\/div>\n<\/div>\n<\/section>\n\n<section class=\"gb-container gb-container-70fb4b89\">\n<div class=\"gb-container gb-container-5801648d\">\n<div class=\"gb-grid-wrapper gb-grid-wrapper-7a53e8bf\">\n<div class=\"gb-grid-column gb-grid-column-b5fa74e1\"><div class=\"gb-container gb-container-b5fa74e1\">\n\n<meta http-equiv=\"Content-type\" content=\"text\/html; charset=UTF-8\">\n\n<script>\nfunction validateForm(event) {\n  const honeypot = document.getElementById(\"website_url\");\n\n  if (honeypot && honeypot.value.trim() !== \"\") {\n    event.preventDefault();\n    return false;\n  }\n\n  const frc = document.querySelector('input[name=\"frc-captcha-response\"]');\n  if (!frc || !frc.value || frc.value.trim() === \"\") {\n    document.getElementById(\"error-message\").style.display = \"block\";\n    event.preventDefault();\n    return false;\n  }\n\n  return true;\n}\n<\/script>\n\n<form id=\"custom-form\" action=\"https:\/\/webto.salesforce.com\/servlet\/servlet.WebToLead?encoding=UTF-8&#038;orgId=00D7Q000002pukE\" method=\"post\" onsubmit=\"return validateForm(event)\">\n  <input type=\"hidden\" name=\"oid\" value=\"00D7Q000002pukE\">\n  <input type=\"hidden\" name=\"retURL\" value=\"https:\/\/www.prologistik.com\/fr\/merci-pour-votre-contact\">\n  <input type=\"hidden\" name=\"recordType\" id=\"recordType\" value=\"012Of000001B3oPIAS\">\n  <input type=\"hidden\" class=\"SourceURL\" name=\"00NOf000002QoMb\" id=\"00NOf000002QoMb\" value=\"\">\n  <input type=\"hidden\" name=\"lead_source\" value=\"Webseite (Kontaktformular)\">\n\n  <div class=\"honeypot-field\" style=\"display:none;\">\n    <label for=\"website_url\">Si vous \u00eates humain, laissez ce champ vide.<\/label>\n    <input type=\"text\" id=\"website_url\" name=\"website_url\">\n  <\/div>\n\n  <div class=\"cf-form-wrap\">\n    <div class=\"cf-fields-wrap\">\n      <div class=\"cf-field\">\n        <label for=\"company\">Entreprise<\/label>\n        <input id=\"company\" maxlength=\"40\" name=\"company\" size=\"20\" type=\"text\" placeholder=\"Entreprise\" required>\n      <\/div>\n\n      <div class=\"cf-field half\">\n        <label for=\"first_name\">Pr\u00e9nom<\/label>\n        <input id=\"first_name\" maxlength=\"40\" name=\"first_name\" size=\"20\" type=\"text\" placeholder=\"Pr\u00e9nom\" required>\n      <\/div>\n\n      <div class=\"cf-field half\">\n        <label for=\"last_name\">Nom<\/label>\n        <input id=\"last_name\" maxlength=\"80\" name=\"last_name\" size=\"20\" type=\"text\" placeholder=\"Nom\" required>\n      <\/div>\n\n      <div class=\"cf-field half\">\n        <label for=\"phone\">T\u00e9l\u00e9phone<\/label>\n        <input id=\"phone\" maxlength=\"40\" name=\"phone\" size=\"20\" type=\"text\" placeholder=\"T\u00e9l\u00e9phone\">\n      <\/div>\n\n      <div class=\"cf-field half\">\n        <label for=\"email\">Email<\/label>\n        <input id=\"email\" maxlength=\"80\" name=\"email\" size=\"20\" type=\"text\" placeholder=\"Email\" required>\n      <\/div>\n\n      <div class=\"cf-field full textarea\">\n        <label for=\"description\">Message<\/label>\n        <textarea name=\"description\" placeholder=\"D\u00e9crivez-nous votre demande.\"><\/textarea>\n      <\/div>\n\n      <div class=\"cf-field full privacy-policy\">\n        <input id=\"00NOf000002QlF3\" name=\"00NOf000002QlF3\" type=\"checkbox\" value=\"1\" required>\n        <span class=\"privacy-policy-note\">J&#8217;accepte la <a href=\"https:\/\/www.prologistik.com\/fr\/mentions-legales\/protection-des-donnees\/\" target=\"_blank\" rel=\"noopener\">politique de confidentialit\u00e9<\/a>.<\/span>\n      <\/div>\n\n      <div class=\"frc-captcha\" data-sitekey=\"FCMV5CER2E6IVQMC\"><\/div>\n      <div id=\"error-message\" style=\"color:red; display:none;\">Veuillez compl\u00e9ter le captcha.<\/div>\n\n      <div class=\"cf-field send-button\">\n        <input id=\"checksend\" name=\"submit\" class=\"wpcf7-form-control submit wpcf7-submit has-spinner\" type=\"submit\" value=\"Envoyer\">\n        <span class=\"wpcf7-spinner\"><\/span>\n      <\/div>\n    <\/div>\n  <\/div>\n<\/form>\n\n<script>\nconst input = document.querySelector('.SourceURL');\nif (input) {\n  input.value = window.location.href;\n}\n<\/script>\n\n\n<\/div><\/div>\n\n<div class=\"gb-grid-column gb-grid-column-034278d8\"><div class=\"gb-container gb-container-034278d8\">\n<div class=\"gb-container gb-container-902e59d8 contact_blue_box\">\n\n<p>proLogistik France<br>16 rue de la petite Sensive<br>44300 Nantes | France<\/p>\n\n\n\n<p class=\"has-color-white-color has-text-color has-link-color wp-elements-a825009c6dfc5e826e7dfc9f17afaf9c\"><span class=\"contact_blue_box_france\">T\u00e9l.: <a href=\"tel:+33(0) 251818585 \">+33 (0) 251 81 85 85 <\/a><\/span><\/p>\n\n\n\n<p class=\"has-color-white-color has-text-color has-link-color wp-elements-96a81da7641a0982aa9be3439ece95e6\"><a href=\"mailto:info@prologistik.com\">info@prologistik.com<\/a><\/p>\n\n<\/div>\n<\/div><\/div>\n<\/div>\n<\/div>\n<\/section>","protected":false},"excerpt":{"rendered":"","protected":false},"author":258,"featured_media":0,"parent":39665,"menu_order":4,"comment_status":"closed","ping_status":"closed","template":"","meta":{"_acf_changed":false,"footnotes":""},"class_list":["post-50407","page","type-page","status-publish"],"acf":[],"yoast_head":"<!-- This site is optimized with the Yoast SEO Premium plugin v26.9 (Yoast SEO v27.3) - https:\/\/yoast.com\/product\/yoast-seo-premium-wordpress\/ -->\n<title>Syst\u00e8me de gestion de la main-d&#039;\u0153uvre (LMS) | proLogistik<\/title>\n<meta name=\"description\" content=\"\ud83d\udcca Optimisez la productivit\u00e9 de votre entrep\u00f4t avec le LMS de proLogistik : planification, suivi et analyse des performances du personnel. \u2705\" \/>\n<meta name=\"robots\" content=\"index, follow, max-snippet:-1, max-image-preview:large, max-video-preview:-1\" \/>\n<link rel=\"canonical\" href=\"https:\/\/www.prologistik.com\/fr\/logiciel-global\/labour-management-system\/\" \/>\n<meta property=\"og:locale\" content=\"fr_FR\" \/>\n<meta property=\"og:type\" content=\"article\" \/>\n<meta property=\"og:title\" content=\"Labour Management System\" \/>\n<meta property=\"og:description\" content=\"\ud83d\udcca Optimisez la productivit\u00e9 de votre entrep\u00f4t avec le LMS de proLogistik : planification, suivi et analyse des performances du personnel. \u2705\" \/>\n<meta property=\"og:url\" content=\"https:\/\/www.prologistik.com\/fr\/logiciel-global\/labour-management-system\/\" \/>\n<meta property=\"og:site_name\" content=\"proLogistik Group\" \/>\n<meta property=\"article:modified_time\" content=\"2025-11-14T16:06:08+00:00\" \/>\n<meta property=\"og:image\" content=\"https:\/\/www.prologistik.com\/wp-content\/uploads\/CENTRAL_MONITORING_Schema2.png\" \/>\n\t<meta property=\"og:image:width\" content=\"2000\" \/>\n\t<meta property=\"og:image:height\" content=\"1600\" \/>\n\t<meta property=\"og:image:type\" content=\"image\/png\" \/>\n<meta name=\"twitter:card\" content=\"summary_large_image\" \/>\n<meta name=\"twitter:label1\" content=\"Dur\u00e9e de lecture estim\u00e9e\" \/>\n\t<meta name=\"twitter:data1\" content=\"2 minutes\" \/>\n<script type=\"application\/ld+json\" class=\"yoast-schema-graph\">{\"@context\":\"https:\\\/\\\/schema.org\",\"@graph\":[{\"@type\":\"WebPage\",\"@id\":\"https:\\\/\\\/www.prologistik.com\\\/fr\\\/logiciel-global\\\/labour-management-system\\\/\",\"url\":\"https:\\\/\\\/www.prologistik.com\\\/fr\\\/logiciel-global\\\/labour-management-system\\\/\",\"name\":\"Syst\u00e8me de gestion de la main-d'\u0153uvre (LMS) | proLogistik\",\"isPartOf\":{\"@id\":\"https:\\\/\\\/www.prologistik.com\\\/fr\\\/#website\"},\"primaryImageOfPage\":{\"@id\":\"https:\\\/\\\/www.prologistik.com\\\/fr\\\/logiciel-global\\\/labour-management-system\\\/#primaryimage\"},\"image\":{\"@id\":\"https:\\\/\\\/www.prologistik.com\\\/fr\\\/logiciel-global\\\/labour-management-system\\\/#primaryimage\"},\"thumbnailUrl\":\"https:\\\/\\\/www.prologistik.com\\\/wp-content\\\/uploads\\\/CENTRAL_MONITORING_Schema2.png\",\"datePublished\":\"2025-07-14T11:47:59+00:00\",\"dateModified\":\"2025-11-14T16:06:08+00:00\",\"description\":\"\ud83d\udcca Optimisez la productivit\u00e9 de votre entrep\u00f4t avec le LMS de proLogistik : planification, suivi et analyse des performances du personnel. \u2705\",\"breadcrumb\":{\"@id\":\"https:\\\/\\\/www.prologistik.com\\\/fr\\\/logiciel-global\\\/labour-management-system\\\/#breadcrumb\"},\"inLanguage\":\"fr-FR\",\"potentialAction\":[{\"@type\":\"ReadAction\",\"target\":[\"https:\\\/\\\/www.prologistik.com\\\/fr\\\/logiciel-global\\\/labour-management-system\\\/\"]}]},{\"@type\":\"ImageObject\",\"inLanguage\":\"fr-FR\",\"@id\":\"https:\\\/\\\/www.prologistik.com\\\/fr\\\/logiciel-global\\\/labour-management-system\\\/#primaryimage\",\"url\":\"https:\\\/\\\/www.prologistik.com\\\/wp-content\\\/uploads\\\/CENTRAL_MONITORING_Schema2.png\",\"contentUrl\":\"https:\\\/\\\/www.prologistik.com\\\/wp-content\\\/uploads\\\/CENTRAL_MONITORING_Schema2.png\"},{\"@type\":\"BreadcrumbList\",\"@id\":\"https:\\\/\\\/www.prologistik.com\\\/fr\\\/logiciel-global\\\/labour-management-system\\\/#breadcrumb\",\"itemListElement\":[{\"@type\":\"ListItem\",\"position\":1,\"name\":\"Startseite\",\"item\":\"https:\\\/\\\/www.prologistik.com\\\/fr\\\/\"},{\"@type\":\"ListItem\",\"position\":2,\"name\":\"Priv\u00e9\u00a0: Logiciel global\",\"item\":\"https:\\\/\\\/www.prologistik.com\\\/fr\\\/?page_id=39665\"},{\"@type\":\"ListItem\",\"position\":3,\"name\":\"Labour Management System\"}]},{\"@type\":\"WebSite\",\"@id\":\"https:\\\/\\\/www.prologistik.com\\\/fr\\\/#website\",\"url\":\"https:\\\/\\\/www.prologistik.com\\\/fr\\\/\",\"name\":\"proLogistik Group\",\"description\":\"Software und Hardware f\u00fcr die Intralogistik\",\"publisher\":{\"@id\":\"https:\\\/\\\/www.prologistik.com\\\/fr\\\/#organization\"},\"potentialAction\":[{\"@type\":\"SearchAction\",\"target\":{\"@type\":\"EntryPoint\",\"urlTemplate\":\"https:\\\/\\\/www.prologistik.com\\\/fr\\\/?s={search_term_string}\"},\"query-input\":{\"@type\":\"PropertyValueSpecification\",\"valueRequired\":true,\"valueName\":\"search_term_string\"}}],\"inLanguage\":\"fr-FR\"},{\"@type\":\"Organization\",\"@id\":\"https:\\\/\\\/www.prologistik.com\\\/fr\\\/#organization\",\"name\":\"proLogistik Group\",\"url\":\"https:\\\/\\\/www.prologistik.com\\\/fr\\\/\",\"logo\":{\"@type\":\"ImageObject\",\"inLanguage\":\"fr-FR\",\"@id\":\"https:\\\/\\\/www.prologistik.com\\\/fr\\\/#\\\/schema\\\/logo\\\/image\\\/\",\"url\":\"https:\\\/\\\/www.prologistik.com\\\/wp-content\\\/uploads\\\/prologistik-logo-web.svg\",\"contentUrl\":\"https:\\\/\\\/www.prologistik.com\\\/wp-content\\\/uploads\\\/prologistik-logo-web.svg\",\"width\":320,\"height\":59,\"caption\":\"proLogistik Group\"},\"image\":{\"@id\":\"https:\\\/\\\/www.prologistik.com\\\/fr\\\/#\\\/schema\\\/logo\\\/image\\\/\"}}]}<\/script>\n<!-- \/ Yoast SEO Premium plugin. -->","yoast_head_json":{"title":"Syst\u00e8me de gestion de la main-d'\u0153uvre (LMS) | proLogistik","description":"\ud83d\udcca Optimisez la productivit\u00e9 de votre entrep\u00f4t avec le LMS de proLogistik : planification, suivi et analyse des performances du personnel. \u2705","robots":{"index":"index","follow":"follow","max-snippet":"max-snippet:-1","max-image-preview":"max-image-preview:large","max-video-preview":"max-video-preview:-1"},"canonical":"https:\/\/www.prologistik.com\/fr\/logiciel-global\/labour-management-system\/","og_locale":"fr_FR","og_type":"article","og_title":"Labour Management System","og_description":"\ud83d\udcca Optimisez la productivit\u00e9 de votre entrep\u00f4t avec le LMS de proLogistik : planification, suivi et analyse des performances du personnel. \u2705","og_url":"https:\/\/www.prologistik.com\/fr\/logiciel-global\/labour-management-system\/","og_site_name":"proLogistik Group","article_modified_time":"2025-11-14T16:06:08+00:00","og_image":[{"width":2000,"height":1600,"url":"https:\/\/www.prologistik.com\/wp-content\/uploads\/CENTRAL_MONITORING_Schema2.png","type":"image\/png"}],"twitter_card":"summary_large_image","twitter_misc":{"Dur\u00e9e de lecture estim\u00e9e":"2 minutes"},"schema":{"@context":"https:\/\/schema.org","@graph":[{"@type":"WebPage","@id":"https:\/\/www.prologistik.com\/fr\/logiciel-global\/labour-management-system\/","url":"https:\/\/www.prologistik.com\/fr\/logiciel-global\/labour-management-system\/","name":"Syst\u00e8me de gestion de la main-d'\u0153uvre (LMS) | proLogistik","isPartOf":{"@id":"https:\/\/www.prologistik.com\/fr\/#website"},"primaryImageOfPage":{"@id":"https:\/\/www.prologistik.com\/fr\/logiciel-global\/labour-management-system\/#primaryimage"},"image":{"@id":"https:\/\/www.prologistik.com\/fr\/logiciel-global\/labour-management-system\/#primaryimage"},"thumbnailUrl":"https:\/\/www.prologistik.com\/wp-content\/uploads\/CENTRAL_MONITORING_Schema2.png","datePublished":"2025-07-14T11:47:59+00:00","dateModified":"2025-11-14T16:06:08+00:00","description":"\ud83d\udcca Optimisez la productivit\u00e9 de votre entrep\u00f4t avec le LMS de proLogistik : planification, suivi et analyse des performances du personnel. \u2705","breadcrumb":{"@id":"https:\/\/www.prologistik.com\/fr\/logiciel-global\/labour-management-system\/#breadcrumb"},"inLanguage":"fr-FR","potentialAction":[{"@type":"ReadAction","target":["https:\/\/www.prologistik.com\/fr\/logiciel-global\/labour-management-system\/"]}]},{"@type":"ImageObject","inLanguage":"fr-FR","@id":"https:\/\/www.prologistik.com\/fr\/logiciel-global\/labour-management-system\/#primaryimage","url":"https:\/\/www.prologistik.com\/wp-content\/uploads\/CENTRAL_MONITORING_Schema2.png","contentUrl":"https:\/\/www.prologistik.com\/wp-content\/uploads\/CENTRAL_MONITORING_Schema2.png"},{"@type":"BreadcrumbList","@id":"https:\/\/www.prologistik.com\/fr\/logiciel-global\/labour-management-system\/#breadcrumb","itemListElement":[{"@type":"ListItem","position":1,"name":"Startseite","item":"https:\/\/www.prologistik.com\/fr\/"},{"@type":"ListItem","position":2,"name":"Priv\u00e9\u00a0: Logiciel global","item":"https:\/\/www.prologistik.com\/fr\/?page_id=39665"},{"@type":"ListItem","position":3,"name":"Labour Management System"}]},{"@type":"WebSite","@id":"https:\/\/www.prologistik.com\/fr\/#website","url":"https:\/\/www.prologistik.com\/fr\/","name":"proLogistik Group","description":"Software und Hardware f\u00fcr die Intralogistik","publisher":{"@id":"https:\/\/www.prologistik.com\/fr\/#organization"},"potentialAction":[{"@type":"SearchAction","target":{"@type":"EntryPoint","urlTemplate":"https:\/\/www.prologistik.com\/fr\/?s={search_term_string}"},"query-input":{"@type":"PropertyValueSpecification","valueRequired":true,"valueName":"search_term_string"}}],"inLanguage":"fr-FR"},{"@type":"Organization","@id":"https:\/\/www.prologistik.com\/fr\/#organization","name":"proLogistik Group","url":"https:\/\/www.prologistik.com\/fr\/","logo":{"@type":"ImageObject","inLanguage":"fr-FR","@id":"https:\/\/www.prologistik.com\/fr\/#\/schema\/logo\/image\/","url":"https:\/\/www.prologistik.com\/wp-content\/uploads\/prologistik-logo-web.svg","contentUrl":"https:\/\/www.prologistik.com\/wp-content\/uploads\/prologistik-logo-web.svg","width":320,"height":59,"caption":"proLogistik Group"},"image":{"@id":"https:\/\/www.prologistik.com\/fr\/#\/schema\/logo\/image\/"}}]}},"_links":{"self":[{"href":"https:\/\/www.prologistik.com\/fr\/wp-json\/wp\/v2\/pages\/50407","targetHints":{"allow":["GET"]}}],"collection":[{"href":"https:\/\/www.prologistik.com\/fr\/wp-json\/wp\/v2\/pages"}],"about":[{"href":"https:\/\/www.prologistik.com\/fr\/wp-json\/wp\/v2\/types\/page"}],"author":[{"embeddable":true,"href":"https:\/\/www.prologistik.com\/fr\/wp-json\/wp\/v2\/users\/258"}],"replies":[{"embeddable":true,"href":"https:\/\/www.prologistik.com\/fr\/wp-json\/wp\/v2\/comments?post=50407"}],"version-history":[{"count":10,"href":"https:\/\/www.prologistik.com\/fr\/wp-json\/wp\/v2\/pages\/50407\/revisions"}],"predecessor-version":[{"id":54777,"href":"https:\/\/www.prologistik.com\/fr\/wp-json\/wp\/v2\/pages\/50407\/revisions\/54777"}],"up":[{"embeddable":true,"href":"https:\/\/www.prologistik.com\/fr\/wp-json\/wp\/v2\/pages\/39665"}],"wp:attachment":[{"href":"https:\/\/www.prologistik.com\/fr\/wp-json\/wp\/v2\/media?parent=50407"}],"curies":[{"name":"wp","href":"https:\/\/api.w.org\/{rel}","templated":true}]}}