{"id":48652,"date":"2025-03-10T13:33:07","date_gmt":"2025-03-10T12:33:07","guid":{"rendered":"https:\/\/www.prologistik.com\/podcast-prologistik\/"},"modified":"2025-04-29T12:53:45","modified_gmt":"2025-04-29T10:53:45","slug":"podcast-prologistik","status":"publish","type":"page","link":"https:\/\/www.prologistik.com\/fr\/podcast-prologistik\/","title":{"rendered":"Podcast proLogistik"},"content":{"rendered":"        \n            <!-- pagehead -->\n        \n                    \n\t\t\t<div id=\"pagehead-block_fe07166de1892745030c5706047a21a5\" class=\"pagehead size-small\">\n\t\t\t\t\t\t\t<div class=\"pagehead-canvas\">\n\t\t\t\t<div class=\"pagehead-content has-bg-color bg-color-blue\">\n\t\t\t\t\t<div class=\"pagehead-content-inner\">\n\t\t\t\t\t\t\t\t\t\t\t\t<span class=\"pagehead-subheadline\"  data-aos=\"fade-up\" data-aos-delay=\"50\">Aper\u00e7u de la cha\u00eene d&#8217;approvisionnement<\/span>\t\t\t\t\t\t<h1 class=\"pagehead-headline\" data-aos=\"fade-up\" data-aos-delay=\"100\">proLogistik Talks<\/h1>\t\t\t\t\t\t\t\t\t\t\t<\/div>\n\t\t\t\t<\/div>\n\t\t\t<\/div>\n\t\t\t\n\t\t\t\t<div class=\"pagehead-background\">\n\t\t\t\t<!-- image_id: 47297 | alt:  -->\t\t\t\t\t\t\t\t\t<img decoding=\"async\" class=\"test\" src=\"https:\/\/www.prologistik.com\/wp-content\/uploads\/proLogistik-Talks_Supply-Chain-Inside_Landingpagebanner.png\" alt=\"\" \/>\n\t\t\t\t\n\t\t\t\t<\/div>\n\t\t\t<\/div>\n        \n                    \n            <!-- end:pagehead -->\n        \n            <section class=\"gb-container gb-container-cefd3bd0 gb-container-no-padding-top\">\n<div class=\"gb-container gb-container-bd41ee15\">\n<div class=\"gb-grid-wrapper gb-grid-wrapper-b22bd233\">\n<div class=\"gb-grid-column gb-grid-column-8e5455d5\"><div class=\"gb-container gb-container-8e5455d5\">\n\n<div class=\"wp-block-pixel-headline headlines is-subheadline-top has-text-align-left\"><h2 class=\"headline\" style=\"color:\">Expertise et innovation<\/h2><span class=\"subheadline\" style=\"color:var(--color-blue)\">le podcast du groupe prologistik<\/span><\/div>\n\n\n\n<p>Dans les <strong>proLogistik Talks<\/strong>, nous traitons de v\u00e9ritables connaissances en logistique, de connaissances novatrices de nos consultants et de pr\u00e9cieux outils d&#8217;aide \u00e0 la d\u00e9cision. Gr\u00e2ce au soutien de l&#8217;IA, nous filtrons les informations essentielles \u00e0 partir d&#8217;innombrables donn\u00e9es, de livres blancs, d&#8217;\u00e9tudes et d&#8217;exp\u00e9riences professionnelles &#8211; de mani\u00e8re claire, compacte et concise, de sorte que m\u00eame les contextes complexes deviennent compr\u00e9hensibles.   <\/p>\n\n<\/div><\/div>\n\n<div class=\"gb-grid-column gb-grid-column-545ff9d6\"><div class=\"gb-container gb-container-545ff9d6\">\n\n<figure class=\"wp-block-image size-full\"><img loading=\"lazy\" decoding=\"async\" width=\"600\" height=\"400\" src=\"https:\/\/www.prologistik.com\/wp-content\/uploads\/proLogistik-Talks_Supply-Chain-Inside_Folgentitel01.png\" alt=\"\" class=\"wp-image-47302\" srcset=\"https:\/\/www.prologistik.com\/wp-content\/uploads\/proLogistik-Talks_Supply-Chain-Inside_Folgentitel01.png 600w, https:\/\/www.prologistik.com\/wp-content\/uploads\/proLogistik-Talks_Supply-Chain-Inside_Folgentitel01-300x200.png 300w, https:\/\/www.prologistik.com\/wp-content\/uploads\/proLogistik-Talks_Supply-Chain-Inside_Folgentitel01-150x100.png 150w\" sizes=\"auto, (max-width: 600px) 100vw, 600px\" \/><\/figure>\n\n<\/div><\/div>\n\n<div class=\"gb-grid-column gb-grid-column-01f01b61\"><div class=\"gb-container gb-container-01f01b61\">\n\n<div class=\"wp-block-pixel-headline headlines is-subheadline-top has-text-align-left\"><h2 class=\"headline\" style=\"color:var(--color-dark-grey)\">Int\u00e9gration sans faille <br>of Automation Technologies<\/h2><span class=\"subheadline\" style=\"color:var(--color-blue)\">Profitez de notre premier \u00e9pisode<\/span><\/div>\n\n\n\n<p class=\"has-color-dark-grey-color has-text-color has-link-color wp-elements-da229e7235588f5d4ea0449f908d4b91\">Le premier \u00e9pisode de proLogistik Talks explique comment l&#8217;automatisation dans l&#8217;entrep\u00f4t devient un v\u00e9ritable gamechanger dans la gestion des entrep\u00f4ts et comment les technologies intelligentes r\u00e9volutionnent les processus et font passer l&#8217;efficacit\u00e9 \u00e0 un niveau sup\u00e9rieur.<\/p>\n\n\n\n<figure class=\"wp-block-audio\"><audio controls=\"\" src=\"https:\/\/www.prologistik.com\/wp-content\/uploads\/Warehouse-Automation_-Seamless-Integration-with-pLG-WMS.wav\"><\/audio><\/figure>\n\n<\/div><\/div>\n<\/div>\n<\/div>\n<\/section><section class=\"gb-container gb-container-98a2b42a\">\n<div class=\"gb-container gb-container-ad527858\">\n<div class=\"gb-grid-wrapper gb-grid-wrapper-4fdace69\">\n<div class=\"gb-grid-column gb-grid-column-ac35edd5\"><div class=\"gb-container gb-container-ac35edd5\">\n\n<figure class=\"wp-block-image size-full\"><img loading=\"lazy\" decoding=\"async\" width=\"552\" height=\"388\" src=\"https:\/\/www.prologistik.com\/wp-content\/uploads\/prologistik-mockup-Witepaper_Warehouse_Automation.png\" alt=\"\" class=\"wp-image-47307\" srcset=\"https:\/\/www.prologistik.com\/wp-content\/uploads\/prologistik-mockup-Witepaper_Warehouse_Automation.png 552w, https:\/\/www.prologistik.com\/wp-content\/uploads\/prologistik-mockup-Witepaper_Warehouse_Automation-300x211.png 300w, https:\/\/www.prologistik.com\/wp-content\/uploads\/prologistik-mockup-Witepaper_Warehouse_Automation-150x105.png 150w\" sizes=\"auto, (max-width: 552px) 100vw, 552px\" \/><\/figure>\n\n<\/div><\/div>\n\n<div class=\"gb-grid-column gb-grid-column-874b632f\"><div class=\"gb-container gb-container-874b632f\">\n\n<div class=\"wp-block-pixel-headline headlines is-subheadline-top has-text-align-left\"><h2 class=\"headline\" style=\"color:var(--color-white)\">Plong\u00e9e en profondeur dans notre livre blanc<\/h2><\/div>\n\n\n\n<p class=\"has-color-white-color has-text-color has-link-color wp-elements-0721c77bd4c956f64296afe5e3246c96\">Acc\u00e8s exclusif au livre blanc : approfondissez les connaissances acquises dans le premier \u00e9pisode de <strong>proLogistik Talks<\/strong> et d\u00e9couvrez comment l&#8217;automatisation r\u00e9volutionne la gestion des entrep\u00f4ts et optimise les processus.<\/p>\n\n\n\n<div class=\"wp-block-buttons is-layout-flex wp-block-buttons-is-layout-flex\">\n<div class=\"wp-block-button\"><a class=\"wp-block-button__link has-color-white-color has-color-blue-background-color has-text-color has-background has-link-color wp-element-button\" href=\"https:\/\/www.prologistik.com\/wp-content\/uploads\/pLG_Whitepaper_Automation_de_26-09-2024.pdf\" target=\"_blank\" rel=\"noreferrer noopener\">T\u00e9l\u00e9chargement<\/a><\/div>\n<\/div>\n\n<\/div><\/div>\n<\/div>\n<\/div>\n<\/section><section class=\"gb-container gb-container-f6f75288 gb-container-no-padding-top\">\n<div class=\"gb-container gb-container-e182a7d7\">\n<div class=\"gb-grid-wrapper gb-grid-wrapper-986a26a0\">\n<div class=\"gb-grid-column gb-grid-column-b7256eb7\"><div class=\"gb-container gb-container-b7256eb7\">\n\n<div class=\"wp-block-pixel-headline headlines is-subheadline-top has-text-align-left\"><h2 class=\"headline\" style=\"color:\">Excellence de la cha\u00eene d&#8217;approvisionnement<\/h2><span class=\"subheadline\" style=\"color:var(--color-blue)\">Bien positionn\u00e9 pour l&#8217;avenir avec nous  <\/span><\/div>\n\n\n\n<p>Le groupe proLogistik optimise les processus de la cha\u00eene logistique dans toute l&#8217;Europe &#8211; de mani\u00e8re efficace, fiable et \u00e0 l&#8217;\u00e9preuve du temps. Notre logiciel offre une base \u00e9volutive pour chaque exigence. Vous voulez en savoir plus ? \u00c9coutez maintenant les <strong>proLogistik Talks<\/strong> ou d\u00e9couvrez notre portefeuille !   <\/p>\n\n<\/div><\/div>\n\n<div class=\"gb-grid-column gb-grid-column-379efeac\"><div class=\"gb-container gb-container-379efeac\">\n\n<figure class=\"gb-block-image gb-block-image-ec0c82fb\"><img loading=\"lazy\" decoding=\"async\" width=\"1920\" height=\"1080\" class=\"gb-image gb-image-ec0c82fb\" src=\"https:\/\/www.prologistik.com\/wp-content\/uploads\/Supply-Chain.jpg\" alt=\"\" title=\"Cha\u00eene d'approvisionnement\" srcset=\"https:\/\/www.prologistik.com\/wp-content\/uploads\/Supply-Chain.jpg 1920w, https:\/\/www.prologistik.com\/wp-content\/uploads\/Supply-Chain-300x169.jpg 300w, https:\/\/www.prologistik.com\/wp-content\/uploads\/Supply-Chain-1024x576.jpg 1024w, https:\/\/www.prologistik.com\/wp-content\/uploads\/Supply-Chain-150x84.jpg 150w, https:\/\/www.prologistik.com\/wp-content\/uploads\/Supply-Chain-768x432.jpg 768w, https:\/\/www.prologistik.com\/wp-content\/uploads\/Supply-Chain-1536x864.jpg 1536w\" sizes=\"auto, (max-width: 1920px) 100vw, 1920px\" \/><\/figure>\n\n<\/div><\/div>\n<\/div>\n<\/div>\n<\/section><section class=\"gb-container gb-container-58eae00b\">\n<div class=\"gb-container gb-container-71062c2a\">\n<div class=\"gb-grid-wrapper gb-grid-wrapper-5b1ba3b2 gb-grid-wrapper-space-between\">\n<div class=\"gb-grid-column gb-grid-column-0a754863\"><div class=\"gb-container gb-container-0a754863\">\n\n<div class=\"wp-block-pixel-headline headlines is-subheadline-top has-text-align-left\"><h2 class=\"headline\" style=\"color:\">Le groupe proLogistik<\/h2><span class=\"subheadline\" style=\"color:var(--color-blue)\">\u00c0 propos de nous<\/span><\/div>\n\n\n\n<p>En tant que leader du march\u00e9 des solutions syst\u00e8me dans la <a href=\"https:\/\/www.prologistik.com\/fr\/lexique-de-la-logistique\/gestion-de-la-chaine-dapprovisionnement\/\">cha\u00eene d&#8217;approvisionnement<\/a>, nous connaissons les d\u00e9fis auxquels nos clients sont confront\u00e9s : Des march\u00e9s volatils, une pression constante sur les co\u00fbts, des comportements de demande fluctuants, des commandes de plus en plus petites ainsi que l&#8217;exigence de d\u00e9lais de livraison toujours plus courts associ\u00e9s \u00e0 une qualit\u00e9 de livraison et une gestion des retours maximales. Dans ce contexte, nous soutenons aussi bien les petites que les grandes entreprises dans leur transformation num\u00e9rique en leur proposant des solutions logicielles adapt\u00e9es.<\/p>\n\n\n\n<div class=\"wp-block-buttons is-layout-flex wp-block-buttons-is-layout-flex\">\n<div class=\"wp-block-button is-style-fill\"><a class=\"wp-block-button__link has-color-white-color has-color-navy-blue-background-color has-text-color has-background wp-element-button\" href=\"https:\/\/www.prologistik.com\/fr\/a-propos-de-nous\/groupe\/\">Plus d&#8217;infos<\/a><\/div>\n<\/div>\n\n<\/div><\/div>\n\n<div class=\"gb-grid-column gb-grid-column-165f4fdd\"><div class=\"gb-container gb-container-165f4fdd\"><\/div><\/div>\n<\/div>\n<\/div>\n<\/section>\n<p><\/p>\n","protected":false},"excerpt":{"rendered":"","protected":false},"author":258,"featured_media":0,"parent":0,"menu_order":14,"comment_status":"closed","ping_status":"closed","template":"","meta":{"_acf_changed":false,"footnotes":""},"class_list":["post-48652","page","type-page","status-publish"],"acf":[],"yoast_head":"<!-- This site is optimized with the Yoast SEO Premium plugin v26.9 (Yoast SEO v27.5) - https:\/\/yoast.com\/product\/yoast-seo-premium-wordpress\/ -->\n<title>proLogistik Talks\ud83c\udf99\ufe0fExperts en logistique et innovation<\/title>\n<meta name=\"description\" content=\"\u00c9coutez des insights passionnants \ud83c\udfa7 et des solutions pratiques \ud83d\udee0\ufe0f du monde de la logistique et de l&#039;automatisation.\" \/>\n<meta name=\"robots\" content=\"index, follow, max-snippet:-1, max-image-preview:large, max-video-preview:-1\" \/>\n<link rel=\"canonical\" href=\"https:\/\/www.prologistik.com\/fr\/podcast-prologistik\/\" \/>\n<meta property=\"og:locale\" content=\"fr_FR\" \/>\n<meta property=\"og:type\" content=\"article\" \/>\n<meta property=\"og:title\" content=\"Podcast proLogistik\" \/>\n<meta property=\"og:description\" content=\"\u00c9coutez des insights passionnants \ud83c\udfa7 et des solutions pratiques \ud83d\udee0\ufe0f du monde de la logistique et de l&#039;automatisation.\" \/>\n<meta property=\"og:url\" content=\"https:\/\/www.prologistik.com\/fr\/podcast-prologistik\/\" \/>\n<meta property=\"og:site_name\" content=\"proLogistik Group\" \/>\n<meta property=\"article:modified_time\" content=\"2025-04-29T10:53:45+00:00\" \/>\n<meta property=\"og:image\" content=\"https:\/\/www.prologistik.com\/wp-content\/uploads\/proLogistik-Talks_Supply-Chain-Inside_Folgentitel01.png\" \/>\n<meta name=\"twitter:card\" content=\"summary_large_image\" \/>\n<meta name=\"twitter:label1\" content=\"Dur\u00e9e de lecture estim\u00e9e\" \/>\n\t<meta name=\"twitter:data1\" content=\"2 minutes\" \/>\n<script type=\"application\/ld+json\" class=\"yoast-schema-graph\">{\"@context\":\"https:\\\/\\\/schema.org\",\"@graph\":[{\"@type\":\"WebPage\",\"@id\":\"https:\\\/\\\/www.prologistik.com\\\/fr\\\/podcast-prologistik\\\/\",\"url\":\"https:\\\/\\\/www.prologistik.com\\\/fr\\\/podcast-prologistik\\\/\",\"name\":\"proLogistik Talks\ud83c\udf99\ufe0fExperts en logistique et innovation\",\"isPartOf\":{\"@id\":\"https:\\\/\\\/www.prologistik.com\\\/fr\\\/#website\"},\"primaryImageOfPage\":{\"@id\":\"https:\\\/\\\/www.prologistik.com\\\/fr\\\/podcast-prologistik\\\/#primaryimage\"},\"image\":{\"@id\":\"https:\\\/\\\/www.prologistik.com\\\/fr\\\/podcast-prologistik\\\/#primaryimage\"},\"thumbnailUrl\":\"https:\\\/\\\/www.prologistik.com\\\/wp-content\\\/uploads\\\/proLogistik-Talks_Supply-Chain-Inside_Folgentitel01.png\",\"datePublished\":\"2025-03-10T12:33:07+00:00\",\"dateModified\":\"2025-04-29T10:53:45+00:00\",\"description\":\"\u00c9coutez des insights passionnants \ud83c\udfa7 et des solutions pratiques \ud83d\udee0\ufe0f du monde de la logistique et de l'automatisation.\",\"breadcrumb\":{\"@id\":\"https:\\\/\\\/www.prologistik.com\\\/fr\\\/podcast-prologistik\\\/#breadcrumb\"},\"inLanguage\":\"fr-FR\",\"potentialAction\":[{\"@type\":\"ReadAction\",\"target\":[\"https:\\\/\\\/www.prologistik.com\\\/fr\\\/podcast-prologistik\\\/\"]}]},{\"@type\":\"ImageObject\",\"inLanguage\":\"fr-FR\",\"@id\":\"https:\\\/\\\/www.prologistik.com\\\/fr\\\/podcast-prologistik\\\/#primaryimage\",\"url\":\"https:\\\/\\\/www.prologistik.com\\\/wp-content\\\/uploads\\\/proLogistik-Talks_Supply-Chain-Inside_Folgentitel01.png\",\"contentUrl\":\"https:\\\/\\\/www.prologistik.com\\\/wp-content\\\/uploads\\\/proLogistik-Talks_Supply-Chain-Inside_Folgentitel01.png\"},{\"@type\":\"BreadcrumbList\",\"@id\":\"https:\\\/\\\/www.prologistik.com\\\/fr\\\/podcast-prologistik\\\/#breadcrumb\",\"itemListElement\":[{\"@type\":\"ListItem\",\"position\":1,\"name\":\"Startseite\",\"item\":\"https:\\\/\\\/www.prologistik.com\\\/fr\\\/\"},{\"@type\":\"ListItem\",\"position\":2,\"name\":\"Podcast proLogistik\"}]},{\"@type\":\"WebSite\",\"@id\":\"https:\\\/\\\/www.prologistik.com\\\/fr\\\/#website\",\"url\":\"https:\\\/\\\/www.prologistik.com\\\/fr\\\/\",\"name\":\"proLogistik Group\",\"description\":\"Software und Hardware f\u00fcr die Intralogistik\",\"publisher\":{\"@id\":\"https:\\\/\\\/www.prologistik.com\\\/fr\\\/#organization\"},\"potentialAction\":[{\"@type\":\"SearchAction\",\"target\":{\"@type\":\"EntryPoint\",\"urlTemplate\":\"https:\\\/\\\/www.prologistik.com\\\/fr\\\/?s={search_term_string}\"},\"query-input\":{\"@type\":\"PropertyValueSpecification\",\"valueRequired\":true,\"valueName\":\"search_term_string\"}}],\"inLanguage\":\"fr-FR\"},{\"@type\":\"Organization\",\"@id\":\"https:\\\/\\\/www.prologistik.com\\\/fr\\\/#organization\",\"name\":\"proLogistik Group\",\"url\":\"https:\\\/\\\/www.prologistik.com\\\/fr\\\/\",\"logo\":{\"@type\":\"ImageObject\",\"inLanguage\":\"fr-FR\",\"@id\":\"https:\\\/\\\/www.prologistik.com\\\/fr\\\/#\\\/schema\\\/logo\\\/image\\\/\",\"url\":\"https:\\\/\\\/www.prologistik.com\\\/wp-content\\\/uploads\\\/prologistik-logo-web.svg\",\"contentUrl\":\"https:\\\/\\\/www.prologistik.com\\\/wp-content\\\/uploads\\\/prologistik-logo-web.svg\",\"width\":320,\"height\":59,\"caption\":\"proLogistik Group\"},\"image\":{\"@id\":\"https:\\\/\\\/www.prologistik.com\\\/fr\\\/#\\\/schema\\\/logo\\\/image\\\/\"}}]}<\/script>\n<!-- \/ Yoast SEO Premium plugin. -->","yoast_head_json":{"title":"proLogistik Talks\ud83c\udf99\ufe0fExperts en logistique et innovation","description":"\u00c9coutez des insights passionnants \ud83c\udfa7 et des solutions pratiques \ud83d\udee0\ufe0f du monde de la logistique et de l'automatisation.","robots":{"index":"index","follow":"follow","max-snippet":"max-snippet:-1","max-image-preview":"max-image-preview:large","max-video-preview":"max-video-preview:-1"},"canonical":"https:\/\/www.prologistik.com\/fr\/podcast-prologistik\/","og_locale":"fr_FR","og_type":"article","og_title":"Podcast proLogistik","og_description":"\u00c9coutez des insights passionnants \ud83c\udfa7 et des solutions pratiques \ud83d\udee0\ufe0f du monde de la logistique et de l'automatisation.","og_url":"https:\/\/www.prologistik.com\/fr\/podcast-prologistik\/","og_site_name":"proLogistik Group","article_modified_time":"2025-04-29T10:53:45+00:00","og_image":[{"url":"https:\/\/www.prologistik.com\/wp-content\/uploads\/proLogistik-Talks_Supply-Chain-Inside_Folgentitel01.png","type":"","width":"","height":""}],"twitter_card":"summary_large_image","twitter_misc":{"Dur\u00e9e de lecture estim\u00e9e":"2 minutes"},"schema":{"@context":"https:\/\/schema.org","@graph":[{"@type":"WebPage","@id":"https:\/\/www.prologistik.com\/fr\/podcast-prologistik\/","url":"https:\/\/www.prologistik.com\/fr\/podcast-prologistik\/","name":"proLogistik Talks\ud83c\udf99\ufe0fExperts en logistique et innovation","isPartOf":{"@id":"https:\/\/www.prologistik.com\/fr\/#website"},"primaryImageOfPage":{"@id":"https:\/\/www.prologistik.com\/fr\/podcast-prologistik\/#primaryimage"},"image":{"@id":"https:\/\/www.prologistik.com\/fr\/podcast-prologistik\/#primaryimage"},"thumbnailUrl":"https:\/\/www.prologistik.com\/wp-content\/uploads\/proLogistik-Talks_Supply-Chain-Inside_Folgentitel01.png","datePublished":"2025-03-10T12:33:07+00:00","dateModified":"2025-04-29T10:53:45+00:00","description":"\u00c9coutez des insights passionnants \ud83c\udfa7 et des solutions pratiques \ud83d\udee0\ufe0f du monde de la logistique et de l'automatisation.","breadcrumb":{"@id":"https:\/\/www.prologistik.com\/fr\/podcast-prologistik\/#breadcrumb"},"inLanguage":"fr-FR","potentialAction":[{"@type":"ReadAction","target":["https:\/\/www.prologistik.com\/fr\/podcast-prologistik\/"]}]},{"@type":"ImageObject","inLanguage":"fr-FR","@id":"https:\/\/www.prologistik.com\/fr\/podcast-prologistik\/#primaryimage","url":"https:\/\/www.prologistik.com\/wp-content\/uploads\/proLogistik-Talks_Supply-Chain-Inside_Folgentitel01.png","contentUrl":"https:\/\/www.prologistik.com\/wp-content\/uploads\/proLogistik-Talks_Supply-Chain-Inside_Folgentitel01.png"},{"@type":"BreadcrumbList","@id":"https:\/\/www.prologistik.com\/fr\/podcast-prologistik\/#breadcrumb","itemListElement":[{"@type":"ListItem","position":1,"name":"Startseite","item":"https:\/\/www.prologistik.com\/fr\/"},{"@type":"ListItem","position":2,"name":"Podcast proLogistik"}]},{"@type":"WebSite","@id":"https:\/\/www.prologistik.com\/fr\/#website","url":"https:\/\/www.prologistik.com\/fr\/","name":"proLogistik Group","description":"Software und Hardware f\u00fcr die Intralogistik","publisher":{"@id":"https:\/\/www.prologistik.com\/fr\/#organization"},"potentialAction":[{"@type":"SearchAction","target":{"@type":"EntryPoint","urlTemplate":"https:\/\/www.prologistik.com\/fr\/?s={search_term_string}"},"query-input":{"@type":"PropertyValueSpecification","valueRequired":true,"valueName":"search_term_string"}}],"inLanguage":"fr-FR"},{"@type":"Organization","@id":"https:\/\/www.prologistik.com\/fr\/#organization","name":"proLogistik Group","url":"https:\/\/www.prologistik.com\/fr\/","logo":{"@type":"ImageObject","inLanguage":"fr-FR","@id":"https:\/\/www.prologistik.com\/fr\/#\/schema\/logo\/image\/","url":"https:\/\/www.prologistik.com\/wp-content\/uploads\/prologistik-logo-web.svg","contentUrl":"https:\/\/www.prologistik.com\/wp-content\/uploads\/prologistik-logo-web.svg","width":320,"height":59,"caption":"proLogistik Group"},"image":{"@id":"https:\/\/www.prologistik.com\/fr\/#\/schema\/logo\/image\/"}}]}},"_links":{"self":[{"href":"https:\/\/www.prologistik.com\/fr\/wp-json\/wp\/v2\/pages\/48652","targetHints":{"allow":["GET"]}}],"collection":[{"href":"https:\/\/www.prologistik.com\/fr\/wp-json\/wp\/v2\/pages"}],"about":[{"href":"https:\/\/www.prologistik.com\/fr\/wp-json\/wp\/v2\/types\/page"}],"author":[{"embeddable":true,"href":"https:\/\/www.prologistik.com\/fr\/wp-json\/wp\/v2\/users\/258"}],"replies":[{"embeddable":true,"href":"https:\/\/www.prologistik.com\/fr\/wp-json\/wp\/v2\/comments?post=48652"}],"version-history":[{"count":1,"href":"https:\/\/www.prologistik.com\/fr\/wp-json\/wp\/v2\/pages\/48652\/revisions"}],"predecessor-version":[{"id":48653,"href":"https:\/\/www.prologistik.com\/fr\/wp-json\/wp\/v2\/pages\/48652\/revisions\/48653"}],"wp:attachment":[{"href":"https:\/\/www.prologistik.com\/fr\/wp-json\/wp\/v2\/media?parent=48652"}],"curies":[{"name":"wp","href":"https:\/\/api.w.org\/{rel}","templated":true}]}}