{"id":45370,"date":"2025-01-28T10:27:10","date_gmt":"2025-01-28T09:27:10","guid":{"rendered":"https:\/\/www.prologistik.com\/magazine\/salons-evenements\/message-derreur-formulaire"},"modified":"2025-01-28T10:47:48","modified_gmt":"2025-01-28T09:47:48","slug":"message-derreur-formulaire","status":"publish","type":"page","link":"https:\/\/www.prologistik.com\/fr\/actualites\/salons-evenements\/message-derreur-formulaire\/","title":{"rendered":"Message d&#8217;erreur Formulaire"},"content":{"rendered":"        \n            <!-- pagehead -->\n        \n                    \n\t\t\t<div id=\"pagehead-block_c61c0a5e013449abe896cff4493bf518\" class=\"pagehead size-very-small\">\n\t\t\t\n\t\t\t\t<div class=\"pagehead-background\">\n\t\t\t\t<!-- image_id: 31900 | alt:  -->\t\t\t\t\t\t\t\t\t<img decoding=\"async\" class=\"test\" src=\"https:\/\/www.prologistik.com\/wp-content\/uploads\/prologistik-header-kontakt.jpg\" alt=\"\" \/>\n\t\t\t\t\n\t\t\t\t<\/div>\n\t\t\t<\/div>\n        \n                    \n            <!-- end:pagehead -->\n        \n            <section class=\"gb-container gb-container-99f7f3c7\">\n<div class=\"gb-container gb-container-3ac39b70\">\n<div class=\"gb-grid-wrapper gb-grid-wrapper-81edb630\">\n<div class=\"gb-grid-column gb-grid-column-c7a148c3\"><div class=\"gb-container gb-container-c7a148c3\">\n\n<div class=\"wp-block-pixel-headline headlines is-subheadline-top has-text-align-left\"><h2 class=\"headline\" style=\"color:\">Votre inscription a \u00e9chou\u00e9 !<\/h2><span class=\"subheadline\" style=\"color:\">\u00c9chec de la connexion  <\/span><\/div>\n\n\n\n<p>D\u00e9sol\u00e9, votre message n&#8217;a pas pu \u00eatre transmis. Veuillez r\u00e9essayer ou contacter <a href=\"https:\/\/www.prologistik.com\/fr\/contact\/formulaire-de-contact\"><mark style=\"background-color:rgba(0, 0, 0, 0)\" class=\"has-inline-color has-color-blue-color\">contactez <\/mark><\/a>nous contacter.<\/p>\n\n\n\n<p>Cordialement,<br\/>Votre groupe proLogistik<\/p>\n\n\n\n<div class=\"wp-block-buttons is-layout-flex wp-block-buttons-is-layout-flex\">\n<div class=\"wp-block-button is-style-fill\"><a class=\"wp-block-button__link has-color-blue-background-color has-background wp-element-button\" href=\"https:\/\/www.prologistik.com\/fr\">Retour \u00e0 la page d&#8217;accueil<\/a><\/div>\n<\/div>\n\n<\/div><\/div>\n<\/div>\n<\/div>\n<\/section>","protected":false},"excerpt":{"rendered":"","protected":false},"author":258,"featured_media":0,"parent":30208,"menu_order":11,"comment_status":"closed","ping_status":"closed","template":"","meta":{"_acf_changed":false,"footnotes":""},"class_list":["post-45370","page","type-page","status-publish"],"acf":[],"yoast_head":"<!-- This site is optimized with the Yoast SEO Premium plugin v26.9 (Yoast SEO v27.3) - https:\/\/yoast.com\/product\/yoast-seo-premium-wordpress\/ -->\n<title>Message d&#039;erreur Formulaire - proLogistik Group<\/title>\n<meta name=\"robots\" content=\"index, follow, max-snippet:-1, max-image-preview:large, max-video-preview:-1\" \/>\n<link rel=\"canonical\" href=\"https:\/\/www.prologistik.com\/fr\/actualites\/salons-evenements\/message-derreur-formulaire\/\" \/>\n<meta property=\"og:locale\" content=\"fr_FR\" \/>\n<meta property=\"og:type\" content=\"article\" \/>\n<meta property=\"og:title\" content=\"Message d&#039;erreur Formulaire\" \/>\n<meta property=\"og:url\" content=\"https:\/\/www.prologistik.com\/fr\/actualites\/salons-evenements\/message-derreur-formulaire\/\" \/>\n<meta property=\"og:site_name\" content=\"proLogistik Group\" \/>\n<meta property=\"article:modified_time\" content=\"2025-01-28T09:47:48+00:00\" \/>\n<meta name=\"twitter:card\" content=\"summary_large_image\" \/>\n<script type=\"application\/ld+json\" class=\"yoast-schema-graph\">{\"@context\":\"https:\\\/\\\/schema.org\",\"@graph\":[{\"@type\":\"WebPage\",\"@id\":\"https:\\\/\\\/www.prologistik.com\\\/fr\\\/actualites\\\/salons-evenements\\\/message-derreur-formulaire\\\/\",\"url\":\"https:\\\/\\\/www.prologistik.com\\\/fr\\\/actualites\\\/salons-evenements\\\/message-derreur-formulaire\\\/\",\"name\":\"Message d'erreur Formulaire - proLogistik Group\",\"isPartOf\":{\"@id\":\"https:\\\/\\\/www.prologistik.com\\\/fr\\\/#website\"},\"datePublished\":\"2025-01-28T09:27:10+00:00\",\"dateModified\":\"2025-01-28T09:47:48+00:00\",\"breadcrumb\":{\"@id\":\"https:\\\/\\\/www.prologistik.com\\\/fr\\\/actualites\\\/salons-evenements\\\/message-derreur-formulaire\\\/#breadcrumb\"},\"inLanguage\":\"fr-FR\",\"potentialAction\":[{\"@type\":\"ReadAction\",\"target\":[\"https:\\\/\\\/www.prologistik.com\\\/fr\\\/actualites\\\/salons-evenements\\\/message-derreur-formulaire\\\/\"]}]},{\"@type\":\"BreadcrumbList\",\"@id\":\"https:\\\/\\\/www.prologistik.com\\\/fr\\\/actualites\\\/salons-evenements\\\/message-derreur-formulaire\\\/#breadcrumb\",\"itemListElement\":[{\"@type\":\"ListItem\",\"position\":1,\"name\":\"Startseite\",\"item\":\"https:\\\/\\\/www.prologistik.com\\\/fr\\\/\"},{\"@type\":\"ListItem\",\"position\":2,\"name\":\"Actualit\u00e9s\",\"item\":\"https:\\\/\\\/www.prologistik.com\\\/fr\\\/actualites\\\/\"},{\"@type\":\"ListItem\",\"position\":3,\"name\":\"Salons &amp; \u00e9v\u00e9nements\",\"item\":\"https:\\\/\\\/www.prologistik.com\\\/fr\\\/actualites\\\/salons-evenements\\\/\"},{\"@type\":\"ListItem\",\"position\":4,\"name\":\"Message d&#8217;erreur Formulaire\"}]},{\"@type\":\"WebSite\",\"@id\":\"https:\\\/\\\/www.prologistik.com\\\/fr\\\/#website\",\"url\":\"https:\\\/\\\/www.prologistik.com\\\/fr\\\/\",\"name\":\"proLogistik Group\",\"description\":\"Software und Hardware f\u00fcr die Intralogistik\",\"publisher\":{\"@id\":\"https:\\\/\\\/www.prologistik.com\\\/fr\\\/#organization\"},\"potentialAction\":[{\"@type\":\"SearchAction\",\"target\":{\"@type\":\"EntryPoint\",\"urlTemplate\":\"https:\\\/\\\/www.prologistik.com\\\/fr\\\/?s={search_term_string}\"},\"query-input\":{\"@type\":\"PropertyValueSpecification\",\"valueRequired\":true,\"valueName\":\"search_term_string\"}}],\"inLanguage\":\"fr-FR\"},{\"@type\":\"Organization\",\"@id\":\"https:\\\/\\\/www.prologistik.com\\\/fr\\\/#organization\",\"name\":\"proLogistik Group\",\"url\":\"https:\\\/\\\/www.prologistik.com\\\/fr\\\/\",\"logo\":{\"@type\":\"ImageObject\",\"inLanguage\":\"fr-FR\",\"@id\":\"https:\\\/\\\/www.prologistik.com\\\/fr\\\/#\\\/schema\\\/logo\\\/image\\\/\",\"url\":\"https:\\\/\\\/www.prologistik.com\\\/wp-content\\\/uploads\\\/prologistik-logo-web.svg\",\"contentUrl\":\"https:\\\/\\\/www.prologistik.com\\\/wp-content\\\/uploads\\\/prologistik-logo-web.svg\",\"width\":320,\"height\":59,\"caption\":\"proLogistik Group\"},\"image\":{\"@id\":\"https:\\\/\\\/www.prologistik.com\\\/fr\\\/#\\\/schema\\\/logo\\\/image\\\/\"}}]}<\/script>\n<!-- \/ Yoast SEO Premium plugin. -->","yoast_head_json":{"title":"Message d'erreur Formulaire - proLogistik Group","robots":{"index":"index","follow":"follow","max-snippet":"max-snippet:-1","max-image-preview":"max-image-preview:large","max-video-preview":"max-video-preview:-1"},"canonical":"https:\/\/www.prologistik.com\/fr\/actualites\/salons-evenements\/message-derreur-formulaire\/","og_locale":"fr_FR","og_type":"article","og_title":"Message d'erreur Formulaire","og_url":"https:\/\/www.prologistik.com\/fr\/actualites\/salons-evenements\/message-derreur-formulaire\/","og_site_name":"proLogistik Group","article_modified_time":"2025-01-28T09:47:48+00:00","twitter_card":"summary_large_image","schema":{"@context":"https:\/\/schema.org","@graph":[{"@type":"WebPage","@id":"https:\/\/www.prologistik.com\/fr\/actualites\/salons-evenements\/message-derreur-formulaire\/","url":"https:\/\/www.prologistik.com\/fr\/actualites\/salons-evenements\/message-derreur-formulaire\/","name":"Message d'erreur Formulaire - proLogistik Group","isPartOf":{"@id":"https:\/\/www.prologistik.com\/fr\/#website"},"datePublished":"2025-01-28T09:27:10+00:00","dateModified":"2025-01-28T09:47:48+00:00","breadcrumb":{"@id":"https:\/\/www.prologistik.com\/fr\/actualites\/salons-evenements\/message-derreur-formulaire\/#breadcrumb"},"inLanguage":"fr-FR","potentialAction":[{"@type":"ReadAction","target":["https:\/\/www.prologistik.com\/fr\/actualites\/salons-evenements\/message-derreur-formulaire\/"]}]},{"@type":"BreadcrumbList","@id":"https:\/\/www.prologistik.com\/fr\/actualites\/salons-evenements\/message-derreur-formulaire\/#breadcrumb","itemListElement":[{"@type":"ListItem","position":1,"name":"Startseite","item":"https:\/\/www.prologistik.com\/fr\/"},{"@type":"ListItem","position":2,"name":"Actualit\u00e9s","item":"https:\/\/www.prologistik.com\/fr\/actualites\/"},{"@type":"ListItem","position":3,"name":"Salons &amp; \u00e9v\u00e9nements","item":"https:\/\/www.prologistik.com\/fr\/actualites\/salons-evenements\/"},{"@type":"ListItem","position":4,"name":"Message d&#8217;erreur Formulaire"}]},{"@type":"WebSite","@id":"https:\/\/www.prologistik.com\/fr\/#website","url":"https:\/\/www.prologistik.com\/fr\/","name":"proLogistik Group","description":"Software und Hardware f\u00fcr die Intralogistik","publisher":{"@id":"https:\/\/www.prologistik.com\/fr\/#organization"},"potentialAction":[{"@type":"SearchAction","target":{"@type":"EntryPoint","urlTemplate":"https:\/\/www.prologistik.com\/fr\/?s={search_term_string}"},"query-input":{"@type":"PropertyValueSpecification","valueRequired":true,"valueName":"search_term_string"}}],"inLanguage":"fr-FR"},{"@type":"Organization","@id":"https:\/\/www.prologistik.com\/fr\/#organization","name":"proLogistik Group","url":"https:\/\/www.prologistik.com\/fr\/","logo":{"@type":"ImageObject","inLanguage":"fr-FR","@id":"https:\/\/www.prologistik.com\/fr\/#\/schema\/logo\/image\/","url":"https:\/\/www.prologistik.com\/wp-content\/uploads\/prologistik-logo-web.svg","contentUrl":"https:\/\/www.prologistik.com\/wp-content\/uploads\/prologistik-logo-web.svg","width":320,"height":59,"caption":"proLogistik Group"},"image":{"@id":"https:\/\/www.prologistik.com\/fr\/#\/schema\/logo\/image\/"}}]}},"_links":{"self":[{"href":"https:\/\/www.prologistik.com\/fr\/wp-json\/wp\/v2\/pages\/45370","targetHints":{"allow":["GET"]}}],"collection":[{"href":"https:\/\/www.prologistik.com\/fr\/wp-json\/wp\/v2\/pages"}],"about":[{"href":"https:\/\/www.prologistik.com\/fr\/wp-json\/wp\/v2\/types\/page"}],"author":[{"embeddable":true,"href":"https:\/\/www.prologistik.com\/fr\/wp-json\/wp\/v2\/users\/258"}],"replies":[{"embeddable":true,"href":"https:\/\/www.prologistik.com\/fr\/wp-json\/wp\/v2\/comments?post=45370"}],"version-history":[{"count":1,"href":"https:\/\/www.prologistik.com\/fr\/wp-json\/wp\/v2\/pages\/45370\/revisions"}],"predecessor-version":[{"id":45371,"href":"https:\/\/www.prologistik.com\/fr\/wp-json\/wp\/v2\/pages\/45370\/revisions\/45371"}],"up":[{"embeddable":true,"href":"https:\/\/www.prologistik.com\/fr\/wp-json\/wp\/v2\/pages\/30208"}],"wp:attachment":[{"href":"https:\/\/www.prologistik.com\/fr\/wp-json\/wp\/v2\/media?parent=45370"}],"curies":[{"name":"wp","href":"https:\/\/api.w.org\/{rel}","templated":true}]}}