{"id":39825,"date":"2024-09-24T09:02:59","date_gmt":"2024-09-24T07:02:59","guid":{"rendered":"https:\/\/www.prologistik.com\/danke-fur-ihr-interesse-an-unseren-produkten"},"modified":"2024-11-26T19:26:18","modified_gmt":"2024-11-26T18:26:18","slug":"votre-interet-pour-nos-produits","status":"publish","type":"page","link":"https:\/\/www.prologistik.com\/fr\/votre-interet-pour-nos-produits\/","title":{"rendered":"Merci pour votre int\u00e9r\u00eat pour nos produits."},"content":{"rendered":"        \n            <!-- pagehead -->\n        \n                    \n\t\t\t<div id=\"pagehead-block_6e6fd446423a7c1e957bb43fc63c9884\" class=\"pagehead size-small\">\n\t\t\t\t\t\t\t<div class=\"pagehead-canvas\">\n\t\t\t\t<div class=\"pagehead-content has-bg-color bg-color-green\">\n\t\t\t\t\t<div class=\"pagehead-content-inner\">\n\t\t\t\t\t\t\t\t\t\t\t\t\t\t\t\t\t\t<h1 class=\"pagehead-headline\" data-aos=\"fade-up\" data-aos-delay=\"100\">Merci de votre int\u00e9r\u00eat!<\/h1>\t\t\t\t\t\t\t\t\t\t\t<\/div>\n\t\t\t\t<\/div>\n\t\t\t<\/div>\n\t\t\t\n\t\t\t\t<div class=\"pagehead-background\">\n\t\t\t\t<!-- image_id: 39612 | alt: Allgemeines Logistik Banner f\u00fcr die Dankesseiten -->\t\t\t\t\t\t\t\t\t<img decoding=\"async\" class=\"test\" src=\"https:\/\/www.prologistik.com\/wp-content\/uploads\/pLG_Website_Danke-fuer-Interesse_Banner_1920x840px_2024-1.png\" alt=\"Allgemeines Logistik Banner f\u00fcr die Dankesseiten\" \/>\n\t\t\t\t\n\t\t\t\t<\/div>\n\t\t\t<\/div>\n        \n                    \n            <!-- end:pagehead -->\n        \n            \n\n<section class=\"gb-container gb-container-ae9262fb gb-container-half-padding-top\">\n<div data-aos=\"fade-up\" class=\"gb-container gb-container-7e7bc3e9\">\n\n<p>Nous avons bien re\u00e7u votre demande concernant notre pLG Product Suite et nous vous contacterons prochainement avec toutes les informations pertinentes.<\/p>\n\n\n\n<p>Nous sommes ravis de pouvoir vous aider.<\/p>\n\n\n\n<p>Votre \u00e9quipe de la proLogistik Group<\/p>\n\n<\/div>\n<\/section>\n\n\n<p><\/p>\n","protected":false},"excerpt":{"rendered":"<p>Nous avons bien re\u00e7u votre demande concernant notre pLG Product Suite et nous vous contacterons prochainement avec toutes les informations pertinentes. Nous sommes ravis de pouvoir vous aider. Votre \u00e9quipe de la proLogistik Group<\/p>\n","protected":false},"author":270,"featured_media":0,"parent":0,"menu_order":57,"comment_status":"closed","ping_status":"closed","template":"","meta":{"_acf_changed":false,"footnotes":""},"class_list":["post-39825","page","type-page","status-publish"],"acf":[],"yoast_head":"<!-- This site is optimized with the Yoast SEO Premium plugin v26.9 (Yoast SEO v27.5) - https:\/\/yoast.com\/product\/yoast-seo-premium-wordpress\/ -->\n<title>Merci pour votre int\u00e9r\u00eat pour nos produits | proLogistik<\/title>\n<meta name=\"description\" content=\"Merci de votre int\u00e9r\u00eat pour notre suite de produits pLG. proLogistik \u2013 votre partenaire pour une cha\u00eene d&#039;approvisionnement excellente.\" \/>\n<meta name=\"robots\" content=\"index, follow, max-snippet:-1, max-image-preview:large, max-video-preview:-1\" \/>\n<link rel=\"canonical\" href=\"https:\/\/www.prologistik.com\/fr\/votre-interet-pour-nos-produits\/\" \/>\n<meta property=\"og:locale\" content=\"fr_FR\" \/>\n<meta property=\"og:type\" content=\"article\" \/>\n<meta property=\"og:title\" content=\"Merci pour votre int\u00e9r\u00eat pour nos produits.\" \/>\n<meta property=\"og:description\" content=\"Merci de votre int\u00e9r\u00eat pour notre suite de produits pLG. proLogistik \u2013 votre partenaire pour une cha\u00eene d&#039;approvisionnement excellente.\" \/>\n<meta property=\"og:url\" content=\"https:\/\/www.prologistik.com\/fr\/votre-interet-pour-nos-produits\/\" \/>\n<meta property=\"og:site_name\" content=\"proLogistik Group\" \/>\n<meta property=\"article:modified_time\" content=\"2024-11-26T18:26:18+00:00\" \/>\n<meta name=\"twitter:card\" content=\"summary_large_image\" \/>\n<script type=\"application\/ld+json\" class=\"yoast-schema-graph\">{\"@context\":\"https:\\\/\\\/schema.org\",\"@graph\":[{\"@type\":\"WebPage\",\"@id\":\"https:\\\/\\\/www.prologistik.com\\\/fr\\\/votre-interet-pour-nos-produits\\\/\",\"url\":\"https:\\\/\\\/www.prologistik.com\\\/fr\\\/votre-interet-pour-nos-produits\\\/\",\"name\":\"Merci pour votre int\u00e9r\u00eat pour nos produits | proLogistik\",\"isPartOf\":{\"@id\":\"https:\\\/\\\/www.prologistik.com\\\/fr\\\/#website\"},\"datePublished\":\"2024-09-24T07:02:59+00:00\",\"dateModified\":\"2024-11-26T18:26:18+00:00\",\"description\":\"Merci de votre int\u00e9r\u00eat pour notre suite de produits pLG. proLogistik \u2013 votre partenaire pour une cha\u00eene d'approvisionnement excellente.\",\"breadcrumb\":{\"@id\":\"https:\\\/\\\/www.prologistik.com\\\/fr\\\/votre-interet-pour-nos-produits\\\/#breadcrumb\"},\"inLanguage\":\"fr-FR\",\"potentialAction\":[{\"@type\":\"ReadAction\",\"target\":[\"https:\\\/\\\/www.prologistik.com\\\/fr\\\/votre-interet-pour-nos-produits\\\/\"]}]},{\"@type\":\"BreadcrumbList\",\"@id\":\"https:\\\/\\\/www.prologistik.com\\\/fr\\\/votre-interet-pour-nos-produits\\\/#breadcrumb\",\"itemListElement\":[{\"@type\":\"ListItem\",\"position\":1,\"name\":\"Startseite\",\"item\":\"https:\\\/\\\/www.prologistik.com\\\/fr\\\/\"},{\"@type\":\"ListItem\",\"position\":2,\"name\":\"Merci pour votre int\u00e9r\u00eat pour nos produits.\"}]},{\"@type\":\"WebSite\",\"@id\":\"https:\\\/\\\/www.prologistik.com\\\/fr\\\/#website\",\"url\":\"https:\\\/\\\/www.prologistik.com\\\/fr\\\/\",\"name\":\"proLogistik Group\",\"description\":\"Software und Hardware f\u00fcr die Intralogistik\",\"publisher\":{\"@id\":\"https:\\\/\\\/www.prologistik.com\\\/fr\\\/#organization\"},\"potentialAction\":[{\"@type\":\"SearchAction\",\"target\":{\"@type\":\"EntryPoint\",\"urlTemplate\":\"https:\\\/\\\/www.prologistik.com\\\/fr\\\/?s={search_term_string}\"},\"query-input\":{\"@type\":\"PropertyValueSpecification\",\"valueRequired\":true,\"valueName\":\"search_term_string\"}}],\"inLanguage\":\"fr-FR\"},{\"@type\":\"Organization\",\"@id\":\"https:\\\/\\\/www.prologistik.com\\\/fr\\\/#organization\",\"name\":\"proLogistik Group\",\"url\":\"https:\\\/\\\/www.prologistik.com\\\/fr\\\/\",\"logo\":{\"@type\":\"ImageObject\",\"inLanguage\":\"fr-FR\",\"@id\":\"https:\\\/\\\/www.prologistik.com\\\/fr\\\/#\\\/schema\\\/logo\\\/image\\\/\",\"url\":\"https:\\\/\\\/www.prologistik.com\\\/wp-content\\\/uploads\\\/prologistik-logo-web.svg\",\"contentUrl\":\"https:\\\/\\\/www.prologistik.com\\\/wp-content\\\/uploads\\\/prologistik-logo-web.svg\",\"width\":320,\"height\":59,\"caption\":\"proLogistik Group\"},\"image\":{\"@id\":\"https:\\\/\\\/www.prologistik.com\\\/fr\\\/#\\\/schema\\\/logo\\\/image\\\/\"}}]}<\/script>\n<!-- \/ Yoast SEO Premium plugin. -->","yoast_head_json":{"title":"Merci pour votre int\u00e9r\u00eat pour nos produits | proLogistik","description":"Merci de votre int\u00e9r\u00eat pour notre suite de produits pLG. proLogistik \u2013 votre partenaire pour une cha\u00eene d'approvisionnement excellente.","robots":{"index":"index","follow":"follow","max-snippet":"max-snippet:-1","max-image-preview":"max-image-preview:large","max-video-preview":"max-video-preview:-1"},"canonical":"https:\/\/www.prologistik.com\/fr\/votre-interet-pour-nos-produits\/","og_locale":"fr_FR","og_type":"article","og_title":"Merci pour votre int\u00e9r\u00eat pour nos produits.","og_description":"Merci de votre int\u00e9r\u00eat pour notre suite de produits pLG. proLogistik \u2013 votre partenaire pour une cha\u00eene d'approvisionnement excellente.","og_url":"https:\/\/www.prologistik.com\/fr\/votre-interet-pour-nos-produits\/","og_site_name":"proLogistik Group","article_modified_time":"2024-11-26T18:26:18+00:00","twitter_card":"summary_large_image","schema":{"@context":"https:\/\/schema.org","@graph":[{"@type":"WebPage","@id":"https:\/\/www.prologistik.com\/fr\/votre-interet-pour-nos-produits\/","url":"https:\/\/www.prologistik.com\/fr\/votre-interet-pour-nos-produits\/","name":"Merci pour votre int\u00e9r\u00eat pour nos produits | proLogistik","isPartOf":{"@id":"https:\/\/www.prologistik.com\/fr\/#website"},"datePublished":"2024-09-24T07:02:59+00:00","dateModified":"2024-11-26T18:26:18+00:00","description":"Merci de votre int\u00e9r\u00eat pour notre suite de produits pLG. proLogistik \u2013 votre partenaire pour une cha\u00eene d'approvisionnement excellente.","breadcrumb":{"@id":"https:\/\/www.prologistik.com\/fr\/votre-interet-pour-nos-produits\/#breadcrumb"},"inLanguage":"fr-FR","potentialAction":[{"@type":"ReadAction","target":["https:\/\/www.prologistik.com\/fr\/votre-interet-pour-nos-produits\/"]}]},{"@type":"BreadcrumbList","@id":"https:\/\/www.prologistik.com\/fr\/votre-interet-pour-nos-produits\/#breadcrumb","itemListElement":[{"@type":"ListItem","position":1,"name":"Startseite","item":"https:\/\/www.prologistik.com\/fr\/"},{"@type":"ListItem","position":2,"name":"Merci pour votre int\u00e9r\u00eat pour nos produits."}]},{"@type":"WebSite","@id":"https:\/\/www.prologistik.com\/fr\/#website","url":"https:\/\/www.prologistik.com\/fr\/","name":"proLogistik Group","description":"Software und Hardware f\u00fcr die Intralogistik","publisher":{"@id":"https:\/\/www.prologistik.com\/fr\/#organization"},"potentialAction":[{"@type":"SearchAction","target":{"@type":"EntryPoint","urlTemplate":"https:\/\/www.prologistik.com\/fr\/?s={search_term_string}"},"query-input":{"@type":"PropertyValueSpecification","valueRequired":true,"valueName":"search_term_string"}}],"inLanguage":"fr-FR"},{"@type":"Organization","@id":"https:\/\/www.prologistik.com\/fr\/#organization","name":"proLogistik Group","url":"https:\/\/www.prologistik.com\/fr\/","logo":{"@type":"ImageObject","inLanguage":"fr-FR","@id":"https:\/\/www.prologistik.com\/fr\/#\/schema\/logo\/image\/","url":"https:\/\/www.prologistik.com\/wp-content\/uploads\/prologistik-logo-web.svg","contentUrl":"https:\/\/www.prologistik.com\/wp-content\/uploads\/prologistik-logo-web.svg","width":320,"height":59,"caption":"proLogistik Group"},"image":{"@id":"https:\/\/www.prologistik.com\/fr\/#\/schema\/logo\/image\/"}}]}},"_links":{"self":[{"href":"https:\/\/www.prologistik.com\/fr\/wp-json\/wp\/v2\/pages\/39825","targetHints":{"allow":["GET"]}}],"collection":[{"href":"https:\/\/www.prologistik.com\/fr\/wp-json\/wp\/v2\/pages"}],"about":[{"href":"https:\/\/www.prologistik.com\/fr\/wp-json\/wp\/v2\/types\/page"}],"author":[{"embeddable":true,"href":"https:\/\/www.prologistik.com\/fr\/wp-json\/wp\/v2\/users\/270"}],"replies":[{"embeddable":true,"href":"https:\/\/www.prologistik.com\/fr\/wp-json\/wp\/v2\/comments?post=39825"}],"version-history":[{"count":5,"href":"https:\/\/www.prologistik.com\/fr\/wp-json\/wp\/v2\/pages\/39825\/revisions"}],"predecessor-version":[{"id":43346,"href":"https:\/\/www.prologistik.com\/fr\/wp-json\/wp\/v2\/pages\/39825\/revisions\/43346"}],"wp:attachment":[{"href":"https:\/\/www.prologistik.com\/fr\/wp-json\/wp\/v2\/media?parent=39825"}],"curies":[{"name":"wp","href":"https:\/\/api.w.org\/{rel}","templated":true}]}}