{"id":30498,"date":"2023-02-28T16:54:54","date_gmt":"2023-02-28T15:54:54","guid":{"rendered":"https:\/\/prologistik.pixel-tal.de\/materiel-informatique\/logiciel-materiel\/app-ios"},"modified":"2025-11-24T10:52:02","modified_gmt":"2025-11-24T09:52:02","slug":"app-ios","status":"publish","type":"page","link":"https:\/\/www.prologistik.com\/fr\/materiel-informatique\/logiciel-materiel\/app-ios\/","title":{"rendered":"Application iOS"},"content":{"rendered":"        \n            <!-- pagehead -->\n        \n                    \n\t\t\t<div id=\"pagehead-block_f0b74f449274a8c7e45a87bbe32fb9cc\" class=\"pagehead size-small\">\n\t\t\t\t\t\t\t<div class=\"pagehead-canvas\">\n\t\t\t\t<div class=\"pagehead-content has-bg-color bg-color-green\">\n\t\t\t\t\t<div class=\"pagehead-content-inner\">\n\t\t\t\t\t\t<div class=\"pagehead-icon icon-color-white\" data-aos=\"fade-up\" data-aos-delay=\"0\" style=\"mask-image: url(https:\/\/www.prologistik.com\/wp-content\/uploads\/icon-benefits-handy.svg); -webkit-mask-image: url(https:\/\/www.prologistik.com\/wp-content\/uploads\/icon-benefits-handy.svg);\"><\/div>\t\t\t\t\t\t<span class=\"pagehead-subheadline\"  data-aos=\"fade-up\" data-aos-delay=\"50\">Logiciel PLG<\/span>\t\t\t\t\t\t<h1 class=\"pagehead-headline\" data-aos=\"fade-up\" data-aos-delay=\"100\">Des applications iOS comme logicielles de logistique<\/h1>\t\t\t\t\t\t\t\t\t\t\t<\/div>\n\t\t\t\t<\/div>\n\t\t\t<\/div>\n\t\t\t\n\t\t\t\t<div class=\"pagehead-background\">\n\t\t\t\t<!-- image_id: 30905 | alt:  -->\t\t\t\t\t\t\t\t\t<img decoding=\"async\" class=\"test\" src=\"https:\/\/www.prologistik.com\/wp-content\/uploads\/header_ios-apps.jpg\" alt=\"\" \/>\n\t\t\t\t\n\t\t\t\t<\/div>\n\t\t\t<\/div>\n        \n                    \n            <!-- end:pagehead -->\n        \n            \n\n<section class=\"gb-container gb-container-97381a90\">\n<div class=\"gb-container gb-container-76c9f99c\">\n<div class=\"gb-grid-wrapper gb-grid-wrapper-3c5d1c2a gb-grid-wrapper-space-between\">\n<div class=\"gb-grid-column gb-grid-column-351b66dd\"><div class=\"gb-container gb-container-351b66dd globe-absolute\">\n\n<div class=\"wp-block-pixel-headline headlines is-subheadline-top has-text-align-left\"><h2 class=\"headline\" style=\"color:\">L&#8217;utilisation des applications IdO dans la logistique<\/h2><span class=\"subheadline\" style=\"color:var(--color-blue)\">C&#8217;EST AINSI QUE Tous les processus PEUVENT \u00caTRE V\u00c9RIFI\u00c9S facilement<\/span><\/div>\n\n\n\n<p>Surtout dans le domaine de la logistique, les applications IdO sont sont de plus en plus utilis\u00e9es pour automatiser et optimiser les processus les plus divers.<br><br>Qu&#8217;il s&#8217;agisse de la num\u00e9risation de TAG UHF et de la saisie de donn\u00e9es qui en d\u00e9coule dans SAP ou d&#8217;autres syst\u00e8mes ERP, du multitraitement gr\u00e2ce \u00e0 plusieurs onglets, de la reconnaissance directe du premier champ de num\u00e9risation, de la navigation pour l&#8217;utilisateur vers les champs de saisie ou de bien d&#8217;autres choses encore, les applications IdO sont devenues indispensables dans le travail quotidien de ce secteur.<\/p>\n\n<\/div><\/div>\n\n<div class=\"gb-grid-column gb-grid-column-edd12d63\"><div class=\"gb-container gb-container-edd12d63\">\n\n<figure class=\"wp-block-image size-large\"><img loading=\"lazy\" decoding=\"async\" width=\"510\" height=\"1024\" src=\"https:\/\/www.prologistik.com\/wp-content\/uploads\/prologistik-content-ios-app-510x1024.png\" alt=\"\" class=\"wp-image-12102\" srcset=\"https:\/\/www.prologistik.com\/wp-content\/uploads\/prologistik-content-ios-app-510x1024.png 510w, https:\/\/www.prologistik.com\/wp-content\/uploads\/prologistik-content-ios-app-149x300.png 149w, https:\/\/www.prologistik.com\/wp-content\/uploads\/prologistik-content-ios-app-75x150.png 75w, https:\/\/www.prologistik.com\/wp-content\/uploads\/prologistik-content-ios-app.png 520w\" sizes=\"auto, (max-width: 510px) 100vw, 510px\" \/><\/figure>\n\n<\/div><\/div>\n<\/div>\n<\/div>\n<\/section>\n\n<section class=\"gb-container gb-container-6e6485b6\">\n<div class=\"gb-container gb-container-7cd4b78f\">\n<div class=\"gb-grid-wrapper gb-grid-wrapper-a1aad969\">\n<div class=\"gb-grid-column gb-grid-column-ceaf4216\"><div class=\"gb-container gb-container-ceaf4216\">\n\n<figure class=\"wp-block-image size-full\"><img loading=\"lazy\" decoding=\"async\" width=\"289\" height=\"573\" src=\"https:\/\/www.prologistik.com\/wp-content\/uploads\/change-order-unit-with-shopper-app-scm-app.png\" alt=\"\" class=\"wp-image-16407\" srcset=\"https:\/\/www.prologistik.com\/wp-content\/uploads\/change-order-unit-with-shopper-app-scm-app.png 289w, https:\/\/www.prologistik.com\/wp-content\/uploads\/change-order-unit-with-shopper-app-scm-app-151x300.png 151w, https:\/\/www.prologistik.com\/wp-content\/uploads\/change-order-unit-with-shopper-app-scm-app-76x150.png 76w\" sizes=\"auto, (max-width: 289px) 100vw, 289px\" \/><\/figure>\n\n<\/div><\/div>\n\n<div class=\"gb-grid-column gb-grid-column-28bffa89\"><div class=\"gb-container gb-container-28bffa89\">\n\n<div class=\"wp-block-pixel-headline headlines is-subheadline-top has-text-align-left\"><h2 class=\"headline\" style=\"color:\">L&#8217;application de commande SHOPPER<\/h2><\/div>\n\n\n\n<p>Pour une commande, une planification de l&#8217;assortiment et un inventaire simples et mobiles dans tous les succursale: SHOPPER am\u00e9liore ainsi de mani\u00e8re significative l&#8217;efficacit\u00e9 de la cha\u00eene d&#8217;approvisionnement num\u00e9rique au sein d&#8217;un magasin ainsi qu&#8217;entre le si\u00e8ge et les magasins de d\u00e9tail et de gros. SHOPPER vous offre des fonctionnalit\u00e9s de pointe de mani\u00e8re simple et conviviale :<\/p>\n\n\n\n<ul class=\"wp-block-list is-style-list-item-checkmark\">\n<li>Saisie des commandes, y compris v\u00e9rification des prix<\/li>\n\n\n\n<li>Propositions de commandes<\/li>\n\n\n\n<li>Promotion des ventes (best-sellers, nouvelles arriv\u00e9es, actions)<\/li>\n\n\n\n<li>Listes de commandes librement \u00e9ditables ou pr\u00e9d\u00e9finies<\/li>\n\n\n\n<li>Caisse mobile &amp; syst\u00e8me de caisse de secours<\/li>\n\n\n\n<li>Fonctions de recherche<\/li>\n\n\n\n<li>Analyse du panier d&#8217;achat &amp; syst\u00e8mes de recommandation<\/li>\n\n\n\n<li>Fonctionnalit\u00e9s de communication et d&#8217;actualit\u00e9<\/li>\n<\/ul>\n\n<\/div><\/div>\n<\/div>\n<\/div>\n<\/section>\n\n<section class=\"gb-container gb-container-f8fd8651\">\n<div class=\"gb-container gb-container-bc58556f\">\n<div class=\"gb-grid-wrapper gb-grid-wrapper-7a665e96\">\n<div class=\"gb-grid-column gb-grid-column-df56c357\"><div class=\"gb-container gb-container-df56c357\">\n<div class=\"gb-grid-wrapper gb-grid-wrapper-eff634d2\">\n<div class=\"gb-grid-column gb-grid-column-ee2eb9aa\"><div class=\"gb-container gb-container-ee2eb9aa\">\n\n<div class=\"wp-block-pixel-headline headlines is-subheadline-top has-text-align-left\"><h2 class=\"headline\" style=\"color:\">L&#8217;application BEAMER<\/h2><\/div>\n\n\n\n<p>L&#8217;application BEAMER est une application de navigation d&#8217;entreprise pour les appareils IdO. Elle pr\u00e9sente les pages web en mode plein \u00e9cran et permet, en plus de la saisie au clavier, de scanner diff\u00e9rents codes-barres via un mat\u00e9riel de scannage sp\u00e9cial. Le mat\u00e9riel de scannage est directement connect\u00e9 \u00e0 l&#8217;aide d&#8217;un adaptateur Lightning ou USB C (p. ex. les pochettes de scannage Linea Pro) ou encore coupl\u00e9 \u00e0 l&#8217;appareil IdO par Bluetooth (p. ex. les scanners de codes-barres Zebra ou ProGlove).<\/p>\n\n\n\n<p>En fonctionnement normal avec l&#8217;application, l&#8217;utilisateur voit le site web entier sans barre de navigation et d&#8217;autres \u00e9l\u00e9ments de contr\u00f4le et peut ainsi se concentrer pleinement sur l&#8217;utilisation de l&#8217;application web pour son processus de travail.<\/p>\n\n<\/div><\/div>\n\n<div class=\"gb-grid-column gb-grid-column-a340cf30\"><div class=\"gb-container gb-container-a340cf30\">\n\n<figure class=\"wp-block-image size-full is-style-default\"><img loading=\"lazy\" decoding=\"async\" width=\"700\" height=\"525\" src=\"https:\/\/www.prologistik.com\/wp-content\/uploads\/prologistik-content-beamer-app.jpg\" alt=\"\" class=\"wp-image-16420\" \/><\/figure>\n\n<\/div><\/div>\n<\/div>\n<\/div><\/div>\n\n<div class=\"gb-grid-column gb-grid-column-f0375da6\"><div class=\"gb-container gb-container-f0375da6\">\n<div class=\"gb-grid-wrapper gb-grid-wrapper-d6062171\">\n<div class=\"gb-grid-column gb-grid-column-394a8a58\"><div class=\"gb-container gb-container-394a8a58\">\n\n<div class=\"wp-block-pixel-headline headlines is-subheadline-top has-text-align-left\"><h3 class=\"headline\" style=\"color:\"><strong>Fonctionnalit\u00e9s de l&#8217;application BEAMER pour les processus de num\u00e9risation bas\u00e9s sur le web :<\/strong><\/h3><\/div>\n\n<\/div><\/div>\n\n<div class=\"gb-grid-column gb-grid-column-b01ead14\"><div class=\"gb-container gb-container-b01ead14\">\n\n<ul class=\"wp-block-list is-style-list-item-checkmark\">\n<li>Fonction de num\u00e9risation et de saisie pour les processus web<\/li>\n\n\n\n<li>Compatible avec toutes les formes d&#8217;identification automatique<\/li>\n\n\n\n<li>Travail multi-processus gr\u00e2ce \u00e0 plusieurs onglets<\/li>\n\n\n\n<li>Reconnaissance directe du premier champ de balayage (Select)<\/li>\n\n\n\n<li>Navigation de l&#8217;utilisateur vers les champs de saisie (Auto-Enter)<\/li>\n\n\n\n<li>Fonction Autosubmit<\/li>\n\n\n\n<li>Connexion automatique<\/li>\n\n\n\n<li>Saisie manuelle ou scan direct<\/li>\n\n\n\n<li>Les param\u00e8tres de configuration automatique des fonctions peuvent \u00eatre contr\u00f4l\u00e9s via Master Device Management<\/li>\n<\/ul>\n\n<\/div><\/div>\n\n<div class=\"gb-grid-column gb-grid-column-ee6bf3ed\"><div class=\"gb-container gb-container-ee6bf3ed\">\n\n<ul class=\"wp-block-list is-style-list-item-checkmark\">\n<li>Mode kiosque r\u00e9glable : faire tourner l&#8217;application ou non<\/li>\n\n\n\n<li>Possibilit\u00e9 d&#8217;actualiser les donn\u00e9es du site web \u00e0 partir de l&#8217;application<\/li>\n\n\n\n<li>Mat\u00e9riel disponible imm\u00e9diatement : Pochettes de scan<\/li>\n\n\n\n<li>Int\u00e9gration rapide : pas d&#8217;adaptations co\u00fbteuses de logiciels et de processus gr\u00e2ce \u00e0 l&#8217;int\u00e9gration rapide de l&#8217;application en peu de minutes<\/li>\n\n\n\n<li>Les deux sont disponibles : des appareils intelligents et des logiciels<\/li>\n<\/ul>\n\n<\/div><\/div>\n<\/div>\n<\/div><\/div>\n<\/div>\n<\/div>\n<\/section>\n\n<section class=\"gb-container gb-container-a8218a4b gb-container-no-padding-top\">\n<div class=\"gb-container gb-container-5194d273\">\n<div class=\"gb-grid-wrapper gb-grid-wrapper-57e3cd57\">\n<div class=\"gb-grid-column gb-grid-column-329868ac\"><div class=\"gb-container gb-container-329868ac globe-absolute\"><div class=\"gb-inside-container\">\n    <div id=\"gradientbox-block_0a6271288cae7f257b2acec853b0c9a1\" class=\"gradientbox background-blue\">\n        <div class=\"gradientbox-content-wrap\">\n                        <div class=\"wp-block-pixel-headline headlines is-subheadline-top has-text-align-left\">\n                <h3 class=\"headline\" style=\"color:var(--color-white)\">Les fonctions et avantages :<\/h3>\n                            <\/div>\n                        <div class=\"gradientbox-column-wrap\">\n\n                                <div class=\"gradientbox-column\">\n                    <div class=\"gradientbox-text-wrap\">\n                                                                        <ul>\n<li>Num\u00e9risation et fonction de saisie UHF-TAG pour les processus web dans SAP ou d&#8217;autres ERP<\/li>\n<li>Compatible avec tous les formulaires Auto-ID<\/li>\n<li>Multi-\u00e9dition gr\u00e2ce \u00e0 plusieurs onglets<\/li>\n<li>Reconnaissance imm\u00e9diate du premier champ de balayage (Select)<\/li>\n<li>Navigation rapide de l&#8217;utilisateur vers les champs de saisie (Auto Entry)<\/li>\n<li>Fonction de transmission automatique<\/li>\n<li>Enregistrement automatique<\/li>\n<li>Saisie manuelle ou scan direct<\/li>\n<\/ul>\n                                            <\/div>\n                                    <\/div>\n                                <div class=\"gradientbox-column\">\n                    <div class=\"gradientbox-text-wrap\">\n                                                                        <ul>\n<li>Les param\u00e8tres de configuration automatique des fonctions peuvent \u00eatre contr\u00f4l\u00e9s via le Master Device Management<\/li>\n<li>Mode kiosque r\u00e9glable : ex\u00e9cuter ou non l&#8217;application<\/li>\n<li>Possibilit\u00e9 de mettre \u00e0 jour les donn\u00e9es du site via l&#8217;application<\/li>\n<li>Mat\u00e9riel disponible imm\u00e9diatement : Scanner des enveloppes<\/li>\n<li>Int\u00e9gration rapide : aucune adaptation fastidieuse de logiciels<br \/>\net de processus gr\u00e2ce \u00e0 l&#8217;int\u00e9gration rapide de l&#8217;application<br \/>\nen peu de minutes<\/li>\n<li>Appareils intelligents et logiciels<\/li>\n<\/ul>\n                                            <\/div>\n                                    <\/div>\n                \n            <\/div>\n        <\/div> \n    <\/div>\n    \n<\/div><\/div><\/div>\n<\/div>\n<\/div>\n<\/section>\n\n        \n            <!-- contact-form -->\n        \n                    \n            <!-- end:contact-form -->\n        \n            ","protected":false},"excerpt":{"rendered":"","protected":false},"author":1,"featured_media":0,"parent":30430,"menu_order":1,"comment_status":"closed","ping_status":"closed","template":"","meta":{"_acf_changed":false,"footnotes":""},"class_list":["post-30498","page","type-page","status-publish"],"acf":[],"yoast_head":"<!-- This site is optimized with the Yoast SEO Premium plugin v26.9 (Yoast SEO v27.5) - https:\/\/yoast.com\/product\/yoast-seo-premium-wordpress\/ -->\n<title>Des applications iOS comme logiciel de logistique<\/title>\n<meta name=\"description\" content=\"Fonction de saisie dans SAP ou autres ERP \u2714\ufe0f Connexion automatique \u2714\ufe0f Saisie manuelle ou scan direct \u2714\ufe0f Mode kiosque param\u00e9trable \u2714\ufe0f Onboarding rapide \u2714\ufe0f\" \/>\n<meta name=\"robots\" content=\"index, follow, max-snippet:-1, max-image-preview:large, max-video-preview:-1\" \/>\n<link rel=\"canonical\" href=\"https:\/\/www.prologistik.com\/fr\/materiel-informatique\/logiciel-materiel\/app-ios\/\" \/>\n<meta property=\"og:locale\" content=\"fr_FR\" \/>\n<meta property=\"og:type\" content=\"article\" \/>\n<meta property=\"og:title\" content=\"Application iOS\" \/>\n<meta property=\"og:description\" content=\"Fonction de saisie dans SAP ou autres ERP \u2714\ufe0f Connexion automatique \u2714\ufe0f Saisie manuelle ou scan direct \u2714\ufe0f Mode kiosque param\u00e9trable \u2714\ufe0f Onboarding rapide \u2714\ufe0f\" \/>\n<meta property=\"og:url\" content=\"https:\/\/www.prologistik.com\/fr\/materiel-informatique\/logiciel-materiel\/app-ios\/\" \/>\n<meta property=\"og:site_name\" content=\"proLogistik Group\" \/>\n<meta property=\"article:modified_time\" content=\"2025-11-24T09:52:02+00:00\" \/>\n<meta property=\"og:image\" content=\"https:\/\/www.prologistik.com\/wp-content\/uploads\/prologistik-content-ios-app-510x1024.png\" \/>\n<meta name=\"twitter:card\" content=\"summary_large_image\" \/>\n<meta name=\"twitter:label1\" content=\"Dur\u00e9e de lecture estim\u00e9e\" \/>\n\t<meta name=\"twitter:data1\" content=\"3 minutes\" \/>\n<script type=\"application\/ld+json\" class=\"yoast-schema-graph\">{\"@context\":\"https:\\\/\\\/schema.org\",\"@graph\":[{\"@type\":\"WebPage\",\"@id\":\"https:\\\/\\\/www.prologistik.com\\\/fr\\\/materiel-informatique\\\/logiciel-materiel\\\/app-ios\\\/\",\"url\":\"https:\\\/\\\/www.prologistik.com\\\/fr\\\/materiel-informatique\\\/logiciel-materiel\\\/app-ios\\\/\",\"name\":\"Des applications iOS comme logiciel de logistique\",\"isPartOf\":{\"@id\":\"https:\\\/\\\/www.prologistik.com\\\/fr\\\/#website\"},\"primaryImageOfPage\":{\"@id\":\"https:\\\/\\\/www.prologistik.com\\\/fr\\\/materiel-informatique\\\/logiciel-materiel\\\/app-ios\\\/#primaryimage\"},\"image\":{\"@id\":\"https:\\\/\\\/www.prologistik.com\\\/fr\\\/materiel-informatique\\\/logiciel-materiel\\\/app-ios\\\/#primaryimage\"},\"thumbnailUrl\":\"https:\\\/\\\/www.prologistik.com\\\/wp-content\\\/uploads\\\/prologistik-content-ios-app-510x1024.png\",\"datePublished\":\"2023-02-28T15:54:54+00:00\",\"dateModified\":\"2025-11-24T09:52:02+00:00\",\"description\":\"Fonction de saisie dans SAP ou autres ERP \u2714\ufe0f Connexion automatique \u2714\ufe0f Saisie manuelle ou scan direct \u2714\ufe0f Mode kiosque param\u00e9trable \u2714\ufe0f Onboarding rapide \u2714\ufe0f\",\"breadcrumb\":{\"@id\":\"https:\\\/\\\/www.prologistik.com\\\/fr\\\/materiel-informatique\\\/logiciel-materiel\\\/app-ios\\\/#breadcrumb\"},\"inLanguage\":\"fr-FR\",\"potentialAction\":[{\"@type\":\"ReadAction\",\"target\":[\"https:\\\/\\\/www.prologistik.com\\\/fr\\\/materiel-informatique\\\/logiciel-materiel\\\/app-ios\\\/\"]}]},{\"@type\":\"ImageObject\",\"inLanguage\":\"fr-FR\",\"@id\":\"https:\\\/\\\/www.prologistik.com\\\/fr\\\/materiel-informatique\\\/logiciel-materiel\\\/app-ios\\\/#primaryimage\",\"url\":\"https:\\\/\\\/www.prologistik.com\\\/wp-content\\\/uploads\\\/prologistik-content-ios-app-510x1024.png\",\"contentUrl\":\"https:\\\/\\\/www.prologistik.com\\\/wp-content\\\/uploads\\\/prologistik-content-ios-app-510x1024.png\"},{\"@type\":\"BreadcrumbList\",\"@id\":\"https:\\\/\\\/www.prologistik.com\\\/fr\\\/materiel-informatique\\\/logiciel-materiel\\\/app-ios\\\/#breadcrumb\",\"itemListElement\":[{\"@type\":\"ListItem\",\"position\":1,\"name\":\"Startseite\",\"item\":\"https:\\\/\\\/www.prologistik.com\\\/fr\\\/\"},{\"@type\":\"ListItem\",\"position\":2,\"name\":\"Hardware\",\"item\":\"https:\\\/\\\/www.prologistik.com\\\/fr\\\/materiel-informatique\\\/\"},{\"@type\":\"ListItem\",\"position\":3,\"name\":\"Logiciel mat\u00e9riel\",\"item\":\"https:\\\/\\\/www.prologistik.com\\\/fr\\\/materiel-informatique\\\/logiciel-materiel\\\/\"},{\"@type\":\"ListItem\",\"position\":4,\"name\":\"Application iOS\"}]},{\"@type\":\"WebSite\",\"@id\":\"https:\\\/\\\/www.prologistik.com\\\/fr\\\/#website\",\"url\":\"https:\\\/\\\/www.prologistik.com\\\/fr\\\/\",\"name\":\"proLogistik Group\",\"description\":\"Software und Hardware f\u00fcr die Intralogistik\",\"publisher\":{\"@id\":\"https:\\\/\\\/www.prologistik.com\\\/fr\\\/#organization\"},\"potentialAction\":[{\"@type\":\"SearchAction\",\"target\":{\"@type\":\"EntryPoint\",\"urlTemplate\":\"https:\\\/\\\/www.prologistik.com\\\/fr\\\/?s={search_term_string}\"},\"query-input\":{\"@type\":\"PropertyValueSpecification\",\"valueRequired\":true,\"valueName\":\"search_term_string\"}}],\"inLanguage\":\"fr-FR\"},{\"@type\":\"Organization\",\"@id\":\"https:\\\/\\\/www.prologistik.com\\\/fr\\\/#organization\",\"name\":\"proLogistik Group\",\"url\":\"https:\\\/\\\/www.prologistik.com\\\/fr\\\/\",\"logo\":{\"@type\":\"ImageObject\",\"inLanguage\":\"fr-FR\",\"@id\":\"https:\\\/\\\/www.prologistik.com\\\/fr\\\/#\\\/schema\\\/logo\\\/image\\\/\",\"url\":\"https:\\\/\\\/www.prologistik.com\\\/wp-content\\\/uploads\\\/prologistik-logo-web.svg\",\"contentUrl\":\"https:\\\/\\\/www.prologistik.com\\\/wp-content\\\/uploads\\\/prologistik-logo-web.svg\",\"width\":320,\"height\":59,\"caption\":\"proLogistik Group\"},\"image\":{\"@id\":\"https:\\\/\\\/www.prologistik.com\\\/fr\\\/#\\\/schema\\\/logo\\\/image\\\/\"}}]}<\/script>\n<!-- \/ Yoast SEO Premium plugin. -->","yoast_head_json":{"title":"Des applications iOS comme logiciel de logistique","description":"Fonction de saisie dans SAP ou autres ERP \u2714\ufe0f Connexion automatique \u2714\ufe0f Saisie manuelle ou scan direct \u2714\ufe0f Mode kiosque param\u00e9trable \u2714\ufe0f Onboarding rapide \u2714\ufe0f","robots":{"index":"index","follow":"follow","max-snippet":"max-snippet:-1","max-image-preview":"max-image-preview:large","max-video-preview":"max-video-preview:-1"},"canonical":"https:\/\/www.prologistik.com\/fr\/materiel-informatique\/logiciel-materiel\/app-ios\/","og_locale":"fr_FR","og_type":"article","og_title":"Application iOS","og_description":"Fonction de saisie dans SAP ou autres ERP \u2714\ufe0f Connexion automatique \u2714\ufe0f Saisie manuelle ou scan direct \u2714\ufe0f Mode kiosque param\u00e9trable \u2714\ufe0f Onboarding rapide \u2714\ufe0f","og_url":"https:\/\/www.prologistik.com\/fr\/materiel-informatique\/logiciel-materiel\/app-ios\/","og_site_name":"proLogistik Group","article_modified_time":"2025-11-24T09:52:02+00:00","og_image":[{"url":"https:\/\/www.prologistik.com\/wp-content\/uploads\/prologistik-content-ios-app-510x1024.png","type":"","width":"","height":""}],"twitter_card":"summary_large_image","twitter_misc":{"Dur\u00e9e de lecture estim\u00e9e":"3 minutes"},"schema":{"@context":"https:\/\/schema.org","@graph":[{"@type":"WebPage","@id":"https:\/\/www.prologistik.com\/fr\/materiel-informatique\/logiciel-materiel\/app-ios\/","url":"https:\/\/www.prologistik.com\/fr\/materiel-informatique\/logiciel-materiel\/app-ios\/","name":"Des applications iOS comme logiciel de logistique","isPartOf":{"@id":"https:\/\/www.prologistik.com\/fr\/#website"},"primaryImageOfPage":{"@id":"https:\/\/www.prologistik.com\/fr\/materiel-informatique\/logiciel-materiel\/app-ios\/#primaryimage"},"image":{"@id":"https:\/\/www.prologistik.com\/fr\/materiel-informatique\/logiciel-materiel\/app-ios\/#primaryimage"},"thumbnailUrl":"https:\/\/www.prologistik.com\/wp-content\/uploads\/prologistik-content-ios-app-510x1024.png","datePublished":"2023-02-28T15:54:54+00:00","dateModified":"2025-11-24T09:52:02+00:00","description":"Fonction de saisie dans SAP ou autres ERP \u2714\ufe0f Connexion automatique \u2714\ufe0f Saisie manuelle ou scan direct \u2714\ufe0f Mode kiosque param\u00e9trable \u2714\ufe0f Onboarding rapide \u2714\ufe0f","breadcrumb":{"@id":"https:\/\/www.prologistik.com\/fr\/materiel-informatique\/logiciel-materiel\/app-ios\/#breadcrumb"},"inLanguage":"fr-FR","potentialAction":[{"@type":"ReadAction","target":["https:\/\/www.prologistik.com\/fr\/materiel-informatique\/logiciel-materiel\/app-ios\/"]}]},{"@type":"ImageObject","inLanguage":"fr-FR","@id":"https:\/\/www.prologistik.com\/fr\/materiel-informatique\/logiciel-materiel\/app-ios\/#primaryimage","url":"https:\/\/www.prologistik.com\/wp-content\/uploads\/prologistik-content-ios-app-510x1024.png","contentUrl":"https:\/\/www.prologistik.com\/wp-content\/uploads\/prologistik-content-ios-app-510x1024.png"},{"@type":"BreadcrumbList","@id":"https:\/\/www.prologistik.com\/fr\/materiel-informatique\/logiciel-materiel\/app-ios\/#breadcrumb","itemListElement":[{"@type":"ListItem","position":1,"name":"Startseite","item":"https:\/\/www.prologistik.com\/fr\/"},{"@type":"ListItem","position":2,"name":"Hardware","item":"https:\/\/www.prologistik.com\/fr\/materiel-informatique\/"},{"@type":"ListItem","position":3,"name":"Logiciel mat\u00e9riel","item":"https:\/\/www.prologistik.com\/fr\/materiel-informatique\/logiciel-materiel\/"},{"@type":"ListItem","position":4,"name":"Application iOS"}]},{"@type":"WebSite","@id":"https:\/\/www.prologistik.com\/fr\/#website","url":"https:\/\/www.prologistik.com\/fr\/","name":"proLogistik Group","description":"Software und Hardware f\u00fcr die Intralogistik","publisher":{"@id":"https:\/\/www.prologistik.com\/fr\/#organization"},"potentialAction":[{"@type":"SearchAction","target":{"@type":"EntryPoint","urlTemplate":"https:\/\/www.prologistik.com\/fr\/?s={search_term_string}"},"query-input":{"@type":"PropertyValueSpecification","valueRequired":true,"valueName":"search_term_string"}}],"inLanguage":"fr-FR"},{"@type":"Organization","@id":"https:\/\/www.prologistik.com\/fr\/#organization","name":"proLogistik Group","url":"https:\/\/www.prologistik.com\/fr\/","logo":{"@type":"ImageObject","inLanguage":"fr-FR","@id":"https:\/\/www.prologistik.com\/fr\/#\/schema\/logo\/image\/","url":"https:\/\/www.prologistik.com\/wp-content\/uploads\/prologistik-logo-web.svg","contentUrl":"https:\/\/www.prologistik.com\/wp-content\/uploads\/prologistik-logo-web.svg","width":320,"height":59,"caption":"proLogistik Group"},"image":{"@id":"https:\/\/www.prologistik.com\/fr\/#\/schema\/logo\/image\/"}}]}},"_links":{"self":[{"href":"https:\/\/www.prologistik.com\/fr\/wp-json\/wp\/v2\/pages\/30498","targetHints":{"allow":["GET"]}}],"collection":[{"href":"https:\/\/www.prologistik.com\/fr\/wp-json\/wp\/v2\/pages"}],"about":[{"href":"https:\/\/www.prologistik.com\/fr\/wp-json\/wp\/v2\/types\/page"}],"author":[{"embeddable":true,"href":"https:\/\/www.prologistik.com\/fr\/wp-json\/wp\/v2\/users\/1"}],"replies":[{"embeddable":true,"href":"https:\/\/www.prologistik.com\/fr\/wp-json\/wp\/v2\/comments?post=30498"}],"version-history":[{"count":7,"href":"https:\/\/www.prologistik.com\/fr\/wp-json\/wp\/v2\/pages\/30498\/revisions"}],"predecessor-version":[{"id":55233,"href":"https:\/\/www.prologistik.com\/fr\/wp-json\/wp\/v2\/pages\/30498\/revisions\/55233"}],"up":[{"embeddable":true,"href":"https:\/\/www.prologistik.com\/fr\/wp-json\/wp\/v2\/pages\/30430"}],"wp:attachment":[{"href":"https:\/\/www.prologistik.com\/fr\/wp-json\/wp\/v2\/media?parent=30498"}],"curies":[{"name":"wp","href":"https:\/\/api.w.org\/{rel}","templated":true}]}}