{"id":30473,"date":"2023-03-13T09:51:17","date_gmt":"2023-03-13T08:51:17","guid":{"rendered":"https:\/\/prologistik.pixel-tal.de\/solutions\/inventaire"},"modified":"2025-10-09T10:44:12","modified_gmt":"2025-10-09T08:44:12","slug":"inventaire","status":"publish","type":"page","link":"https:\/\/www.prologistik.com\/fr\/solutions\/inventaire\/","title":{"rendered":"Inventaire"},"content":{"rendered":"        \n            <!-- pagehead -->\n        \n                    \n\t\t\t<div id=\"pagehead-block_cea0a0f9178934738fc9da2f2b2fc3d6\" class=\"pagehead size-small\">\n\t\t\t\t\t\t\t<div class=\"pagehead-canvas\">\n\t\t\t\t<div class=\"pagehead-content has-bg-color bg-color-green\">\n\t\t\t\t\t<div class=\"pagehead-content-inner\">\n\t\t\t\t\t\t<div class=\"pagehead-icon icon-color-white\" data-aos=\"fade-up\" data-aos-delay=\"0\" style=\"mask-image: url(https:\/\/www.prologistik.com\/wp-content\/uploads\/icon-statistics.svg); -webkit-mask-image: url(https:\/\/www.prologistik.com\/wp-content\/uploads\/icon-statistics.svg);\"><\/div>\t\t\t\t\t\t<span class=\"pagehead-subheadline\"  data-aos=\"fade-up\" data-aos-delay=\"50\">Solutions PLG<\/span>\t\t\t\t\t\t<h1 class=\"pagehead-headline\" data-aos=\"fade-up\" data-aos-delay=\"100\">Inventaire dans la logistique<\/h1>\t\t\t\t\t\t\t\t\t\t\t<\/div>\n\t\t\t\t<\/div>\n\t\t\t<\/div>\n\t\t\t\n\t\t\t\t<div class=\"pagehead-background\">\n\t\t\t\t<!-- image_id: 32833 | alt:  -->\t\t\t\t\t\t\t\t\t<img decoding=\"async\" class=\"test\" src=\"https:\/\/www.prologistik.com\/wp-content\/uploads\/prologistik-header-inventur.jpg\" alt=\"\" \/>\n\t\t\t\t\n\t\t\t\t<\/div>\n\t\t\t<\/div>\n        \n                    \n            <!-- end:pagehead -->\n        \n            <section class=\"gb-container gb-container-f7049c2e\">\n<div class=\"gb-container gb-container-be9afe12\">\n<div class=\"gb-grid-wrapper gb-grid-wrapper-26c8e444\">\n<div class=\"gb-grid-column gb-grid-column-2c46322d\"><div class=\"gb-container gb-container-2c46322d\">\n\n<div class=\"wp-block-pixel-headline headlines is-subheadline-top has-text-align-left\"><h2 class=\"headline\" style=\"color:\">Qu&#8217;est-ce qu&#8217;un inventaire ?<\/h2><\/div>\n\n\n\n<p>Quels sont les actifs d&#8217;une entreprise ? Quel est le montant de la dette ? Un inventaire consiste \u00e0 recenser les actifs et les passifs d&#8217;une entreprise \u00e0 la fin d&#8217;une acquisition. Une liste des postes enregistr\u00e9s est document\u00e9e dans un registre d&#8217;inventaire qui fait partie des comptes annuels. Ce qui semble si clair et simple ici n&#8217;est pas si facile, surtout pour les entreprises commerciales et dans le secteur de la production. En effet, c&#8217;est pr\u00e9cis\u00e9ment dans ce cas que la preuve de tous les biens, en particulier pour les objets mat\u00e9riels, s&#8217;av\u00e8re un peu plus difficile. En effet, si les licences, les droits de propri\u00e9t\u00e9 intellectuelle ou les cr\u00e9ances peuvent \u00eatre attest\u00e9s par ce que l&#8217;on appelle l&#8217;inventaire comptable, les actifs mat\u00e9riels doivent \u00eatre constat\u00e9s par comptage, pesage ou mesure.<\/p>\n\n<\/div><\/div>\n<\/div>\n<\/div>\n<\/section><section class=\"gb-container gb-container-63efda28 gb-container-no-padding-top\">\n<div class=\"gb-container gb-container-c7ce8b15\">\n<div class=\"gb-grid-wrapper gb-grid-wrapper-33d030e5\">\n<div class=\"gb-grid-column gb-grid-column-b0ac16d0\"><div class=\"gb-container gb-container-b0ac16d0\">\n\n<div class=\"wp-block-pixel-headline headlines is-subheadline-top has-text-align-left\"><h2 class=\"headline\" style=\"color:\">Quelles sont les diff\u00e9rentes proc\u00e9dures d&#8217;inventaire ?<\/h2><span class=\"subheadline\" style=\"color:var(--color-green)\">Des solutions vari\u00e9es<\/span><\/div>\n\n<\/div><\/div>\n\n<div data-aos=\"fade-right\" class=\"gb-grid-column gb-grid-column-0e4c53b5\"><div class=\"gb-container gb-container-0e4c53b5\">\n<div class=\"gb-grid-wrapper gb-grid-wrapper-f20d025b\">\n<div class=\"gb-grid-column gb-grid-column-02ba9353\"><div class=\"gb-container gb-container-02ba9353\">\n\n<p>Pour obtenir un inventaire d\u00e9taill\u00e9 de tous les stocks et actifs existants, on peut recourir \u00e0 diff\u00e9rents types d&#8217;inventaire.<\/p>\n\n\n\n<p><strong>L&#8217;inventaire physique<\/strong><br\/>L&#8217;inventaire physique consiste \u00e0 compter, mesurer ou peser toutes les choses qui existent physiquement, qu&#8217;il s&#8217;agisse d&#8217;ordinateurs, d&#8217;imprimantes, de terminaux portables ou de crayons. Lorsque les objets sont de petites pi\u00e8ces en grand nombre, une estimation est souvent permise, surtout lorsque les efforts pour une d\u00e9termination pr\u00e9cise seraient trop importants et peu rentables.<\/p>\n\n\n\n<p><strong>L&#8217;inventaire des livres<\/strong><br\/>Il s&#8217;agit ici de la comptabilit\u00e9 financi\u00e8re. Tout ce qui peut \u00eatre d\u00e9termin\u00e9 par des pi\u00e8ces justificatives, des extraits de compte, des re\u00e7us, des listes de soldes ou des factures &#8211; qu&#8217;il s&#8217;agisse de cr\u00e9ances, de dettes ou d&#8217;avoirs aupr\u00e8s de banques &#8211; est saisi par l&#8217;inventaire comptable.<\/p>\n\n<\/div><\/div>\n\n<div class=\"gb-grid-column gb-grid-column-fd6cf13c\"><div class=\"gb-container gb-container-fd6cf13c\">\n\n<p><strong>L&#8217;inventaire des immobilisations<\/strong><br\/>Lors de l&#8217;inventaire des immobilisations, on consulte le registre des immobilisations de l&#8217;entreprise. Il contient des informations pr\u00e9cises sur la valeur de l&#8217;\u00e9quipement de l&#8217;entreprise, du parc de v\u00e9hicules ou des machines.<\/p>\n\n\n\n<p>Il est important \u00e0 cet \u00e9gard que l&#8217;\u00e9l\u00e9ment concern\u00e9 soit d\u00e9sign\u00e9 avec pr\u00e9cision et que des informations telles que le co\u00fbt d&#8217;acquisition ou de production, la dur\u00e9e d&#8217;utilisation, la valeur au bilan \u00e0 la date de cl\u00f4ture, l&#8217;amortissement annuel ainsi que la date d&#8217;acquisition et de cession soient document\u00e9es avec pr\u00e9cision.<\/p>\n\n<\/div><\/div>\n<\/div>\n<\/div><\/div>\n<\/div>\n<\/div>\n<\/section><section class=\"gb-container gb-container-34e78e51\">\n<div class=\"gb-container gb-container-91535d1b\">\n<div class=\"gb-grid-wrapper gb-grid-wrapper-d128adb8\">\n<div class=\"gb-grid-column gb-grid-column-f410855e\"><div class=\"gb-container gb-container-f410855e\">\n\n<div class=\"wp-block-pixel-headline headlines is-subheadline-top has-text-align-left\"><h2 class=\"headline\" style=\"color:\">Les quatre types d&#8217;inventaire<\/h2><span class=\"subheadline\" style=\"color:var(--color-blue)\">Pour votre succ\u00e8s<\/span><\/div>\n\n<\/div><\/div>\n\n<div data-aos=\"fade-right\" class=\"gb-grid-column gb-grid-column-0389a05a\"><div class=\"gb-container gb-container-0389a05a\">\n<div class=\"gb-grid-wrapper gb-grid-wrapper-a4277f3f\">\n<div class=\"gb-grid-column gb-grid-column-e86a8454\"><div class=\"gb-container gb-container-e86a8454\">\n\n<p><strong>1. l&#8217;inventaire \u00e0 jour fixe<\/strong><br\/>Type d&#8217;inventaire classique qui dresse le bilan des actifs et des passifs d&#8217;une entreprise \u00e0 une date donn\u00e9e, \u00e0 la fin d&#8217;une p\u00e9riode de r\u00e9f\u00e9rence.<\/p>\n\n<\/div><\/div>\n\n<div class=\"gb-grid-column gb-grid-column-e4764d75\"><div class=\"gb-container gb-container-e4764d75\">\n\n<p><strong>2. l&#8217;inventaire par \u00e9chantillonnage<\/strong><br\/>L&#8217;inventaire par \u00e9chantillonnage consiste \u00e0 pr\u00e9lever des \u00e9chantillons al\u00e9atoires afin d&#8217;obtenir un \u00e9chantillon repr\u00e9sentatif du stock. Il en r\u00e9sulte une extrapolation \u00e0 l&#8217;ensemble des effectifs. Ce type d&#8217;inventaire est r\u00e9alis\u00e9 \u00e0 l&#8217;aide de m\u00e9thodes math\u00e9matiques et statistiques reconnues, telles que l&#8217;estimation de la moyenne.<\/p>\n\n<\/div><\/div>\n\n<div class=\"gb-grid-column gb-grid-column-4386c11f\"><div class=\"gb-container gb-container-4386c11f\">\n\n<p><strong>3. l&#8217;inventaire permanent<\/strong><br\/>Un inventaire permanent peut \u00eatre r\u00e9alis\u00e9 s&#8217;il existe un registre des stocks et une documentation sur les entr\u00e9es et les sorties. Il est toutefois n\u00e9cessaire de proc\u00e9der \u00e0 un inventaire physique au moins une fois par an et d&#8217;effectuer une comparaison entre le stock th\u00e9orique de la comptabilit\u00e9 des stocks et le stock r\u00e9el.<\/p>\n\n<\/div><\/div>\n\n<div class=\"gb-grid-column gb-grid-column-0f1ccf3f\"><div class=\"gb-container gb-container-0f1ccf3f\">\n\n<p><strong>4. l&#8217;inventaire \u00e0 jour fixe ou diff\u00e9r\u00e9<\/strong><br\/>S&#8217;il n&#8217;est pas possible de r\u00e9aliser un inventaire \u00e0 la date de r\u00e9f\u00e9rence fix\u00e9e, il est possible de recourir \u00e0 un inventaire pr\u00e9alable ou diff\u00e9r\u00e9. La condition de base est qu&#8217;un inventaire physique doit \u00eatre effectu\u00e9 dans les trois mois pr\u00e9c\u00e9dant ou les deux mois suivant la date de cl\u00f4ture du bilan.<\/p>\n\n<\/div><\/div>\n<\/div>\n<\/div><\/div>\n<\/div>\n<\/div>\n<\/section>        \n            <!-- contact-form -->\n        \n            \n\t\t<section data-aos=\"fade-right\" id=\"contact\" class=\"gb-container contact-form-wrap\">\n\t\t\t<div class=\"gb-inside-container\">\n\t\t\t\t<div id=\"\" class=\"contact-form layout-contacts  multiple-contacts gb-grid-wrapper\" >\n\t\t\t\t\n\t\t\t\t\t\t\t\t\t\t<div class=\"wp-block-pixel-headline headlines is-subheadline-top has-text-align-left\">\n\t\t\t\t\t\t<h2 class=\"headline\">Vos contacts personnels<\/h2>\n\t\t\t\t\t\t<span class=\"subheadline\" style=\"color:var(--color-blue)\">Des questions, des souhaits ou des suggestions ?<\/span>\n\t\t\t\t\t\t<p class=\"cf-copytext\">Appelez-nous ou envoyez-nous un message. Nous nous r\u00e9jouissons de vous accueillir.<\/p>\t\t\t\t\t<\/div>\n\t\t\t\t\t\n\t\t\t\t\t\t\t\t\t\t\t<div class=\"contact-form-side gb-grid-column\">\n\t\t\t\t\t\t\t\t\t\t\t\t\t\t\t\t\t\t\t\t\t\t\t\t\t\t\t\t\t                <div class=\"card card-contacts-form\">\n                    <div class=\"card-media\">\n                        <img decoding=\"async\" title=\"NiMa_Portrait\" alt=\"\" src=\"https:\/\/www.prologistik.com\/wp-content\/uploads\/NiMa_Portrait.png\" \/>\n                    <\/div>\n                    <div class=\"card-content\">\n                    <span class=\"card-line card-name\"> Nick Manke<\/span>                        <span class=\"card-line card-job\">Directeur des ventes<\/span>                                                                                                                    <\/div>\n                <\/div>\n\n                            <div class=\"card card-contacts-form\">\n                    <div class=\"card-media\">\n                        <img decoding=\"async\" title=\"ReKo_Portrait\" alt=\"\" src=\"https:\/\/www.prologistik.com\/wp-content\/uploads\/ReKo_Portrait.png\" \/>\n                    <\/div>\n                    <div class=\"card-content\">\n                    <span class=\"card-line card-name\"> Ren\u00e9 Koch<\/span>                        <span class=\"card-line card-job\">Directeur du conseil en logistique<\/span>                                                                                                                    <\/div>\n                <\/div>\n\n            \t\t\t\t\t\t\t\t\t\t\t\t\t<\/div>\t\n\t\t\t\t\t\n\n\t\t\t\t\t<div class=\"contact-form-main gb-grid-column\">\n\t\t\t\t\t\t[contact-form-7 id=&#8221;5248&#8243;]\t\t\t\t\t<\/div> \n\t\t\t\t<\/div>\n\t\t\t<\/div>\n\t\t<\/section>\n\t        \n            <!-- end:contact-form -->\n        \n            ","protected":false},"excerpt":{"rendered":"","protected":false},"author":1,"featured_media":54747,"parent":30455,"menu_order":0,"comment_status":"closed","ping_status":"closed","template":"","meta":{"_acf_changed":false,"footnotes":""},"class_list":["post-30473","page","type-page","status-publish","has-post-thumbnail"],"acf":[],"yoast_head":"<!-- This site is optimized with the Yoast SEO Premium plugin v26.9 (Yoast SEO v27.5) - https:\/\/yoast.com\/product\/yoast-seo-premium-wordpress\/ -->\n<title>\ud83d\udce6 Solutions d\u2019inventaire logistique | proLogistik<\/title>\n<meta name=\"description\" content=\"Qu&#039;est-ce qu&#039;un inventaire \u2753 Quelles sont les proc\u00e9dures d&#039;inventaire \u2753 Les quatre types d&#039;inventaire sont expliqu\u00e9s ici ! \u2714\ufe0f\" \/>\n<meta name=\"robots\" content=\"index, follow, max-snippet:-1, max-image-preview:large, max-video-preview:-1\" \/>\n<link rel=\"canonical\" href=\"https:\/\/www.prologistik.com\/fr\/solutions\/inventaire\/\" \/>\n<meta property=\"og:locale\" content=\"fr_FR\" \/>\n<meta property=\"og:type\" content=\"article\" \/>\n<meta property=\"og:title\" content=\"Inventaire\" \/>\n<meta property=\"og:description\" content=\"Qu&#039;est-ce qu&#039;un inventaire \u2753 Quelles sont les proc\u00e9dures d&#039;inventaire \u2753 Les quatre types d&#039;inventaire sont expliqu\u00e9s ici ! \u2714\ufe0f\" \/>\n<meta property=\"og:url\" content=\"https:\/\/www.prologistik.com\/fr\/solutions\/inventaire\/\" \/>\n<meta property=\"og:site_name\" content=\"proLogistik Group\" \/>\n<meta property=\"article:modified_time\" content=\"2025-10-09T08:44:12+00:00\" \/>\n<meta property=\"og:image\" content=\"https:\/\/www.prologistik.com\/wp-content\/uploads\/prologistik-header-inventur.jpg\" \/>\n\t<meta property=\"og:image:width\" content=\"1920\" \/>\n\t<meta property=\"og:image:height\" content=\"717\" \/>\n\t<meta property=\"og:image:type\" content=\"image\/jpeg\" \/>\n<meta name=\"twitter:card\" content=\"summary_large_image\" \/>\n<meta name=\"twitter:label1\" content=\"Dur\u00e9e de lecture estim\u00e9e\" \/>\n\t<meta name=\"twitter:data1\" content=\"3 minutes\" \/>\n<script type=\"application\/ld+json\" class=\"yoast-schema-graph\">{\"@context\":\"https:\\\/\\\/schema.org\",\"@graph\":[{\"@type\":\"WebPage\",\"@id\":\"https:\\\/\\\/www.prologistik.com\\\/fr\\\/solutions\\\/inventaire\\\/\",\"url\":\"https:\\\/\\\/www.prologistik.com\\\/fr\\\/solutions\\\/inventaire\\\/\",\"name\":\"\ud83d\udce6 Solutions d\u2019inventaire logistique | proLogistik\",\"isPartOf\":{\"@id\":\"https:\\\/\\\/www.prologistik.com\\\/fr\\\/#website\"},\"primaryImageOfPage\":{\"@id\":\"https:\\\/\\\/www.prologistik.com\\\/fr\\\/solutions\\\/inventaire\\\/#primaryimage\"},\"image\":{\"@id\":\"https:\\\/\\\/www.prologistik.com\\\/fr\\\/solutions\\\/inventaire\\\/#primaryimage\"},\"thumbnailUrl\":\"https:\\\/\\\/www.prologistik.com\\\/wp-content\\\/uploads\\\/Generated-image.png\",\"datePublished\":\"2023-03-13T08:51:17+00:00\",\"dateModified\":\"2025-10-09T08:44:12+00:00\",\"description\":\"Qu'est-ce qu'un inventaire \u2753 Quelles sont les proc\u00e9dures d'inventaire \u2753 Les quatre types d'inventaire sont expliqu\u00e9s ici ! \u2714\ufe0f\",\"breadcrumb\":{\"@id\":\"https:\\\/\\\/www.prologistik.com\\\/fr\\\/solutions\\\/inventaire\\\/#breadcrumb\"},\"inLanguage\":\"fr-FR\",\"potentialAction\":[{\"@type\":\"ReadAction\",\"target\":[\"https:\\\/\\\/www.prologistik.com\\\/fr\\\/solutions\\\/inventaire\\\/\"]}]},{\"@type\":\"ImageObject\",\"inLanguage\":\"fr-FR\",\"@id\":\"https:\\\/\\\/www.prologistik.com\\\/fr\\\/solutions\\\/inventaire\\\/#primaryimage\",\"url\":\"https:\\\/\\\/www.prologistik.com\\\/wp-content\\\/uploads\\\/Generated-image.png\",\"contentUrl\":\"https:\\\/\\\/www.prologistik.com\\\/wp-content\\\/uploads\\\/Generated-image.png\",\"width\":1536,\"height\":1024,\"caption\":\"Inventur-L\u00f6sungen f\u00fcr Ihr Lager\"},{\"@type\":\"BreadcrumbList\",\"@id\":\"https:\\\/\\\/www.prologistik.com\\\/fr\\\/solutions\\\/inventaire\\\/#breadcrumb\",\"itemListElement\":[{\"@type\":\"ListItem\",\"position\":1,\"name\":\"Startseite\",\"item\":\"https:\\\/\\\/www.prologistik.com\\\/fr\\\/\"},{\"@type\":\"ListItem\",\"position\":2,\"name\":\"Solutions\",\"item\":\"https:\\\/\\\/www.prologistik.com\\\/fr\\\/solutions\\\/\"},{\"@type\":\"ListItem\",\"position\":3,\"name\":\"Inventaire\"}]},{\"@type\":\"WebSite\",\"@id\":\"https:\\\/\\\/www.prologistik.com\\\/fr\\\/#website\",\"url\":\"https:\\\/\\\/www.prologistik.com\\\/fr\\\/\",\"name\":\"proLogistik Group\",\"description\":\"Software und Hardware f\u00fcr die Intralogistik\",\"publisher\":{\"@id\":\"https:\\\/\\\/www.prologistik.com\\\/fr\\\/#organization\"},\"potentialAction\":[{\"@type\":\"SearchAction\",\"target\":{\"@type\":\"EntryPoint\",\"urlTemplate\":\"https:\\\/\\\/www.prologistik.com\\\/fr\\\/?s={search_term_string}\"},\"query-input\":{\"@type\":\"PropertyValueSpecification\",\"valueRequired\":true,\"valueName\":\"search_term_string\"}}],\"inLanguage\":\"fr-FR\"},{\"@type\":\"Organization\",\"@id\":\"https:\\\/\\\/www.prologistik.com\\\/fr\\\/#organization\",\"name\":\"proLogistik Group\",\"url\":\"https:\\\/\\\/www.prologistik.com\\\/fr\\\/\",\"logo\":{\"@type\":\"ImageObject\",\"inLanguage\":\"fr-FR\",\"@id\":\"https:\\\/\\\/www.prologistik.com\\\/fr\\\/#\\\/schema\\\/logo\\\/image\\\/\",\"url\":\"https:\\\/\\\/www.prologistik.com\\\/wp-content\\\/uploads\\\/prologistik-logo-web.svg\",\"contentUrl\":\"https:\\\/\\\/www.prologistik.com\\\/wp-content\\\/uploads\\\/prologistik-logo-web.svg\",\"width\":320,\"height\":59,\"caption\":\"proLogistik Group\"},\"image\":{\"@id\":\"https:\\\/\\\/www.prologistik.com\\\/fr\\\/#\\\/schema\\\/logo\\\/image\\\/\"}}]}<\/script>\n<!-- \/ Yoast SEO Premium plugin. -->","yoast_head_json":{"title":"\ud83d\udce6 Solutions d\u2019inventaire logistique | proLogistik","description":"Qu'est-ce qu'un inventaire \u2753 Quelles sont les proc\u00e9dures d'inventaire \u2753 Les quatre types d'inventaire sont expliqu\u00e9s ici ! \u2714\ufe0f","robots":{"index":"index","follow":"follow","max-snippet":"max-snippet:-1","max-image-preview":"max-image-preview:large","max-video-preview":"max-video-preview:-1"},"canonical":"https:\/\/www.prologistik.com\/fr\/solutions\/inventaire\/","og_locale":"fr_FR","og_type":"article","og_title":"Inventaire","og_description":"Qu'est-ce qu'un inventaire \u2753 Quelles sont les proc\u00e9dures d'inventaire \u2753 Les quatre types d'inventaire sont expliqu\u00e9s ici ! \u2714\ufe0f","og_url":"https:\/\/www.prologistik.com\/fr\/solutions\/inventaire\/","og_site_name":"proLogistik Group","article_modified_time":"2025-10-09T08:44:12+00:00","og_image":[{"width":1920,"height":717,"url":"https:\/\/www.prologistik.com\/wp-content\/uploads\/prologistik-header-inventur.jpg","type":"image\/jpeg"}],"twitter_card":"summary_large_image","twitter_misc":{"Dur\u00e9e de lecture estim\u00e9e":"3 minutes"},"schema":{"@context":"https:\/\/schema.org","@graph":[{"@type":"WebPage","@id":"https:\/\/www.prologistik.com\/fr\/solutions\/inventaire\/","url":"https:\/\/www.prologistik.com\/fr\/solutions\/inventaire\/","name":"\ud83d\udce6 Solutions d\u2019inventaire logistique | proLogistik","isPartOf":{"@id":"https:\/\/www.prologistik.com\/fr\/#website"},"primaryImageOfPage":{"@id":"https:\/\/www.prologistik.com\/fr\/solutions\/inventaire\/#primaryimage"},"image":{"@id":"https:\/\/www.prologistik.com\/fr\/solutions\/inventaire\/#primaryimage"},"thumbnailUrl":"https:\/\/www.prologistik.com\/wp-content\/uploads\/Generated-image.png","datePublished":"2023-03-13T08:51:17+00:00","dateModified":"2025-10-09T08:44:12+00:00","description":"Qu'est-ce qu'un inventaire \u2753 Quelles sont les proc\u00e9dures d'inventaire \u2753 Les quatre types d'inventaire sont expliqu\u00e9s ici ! \u2714\ufe0f","breadcrumb":{"@id":"https:\/\/www.prologistik.com\/fr\/solutions\/inventaire\/#breadcrumb"},"inLanguage":"fr-FR","potentialAction":[{"@type":"ReadAction","target":["https:\/\/www.prologistik.com\/fr\/solutions\/inventaire\/"]}]},{"@type":"ImageObject","inLanguage":"fr-FR","@id":"https:\/\/www.prologistik.com\/fr\/solutions\/inventaire\/#primaryimage","url":"https:\/\/www.prologistik.com\/wp-content\/uploads\/Generated-image.png","contentUrl":"https:\/\/www.prologistik.com\/wp-content\/uploads\/Generated-image.png","width":1536,"height":1024,"caption":"Inventur-L\u00f6sungen f\u00fcr Ihr Lager"},{"@type":"BreadcrumbList","@id":"https:\/\/www.prologistik.com\/fr\/solutions\/inventaire\/#breadcrumb","itemListElement":[{"@type":"ListItem","position":1,"name":"Startseite","item":"https:\/\/www.prologistik.com\/fr\/"},{"@type":"ListItem","position":2,"name":"Solutions","item":"https:\/\/www.prologistik.com\/fr\/solutions\/"},{"@type":"ListItem","position":3,"name":"Inventaire"}]},{"@type":"WebSite","@id":"https:\/\/www.prologistik.com\/fr\/#website","url":"https:\/\/www.prologistik.com\/fr\/","name":"proLogistik Group","description":"Software und Hardware f\u00fcr die Intralogistik","publisher":{"@id":"https:\/\/www.prologistik.com\/fr\/#organization"},"potentialAction":[{"@type":"SearchAction","target":{"@type":"EntryPoint","urlTemplate":"https:\/\/www.prologistik.com\/fr\/?s={search_term_string}"},"query-input":{"@type":"PropertyValueSpecification","valueRequired":true,"valueName":"search_term_string"}}],"inLanguage":"fr-FR"},{"@type":"Organization","@id":"https:\/\/www.prologistik.com\/fr\/#organization","name":"proLogistik Group","url":"https:\/\/www.prologistik.com\/fr\/","logo":{"@type":"ImageObject","inLanguage":"fr-FR","@id":"https:\/\/www.prologistik.com\/fr\/#\/schema\/logo\/image\/","url":"https:\/\/www.prologistik.com\/wp-content\/uploads\/prologistik-logo-web.svg","contentUrl":"https:\/\/www.prologistik.com\/wp-content\/uploads\/prologistik-logo-web.svg","width":320,"height":59,"caption":"proLogistik Group"},"image":{"@id":"https:\/\/www.prologistik.com\/fr\/#\/schema\/logo\/image\/"}}]}},"_links":{"self":[{"href":"https:\/\/www.prologistik.com\/fr\/wp-json\/wp\/v2\/pages\/30473","targetHints":{"allow":["GET"]}}],"collection":[{"href":"https:\/\/www.prologistik.com\/fr\/wp-json\/wp\/v2\/pages"}],"about":[{"href":"https:\/\/www.prologistik.com\/fr\/wp-json\/wp\/v2\/types\/page"}],"author":[{"embeddable":true,"href":"https:\/\/www.prologistik.com\/fr\/wp-json\/wp\/v2\/users\/1"}],"replies":[{"embeddable":true,"href":"https:\/\/www.prologistik.com\/fr\/wp-json\/wp\/v2\/comments?post=30473"}],"version-history":[{"count":2,"href":"https:\/\/www.prologistik.com\/fr\/wp-json\/wp\/v2\/pages\/30473\/revisions"}],"predecessor-version":[{"id":53624,"href":"https:\/\/www.prologistik.com\/fr\/wp-json\/wp\/v2\/pages\/30473\/revisions\/53624"}],"up":[{"embeddable":true,"href":"https:\/\/www.prologistik.com\/fr\/wp-json\/wp\/v2\/pages\/30455"}],"wp:featuredmedia":[{"embeddable":true,"href":"https:\/\/www.prologistik.com\/fr\/wp-json\/wp\/v2\/media\/54747"}],"wp:attachment":[{"href":"https:\/\/www.prologistik.com\/fr\/wp-json\/wp\/v2\/media?parent=30473"}],"curies":[{"name":"wp","href":"https:\/\/api.w.org\/{rel}","templated":true}]}}