{"id":30454,"date":"2023-03-13T09:51:17","date_gmt":"2023-03-13T08:51:17","guid":{"rendered":"https:\/\/prologistik.pixel-tal.de\/outils-statistiques-pour-lentrepot"},"modified":"2025-10-09T10:44:24","modified_gmt":"2025-10-09T08:44:24","slug":"outils-statistiques-pour-lentrepot","status":"publish","type":"page","link":"https:\/\/www.prologistik.com\/fr\/solutions\/outils-statistiques-pour-lentrepot\/","title":{"rendered":"Outils statistiques pour l&#8217;entrep\u00f4t"},"content":{"rendered":"        \n            <!-- pagehead -->\n        \n                    \n\t\t\t<div id=\"pagehead-block_603c1173e638ce7839e79e1c012159c1\" class=\"pagehead size-small\">\n\t\t\t\t\t\t\t<div class=\"pagehead-canvas\">\n\t\t\t\t<div class=\"pagehead-content has-bg-color bg-color-green\">\n\t\t\t\t\t<div class=\"pagehead-content-inner\">\n\t\t\t\t\t\t<div class=\"pagehead-icon icon-color-white\" data-aos=\"fade-up\" data-aos-delay=\"0\" style=\"mask-image: url(https:\/\/www.prologistik.com\/wp-content\/uploads\/icon-earnings.svg); -webkit-mask-image: url(https:\/\/www.prologistik.com\/wp-content\/uploads\/icon-earnings.svg);\"><\/div>\t\t\t\t\t\t<span class=\"pagehead-subheadline\"  data-aos=\"fade-up\" data-aos-delay=\"50\">Outil de reporting PLG<\/span>\t\t\t\t\t\t<h1 class=\"pagehead-headline\" data-aos=\"fade-up\" data-aos-delay=\"100\">Outil statistique pour la logistique<\/h1>\t\t\t\t\t\t\t\t\t\t\t<\/div>\n\t\t\t\t<\/div>\n\t\t\t<\/div>\n\t\t\t\n\t\t\t\t<div class=\"pagehead-background\">\n\t\t\t\t<!-- image_id: 0 | alt:  -->\t\t\t\t\n\t\t\t\t<\/div>\n\t\t\t<\/div>\n        \n                    \n            <!-- end:pagehead -->\n        \n            <section class=\"gb-container gb-container-cbd708b4\">\n<div class=\"gb-container gb-container-b5a0d44c\">\n<div class=\"gb-grid-wrapper gb-grid-wrapper-78e617c8\">\n<div class=\"gb-grid-column gb-grid-column-676f4f23\"><div class=\"gb-container gb-container-676f4f23\">\n\n<div class=\"wp-block-pixel-headline headlines is-subheadline-top has-text-align-left\"><h2 class=\"headline\" style=\"color:\">L&#8217;utilisation de l&#8217;outil statistique<\/h2><\/div>\n\n\n\n<p>Gr\u00e2ce \u00e0 notre logiciel innovant pLG-Reportingtool, vous avez toujours un \u0153il sur les principaux indicateurs de l&#8217;entrep\u00f4t. L&#8217;outil statistique complet dompte le flot presque infini de donn\u00e9es de votre entreprise et identifie les potentiels d&#8217;am\u00e9lioration gr\u00e2ce \u00e0 son monitoring \u00e0 la fois complet et efficace.<\/p>\n\n<\/div><\/div>\n<\/div>\n<\/div>\n<\/section><section class=\"gb-container gb-container-8f81728d gb-container-half-padding-bottom\">\n<div class=\"gb-container gb-container-a5f12f15\">\n<div class=\"gb-grid-wrapper gb-grid-wrapper-1e5a61ca\">\n<div class=\"gb-grid-column gb-grid-column-a1ec83f9\"><div class=\"gb-container gb-container-a1ec83f9\">\n\n<div class=\"wp-block-pixel-headline headlines is-subheadline-top has-text-align-left\"><h2 class=\"headline\" style=\"color:\">Nombreuses fonctions de reporting<\/h2><span class=\"subheadline\" style=\"color:var(--color-blue)\">Outil statistique<\/span><\/div>\n\n<\/div><\/div>\n\n<div class=\"gb-grid-column gb-grid-column-3db5f032\"><div class=\"gb-container gb-container-3db5f032\">\n<div class=\"gb-grid-wrapper gb-grid-wrapper-795e5d75\">\n<div class=\"gb-grid-column gb-grid-column-eb8a307e\"><div class=\"gb-container gb-container-eb8a307e\">\n\n<p>Des fonctions de reporting \u00e9tendues vous fournissent exactement le rapport qui vous renseigne sur vos performances. L&#8217;outil de reporting pLG fournit des statistiques claires \u00e0 partir des indicateurs complexes de votre entrep\u00f4t. Vous pouvez ensuite mettre ces visualisations \u00e0 la disposition d&#8217;autres services ou les utiliser \u00e0 des fins de pr\u00e9sentation.<\/p>\n\n\n\n<p>Pour un traitement ult\u00e9rieur, les rapports sont mis \u00e0 votre disposition sous diff\u00e9rents formats (PDF, HTML, Excel).<\/p>\n\n<\/div><\/div>\n\n<div class=\"gb-grid-column gb-grid-column-e328a320\"><div class=\"gb-container gb-container-e328a320\">\n\n<p>Les fonctionnalit\u00e9s de l&#8217;outil de reporting pLG sont quasiment illimit\u00e9es. Il est ainsi possible de rassembler des donn\u00e9es provenant de sources tr\u00e8s diff\u00e9rentes et de les pr\u00e9senter sous forme de graphiques. L&#8217;outil de conception offre diverses options d&#8217;affichage telles que des graphiques Flash, des diagrammes circulaires, \u00e0 colonnes et \u00e0 barres, des courbes d&#8217;\u00e9volution, des graphiques ou des vues tabulaires. Domptez votre flot de donn\u00e9es et r\u00e9duisez, \u00e0 l&#8217;aide de notre solution, les rapports aux indicateurs qui vous font vraiment avancer. Notre solution logicielle vous permet \u00e9galement de faire des d\u00e9clarations qualifi\u00e9es sur les performances de votre entrep\u00f4t au fil du temps. Pour ce faire, l&#8217;outil de reporting pLG vous propose des statistiques comparatives sur des p\u00e9riodes d\u00e9finissables individuellement.<\/p>\n\n<\/div><\/div>\n<\/div>\n<\/div><\/div>\n<\/div>\n<\/div>\n<\/section><section class=\"gb-container gb-container-087e1009 gb-container-no-padding-top\">\n<div class=\"gb-container gb-container-a40f3d66\">\n<div class=\"gb-grid-wrapper gb-grid-wrapper-0afb0307\">\n<div data-aos=\"fade-up\" class=\"gb-grid-column gb-grid-column-c5cc6e58\"><div class=\"gb-container gb-container-c5cc6e58\">\n    <div id=\"gradientbox-block_9b72289a425f92c6df82ab084bb85cda\" class=\"gradientbox \">\n        <div class=\"gradientbox-content-wrap\">\n                        <div class=\"wp-block-pixel-headline headlines is-subheadline-top has-text-align-left\">\n                <h3 class=\"headline\" style=\"color:var(--color-white)\">Voici ce que vous pouvez attendre de notre outil de statistiques :<\/h3>\n                            <\/div>\n                        <div class=\"gradientbox-column-wrap\">\n\n                                <div class=\"gradientbox-column\">\n                    <div class=\"gradientbox-text-wrap\">\n                                                                        <ul>\n<li>Outil de conception pour une analyse qualifi\u00e9e des donn\u00e9es<\/li>\n<li>Pr\u00e9sentation claire de vos chiffres cl\u00e9s<\/li>\n<li>Fusionner des donn\u00e9es provenant de diff\u00e9rentes sources<\/li>\n<li>Un suivi efficace de vos processus de stockage<\/li>\n<li>Outil d&#8217;analyse pour am\u00e9liorer les performances de votre entreprise<\/li>\n<\/ul>\n                                            <\/div>\n                                    <\/div>\n                                <div class=\"gradientbox-column\">\n                    <div class=\"gradientbox-text-wrap\">\n                                                                        <ul>\n<li>Ind\u00e9pendant de la version<\/li>\n<li>Haut degr\u00e9 d&#8217;individualisation Sortie de rapports en PDF, HTML, XML, CSV, Excel<\/li>\n<li>Nombreuses options de repr\u00e9sentation dans des courbes d&#8217;\u00e9volution, des diagrammes ou des tableaux<\/li>\n<li>P\u00e9riodes de comparaison d\u00e9finissables individuellement<\/li>\n<\/ul>\n                                            <\/div>\n                                    <\/div>\n                \n            <\/div>\n        <\/div> \n    <\/div>\n    \n<\/div><\/div>\n<\/div>\n<\/div>\n<\/section>        \n            <!-- contact-form -->\n        \n            \n\t\t<section data-aos=\"fade-right\" id=\"contact\" class=\"gb-container contact-form-wrap\">\n\t\t\t<div class=\"gb-inside-container\">\n\t\t\t\t<div id=\"\" class=\"contact-form layout-contacts  gb-grid-wrapper\" >\n\t\t\t\t\n\t\t\t\t\t\t\t\t\t\t<div class=\"wp-block-pixel-headline headlines is-subheadline-top has-text-align-left\">\n\t\t\t\t\t\t<h2 class=\"headline\">Votre interlocuteur personnel<\/h2>\n\t\t\t\t\t\t<span class=\"subheadline\" style=\"color:var(--color-blue)\">Des questions, des souhaits ou des suggestions ?<\/span>\n\t\t\t\t\t\t<p class=\"cf-copytext\">Appelez-moi ou envoyez-moi un message. Je me r\u00e9jouis de vous rencontrer.<\/p>\t\t\t\t\t<\/div>\n\t\t\t\t\t\n\t\t\t\t\t\t\t\t\t\t\t<div class=\"contact-form-side gb-grid-column\">\n\t\t\t\t\t\t\t\t\t\t\t\t\t\t\t\t\t\t\t\t\t\t\t\t\t\t\t\t\t                <div class=\"card card-contacts-form\">\n                    <div class=\"card-media\">\n                        <img decoding=\"async\" title=\"NiMa_Portrait\" alt=\"\" src=\"https:\/\/www.prologistik.com\/wp-content\/uploads\/NiMa_Portrait.png\" \/>\n                    <\/div>\n                    <div class=\"card-content\">\n                    <span class=\"card-line card-name\"> Nick Manke<\/span>                        <span class=\"card-line card-job\">Directeur des ventes<\/span>                                                                                                                    <\/div>\n                <\/div>\n\n            \t\t\t\t\t\t\t\t\t\t\t\t\t<\/div>\t\n\t\t\t\t\t\n\n\t\t\t\t\t<div class=\"contact-form-main gb-grid-column\">\n\t\t\t\t\t\t[contact-form-7 id=&#8221;5248&#8243;]\t\t\t\t\t<\/div> \n\t\t\t\t<\/div>\n\t\t\t<\/div>\n\t\t<\/section>\n\t        \n            <!-- end:contact-form -->\n        \n            ","protected":false},"excerpt":{"rendered":"","protected":false},"author":1,"featured_media":32809,"parent":30455,"menu_order":6,"comment_status":"closed","ping_status":"closed","template":"","meta":{"_acf_changed":false,"footnotes":""},"class_list":["post-30454","page","type-page","status-publish","has-post-thumbnail"],"acf":[],"yoast_head":"<!-- This site is optimized with the Yoast SEO Premium plugin v26.9 (Yoast SEO v27.5) - https:\/\/yoast.com\/product\/yoast-seo-premium-wordpress\/ -->\n<title>\ud83d\udcca Outil statistique pour entrep\u00f4t | Reporting &amp; KPIs<\/title>\n<meta name=\"description\" content=\"Outil statistique pour la logistique de proLogistik \u2714\ufe0f Outil de conception pour une analyse qualifi\u00e9e des donn\u00e9es \u2714\ufe0f Pr\u00e9paration \u2714\ufe0f Diff\u00e9rentes sources \u2714\ufe0f Monitoring \u2714\ufe0f\" \/>\n<meta name=\"robots\" content=\"index, follow, max-snippet:-1, max-image-preview:large, max-video-preview:-1\" \/>\n<link rel=\"canonical\" href=\"https:\/\/www.prologistik.com\/fr\/solutions\/outils-statistiques-pour-lentrepot\/\" \/>\n<meta property=\"og:locale\" content=\"fr_FR\" \/>\n<meta property=\"og:type\" content=\"article\" \/>\n<meta property=\"og:title\" content=\"Outils statistiques pour l&#039;entrep\u00f4t\" \/>\n<meta property=\"og:description\" content=\"Outil statistique pour la logistique de proLogistik \u2714\ufe0f Outil de conception pour une analyse qualifi\u00e9e des donn\u00e9es \u2714\ufe0f Pr\u00e9paration \u2714\ufe0f Diff\u00e9rentes sources \u2714\ufe0f Monitoring \u2714\ufe0f\" \/>\n<meta property=\"og:url\" content=\"https:\/\/www.prologistik.com\/fr\/solutions\/outils-statistiques-pour-lentrepot\/\" \/>\n<meta property=\"og:site_name\" content=\"proLogistik Group\" \/>\n<meta property=\"article:modified_time\" content=\"2025-10-09T08:44:24+00:00\" \/>\n<meta property=\"og:image\" content=\"https:\/\/www.prologistik.com\/wp-content\/uploads\/prologistik-header-statistik-tool.jpg\" \/>\n\t<meta property=\"og:image:width\" content=\"1920\" \/>\n\t<meta property=\"og:image:height\" content=\"717\" \/>\n\t<meta property=\"og:image:type\" content=\"image\/jpeg\" \/>\n<meta name=\"twitter:card\" content=\"summary_large_image\" \/>\n<meta name=\"twitter:label1\" content=\"Dur\u00e9e de lecture estim\u00e9e\" \/>\n\t<meta name=\"twitter:data1\" content=\"1 minute\" \/>\n<script type=\"application\/ld+json\" class=\"yoast-schema-graph\">{\"@context\":\"https:\\\/\\\/schema.org\",\"@graph\":[{\"@type\":\"WebPage\",\"@id\":\"https:\\\/\\\/www.prologistik.com\\\/fr\\\/solutions\\\/outils-statistiques-pour-lentrepot\\\/\",\"url\":\"https:\\\/\\\/www.prologistik.com\\\/fr\\\/solutions\\\/outils-statistiques-pour-lentrepot\\\/\",\"name\":\"\ud83d\udcca Outil statistique pour entrep\u00f4t | Reporting & KPIs\",\"isPartOf\":{\"@id\":\"https:\\\/\\\/www.prologistik.com\\\/fr\\\/#website\"},\"primaryImageOfPage\":{\"@id\":\"https:\\\/\\\/www.prologistik.com\\\/fr\\\/solutions\\\/outils-statistiques-pour-lentrepot\\\/#primaryimage\"},\"image\":{\"@id\":\"https:\\\/\\\/www.prologistik.com\\\/fr\\\/solutions\\\/outils-statistiques-pour-lentrepot\\\/#primaryimage\"},\"thumbnailUrl\":\"https:\\\/\\\/www.prologistik.com\\\/wp-content\\\/uploads\\\/prologistik-header-statistik-tool.jpg\",\"datePublished\":\"2023-03-13T08:51:17+00:00\",\"dateModified\":\"2025-10-09T08:44:24+00:00\",\"description\":\"Outil statistique pour la logistique de proLogistik \u2714\ufe0f Outil de conception pour une analyse qualifi\u00e9e des donn\u00e9es \u2714\ufe0f Pr\u00e9paration \u2714\ufe0f Diff\u00e9rentes sources \u2714\ufe0f Monitoring \u2714\ufe0f\",\"breadcrumb\":{\"@id\":\"https:\\\/\\\/www.prologistik.com\\\/fr\\\/solutions\\\/outils-statistiques-pour-lentrepot\\\/#breadcrumb\"},\"inLanguage\":\"fr-FR\",\"potentialAction\":[{\"@type\":\"ReadAction\",\"target\":[\"https:\\\/\\\/www.prologistik.com\\\/fr\\\/solutions\\\/outils-statistiques-pour-lentrepot\\\/\"]}]},{\"@type\":\"ImageObject\",\"inLanguage\":\"fr-FR\",\"@id\":\"https:\\\/\\\/www.prologistik.com\\\/fr\\\/solutions\\\/outils-statistiques-pour-lentrepot\\\/#primaryimage\",\"url\":\"https:\\\/\\\/www.prologistik.com\\\/wp-content\\\/uploads\\\/prologistik-header-statistik-tool.jpg\",\"contentUrl\":\"https:\\\/\\\/www.prologistik.com\\\/wp-content\\\/uploads\\\/prologistik-header-statistik-tool.jpg\",\"width\":1920,\"height\":717},{\"@type\":\"BreadcrumbList\",\"@id\":\"https:\\\/\\\/www.prologistik.com\\\/fr\\\/solutions\\\/outils-statistiques-pour-lentrepot\\\/#breadcrumb\",\"itemListElement\":[{\"@type\":\"ListItem\",\"position\":1,\"name\":\"Startseite\",\"item\":\"https:\\\/\\\/www.prologistik.com\\\/fr\\\/\"},{\"@type\":\"ListItem\",\"position\":2,\"name\":\"Solutions\",\"item\":\"https:\\\/\\\/www.prologistik.com\\\/fr\\\/solutions\\\/\"},{\"@type\":\"ListItem\",\"position\":3,\"name\":\"Outils statistiques pour l&#8217;entrep\u00f4t\"}]},{\"@type\":\"WebSite\",\"@id\":\"https:\\\/\\\/www.prologistik.com\\\/fr\\\/#website\",\"url\":\"https:\\\/\\\/www.prologistik.com\\\/fr\\\/\",\"name\":\"proLogistik Group\",\"description\":\"Software und Hardware f\u00fcr die Intralogistik\",\"publisher\":{\"@id\":\"https:\\\/\\\/www.prologistik.com\\\/fr\\\/#organization\"},\"potentialAction\":[{\"@type\":\"SearchAction\",\"target\":{\"@type\":\"EntryPoint\",\"urlTemplate\":\"https:\\\/\\\/www.prologistik.com\\\/fr\\\/?s={search_term_string}\"},\"query-input\":{\"@type\":\"PropertyValueSpecification\",\"valueRequired\":true,\"valueName\":\"search_term_string\"}}],\"inLanguage\":\"fr-FR\"},{\"@type\":\"Organization\",\"@id\":\"https:\\\/\\\/www.prologistik.com\\\/fr\\\/#organization\",\"name\":\"proLogistik Group\",\"url\":\"https:\\\/\\\/www.prologistik.com\\\/fr\\\/\",\"logo\":{\"@type\":\"ImageObject\",\"inLanguage\":\"fr-FR\",\"@id\":\"https:\\\/\\\/www.prologistik.com\\\/fr\\\/#\\\/schema\\\/logo\\\/image\\\/\",\"url\":\"https:\\\/\\\/www.prologistik.com\\\/wp-content\\\/uploads\\\/prologistik-logo-web.svg\",\"contentUrl\":\"https:\\\/\\\/www.prologistik.com\\\/wp-content\\\/uploads\\\/prologistik-logo-web.svg\",\"width\":320,\"height\":59,\"caption\":\"proLogistik Group\"},\"image\":{\"@id\":\"https:\\\/\\\/www.prologistik.com\\\/fr\\\/#\\\/schema\\\/logo\\\/image\\\/\"}}]}<\/script>\n<!-- \/ Yoast SEO Premium plugin. -->","yoast_head_json":{"title":"\ud83d\udcca Outil statistique pour entrep\u00f4t | Reporting & KPIs","description":"Outil statistique pour la logistique de proLogistik \u2714\ufe0f Outil de conception pour une analyse qualifi\u00e9e des donn\u00e9es \u2714\ufe0f Pr\u00e9paration \u2714\ufe0f Diff\u00e9rentes sources \u2714\ufe0f Monitoring \u2714\ufe0f","robots":{"index":"index","follow":"follow","max-snippet":"max-snippet:-1","max-image-preview":"max-image-preview:large","max-video-preview":"max-video-preview:-1"},"canonical":"https:\/\/www.prologistik.com\/fr\/solutions\/outils-statistiques-pour-lentrepot\/","og_locale":"fr_FR","og_type":"article","og_title":"Outils statistiques pour l'entrep\u00f4t","og_description":"Outil statistique pour la logistique de proLogistik \u2714\ufe0f Outil de conception pour une analyse qualifi\u00e9e des donn\u00e9es \u2714\ufe0f Pr\u00e9paration \u2714\ufe0f Diff\u00e9rentes sources \u2714\ufe0f Monitoring \u2714\ufe0f","og_url":"https:\/\/www.prologistik.com\/fr\/solutions\/outils-statistiques-pour-lentrepot\/","og_site_name":"proLogistik Group","article_modified_time":"2025-10-09T08:44:24+00:00","og_image":[{"width":1920,"height":717,"url":"https:\/\/www.prologistik.com\/wp-content\/uploads\/prologistik-header-statistik-tool.jpg","type":"image\/jpeg"}],"twitter_card":"summary_large_image","twitter_misc":{"Dur\u00e9e de lecture estim\u00e9e":"1 minute"},"schema":{"@context":"https:\/\/schema.org","@graph":[{"@type":"WebPage","@id":"https:\/\/www.prologistik.com\/fr\/solutions\/outils-statistiques-pour-lentrepot\/","url":"https:\/\/www.prologistik.com\/fr\/solutions\/outils-statistiques-pour-lentrepot\/","name":"\ud83d\udcca Outil statistique pour entrep\u00f4t | Reporting & KPIs","isPartOf":{"@id":"https:\/\/www.prologistik.com\/fr\/#website"},"primaryImageOfPage":{"@id":"https:\/\/www.prologistik.com\/fr\/solutions\/outils-statistiques-pour-lentrepot\/#primaryimage"},"image":{"@id":"https:\/\/www.prologistik.com\/fr\/solutions\/outils-statistiques-pour-lentrepot\/#primaryimage"},"thumbnailUrl":"https:\/\/www.prologistik.com\/wp-content\/uploads\/prologistik-header-statistik-tool.jpg","datePublished":"2023-03-13T08:51:17+00:00","dateModified":"2025-10-09T08:44:24+00:00","description":"Outil statistique pour la logistique de proLogistik \u2714\ufe0f Outil de conception pour une analyse qualifi\u00e9e des donn\u00e9es \u2714\ufe0f Pr\u00e9paration \u2714\ufe0f Diff\u00e9rentes sources \u2714\ufe0f Monitoring \u2714\ufe0f","breadcrumb":{"@id":"https:\/\/www.prologistik.com\/fr\/solutions\/outils-statistiques-pour-lentrepot\/#breadcrumb"},"inLanguage":"fr-FR","potentialAction":[{"@type":"ReadAction","target":["https:\/\/www.prologistik.com\/fr\/solutions\/outils-statistiques-pour-lentrepot\/"]}]},{"@type":"ImageObject","inLanguage":"fr-FR","@id":"https:\/\/www.prologistik.com\/fr\/solutions\/outils-statistiques-pour-lentrepot\/#primaryimage","url":"https:\/\/www.prologistik.com\/wp-content\/uploads\/prologistik-header-statistik-tool.jpg","contentUrl":"https:\/\/www.prologistik.com\/wp-content\/uploads\/prologistik-header-statistik-tool.jpg","width":1920,"height":717},{"@type":"BreadcrumbList","@id":"https:\/\/www.prologistik.com\/fr\/solutions\/outils-statistiques-pour-lentrepot\/#breadcrumb","itemListElement":[{"@type":"ListItem","position":1,"name":"Startseite","item":"https:\/\/www.prologistik.com\/fr\/"},{"@type":"ListItem","position":2,"name":"Solutions","item":"https:\/\/www.prologistik.com\/fr\/solutions\/"},{"@type":"ListItem","position":3,"name":"Outils statistiques pour l&#8217;entrep\u00f4t"}]},{"@type":"WebSite","@id":"https:\/\/www.prologistik.com\/fr\/#website","url":"https:\/\/www.prologistik.com\/fr\/","name":"proLogistik Group","description":"Software und Hardware f\u00fcr die Intralogistik","publisher":{"@id":"https:\/\/www.prologistik.com\/fr\/#organization"},"potentialAction":[{"@type":"SearchAction","target":{"@type":"EntryPoint","urlTemplate":"https:\/\/www.prologistik.com\/fr\/?s={search_term_string}"},"query-input":{"@type":"PropertyValueSpecification","valueRequired":true,"valueName":"search_term_string"}}],"inLanguage":"fr-FR"},{"@type":"Organization","@id":"https:\/\/www.prologistik.com\/fr\/#organization","name":"proLogistik Group","url":"https:\/\/www.prologistik.com\/fr\/","logo":{"@type":"ImageObject","inLanguage":"fr-FR","@id":"https:\/\/www.prologistik.com\/fr\/#\/schema\/logo\/image\/","url":"https:\/\/www.prologistik.com\/wp-content\/uploads\/prologistik-logo-web.svg","contentUrl":"https:\/\/www.prologistik.com\/wp-content\/uploads\/prologistik-logo-web.svg","width":320,"height":59,"caption":"proLogistik Group"},"image":{"@id":"https:\/\/www.prologistik.com\/fr\/#\/schema\/logo\/image\/"}}]}},"_links":{"self":[{"href":"https:\/\/www.prologistik.com\/fr\/wp-json\/wp\/v2\/pages\/30454","targetHints":{"allow":["GET"]}}],"collection":[{"href":"https:\/\/www.prologistik.com\/fr\/wp-json\/wp\/v2\/pages"}],"about":[{"href":"https:\/\/www.prologistik.com\/fr\/wp-json\/wp\/v2\/types\/page"}],"author":[{"embeddable":true,"href":"https:\/\/www.prologistik.com\/fr\/wp-json\/wp\/v2\/users\/1"}],"replies":[{"embeddable":true,"href":"https:\/\/www.prologistik.com\/fr\/wp-json\/wp\/v2\/comments?post=30454"}],"version-history":[{"count":2,"href":"https:\/\/www.prologistik.com\/fr\/wp-json\/wp\/v2\/pages\/30454\/revisions"}],"predecessor-version":[{"id":53625,"href":"https:\/\/www.prologistik.com\/fr\/wp-json\/wp\/v2\/pages\/30454\/revisions\/53625"}],"up":[{"embeddable":true,"href":"https:\/\/www.prologistik.com\/fr\/wp-json\/wp\/v2\/pages\/30455"}],"wp:featuredmedia":[{"embeddable":true,"href":"https:\/\/www.prologistik.com\/fr\/wp-json\/wp\/v2\/media\/32809"}],"wp:attachment":[{"href":"https:\/\/www.prologistik.com\/fr\/wp-json\/wp\/v2\/media?parent=30454"}],"curies":[{"name":"wp","href":"https:\/\/api.w.org\/{rel}","templated":true}]}}