{"id":30431,"date":"2023-02-28T16:53:48","date_gmt":"2023-02-28T15:53:48","guid":{"rendered":"https:\/\/prologistik.pixel-tal.de\/chariot-de-preparation-des-commandes"},"modified":"2025-12-01T15:22:44","modified_gmt":"2025-12-01T14:22:44","slug":"chariot-de-preparation-des-commandes","status":"publish","type":"page","link":"https:\/\/www.prologistik.com\/fr\/materiel-informatique\/poste-de-travail-mobile\/chariot-de-preparation-des-commandes\/","title":{"rendered":"Chariot de pr\u00e9paration des commandes"},"content":{"rendered":"        \n            <!-- pagehead -->\n        \n                    \n\t\t\t<div id=\"pagehead-block_1e054a6a7a9580fb7b60e9f576c6e714\" class=\"pagehead size-small\">\n\t\t\t\t\t\t\t<div class=\"pagehead-canvas\">\n\t\t\t\t<div class=\"pagehead-content has-bg-color bg-color-green\">\n\t\t\t\t\t<div class=\"pagehead-content-inner\">\n\t\t\t\t\t\t<div class=\"pagehead-icon icon-color-white\" data-aos=\"fade-up\" data-aos-delay=\"0\" style=\"mask-image: url(https:\/\/www.prologistik.com\/wp-content\/uploads\/prologistik_icons_Weitere_Funktionen-1.svg); -webkit-mask-image: url(https:\/\/www.prologistik.com\/wp-content\/uploads\/prologistik_icons_Weitere_Funktionen-1.svg);\"><\/div>\t\t\t\t\t\t<span class=\"pagehead-subheadline\"  data-aos=\"fade-up\" data-aos-delay=\"50\">Chariot de pr\u00e9l\u00e8vement PLG<\/span>\t\t\t\t\t\t<h1 class=\"pagehead-headline\" data-aos=\"fade-up\" data-aos-delay=\"100\">Chariot de pr\u00e9paration des commandes<\/h1>\t\t\t\t\t\t\t\t\t\t\t<\/div>\n\t\t\t\t<\/div>\n\t\t\t<\/div>\n\t\t\t\n\t\t\t\t<div class=\"pagehead-background\">\n\t\t\t\t<!-- image_id: 34035 | alt:  -->\t\t\t\t\t\t\t\t\t<img decoding=\"async\" class=\"test\" src=\"https:\/\/www.prologistik.com\/wp-content\/uploads\/header_kommissionierwagen.jpg\" alt=\"\" \/>\n\t\t\t\t\n\t\t\t\t<\/div>\n\t\t\t<\/div>\n        \n                    \n            <!-- end:pagehead -->\n        \n            \n\n<section class=\"gb-container gb-container-97381a90\">\n<div class=\"gb-container gb-container-76c9f99c\">\n<div class=\"gb-grid-wrapper gb-grid-wrapper-3c5d1c2a gb-grid-wrapper-space-between\">\n<div class=\"gb-grid-column gb-grid-column-e6ffa731\"><div class=\"gb-container gb-container-e6ffa731\">\n\n<div class=\"wp-block-pixel-headline headlines is-subheadline-top has-text-align-left\"><h2 class=\"headline\" style=\"color:\">Les avantages du chariot de pr\u00e9paration de commandes<\/h2><span class=\"subheadline\" style=\"color:var(--color-blue)\">Le poste de travail mobile<\/span><\/div>\n\n\n\n<p>Si vous souhaitez introduire l&#8217;enl\u00e8vement multi-commandes dans votre entreprise et avez besoin d&#8217;une solution de pr\u00e9paration de commandes adapt\u00e9e, notre chariot de pr\u00e9l\u00e8vement pLG sur mesure peut vous aider \u00e0 r\u00e9aliser une pr\u00e9paration de commandes parall\u00e8le efficace dans votre entrep\u00f4t.<br><br>Notre chariot de pr\u00e9paration de commandes poss\u00e8de un cadre profil\u00e9 extr\u00eamement robuste et durable en acier laqu\u00e9 \u00e9poxy. Pour que le chariot soit parfaitement adapt\u00e9 \u00e0 vos besoins, nous vous proposons un vaste choix de mod\u00e8les diff\u00e9rents et de possibilit\u00e9s de personnalisation. Entre autres, les niveaux sont r\u00e9glables en hauteur et extr\u00eamement flexibles, les dimensions et le choix des couleurs se font exactement en fonction de vos exigeances. Il est \u00e9galement possible d&#8217;int\u00e9grer des solutions de montage sp\u00e9ciales sur demande, telles que des tables ou des \u00e9chelles.<\/p>\n\n<\/div><\/div>\n\n<div class=\"gb-grid-column gb-grid-column-351b66dd\"><div class=\"gb-container gb-container-351b66dd globe-absolute\">\n\n<figure class=\"wp-block-image size-full\"><img loading=\"lazy\" decoding=\"async\" width=\"700\" height=\"764\" src=\"https:\/\/www.prologistik.com\/wp-content\/uploads\/prologistik-content-kommissionierwagen.jpg\" alt=\"\" class=\"wp-image-12316\" srcset=\"https:\/\/www.prologistik.com\/wp-content\/uploads\/prologistik-content-kommissionierwagen.jpg 700w, https:\/\/www.prologistik.com\/wp-content\/uploads\/prologistik-content-kommissionierwagen-275x300.jpg 275w, https:\/\/www.prologistik.com\/wp-content\/uploads\/prologistik-content-kommissionierwagen-137x150.jpg 137w\" sizes=\"auto, (max-width: 700px) 100vw, 700px\" \/><\/figure>\n\n<\/div><\/div>\n<\/div>\n<\/div>\n<\/section>\n\n<section class=\"gb-container gb-container-9c06e228 gb-container-half-padding-bottom\">\n<div class=\"gb-container gb-container-e457dddf\">\n<div class=\"gb-grid-wrapper gb-grid-wrapper-04ff0125\">\n<div class=\"gb-grid-column gb-grid-column-5c6e51d2\"><div class=\"gb-container gb-container-5c6e51d2 globe-absolute\">\n\n<div class=\"wp-block-pixel-headline headlines is-subheadline-top has-text-align-left\"><h2 class=\"headline\" style=\"color:\">Le pLG Pick-Trolley : simple et intuitif \u00e0 utiliser<\/h2><\/div>\n\n\n\n<p>Afin de simplifier au maximum la pilotage du chariot de pr\u00e9paration des commandes, un entra\u00eenement \u00e9lectrique a \u00e9t\u00e9 int\u00e9gr\u00e9. Sa position centrale lui conf\u00e8re en outre une grande maniabilit\u00e9 et lui permet de se d\u00e9placer ais\u00e9ment, m\u00eame dans les espaces les plus restreints. L&#8217;utilisation intuitive se fait par le biais de deux poign\u00e9es ergonomiques. En outre, si n\u00e9cessaire, le chariot peut \u00eatre \u00e9quip\u00e9 de diff\u00e9rents indicateurs de compartiment &#8220;pick-by-light&#8221; afin de rendre la pr\u00e9paration de commandes encore plus efficace.<\/p>\n\n<\/div><\/div>\n<\/div>\n<\/div>\n<\/section>\n\n<section class=\"gb-container gb-container-a8218a4b gb-container-no-padding-top\">\n<div class=\"gb-container gb-container-5194d273\">\n<div class=\"gb-grid-wrapper gb-grid-wrapper-57e3cd57\">\n<div class=\"gb-grid-column gb-grid-column-329868ac\"><div class=\"gb-container gb-container-329868ac globe-absolute\">\n    <div id=\"gradientbox-block_25695a9ca81e95585307729ea64e7e28\" class=\"gradientbox background-blue\">\n        <div class=\"gradientbox-content-wrap\">\n                        <div class=\"wp-block-pixel-headline headlines is-subheadline-top has-text-align-left\">\n                <h3 class=\"headline\" style=\"color:var(--color-white)\">Les avantages du chariot de pr\u00e9paration de commandes :<\/h3>\n                            <\/div>\n                        <div class=\"gradientbox-column-wrap\">\n\n                                <div class=\"gradientbox-column\">\n                    <div class=\"gradientbox-text-wrap\">\n                                                                        <ul>\n<li>Robuste : construction en acier tr\u00e8s stable, rev\u00eatue par poudre<\/li>\n<li>Maniabilit\u00e9 : grande mobilit\u00e9 et maniabilit\u00e9<\/li>\n<li>Personnalisation : adaptation \u00e0 vos besoins<\/li>\n<\/ul>\n                                            <\/div>\n                                    <\/div>\n                                <div class=\"gradientbox-column\">\n                    <div class=\"gradientbox-text-wrap\">\n                                                                        <ul>\n<li>Intuitif : utilisation simple avec entra\u00eenement \u00e9lectrique<\/li>\n<li>Variable : Dimensions \u00e0 la demande<\/li>\n<li>Flexibilit\u00e9 : niveaux r\u00e9glables en hauteur<\/li>\n<\/ul>\n                                            <\/div>\n                                    <\/div>\n                \n            <\/div>\n        <\/div> \n    <\/div>\n    \n<\/div><\/div>\n<\/div>\n<\/div>\n<\/section>\n\n<section class=\"gb-container gb-container-78838206 gb-container-no-padding-bottom\" id=\"contact\">\n<div class=\"gb-container gb-container-50cd05df\">\n<div class=\"gb-grid-wrapper gb-grid-wrapper-c9c168fa\">\n<div class=\"gb-grid-column gb-grid-column-23b9ba83\"><div class=\"gb-container gb-container-23b9ba83\">\n\n<div class=\"wp-block-pixel-headline headlines is-subheadline-top has-text-align-left\"><h2 class=\"headline\" style=\"color:\">Nous serions ravis de vous conseiller<\/h2><span class=\"subheadline\" style=\"color:var(--color-blue)\">nous sommes l\u00e0 pour vous<\/span><\/div>\n\n\n\n<p>Appelez-nous ou envoyez-nous un message. Nous vous r\u00e9pondrons dans les plus brefs d\u00e9lais!<\/p>\n\n<\/div><\/div>\n<\/div>\n<\/div>\n<\/section>\n\n<section class=\"gb-container gb-container-70fb4b89\">\n<div class=\"gb-container gb-container-5801648d\">\n<div class=\"gb-grid-wrapper gb-grid-wrapper-7a53e8bf\">\n<div class=\"gb-grid-column gb-grid-column-b5fa74e1\"><div class=\"gb-container gb-container-b5fa74e1\">\n\n<meta http-equiv=\"Content-type\" content=\"text\/html; charset=UTF-8\">\n\n<script>\nfunction validateForm(event) {\n  const honeypot = document.getElementById(\"website_url\");\n\n  if (honeypot && honeypot.value.trim() !== \"\") {\n    event.preventDefault();\n    return false;\n  }\n\n  const frc = document.querySelector('input[name=\"frc-captcha-response\"]');\n  if (!frc || !frc.value || frc.value.trim() === \"\") {\n    document.getElementById(\"error-message\").style.display = \"block\";\n    event.preventDefault();\n    return false;\n  }\n\n  return true;\n}\n<\/script>\n\n<form id=\"custom-form\" action=\"https:\/\/webto.salesforce.com\/servlet\/servlet.WebToLead?encoding=UTF-8&#038;orgId=00D7Q000002pukE\" method=\"post\" onsubmit=\"return validateForm(event)\">\n  <input type=\"hidden\" name=\"oid\" value=\"00D7Q000002pukE\">\n  <input type=\"hidden\" name=\"retURL\" value=\"https:\/\/www.prologistik.com\/fr\/merci-pour-votre-contact\">\n  <input type=\"hidden\" name=\"recordType\" id=\"recordType\" value=\"012Of000001B3oPIAS\">\n  <input type=\"hidden\" class=\"SourceURL\" name=\"00NOf000002QoMb\" id=\"00NOf000002QoMb\" value=\"\">\n  <input type=\"hidden\" name=\"lead_source\" value=\"Webseite (Kontaktformular)\">\n\n  <div class=\"honeypot-field\" style=\"display:none;\">\n    <label for=\"website_url\">Si vous \u00eates humain, laissez ce champ vide.<\/label>\n    <input type=\"text\" id=\"website_url\" name=\"website_url\">\n  <\/div>\n\n  <div class=\"cf-form-wrap\">\n    <div class=\"cf-fields-wrap\">\n      <div class=\"cf-field\">\n        <label for=\"company\">Entreprise<\/label>\n        <input id=\"company\" maxlength=\"40\" name=\"company\" size=\"20\" type=\"text\" placeholder=\"Entreprise\" required>\n      <\/div>\n\n      <div class=\"cf-field half\">\n        <label for=\"first_name\">Pr\u00e9nom<\/label>\n        <input id=\"first_name\" maxlength=\"40\" name=\"first_name\" size=\"20\" type=\"text\" placeholder=\"Pr\u00e9nom\" required>\n      <\/div>\n\n      <div class=\"cf-field half\">\n        <label for=\"last_name\">Nom<\/label>\n        <input id=\"last_name\" maxlength=\"80\" name=\"last_name\" size=\"20\" type=\"text\" placeholder=\"Nom\" required>\n      <\/div>\n\n      <div class=\"cf-field half\">\n        <label for=\"phone\">T\u00e9l\u00e9phone<\/label>\n        <input id=\"phone\" maxlength=\"40\" name=\"phone\" size=\"20\" type=\"text\" placeholder=\"T\u00e9l\u00e9phone\">\n      <\/div>\n\n      <div class=\"cf-field half\">\n        <label for=\"email\">Email<\/label>\n        <input id=\"email\" maxlength=\"80\" name=\"email\" size=\"20\" type=\"text\" placeholder=\"Email\" required>\n      <\/div>\n\n      <div class=\"cf-field full textarea\">\n        <label for=\"description\">Message<\/label>\n        <textarea name=\"description\" placeholder=\"D\u00e9crivez-nous votre demande.\"><\/textarea>\n      <\/div>\n\n      <div class=\"cf-field full privacy-policy\">\n        <input id=\"00NOf000002QlF3\" name=\"00NOf000002QlF3\" type=\"checkbox\" value=\"1\" required>\n        <span class=\"privacy-policy-note\">J&#8217;accepte la <a href=\"https:\/\/www.prologistik.com\/fr\/mentions-legales\/protection-des-donnees\/\" target=\"_blank\" rel=\"noopener\">politique de confidentialit\u00e9<\/a>.<\/span>\n      <\/div>\n\n      <div class=\"frc-captcha\" data-sitekey=\"FCMV5CER2E6IVQMC\"><\/div>\n      <div id=\"error-message\" style=\"color:red; display:none;\">Veuillez compl\u00e9ter le captcha.<\/div>\n\n      <div class=\"cf-field send-button\">\n        <input id=\"checksend\" name=\"submit\" class=\"wpcf7-form-control submit wpcf7-submit has-spinner\" type=\"submit\" value=\"Envoyer\">\n        <span class=\"wpcf7-spinner\"><\/span>\n      <\/div>\n    <\/div>\n  <\/div>\n<\/form>\n\n<script>\nconst input = document.querySelector('.SourceURL');\nif (input) {\n  input.value = window.location.href;\n}\n<\/script>\n\n\n<\/div><\/div>\n\n<div class=\"gb-grid-column gb-grid-column-034278d8\"><div class=\"gb-container gb-container-034278d8\">\n<div class=\"gb-container gb-container-902e59d8 contact_blue_box\">\n\n<p>proLogistik France<br>16 rue de la petite Sensive<br>44300 Nantes | France<\/p>\n\n\n\n<p class=\"has-color-white-color has-text-color has-link-color wp-elements-a825009c6dfc5e826e7dfc9f17afaf9c\"><span class=\"contact_blue_box_france\">T\u00e9l.: <a href=\"tel:+33(0) 251818585 \">+33 (0) 251 81 85 85 <\/a><\/span><\/p>\n\n\n\n<p class=\"has-color-white-color has-text-color has-link-color wp-elements-96a81da7641a0982aa9be3439ece95e6\"><a href=\"mailto:info@prologistik.com\">info@prologistik.com<\/a><\/p>\n\n<\/div>\n<\/div><\/div>\n<\/div>\n<\/div>\n<\/section>","protected":false},"excerpt":{"rendered":"","protected":false},"author":1,"featured_media":0,"parent":30453,"menu_order":1,"comment_status":"closed","ping_status":"closed","template":"","meta":{"_acf_changed":false,"footnotes":""},"class_list":["post-30431","page","type-page","status-publish"],"acf":[],"yoast_head":"<!-- This site is optimized with the Yoast SEO Premium plugin v26.9 (Yoast SEO v27.5) - https:\/\/yoast.com\/product\/yoast-seo-premium-wordpress\/ -->\n<title>Chariot de pr\u00e9paration de commandes Pick-Trolley<\/title>\n<meta name=\"description\" content=\"Utilisation simple et intuitive \u2714\ufe0f Construction robuste en acier peint par poudrage \u2714\ufe0f Grande mobilit\u00e9 et maniabilit\u00e9 \u2714\ufe0f Utilisation avec commande \u00e9lectrique \u2714\ufe0f\" \/>\n<meta name=\"robots\" content=\"index, follow, max-snippet:-1, max-image-preview:large, max-video-preview:-1\" \/>\n<link rel=\"canonical\" href=\"https:\/\/www.prologistik.com\/fr\/materiel-informatique\/poste-de-travail-mobile\/chariot-de-preparation-des-commandes\/\" \/>\n<meta property=\"og:locale\" content=\"fr_FR\" \/>\n<meta property=\"og:type\" content=\"article\" \/>\n<meta property=\"og:title\" content=\"Chariot de pr\u00e9paration des commandes\" \/>\n<meta property=\"og:description\" content=\"Utilisation simple et intuitive \u2714\ufe0f Construction robuste en acier peint par poudrage \u2714\ufe0f Grande mobilit\u00e9 et maniabilit\u00e9 \u2714\ufe0f Utilisation avec commande \u00e9lectrique \u2714\ufe0f\" \/>\n<meta property=\"og:url\" content=\"https:\/\/www.prologistik.com\/fr\/materiel-informatique\/poste-de-travail-mobile\/chariot-de-preparation-des-commandes\/\" \/>\n<meta property=\"og:site_name\" content=\"proLogistik Group\" \/>\n<meta property=\"article:modified_time\" content=\"2025-12-01T14:22:44+00:00\" \/>\n<meta property=\"og:image\" content=\"https:\/\/www.prologistik.com\/wp-content\/uploads\/prologistik-content-kommissionierwagen.jpg\" \/>\n<meta name=\"twitter:card\" content=\"summary_large_image\" \/>\n<meta name=\"twitter:label1\" content=\"Dur\u00e9e de lecture estim\u00e9e\" \/>\n\t<meta name=\"twitter:data1\" content=\"1 minute\" \/>\n<script type=\"application\/ld+json\" class=\"yoast-schema-graph\">{\"@context\":\"https:\\\/\\\/schema.org\",\"@graph\":[{\"@type\":\"WebPage\",\"@id\":\"https:\\\/\\\/www.prologistik.com\\\/fr\\\/materiel-informatique\\\/poste-de-travail-mobile\\\/chariot-de-preparation-des-commandes\\\/\",\"url\":\"https:\\\/\\\/www.prologistik.com\\\/fr\\\/materiel-informatique\\\/poste-de-travail-mobile\\\/chariot-de-preparation-des-commandes\\\/\",\"name\":\"Chariot de pr\u00e9paration de commandes Pick-Trolley\",\"isPartOf\":{\"@id\":\"https:\\\/\\\/www.prologistik.com\\\/fr\\\/#website\"},\"primaryImageOfPage\":{\"@id\":\"https:\\\/\\\/www.prologistik.com\\\/fr\\\/materiel-informatique\\\/poste-de-travail-mobile\\\/chariot-de-preparation-des-commandes\\\/#primaryimage\"},\"image\":{\"@id\":\"https:\\\/\\\/www.prologistik.com\\\/fr\\\/materiel-informatique\\\/poste-de-travail-mobile\\\/chariot-de-preparation-des-commandes\\\/#primaryimage\"},\"thumbnailUrl\":\"https:\\\/\\\/www.prologistik.com\\\/wp-content\\\/uploads\\\/prologistik-content-kommissionierwagen.jpg\",\"datePublished\":\"2023-02-28T15:53:48+00:00\",\"dateModified\":\"2025-12-01T14:22:44+00:00\",\"description\":\"Utilisation simple et intuitive \u2714\ufe0f Construction robuste en acier peint par poudrage \u2714\ufe0f Grande mobilit\u00e9 et maniabilit\u00e9 \u2714\ufe0f Utilisation avec commande \u00e9lectrique \u2714\ufe0f\",\"breadcrumb\":{\"@id\":\"https:\\\/\\\/www.prologistik.com\\\/fr\\\/materiel-informatique\\\/poste-de-travail-mobile\\\/chariot-de-preparation-des-commandes\\\/#breadcrumb\"},\"inLanguage\":\"fr-FR\",\"potentialAction\":[{\"@type\":\"ReadAction\",\"target\":[\"https:\\\/\\\/www.prologistik.com\\\/fr\\\/materiel-informatique\\\/poste-de-travail-mobile\\\/chariot-de-preparation-des-commandes\\\/\"]}]},{\"@type\":\"ImageObject\",\"inLanguage\":\"fr-FR\",\"@id\":\"https:\\\/\\\/www.prologistik.com\\\/fr\\\/materiel-informatique\\\/poste-de-travail-mobile\\\/chariot-de-preparation-des-commandes\\\/#primaryimage\",\"url\":\"https:\\\/\\\/www.prologistik.com\\\/wp-content\\\/uploads\\\/prologistik-content-kommissionierwagen.jpg\",\"contentUrl\":\"https:\\\/\\\/www.prologistik.com\\\/wp-content\\\/uploads\\\/prologistik-content-kommissionierwagen.jpg\"},{\"@type\":\"BreadcrumbList\",\"@id\":\"https:\\\/\\\/www.prologistik.com\\\/fr\\\/materiel-informatique\\\/poste-de-travail-mobile\\\/chariot-de-preparation-des-commandes\\\/#breadcrumb\",\"itemListElement\":[{\"@type\":\"ListItem\",\"position\":1,\"name\":\"Startseite\",\"item\":\"https:\\\/\\\/www.prologistik.com\\\/fr\\\/\"},{\"@type\":\"ListItem\",\"position\":2,\"name\":\"Hardware\",\"item\":\"https:\\\/\\\/www.prologistik.com\\\/fr\\\/materiel-informatique\\\/\"},{\"@type\":\"ListItem\",\"position\":3,\"name\":\"Poste de travail mobile\",\"item\":\"https:\\\/\\\/www.prologistik.com\\\/fr\\\/materiel-informatique\\\/poste-de-travail-mobile\\\/\"},{\"@type\":\"ListItem\",\"position\":4,\"name\":\"Chariot de pr\u00e9paration des commandes\"}]},{\"@type\":\"WebSite\",\"@id\":\"https:\\\/\\\/www.prologistik.com\\\/fr\\\/#website\",\"url\":\"https:\\\/\\\/www.prologistik.com\\\/fr\\\/\",\"name\":\"proLogistik Group\",\"description\":\"Software und Hardware f\u00fcr die Intralogistik\",\"publisher\":{\"@id\":\"https:\\\/\\\/www.prologistik.com\\\/fr\\\/#organization\"},\"potentialAction\":[{\"@type\":\"SearchAction\",\"target\":{\"@type\":\"EntryPoint\",\"urlTemplate\":\"https:\\\/\\\/www.prologistik.com\\\/fr\\\/?s={search_term_string}\"},\"query-input\":{\"@type\":\"PropertyValueSpecification\",\"valueRequired\":true,\"valueName\":\"search_term_string\"}}],\"inLanguage\":\"fr-FR\"},{\"@type\":\"Organization\",\"@id\":\"https:\\\/\\\/www.prologistik.com\\\/fr\\\/#organization\",\"name\":\"proLogistik Group\",\"url\":\"https:\\\/\\\/www.prologistik.com\\\/fr\\\/\",\"logo\":{\"@type\":\"ImageObject\",\"inLanguage\":\"fr-FR\",\"@id\":\"https:\\\/\\\/www.prologistik.com\\\/fr\\\/#\\\/schema\\\/logo\\\/image\\\/\",\"url\":\"https:\\\/\\\/www.prologistik.com\\\/wp-content\\\/uploads\\\/prologistik-logo-web.svg\",\"contentUrl\":\"https:\\\/\\\/www.prologistik.com\\\/wp-content\\\/uploads\\\/prologistik-logo-web.svg\",\"width\":320,\"height\":59,\"caption\":\"proLogistik Group\"},\"image\":{\"@id\":\"https:\\\/\\\/www.prologistik.com\\\/fr\\\/#\\\/schema\\\/logo\\\/image\\\/\"}}]}<\/script>\n<!-- \/ Yoast SEO Premium plugin. -->","yoast_head_json":{"title":"Chariot de pr\u00e9paration de commandes Pick-Trolley","description":"Utilisation simple et intuitive \u2714\ufe0f Construction robuste en acier peint par poudrage \u2714\ufe0f Grande mobilit\u00e9 et maniabilit\u00e9 \u2714\ufe0f Utilisation avec commande \u00e9lectrique \u2714\ufe0f","robots":{"index":"index","follow":"follow","max-snippet":"max-snippet:-1","max-image-preview":"max-image-preview:large","max-video-preview":"max-video-preview:-1"},"canonical":"https:\/\/www.prologistik.com\/fr\/materiel-informatique\/poste-de-travail-mobile\/chariot-de-preparation-des-commandes\/","og_locale":"fr_FR","og_type":"article","og_title":"Chariot de pr\u00e9paration des commandes","og_description":"Utilisation simple et intuitive \u2714\ufe0f Construction robuste en acier peint par poudrage \u2714\ufe0f Grande mobilit\u00e9 et maniabilit\u00e9 \u2714\ufe0f Utilisation avec commande \u00e9lectrique \u2714\ufe0f","og_url":"https:\/\/www.prologistik.com\/fr\/materiel-informatique\/poste-de-travail-mobile\/chariot-de-preparation-des-commandes\/","og_site_name":"proLogistik Group","article_modified_time":"2025-12-01T14:22:44+00:00","og_image":[{"url":"https:\/\/www.prologistik.com\/wp-content\/uploads\/prologistik-content-kommissionierwagen.jpg","type":"","width":"","height":""}],"twitter_card":"summary_large_image","twitter_misc":{"Dur\u00e9e de lecture estim\u00e9e":"1 minute"},"schema":{"@context":"https:\/\/schema.org","@graph":[{"@type":"WebPage","@id":"https:\/\/www.prologistik.com\/fr\/materiel-informatique\/poste-de-travail-mobile\/chariot-de-preparation-des-commandes\/","url":"https:\/\/www.prologistik.com\/fr\/materiel-informatique\/poste-de-travail-mobile\/chariot-de-preparation-des-commandes\/","name":"Chariot de pr\u00e9paration de commandes Pick-Trolley","isPartOf":{"@id":"https:\/\/www.prologistik.com\/fr\/#website"},"primaryImageOfPage":{"@id":"https:\/\/www.prologistik.com\/fr\/materiel-informatique\/poste-de-travail-mobile\/chariot-de-preparation-des-commandes\/#primaryimage"},"image":{"@id":"https:\/\/www.prologistik.com\/fr\/materiel-informatique\/poste-de-travail-mobile\/chariot-de-preparation-des-commandes\/#primaryimage"},"thumbnailUrl":"https:\/\/www.prologistik.com\/wp-content\/uploads\/prologistik-content-kommissionierwagen.jpg","datePublished":"2023-02-28T15:53:48+00:00","dateModified":"2025-12-01T14:22:44+00:00","description":"Utilisation simple et intuitive \u2714\ufe0f Construction robuste en acier peint par poudrage \u2714\ufe0f Grande mobilit\u00e9 et maniabilit\u00e9 \u2714\ufe0f Utilisation avec commande \u00e9lectrique \u2714\ufe0f","breadcrumb":{"@id":"https:\/\/www.prologistik.com\/fr\/materiel-informatique\/poste-de-travail-mobile\/chariot-de-preparation-des-commandes\/#breadcrumb"},"inLanguage":"fr-FR","potentialAction":[{"@type":"ReadAction","target":["https:\/\/www.prologistik.com\/fr\/materiel-informatique\/poste-de-travail-mobile\/chariot-de-preparation-des-commandes\/"]}]},{"@type":"ImageObject","inLanguage":"fr-FR","@id":"https:\/\/www.prologistik.com\/fr\/materiel-informatique\/poste-de-travail-mobile\/chariot-de-preparation-des-commandes\/#primaryimage","url":"https:\/\/www.prologistik.com\/wp-content\/uploads\/prologistik-content-kommissionierwagen.jpg","contentUrl":"https:\/\/www.prologistik.com\/wp-content\/uploads\/prologistik-content-kommissionierwagen.jpg"},{"@type":"BreadcrumbList","@id":"https:\/\/www.prologistik.com\/fr\/materiel-informatique\/poste-de-travail-mobile\/chariot-de-preparation-des-commandes\/#breadcrumb","itemListElement":[{"@type":"ListItem","position":1,"name":"Startseite","item":"https:\/\/www.prologistik.com\/fr\/"},{"@type":"ListItem","position":2,"name":"Hardware","item":"https:\/\/www.prologistik.com\/fr\/materiel-informatique\/"},{"@type":"ListItem","position":3,"name":"Poste de travail mobile","item":"https:\/\/www.prologistik.com\/fr\/materiel-informatique\/poste-de-travail-mobile\/"},{"@type":"ListItem","position":4,"name":"Chariot de pr\u00e9paration des commandes"}]},{"@type":"WebSite","@id":"https:\/\/www.prologistik.com\/fr\/#website","url":"https:\/\/www.prologistik.com\/fr\/","name":"proLogistik Group","description":"Software und Hardware f\u00fcr die Intralogistik","publisher":{"@id":"https:\/\/www.prologistik.com\/fr\/#organization"},"potentialAction":[{"@type":"SearchAction","target":{"@type":"EntryPoint","urlTemplate":"https:\/\/www.prologistik.com\/fr\/?s={search_term_string}"},"query-input":{"@type":"PropertyValueSpecification","valueRequired":true,"valueName":"search_term_string"}}],"inLanguage":"fr-FR"},{"@type":"Organization","@id":"https:\/\/www.prologistik.com\/fr\/#organization","name":"proLogistik Group","url":"https:\/\/www.prologistik.com\/fr\/","logo":{"@type":"ImageObject","inLanguage":"fr-FR","@id":"https:\/\/www.prologistik.com\/fr\/#\/schema\/logo\/image\/","url":"https:\/\/www.prologistik.com\/wp-content\/uploads\/prologistik-logo-web.svg","contentUrl":"https:\/\/www.prologistik.com\/wp-content\/uploads\/prologistik-logo-web.svg","width":320,"height":59,"caption":"proLogistik Group"},"image":{"@id":"https:\/\/www.prologistik.com\/fr\/#\/schema\/logo\/image\/"}}]}},"_links":{"self":[{"href":"https:\/\/www.prologistik.com\/fr\/wp-json\/wp\/v2\/pages\/30431","targetHints":{"allow":["GET"]}}],"collection":[{"href":"https:\/\/www.prologistik.com\/fr\/wp-json\/wp\/v2\/pages"}],"about":[{"href":"https:\/\/www.prologistik.com\/fr\/wp-json\/wp\/v2\/types\/page"}],"author":[{"embeddable":true,"href":"https:\/\/www.prologistik.com\/fr\/wp-json\/wp\/v2\/users\/1"}],"replies":[{"embeddable":true,"href":"https:\/\/www.prologistik.com\/fr\/wp-json\/wp\/v2\/comments?post=30431"}],"version-history":[{"count":3,"href":"https:\/\/www.prologistik.com\/fr\/wp-json\/wp\/v2\/pages\/30431\/revisions"}],"predecessor-version":[{"id":55548,"href":"https:\/\/www.prologistik.com\/fr\/wp-json\/wp\/v2\/pages\/30431\/revisions\/55548"}],"up":[{"embeddable":true,"href":"https:\/\/www.prologistik.com\/fr\/wp-json\/wp\/v2\/pages\/30453"}],"wp:attachment":[{"href":"https:\/\/www.prologistik.com\/fr\/wp-json\/wp\/v2\/media?parent=30431"}],"curies":[{"name":"wp","href":"https:\/\/api.w.org\/{rel}","templated":true}]}}