{"id":30430,"date":"2023-02-28T16:54:54","date_gmt":"2023-02-28T15:54:54","guid":{"rendered":"https:\/\/prologistik.pixel-tal.de\/materiel-informatique\/logiciel-materiel"},"modified":"2025-09-17T17:01:43","modified_gmt":"2025-09-17T15:01:43","slug":"logiciel-materiel","status":"publish","type":"page","link":"https:\/\/www.prologistik.com\/fr\/materiel-informatique\/logiciel-materiel\/","title":{"rendered":"Logiciel mat\u00e9riel"},"content":{"rendered":"        \n            <!-- pagehead -->\n        \n                    \n\t\t\t<div id=\"pagehead-block_55cd12d051438aad6dcc2a021986d31b\" class=\"pagehead size-small\">\n\t\t\t\t\t\t\t<div class=\"pagehead-canvas\">\n\t\t\t\t<div class=\"pagehead-content has-bg-color bg-color-blue\">\n\t\t\t\t\t<div class=\"pagehead-content-inner\">\n\t\t\t\t\t\t<div class=\"pagehead-icon icon-color-white\" data-aos=\"fade-up\" data-aos-delay=\"0\" style=\"mask-image: url(https:\/\/www.prologistik.com\/wp-content\/uploads\/icon-3pl-small.svg); -webkit-mask-image: url(https:\/\/www.prologistik.com\/wp-content\/uploads\/icon-3pl-small.svg);\"><\/div>\t\t\t\t\t\t<span class=\"pagehead-subheadline\"  data-aos=\"fade-up\" data-aos-delay=\"50\">Logiciel PLG<\/span>\t\t\t\t\t\t<h1 class=\"pagehead-headline\" data-aos=\"fade-up\" data-aos-delay=\"100\">Logiciel de logistique pour la gestion du mat\u00e9riel, de l&#8217;IdO et du cycle de vie<\/h1>\t\t\t\t\t\t\t\t\t\t\t<\/div>\n\t\t\t\t<\/div>\n\t\t\t<\/div>\n\t\t\t\n\t\t\t\t<div class=\"pagehead-background\">\n\t\t\t\t<!-- image_id: 45531 | alt: Hardware \u00dcbbersicht Banner -->\t\t\t\t\t\t\t\t\t<img decoding=\"async\" class=\"test\" src=\"https:\/\/www.prologistik.com\/wp-content\/uploads\/pLG_Website_Hardware_Software_Banner_1920x840px_2024.jpg\" alt=\"Hardware \u00dcbbersicht Banner\" \/>\n\t\t\t\t\n\t\t\t\t<\/div>\n\t\t\t<\/div>\n        \n                    \n            <!-- end:pagehead -->\n        \n            \n\n<section class=\"gb-container gb-container-b64fbceb\">\n<div class=\"gb-container gb-container-8d71614a\">\n<div class=\"gb-grid-wrapper gb-grid-wrapper-f6a2fc67\">\n<div class=\"gb-grid-column gb-grid-column-5139bded\"><div class=\"gb-container gb-container-5139bded\">\n\n<div class=\"wp-block-pixel-headline headlines is-subheadline-top has-text-align-left\"><h2 class=\"headline\" style=\"color:\">L&#8217;utilisation du logiciel<\/h2><\/div>\n\n\n\n<p>Les solutions logicielles jouent un r\u00f4le important dans la logistique vu qu&#8217;elles aident \u00e0 planifier, contr\u00f4ler et surveiller le transport, le stockage et le flux de marchandises. Vous trouverez chez nous aussi bien des solutions SOTI, qui permettent une gestion centralis\u00e9e des appareils mobiles, que des solutions IdO pour une gestion compl\u00e8te du cycle de vie ou encore des applications IOS pour la saisie des donn\u00e9es relatives aux marchandises et aux livraisons. Et bien s\u00fbr, beaucoup d&#8217;autres choses encore.<\/p>\n\n<\/div><\/div>\n<\/div>\n<\/div>\n<\/section>\n\n<section class=\"gb-container gb-container-2eb983d4 gb-container-no-padding-top\">\n<div class=\"gb-container gb-container-9a23b186\">\n<div class=\"gb-grid-wrapper gb-grid-wrapper-74554889\">\n<div data-aos=\"fade-up\" class=\"gb-grid-column gb-grid-column-e2710a51\"><div class=\"gb-container gb-container-e2710a51\">\n<div id=\"imagebox-block_06f36194943cd4958c45896fc17278ae\" class=\"imagebox image-top background-color-alternate\">\n\t<style>#imagebox-block_06f36194943cd4958c45896fc17278ae::before {background: var(--); } <\/style>        <div class=\"imagebox-image image-format-rectangular center with-rounding\" style=\"background: url('https:\/\/www.prologistik.com\/wp-content\/uploads\/prologistik-content-uebersicht-ios-app.jpg'); background-repeat: no-repeat; background-size: cover; background-position: center;\"><\/div>\n    \n    <div class=\"imagebox-content-wrap\">\n\n        <div class=\"imagebox-content\">\n                        <div class=\"imagebox-headline center font-size-normal\">\n                SOTI            <\/div>\n                                <\/div>\n                <div class=\"is-layout-flex wp-block-buttons\">\n            <div class=\"wp-block-button is-style-fill\">\n                <a class=\"wp-block-button__link has-color-dodger-blue-background-color wp-element-button\" href=\"https:\/\/www.prologistik.com\/fr\/materiel-informatique\/logiciel-materiel\/soti-one\/\" target=\"_self\">\n                    Plus                <\/a>\n            <\/div>\n        <\/div>\n            <\/div>\n\n<\/div>\n\n<\/div><\/div>\n\n<div data-aos-delay=\"150\" data-aos=\"fade-up\" class=\"gb-grid-column gb-grid-column-133805a7\"><div class=\"gb-container gb-container-133805a7\">\n<div id=\"imagebox-block_fbf7c63fe702d13c70f2d95cf68db6e4\" class=\"imagebox image-top background-color-alternate\">\n\t<style>#imagebox-block_fbf7c63fe702d13c70f2d95cf68db6e4::before {background: var(--); } <\/style>        <div class=\"imagebox-image image-format-rectangular center with-rounding\" style=\"background: url('https:\/\/www.prologistik.com\/wp-content\/uploads\/prologistik-content-uebersicht-soti.jpg'); background-repeat: no-repeat; background-size: cover; background-position: center;\"><\/div>\n    \n    <div class=\"imagebox-content-wrap\">\n\n        <div class=\"imagebox-content\">\n                        <div class=\"imagebox-headline center font-size-normal\">\n                Application IOS            <\/div>\n                                <\/div>\n                <div class=\"is-layout-flex wp-block-buttons\">\n            <div class=\"wp-block-button is-style-fill\">\n                <a class=\"wp-block-button__link has-color-dodger-blue-background-color wp-element-button\" href=\"https:\/\/www.prologistik.com\/fr\/materiel-informatique\/logiciel-materiel\/app-ios\/\" target=\"_self\">\n                    Plus                <\/a>\n            <\/div>\n        <\/div>\n            <\/div>\n\n<\/div>\n\n<\/div><\/div>\n<\/div>\n<\/div>\n<\/section>","protected":false},"excerpt":{"rendered":"","protected":false},"author":1,"featured_media":0,"parent":29551,"menu_order":9,"comment_status":"closed","ping_status":"closed","template":"","meta":{"_acf_changed":false,"footnotes":""},"class_list":["post-30430","page","type-page","status-publish"],"acf":[],"yoast_head":"<!-- This site is optimized with the Yoast SEO Premium plugin v26.9 (Yoast SEO v27.5) - https:\/\/yoast.com\/product\/yoast-seo-premium-wordpress\/ -->\n<title>Logiciel logistique \u2013 Gestion du mat\u00e9riel, de l\u2019IoT &amp; du cycle de vie<\/title>\n<meta name=\"description\" content=\"Solutions Soti, IoT et applications iOS pour g\u00e9rer appareils, cycle de vie, marchandises &amp; livraisons en logistique.\" \/>\n<meta name=\"robots\" content=\"index, follow, max-snippet:-1, max-image-preview:large, max-video-preview:-1\" \/>\n<link rel=\"canonical\" href=\"https:\/\/www.prologistik.com\/fr\/materiel-informatique\/logiciel-materiel\/\" \/>\n<meta property=\"og:locale\" content=\"fr_FR\" \/>\n<meta property=\"og:type\" content=\"article\" \/>\n<meta property=\"og:title\" content=\"Logiciel mat\u00e9riel\" \/>\n<meta property=\"og:description\" content=\"Solutions Soti, IoT et applications iOS pour g\u00e9rer appareils, cycle de vie, marchandises &amp; livraisons en logistique.\" \/>\n<meta property=\"og:url\" content=\"https:\/\/www.prologistik.com\/fr\/materiel-informatique\/logiciel-materiel\/\" \/>\n<meta property=\"og:site_name\" content=\"proLogistik Group\" \/>\n<meta property=\"article:modified_time\" content=\"2025-09-17T15:01:43+00:00\" \/>\n<meta name=\"twitter:card\" content=\"summary_large_image\" \/>\n<script type=\"application\/ld+json\" class=\"yoast-schema-graph\">{\"@context\":\"https:\\\/\\\/schema.org\",\"@graph\":[{\"@type\":\"WebPage\",\"@id\":\"https:\\\/\\\/www.prologistik.com\\\/fr\\\/materiel-informatique\\\/logiciel-materiel\\\/\",\"url\":\"https:\\\/\\\/www.prologistik.com\\\/fr\\\/materiel-informatique\\\/logiciel-materiel\\\/\",\"name\":\"Logiciel logistique \u2013 Gestion du mat\u00e9riel, de l\u2019IoT & du cycle de vie\",\"isPartOf\":{\"@id\":\"https:\\\/\\\/www.prologistik.com\\\/fr\\\/#website\"},\"datePublished\":\"2023-02-28T15:54:54+00:00\",\"dateModified\":\"2025-09-17T15:01:43+00:00\",\"description\":\"Solutions Soti, IoT et applications iOS pour g\u00e9rer appareils, cycle de vie, marchandises & livraisons en logistique.\",\"breadcrumb\":{\"@id\":\"https:\\\/\\\/www.prologistik.com\\\/fr\\\/materiel-informatique\\\/logiciel-materiel\\\/#breadcrumb\"},\"inLanguage\":\"fr-FR\",\"potentialAction\":[{\"@type\":\"ReadAction\",\"target\":[\"https:\\\/\\\/www.prologistik.com\\\/fr\\\/materiel-informatique\\\/logiciel-materiel\\\/\"]}]},{\"@type\":\"BreadcrumbList\",\"@id\":\"https:\\\/\\\/www.prologistik.com\\\/fr\\\/materiel-informatique\\\/logiciel-materiel\\\/#breadcrumb\",\"itemListElement\":[{\"@type\":\"ListItem\",\"position\":1,\"name\":\"Startseite\",\"item\":\"https:\\\/\\\/www.prologistik.com\\\/fr\\\/\"},{\"@type\":\"ListItem\",\"position\":2,\"name\":\"Hardware\",\"item\":\"https:\\\/\\\/www.prologistik.com\\\/fr\\\/materiel-informatique\\\/\"},{\"@type\":\"ListItem\",\"position\":3,\"name\":\"Logiciel mat\u00e9riel\"}]},{\"@type\":\"WebSite\",\"@id\":\"https:\\\/\\\/www.prologistik.com\\\/fr\\\/#website\",\"url\":\"https:\\\/\\\/www.prologistik.com\\\/fr\\\/\",\"name\":\"proLogistik Group\",\"description\":\"Software und Hardware f\u00fcr die Intralogistik\",\"publisher\":{\"@id\":\"https:\\\/\\\/www.prologistik.com\\\/fr\\\/#organization\"},\"potentialAction\":[{\"@type\":\"SearchAction\",\"target\":{\"@type\":\"EntryPoint\",\"urlTemplate\":\"https:\\\/\\\/www.prologistik.com\\\/fr\\\/?s={search_term_string}\"},\"query-input\":{\"@type\":\"PropertyValueSpecification\",\"valueRequired\":true,\"valueName\":\"search_term_string\"}}],\"inLanguage\":\"fr-FR\"},{\"@type\":\"Organization\",\"@id\":\"https:\\\/\\\/www.prologistik.com\\\/fr\\\/#organization\",\"name\":\"proLogistik Group\",\"url\":\"https:\\\/\\\/www.prologistik.com\\\/fr\\\/\",\"logo\":{\"@type\":\"ImageObject\",\"inLanguage\":\"fr-FR\",\"@id\":\"https:\\\/\\\/www.prologistik.com\\\/fr\\\/#\\\/schema\\\/logo\\\/image\\\/\",\"url\":\"https:\\\/\\\/www.prologistik.com\\\/wp-content\\\/uploads\\\/prologistik-logo-web.svg\",\"contentUrl\":\"https:\\\/\\\/www.prologistik.com\\\/wp-content\\\/uploads\\\/prologistik-logo-web.svg\",\"width\":320,\"height\":59,\"caption\":\"proLogistik Group\"},\"image\":{\"@id\":\"https:\\\/\\\/www.prologistik.com\\\/fr\\\/#\\\/schema\\\/logo\\\/image\\\/\"}}]}<\/script>\n<!-- \/ Yoast SEO Premium plugin. -->","yoast_head_json":{"title":"Logiciel logistique \u2013 Gestion du mat\u00e9riel, de l\u2019IoT & du cycle de vie","description":"Solutions Soti, IoT et applications iOS pour g\u00e9rer appareils, cycle de vie, marchandises & livraisons en logistique.","robots":{"index":"index","follow":"follow","max-snippet":"max-snippet:-1","max-image-preview":"max-image-preview:large","max-video-preview":"max-video-preview:-1"},"canonical":"https:\/\/www.prologistik.com\/fr\/materiel-informatique\/logiciel-materiel\/","og_locale":"fr_FR","og_type":"article","og_title":"Logiciel mat\u00e9riel","og_description":"Solutions Soti, IoT et applications iOS pour g\u00e9rer appareils, cycle de vie, marchandises & livraisons en logistique.","og_url":"https:\/\/www.prologistik.com\/fr\/materiel-informatique\/logiciel-materiel\/","og_site_name":"proLogistik Group","article_modified_time":"2025-09-17T15:01:43+00:00","twitter_card":"summary_large_image","schema":{"@context":"https:\/\/schema.org","@graph":[{"@type":"WebPage","@id":"https:\/\/www.prologistik.com\/fr\/materiel-informatique\/logiciel-materiel\/","url":"https:\/\/www.prologistik.com\/fr\/materiel-informatique\/logiciel-materiel\/","name":"Logiciel logistique \u2013 Gestion du mat\u00e9riel, de l\u2019IoT & du cycle de vie","isPartOf":{"@id":"https:\/\/www.prologistik.com\/fr\/#website"},"datePublished":"2023-02-28T15:54:54+00:00","dateModified":"2025-09-17T15:01:43+00:00","description":"Solutions Soti, IoT et applications iOS pour g\u00e9rer appareils, cycle de vie, marchandises & livraisons en logistique.","breadcrumb":{"@id":"https:\/\/www.prologistik.com\/fr\/materiel-informatique\/logiciel-materiel\/#breadcrumb"},"inLanguage":"fr-FR","potentialAction":[{"@type":"ReadAction","target":["https:\/\/www.prologistik.com\/fr\/materiel-informatique\/logiciel-materiel\/"]}]},{"@type":"BreadcrumbList","@id":"https:\/\/www.prologistik.com\/fr\/materiel-informatique\/logiciel-materiel\/#breadcrumb","itemListElement":[{"@type":"ListItem","position":1,"name":"Startseite","item":"https:\/\/www.prologistik.com\/fr\/"},{"@type":"ListItem","position":2,"name":"Hardware","item":"https:\/\/www.prologistik.com\/fr\/materiel-informatique\/"},{"@type":"ListItem","position":3,"name":"Logiciel mat\u00e9riel"}]},{"@type":"WebSite","@id":"https:\/\/www.prologistik.com\/fr\/#website","url":"https:\/\/www.prologistik.com\/fr\/","name":"proLogistik Group","description":"Software und Hardware f\u00fcr die Intralogistik","publisher":{"@id":"https:\/\/www.prologistik.com\/fr\/#organization"},"potentialAction":[{"@type":"SearchAction","target":{"@type":"EntryPoint","urlTemplate":"https:\/\/www.prologistik.com\/fr\/?s={search_term_string}"},"query-input":{"@type":"PropertyValueSpecification","valueRequired":true,"valueName":"search_term_string"}}],"inLanguage":"fr-FR"},{"@type":"Organization","@id":"https:\/\/www.prologistik.com\/fr\/#organization","name":"proLogistik Group","url":"https:\/\/www.prologistik.com\/fr\/","logo":{"@type":"ImageObject","inLanguage":"fr-FR","@id":"https:\/\/www.prologistik.com\/fr\/#\/schema\/logo\/image\/","url":"https:\/\/www.prologistik.com\/wp-content\/uploads\/prologistik-logo-web.svg","contentUrl":"https:\/\/www.prologistik.com\/wp-content\/uploads\/prologistik-logo-web.svg","width":320,"height":59,"caption":"proLogistik Group"},"image":{"@id":"https:\/\/www.prologistik.com\/fr\/#\/schema\/logo\/image\/"}}]}},"_links":{"self":[{"href":"https:\/\/www.prologistik.com\/fr\/wp-json\/wp\/v2\/pages\/30430","targetHints":{"allow":["GET"]}}],"collection":[{"href":"https:\/\/www.prologistik.com\/fr\/wp-json\/wp\/v2\/pages"}],"about":[{"href":"https:\/\/www.prologistik.com\/fr\/wp-json\/wp\/v2\/types\/page"}],"author":[{"embeddable":true,"href":"https:\/\/www.prologistik.com\/fr\/wp-json\/wp\/v2\/users\/1"}],"replies":[{"embeddable":true,"href":"https:\/\/www.prologistik.com\/fr\/wp-json\/wp\/v2\/comments?post=30430"}],"version-history":[{"count":3,"href":"https:\/\/www.prologistik.com\/fr\/wp-json\/wp\/v2\/pages\/30430\/revisions"}],"predecessor-version":[{"id":45537,"href":"https:\/\/www.prologistik.com\/fr\/wp-json\/wp\/v2\/pages\/30430\/revisions\/45537"}],"up":[{"embeddable":true,"href":"https:\/\/www.prologistik.com\/fr\/wp-json\/wp\/v2\/pages\/29551"}],"wp:attachment":[{"href":"https:\/\/www.prologistik.com\/fr\/wp-json\/wp\/v2\/media?parent=30430"}],"curies":[{"name":"wp","href":"https:\/\/api.w.org\/{rel}","templated":true}]}}