{"id":30402,"date":"2023-03-13T10:08:30","date_gmt":"2023-03-13T09:08:30","guid":{"rendered":"https:\/\/prologistik.pixel-tal.de\/contact\/rendez-vous-en-ligne"},"modified":"2025-09-18T15:47:39","modified_gmt":"2025-09-18T13:47:39","slug":"rendez-vous-en-ligne","status":"publish","type":"page","link":"https:\/\/www.prologistik.com\/fr\/contact\/rendez-vous-en-ligne\/","title":{"rendered":"Rendez-vous en ligne"},"content":{"rendered":"        \n            <!-- pagehead -->\n        \n                    \n\t\t\t<div id=\"pagehead-block_4d197d48bbf61708b4b054617116565c\" class=\"pagehead size-very-small\">\n\t\t\t\n\t\t\t\t<div class=\"pagehead-background\">\n\t\t\t\t<!-- image_id: 44422 | alt: Banner Online-Termine -->\t\t\t\t\t\t\t\t\t<img decoding=\"async\" class=\"test\" src=\"https:\/\/www.prologistik.com\/wp-content\/uploads\/pLG_Website_Kontakt_Online-Termine_1920x840px_2024.jpg\" alt=\"Banner Online-Termine\" \/>\n\t\t\t\t\n\t\t\t\t<\/div>\n\t\t\t<\/div>\n        \n                    \n            <!-- end:pagehead -->\n        \n            \n\n<section class=\"gb-container gb-container-4d0e7a74\">\n<div class=\"gb-container gb-container-9d29e6cb\">\n<div class=\"gb-grid-wrapper gb-grid-wrapper-4bbdd999\">\n<div class=\"gb-grid-column gb-grid-column-0f630681\"><div class=\"gb-container gb-container-0f630681\">\n\n<div class=\"wp-block-pixel-headline headlines is-subheadline-top has-text-align-left\"><h2 class=\"headline is-h1\" style=\"color:\">Rendez-vous en ligne<\/h2><\/div>\n\n<\/div><\/div>\n\n<div class=\"gb-grid-column gb-grid-column-349385f0\"><div class=\"gb-container gb-container-349385f0\">\n\n<center>\n <div class=\"brlbs-cmpnt-container brlbs-cmpnt-content-blocker brlbs-cmpnt-with-individual-styles\" data-borlabs-cookie-content-blocker-id=\"default\" data-borlabs-cookie-content=\"PGlmcmFtZSBzcmM9Imh0dHBzOi8vd3d3LnRlcm1pbmxhbmQuZGUvcHJvbG9naXN0aWsvP21vZGU9ZnJhbWUiIHdpZHRoPSIxMDAlIiBoZWlnaHQ9Ijk1MCIgc2Nyb2xsaW5nPSJhdXRvIiBtYXJnaW53aWR0aD0iMCIgbWFyZ2luaGVpZ2h0PSIwIiBmcmFtZWJvcmRlcj0iMCIgdnNwYWNlPSIwIiBoc3BhY2U9IjAiPgogICAgPHA+CiAgVm90cmUgbmF2aWdhdGV1ciBuZSBwZXV0IG1hbGhldXJldXNlbWVudCBwYXMgYWZmaWNoZXIgbGVzIGNhZHJlcyBpbnTDqWdyw6lzIDoKICBWb3VzIHBvdXZleiBhY2PDqWRlciDDoCBsYSByw6lzZXJ2YXRpb24gZGUgcmVuZGV6LXZvdXMgZW4gbGlnbmUgZW4gY2xpcXVhbnQgc3VyIGxlIGxpZW4gc3VpdmFudCA6CiAgICAgIDxhIGhyZWY9Imh0dHBzOi8vd3d3LnRlcm1pbmxhbmQuZGUvcHJvbG9naXN0aWsvIj5Sw6lzZXJ2YXRpb24gZGUgcmVuZGV6LXZvdXMgZW4gbGlnbmU8L2E+CiAgICA8L3A+CjwvaWZyYW1lPg==\"><div class=\"brlbs-cmpnt-cb-preset-a\"> <p class=\"brlbs-cmpnt-cb-description\">Vous \u00eates actuellement en train de consulter le contenu d&#8217;un espace r\u00e9serv\u00e9 de <strong>Par d\u00e9faut<\/strong>. Pour acc\u00e9der au contenu r\u00e9el, cliquez sur le bouton ci-dessous. Veuillez noter que ce faisant, des donn\u00e9es seront partag\u00e9es avec des providers tiers.<\/p> <div class=\"brlbs-cmpnt-cb-buttons\"> <a class=\"brlbs-cmpnt-cb-btn\" href=\"#\" data-borlabs-cookie-unblock role=\"button\">D\u00e9bloquer le contenu<\/a> <a class=\"brlbs-cmpnt-cb-btn\" href=\"#\" data-borlabs-cookie-accept-service role=\"button\" style=\"display: none\">Accepter le service requis et d\u00e9bloquer les contenus<\/a> <\/div> <a class=\"brlbs-cmpnt-cb-provider-toggle\" href=\"#\" data-borlabs-cookie-show-provider-information role=\"button\">Plus d&#8217;informations<\/a> <\/div><\/div>\n<\/center>\n\n<\/div><\/div>\n<\/div>\n<\/div>\n<\/section>","protected":false},"excerpt":{"rendered":"","protected":false},"author":1,"featured_media":0,"parent":29696,"menu_order":6,"comment_status":"closed","ping_status":"closed","template":"","meta":{"_acf_changed":false,"footnotes":""},"class_list":["post-30402","page","type-page","status-publish"],"acf":[],"yoast_head":"<!-- This site is optimized with the Yoast SEO Premium plugin v26.9 (Yoast SEO v27.3) - https:\/\/yoast.com\/product\/yoast-seo-premium-wordpress\/ -->\n<title>Prendre rendez-vous en ligne chez proLogistik<\/title>\n<meta name=\"description\" content=\"R\u00e9server un rendez-vous facilement et rapidement via le formulaire \u2714\ufe0f Saisir les questions\/le th\u00e8me et choisir un rendez-vous \u2714\ufe0f\" \/>\n<meta name=\"robots\" content=\"index, follow, max-snippet:-1, max-image-preview:large, max-video-preview:-1\" \/>\n<link rel=\"canonical\" href=\"https:\/\/www.prologistik.com\/fr\/contact\/rendez-vous-en-ligne\/\" \/>\n<meta property=\"og:locale\" content=\"fr_FR\" \/>\n<meta property=\"og:type\" content=\"article\" \/>\n<meta property=\"og:title\" content=\"Rendez-vous en ligne\" \/>\n<meta property=\"og:description\" content=\"R\u00e9server un rendez-vous facilement et rapidement via le formulaire \u2714\ufe0f Saisir les questions\/le th\u00e8me et choisir un rendez-vous \u2714\ufe0f\" \/>\n<meta property=\"og:url\" content=\"https:\/\/www.prologistik.com\/fr\/contact\/rendez-vous-en-ligne\/\" \/>\n<meta property=\"og:site_name\" content=\"proLogistik Group\" \/>\n<meta property=\"article:modified_time\" content=\"2025-09-18T13:47:39+00:00\" \/>\n<meta name=\"twitter:card\" content=\"summary_large_image\" \/>\n<script type=\"application\/ld+json\" class=\"yoast-schema-graph\">{\"@context\":\"https:\\\/\\\/schema.org\",\"@graph\":[{\"@type\":\"WebPage\",\"@id\":\"https:\\\/\\\/www.prologistik.com\\\/fr\\\/contact\\\/rendez-vous-en-ligne\\\/\",\"url\":\"https:\\\/\\\/www.prologistik.com\\\/fr\\\/contact\\\/rendez-vous-en-ligne\\\/\",\"name\":\"Prendre rendez-vous en ligne chez proLogistik\",\"isPartOf\":{\"@id\":\"https:\\\/\\\/www.prologistik.com\\\/fr\\\/#website\"},\"datePublished\":\"2023-03-13T09:08:30+00:00\",\"dateModified\":\"2025-09-18T13:47:39+00:00\",\"description\":\"R\u00e9server un rendez-vous facilement et rapidement via le formulaire \u2714\ufe0f Saisir les questions\\\/le th\u00e8me et choisir un rendez-vous \u2714\ufe0f\",\"breadcrumb\":{\"@id\":\"https:\\\/\\\/www.prologistik.com\\\/fr\\\/contact\\\/rendez-vous-en-ligne\\\/#breadcrumb\"},\"inLanguage\":\"fr-FR\",\"potentialAction\":[{\"@type\":\"ReadAction\",\"target\":[\"https:\\\/\\\/www.prologistik.com\\\/fr\\\/contact\\\/rendez-vous-en-ligne\\\/\"]}]},{\"@type\":\"BreadcrumbList\",\"@id\":\"https:\\\/\\\/www.prologistik.com\\\/fr\\\/contact\\\/rendez-vous-en-ligne\\\/#breadcrumb\",\"itemListElement\":[{\"@type\":\"ListItem\",\"position\":1,\"name\":\"Startseite\",\"item\":\"https:\\\/\\\/www.prologistik.com\\\/fr\\\/\"},{\"@type\":\"ListItem\",\"position\":2,\"name\":\"Priv\u00e9\u00a0: Contact\",\"item\":\"https:\\\/\\\/www.prologistik.com\\\/fr\\\/?page_id=29696\"},{\"@type\":\"ListItem\",\"position\":3,\"name\":\"Rendez-vous en ligne\"}]},{\"@type\":\"WebSite\",\"@id\":\"https:\\\/\\\/www.prologistik.com\\\/fr\\\/#website\",\"url\":\"https:\\\/\\\/www.prologistik.com\\\/fr\\\/\",\"name\":\"proLogistik Group\",\"description\":\"Software und Hardware f\u00fcr die Intralogistik\",\"publisher\":{\"@id\":\"https:\\\/\\\/www.prologistik.com\\\/fr\\\/#organization\"},\"potentialAction\":[{\"@type\":\"SearchAction\",\"target\":{\"@type\":\"EntryPoint\",\"urlTemplate\":\"https:\\\/\\\/www.prologistik.com\\\/fr\\\/?s={search_term_string}\"},\"query-input\":{\"@type\":\"PropertyValueSpecification\",\"valueRequired\":true,\"valueName\":\"search_term_string\"}}],\"inLanguage\":\"fr-FR\"},{\"@type\":\"Organization\",\"@id\":\"https:\\\/\\\/www.prologistik.com\\\/fr\\\/#organization\",\"name\":\"proLogistik Group\",\"url\":\"https:\\\/\\\/www.prologistik.com\\\/fr\\\/\",\"logo\":{\"@type\":\"ImageObject\",\"inLanguage\":\"fr-FR\",\"@id\":\"https:\\\/\\\/www.prologistik.com\\\/fr\\\/#\\\/schema\\\/logo\\\/image\\\/\",\"url\":\"https:\\\/\\\/www.prologistik.com\\\/wp-content\\\/uploads\\\/prologistik-logo-web.svg\",\"contentUrl\":\"https:\\\/\\\/www.prologistik.com\\\/wp-content\\\/uploads\\\/prologistik-logo-web.svg\",\"width\":320,\"height\":59,\"caption\":\"proLogistik Group\"},\"image\":{\"@id\":\"https:\\\/\\\/www.prologistik.com\\\/fr\\\/#\\\/schema\\\/logo\\\/image\\\/\"}}]}<\/script>\n<!-- \/ Yoast SEO Premium plugin. -->","yoast_head_json":{"title":"Prendre rendez-vous en ligne chez proLogistik","description":"R\u00e9server un rendez-vous facilement et rapidement via le formulaire \u2714\ufe0f Saisir les questions\/le th\u00e8me et choisir un rendez-vous \u2714\ufe0f","robots":{"index":"index","follow":"follow","max-snippet":"max-snippet:-1","max-image-preview":"max-image-preview:large","max-video-preview":"max-video-preview:-1"},"canonical":"https:\/\/www.prologistik.com\/fr\/contact\/rendez-vous-en-ligne\/","og_locale":"fr_FR","og_type":"article","og_title":"Rendez-vous en ligne","og_description":"R\u00e9server un rendez-vous facilement et rapidement via le formulaire \u2714\ufe0f Saisir les questions\/le th\u00e8me et choisir un rendez-vous \u2714\ufe0f","og_url":"https:\/\/www.prologistik.com\/fr\/contact\/rendez-vous-en-ligne\/","og_site_name":"proLogistik Group","article_modified_time":"2025-09-18T13:47:39+00:00","twitter_card":"summary_large_image","schema":{"@context":"https:\/\/schema.org","@graph":[{"@type":"WebPage","@id":"https:\/\/www.prologistik.com\/fr\/contact\/rendez-vous-en-ligne\/","url":"https:\/\/www.prologistik.com\/fr\/contact\/rendez-vous-en-ligne\/","name":"Prendre rendez-vous en ligne chez proLogistik","isPartOf":{"@id":"https:\/\/www.prologistik.com\/fr\/#website"},"datePublished":"2023-03-13T09:08:30+00:00","dateModified":"2025-09-18T13:47:39+00:00","description":"R\u00e9server un rendez-vous facilement et rapidement via le formulaire \u2714\ufe0f Saisir les questions\/le th\u00e8me et choisir un rendez-vous \u2714\ufe0f","breadcrumb":{"@id":"https:\/\/www.prologistik.com\/fr\/contact\/rendez-vous-en-ligne\/#breadcrumb"},"inLanguage":"fr-FR","potentialAction":[{"@type":"ReadAction","target":["https:\/\/www.prologistik.com\/fr\/contact\/rendez-vous-en-ligne\/"]}]},{"@type":"BreadcrumbList","@id":"https:\/\/www.prologistik.com\/fr\/contact\/rendez-vous-en-ligne\/#breadcrumb","itemListElement":[{"@type":"ListItem","position":1,"name":"Startseite","item":"https:\/\/www.prologistik.com\/fr\/"},{"@type":"ListItem","position":2,"name":"Priv\u00e9\u00a0: Contact","item":"https:\/\/www.prologistik.com\/fr\/?page_id=29696"},{"@type":"ListItem","position":3,"name":"Rendez-vous en ligne"}]},{"@type":"WebSite","@id":"https:\/\/www.prologistik.com\/fr\/#website","url":"https:\/\/www.prologistik.com\/fr\/","name":"proLogistik Group","description":"Software und Hardware f\u00fcr die Intralogistik","publisher":{"@id":"https:\/\/www.prologistik.com\/fr\/#organization"},"potentialAction":[{"@type":"SearchAction","target":{"@type":"EntryPoint","urlTemplate":"https:\/\/www.prologistik.com\/fr\/?s={search_term_string}"},"query-input":{"@type":"PropertyValueSpecification","valueRequired":true,"valueName":"search_term_string"}}],"inLanguage":"fr-FR"},{"@type":"Organization","@id":"https:\/\/www.prologistik.com\/fr\/#organization","name":"proLogistik Group","url":"https:\/\/www.prologistik.com\/fr\/","logo":{"@type":"ImageObject","inLanguage":"fr-FR","@id":"https:\/\/www.prologistik.com\/fr\/#\/schema\/logo\/image\/","url":"https:\/\/www.prologistik.com\/wp-content\/uploads\/prologistik-logo-web.svg","contentUrl":"https:\/\/www.prologistik.com\/wp-content\/uploads\/prologistik-logo-web.svg","width":320,"height":59,"caption":"proLogistik Group"},"image":{"@id":"https:\/\/www.prologistik.com\/fr\/#\/schema\/logo\/image\/"}}]}},"_links":{"self":[{"href":"https:\/\/www.prologistik.com\/fr\/wp-json\/wp\/v2\/pages\/30402","targetHints":{"allow":["GET"]}}],"collection":[{"href":"https:\/\/www.prologistik.com\/fr\/wp-json\/wp\/v2\/pages"}],"about":[{"href":"https:\/\/www.prologistik.com\/fr\/wp-json\/wp\/v2\/types\/page"}],"author":[{"embeddable":true,"href":"https:\/\/www.prologistik.com\/fr\/wp-json\/wp\/v2\/users\/1"}],"replies":[{"embeddable":true,"href":"https:\/\/www.prologistik.com\/fr\/wp-json\/wp\/v2\/comments?post=30402"}],"version-history":[{"count":3,"href":"https:\/\/www.prologistik.com\/fr\/wp-json\/wp\/v2\/pages\/30402\/revisions"}],"predecessor-version":[{"id":53251,"href":"https:\/\/www.prologistik.com\/fr\/wp-json\/wp\/v2\/pages\/30402\/revisions\/53251"}],"up":[{"embeddable":true,"href":"https:\/\/www.prologistik.com\/fr\/wp-json\/wp\/v2\/pages\/29696"}],"wp:attachment":[{"href":"https:\/\/www.prologistik.com\/fr\/wp-json\/wp\/v2\/media?parent=30402"}],"curies":[{"name":"wp","href":"https:\/\/api.w.org\/{rel}","templated":true}]}}