{"id":30281,"date":"2023-04-06T06:58:53","date_gmt":"2023-04-06T04:58:53","guid":{"rendered":"https:\/\/prologistik.pixel-tal.de\/materiel-informatique\/boitier-dimprimante-en-acier-inoxydable"},"modified":"2025-11-21T11:31:49","modified_gmt":"2025-11-21T10:31:49","slug":"boitier-dimprimante-en-acier-inoxydable","status":"publish","type":"page","link":"https:\/\/www.prologistik.com\/fr\/materiel-informatique\/boitier-dimprimante-en-acier-inoxydable\/","title":{"rendered":"Bo\u00eetier d&#8217;imprimante en acier inoxydable"},"content":{"rendered":"        \n            <!-- pagehead -->\n        \n                    \n\t\t\t<div id=\"pagehead-block_4d856833b1cdd9c8cd460d0e62e415e6\" class=\"pagehead size-small\">\n\t\t\t\t\t\t\t<div class=\"pagehead-canvas\">\n\t\t\t\t<div class=\"pagehead-content has-bg-color bg-color-blue\">\n\t\t\t\t\t<div class=\"pagehead-content-inner\">\n\t\t\t\t\t\t<div class=\"pagehead-icon icon-color-white\" data-aos=\"fade-up\" data-aos-delay=\"0\" style=\"mask-image: url(https:\/\/www.prologistik.com\/wp-content\/uploads\/icon-etikettendrucker.svg); -webkit-mask-image: url(https:\/\/www.prologistik.com\/wp-content\/uploads\/icon-etikettendrucker.svg);\"><\/div>\t\t\t\t\t\t<span class=\"pagehead-subheadline\"  data-aos=\"fade-up\" data-aos-delay=\"50\">Accessoires d&#8217;impression PLG<\/span>\t\t\t\t\t\t<h1 class=\"pagehead-headline\" data-aos=\"fade-up\" data-aos-delay=\"100\">Bo\u00eetier d&#8217;imprimante en acier inoxydable<\/h1>\t\t\t\t\t\t\t\t\t\t\t<\/div>\n\t\t\t\t<\/div>\n\t\t\t<\/div>\n\t\t\t\n\t\t\t\t<div class=\"pagehead-background\">\n\t\t\t\t<!-- image_id: 44352 | alt: Banner Edelstahl-Druckergeh\u00e4use -->\t\t\t\t\t\t\t\t\t<img decoding=\"async\" class=\"test\" src=\"https:\/\/www.prologistik.com\/wp-content\/uploads\/pLG_Website_Hardware_Edelstahl-Druckergehaeuse_1920x840px_2024.jpg\" alt=\"Banner Edelstahl-Druckergeh\u00e4use\" \/>\n\t\t\t\t\n\t\t\t\t<\/div>\n\t\t\t<\/div>\n        \n                    \n            <!-- end:pagehead -->\n        \n            \n\n<section class=\"gb-container gb-container-97381a90\">\n<div class=\"gb-container gb-container-76c9f99c\">\n<div class=\"gb-grid-wrapper gb-grid-wrapper-3c5d1c2a\">\n<div class=\"gb-grid-column gb-grid-column-f28cae4b\"><div class=\"gb-container gb-container-f28cae4b\">\n        \n            <!-- ProductSlider -->\n        \n            \t\t\t<div id=\"product-slider-block_17129eb0138888f9b629e4b40b82a354\" data-columns=\"1\" data-layout=\"thumbnails\" class=\"product-slider thumbnails\">\n                                                    <div class=\"slides\">\n                                                    <a href=\"https:\/\/www.prologistik.com\/wp-content\/uploads\/prologistik-content-edelstahl-druckergehaeuse-3.jpg\" >\n\t\t\t\t\t\t\t\t<img loading=\"lazy\" decoding=\"async\" width=\"700\" height=\"752\" src=\"https:\/\/www.prologistik.com\/wp-content\/uploads\/prologistik-content-edelstahl-druckergehaeuse-3.jpg\" class=\"attachment-full size-full\" alt=\"Ge\u00f6ffnete Ansicht unseres Druckergeh\u00e4uses aus Edelstahl\" srcset=\"https:\/\/www.prologistik.com\/wp-content\/uploads\/prologistik-content-edelstahl-druckergehaeuse-3.jpg 700w, https:\/\/www.prologistik.com\/wp-content\/uploads\/prologistik-content-edelstahl-druckergehaeuse-3-279x300.jpg 279w, https:\/\/www.prologistik.com\/wp-content\/uploads\/prologistik-content-edelstahl-druckergehaeuse-3-140x150.jpg 140w\" sizes=\"auto, (max-width: 700px) 100vw, 700px\" \/>                               \n                            <\/a>\n                                                    <a href=\"https:\/\/www.prologistik.com\/wp-content\/uploads\/prologistik-content-edelstahl-druckergehaeuse-2.jpg\" >\n\t\t\t\t\t\t\t\t<img loading=\"lazy\" decoding=\"async\" width=\"700\" height=\"752\" src=\"https:\/\/www.prologistik.com\/wp-content\/uploads\/prologistik-content-edelstahl-druckergehaeuse-2.jpg\" class=\"attachment-full size-full\" alt=\"Andere Ansicht unseres Druckergeh\u00e4uses aus Edelstahl\" srcset=\"https:\/\/www.prologistik.com\/wp-content\/uploads\/prologistik-content-edelstahl-druckergehaeuse-2.jpg 700w, https:\/\/www.prologistik.com\/wp-content\/uploads\/prologistik-content-edelstahl-druckergehaeuse-2-279x300.jpg 279w, https:\/\/www.prologistik.com\/wp-content\/uploads\/prologistik-content-edelstahl-druckergehaeuse-2-140x150.jpg 140w\" sizes=\"auto, (max-width: 700px) 100vw, 700px\" \/>                               \n                            <\/a>\n                                                    <a href=\"https:\/\/www.prologistik.com\/wp-content\/uploads\/prologistik-content-edelstahl-druckergehaeuse-4.jpg\" >\n\t\t\t\t\t\t\t\t<img loading=\"lazy\" decoding=\"async\" width=\"700\" height=\"752\" src=\"https:\/\/www.prologistik.com\/wp-content\/uploads\/prologistik-content-edelstahl-druckergehaeuse-4.jpg\" class=\"attachment-full size-full\" alt=\"Weitere ge\u00f6ffnete Ansicht unseres Druckergeh\u00e4uses\" srcset=\"https:\/\/www.prologistik.com\/wp-content\/uploads\/prologistik-content-edelstahl-druckergehaeuse-4.jpg 700w, https:\/\/www.prologistik.com\/wp-content\/uploads\/prologistik-content-edelstahl-druckergehaeuse-4-279x300.jpg 279w, https:\/\/www.prologistik.com\/wp-content\/uploads\/prologistik-content-edelstahl-druckergehaeuse-4-140x150.jpg 140w\" sizes=\"auto, (max-width: 700px) 100vw, 700px\" \/>                               \n                            <\/a>\n                                                    <a href=\"https:\/\/www.prologistik.com\/wp-content\/uploads\/prologistik-content-edelstahl-druckergehaeuse-1.jpg\" >\n\t\t\t\t\t\t\t\t<img loading=\"lazy\" decoding=\"async\" width=\"700\" height=\"752\" src=\"https:\/\/www.prologistik.com\/wp-content\/uploads\/prologistik-content-edelstahl-druckergehaeuse-1.jpg\" class=\"attachment-full size-full\" alt=\"Druckergeh\u00e4use aus Edelstahl f\u00fcr h\u00f6chste Hygienestandards\" srcset=\"https:\/\/www.prologistik.com\/wp-content\/uploads\/prologistik-content-edelstahl-druckergehaeuse-1.jpg 700w, https:\/\/www.prologistik.com\/wp-content\/uploads\/prologistik-content-edelstahl-druckergehaeuse-1-279x300.jpg 279w, https:\/\/www.prologistik.com\/wp-content\/uploads\/prologistik-content-edelstahl-druckergehaeuse-1-140x150.jpg 140w\" sizes=\"auto, (max-width: 700px) 100vw, 700px\" \/>                               \n                            <\/a>\n                         \n                    <\/div>\n                                        <!-- thumbails -->\n                    <ul class=\"slider-thumbnail list-inline text-center\">\n                                                <li class=\"list-inline-item\">\n                        \t<img loading=\"lazy\" decoding=\"async\" width=\"700\" height=\"752\" src=\"https:\/\/www.prologistik.com\/wp-content\/uploads\/prologistik-content-edelstahl-druckergehaeuse-3.jpg\" class=\"attachment-full size-full\" alt=\"Ge\u00f6ffnete Ansicht unseres Druckergeh\u00e4uses aus Edelstahl\" srcset=\"https:\/\/www.prologistik.com\/wp-content\/uploads\/prologistik-content-edelstahl-druckergehaeuse-3.jpg 700w, https:\/\/www.prologistik.com\/wp-content\/uploads\/prologistik-content-edelstahl-druckergehaeuse-3-279x300.jpg 279w, https:\/\/www.prologistik.com\/wp-content\/uploads\/prologistik-content-edelstahl-druckergehaeuse-3-140x150.jpg 140w\" sizes=\"auto, (max-width: 700px) 100vw, 700px\" \/>                        <\/li>\n                                                <li class=\"list-inline-item\">\n                        \t<img loading=\"lazy\" decoding=\"async\" width=\"700\" height=\"752\" src=\"https:\/\/www.prologistik.com\/wp-content\/uploads\/prologistik-content-edelstahl-druckergehaeuse-2.jpg\" class=\"attachment-full size-full\" alt=\"Andere Ansicht unseres Druckergeh\u00e4uses aus Edelstahl\" srcset=\"https:\/\/www.prologistik.com\/wp-content\/uploads\/prologistik-content-edelstahl-druckergehaeuse-2.jpg 700w, https:\/\/www.prologistik.com\/wp-content\/uploads\/prologistik-content-edelstahl-druckergehaeuse-2-279x300.jpg 279w, https:\/\/www.prologistik.com\/wp-content\/uploads\/prologistik-content-edelstahl-druckergehaeuse-2-140x150.jpg 140w\" sizes=\"auto, (max-width: 700px) 100vw, 700px\" \/>                        <\/li>\n                                                <li class=\"list-inline-item\">\n                        \t<img loading=\"lazy\" decoding=\"async\" width=\"700\" height=\"752\" src=\"https:\/\/www.prologistik.com\/wp-content\/uploads\/prologistik-content-edelstahl-druckergehaeuse-4.jpg\" class=\"attachment-full size-full\" alt=\"Weitere ge\u00f6ffnete Ansicht unseres Druckergeh\u00e4uses\" srcset=\"https:\/\/www.prologistik.com\/wp-content\/uploads\/prologistik-content-edelstahl-druckergehaeuse-4.jpg 700w, https:\/\/www.prologistik.com\/wp-content\/uploads\/prologistik-content-edelstahl-druckergehaeuse-4-279x300.jpg 279w, https:\/\/www.prologistik.com\/wp-content\/uploads\/prologistik-content-edelstahl-druckergehaeuse-4-140x150.jpg 140w\" sizes=\"auto, (max-width: 700px) 100vw, 700px\" \/>                        <\/li>\n                                                <li class=\"list-inline-item\">\n                        \t<img loading=\"lazy\" decoding=\"async\" width=\"700\" height=\"752\" src=\"https:\/\/www.prologistik.com\/wp-content\/uploads\/prologistik-content-edelstahl-druckergehaeuse-1.jpg\" class=\"attachment-full size-full\" alt=\"Druckergeh\u00e4use aus Edelstahl f\u00fcr h\u00f6chste Hygienestandards\" srcset=\"https:\/\/www.prologistik.com\/wp-content\/uploads\/prologistik-content-edelstahl-druckergehaeuse-1.jpg 700w, https:\/\/www.prologistik.com\/wp-content\/uploads\/prologistik-content-edelstahl-druckergehaeuse-1-279x300.jpg 279w, https:\/\/www.prologistik.com\/wp-content\/uploads\/prologistik-content-edelstahl-druckergehaeuse-1-140x150.jpg 140w\" sizes=\"auto, (max-width: 700px) 100vw, 700px\" \/>                        <\/li>\n                                            <\/ul>\n                    <!-- end thumbails -->\n\t\t\t\t\t                                    \t\t\t<\/div>\n                    \n            <!-- end:ProductSlider -->\n        \n            \n<\/div><\/div>\n\n<div class=\"gb-grid-column gb-grid-column-351b66dd\"><div class=\"gb-container gb-container-351b66dd globe-absolute\">\n<div class=\"gb-grid-wrapper gb-grid-wrapper-c5cc3c31\">\n<div class=\"gb-grid-column gb-grid-column-85be531e\"><div class=\"gb-container gb-container-85be531e\">\n\n<div class=\"wp-block-pixel-headline headlines is-subheadline-top has-text-align-left\"><h2 class=\"headline\" style=\"color:\">Bo\u00eetier d&#8217;imprimante universel en acier inoxydable<\/h2><span class=\"subheadline\" style=\"color:var(--color-blue)\">imprimantes d&#8217;\u00e9tiquettes<\/span><\/div>\n\n<\/div><\/div>\n\n<div class=\"gb-grid-column gb-grid-column-47095fa0\"><div class=\"gb-container gb-container-47095fa0\">\n\n<figure class=\"wp-block-image size-full\"><img loading=\"lazy\" decoding=\"async\" width=\"129\" height=\"120\" src=\"https:\/\/www.prologistik.com\/wp-content\/uploads\/icon-made-in-germany.svg\" alt=\"\" class=\"wp-image-13174\" \/><\/figure>\n\n<\/div><\/div>\n\n<div class=\"gb-grid-column gb-grid-column-96ccf17f\"><div class=\"gb-container gb-container-96ccf17f\">\n\n<p><strong>Prot\u00e9ger des \u00e9tiquettes d&#8217;imprimantes dans les domaines d&#8217;application exigeants  <\/strong><br>Les bo\u00eetiers d&#8217;imprimante en acier inoxydable, au choix en V2A ou V4A, garantissent un fonctionnement sans faille \u00e0 des temp\u00e9ratures ambiantes pouvant atteindre -40 \u00b0C. Ils r\u00e9sistent ainsi sans probl\u00e8me aux exigences des entrep\u00f4ts frigorifiques ou des cong\u00e9lateurs.<\/p>\n\n\n\n<p>De plus, une capsule absolument robuste et \u00e9tanche \u00e0 l&#8217;int\u00e9rieur du bo\u00eetier assure la fonctionnalit\u00e9 de l&#8217;imprimante d&#8217;\u00e9tiquettes, m\u00eame si celle-ci doit \u00eatre nettoyer \u00e0 haute pression, par exemple dans les abattoirs ou les environnements sensibles en mati\u00e8re d&#8217;hygi\u00e8ne.<\/p>\n\n<\/div><\/div>\n<\/div>\n<\/div><\/div>\n<\/div>\n<\/div>\n<\/section>\n\n<section class=\"gb-container gb-container-9073609e\">\n<div class=\"gb-container gb-container-aa43cc5b\">\n<div class=\"gb-grid-wrapper gb-grid-wrapper-c53081d5\">\n<div class=\"gb-grid-column gb-grid-column-344d9d6e\"><div class=\"gb-container gb-container-344d9d6e\">\n\n<div class=\"wp-block-pixel-headline headlines is-subheadline-top has-text-align-left\"><h2 class=\"headline\" style=\"color:\">Utilisation en toute s\u00e9curit\u00e9 en environnement hostile<\/h2><span class=\"subheadline\" style=\"color:var(u002du002dcolor-blue)\">\u00c9GALEMENT ADAPT\u00c9 POUR LA CONG\u00c9LATION ET L&#8217;HYGI\u00c8NE<\/span><\/div>\n\n\n\n<p>Le remplacement des rouleaux d&#8217;\u00e9tiquettes ou les r\u00e9glages de l&#8217;imprimante se font tr\u00e8s facilement gr\u00e2ce \u00e0 un rail coulissant sur lequel se trouve l&#8217;imprimante. Le mod\u00e8le standard est disponible au format 645,5 x 400 x 483 mm, con\u00e7u par exemple pour les imprimantes Toshiba BA410, Zebra GK-\/GX42x \/ ZD62x ou Zebra ZT62x ainsi que pour les imprimantes laser &#8211; nous r\u00e9alisons bien entendu pour vous des formats et des caract\u00e9ristiques personnalis\u00e9s. N&#8217;h\u00e9sitez pas \u00e0 nous en parler !<\/p>\n\n<\/div><\/div>\n<\/div>\n<\/div>\n<\/section>\n\n        \n            <!-- contact-form -->\n        \n                    \n            <!-- end:contact-form -->\n        \n            ","protected":false},"excerpt":{"rendered":"","protected":false},"author":1,"featured_media":0,"parent":29551,"menu_order":6,"comment_status":"closed","ping_status":"closed","template":"","meta":{"_acf_changed":false,"footnotes":""},"class_list":["post-30281","page","type-page","status-publish"],"acf":[],"yoast_head":"<!-- This site is optimized with the Yoast SEO Premium plugin v26.9 (Yoast SEO v27.5) - https:\/\/yoast.com\/product\/yoast-seo-premium-wordpress\/ -->\n<title>Bo\u00eetier universel en acier inoxydable pour imprimantes d&#039;\u00e9tiquettes<\/title>\n<meta name=\"description\" content=\"Bo\u00eetier d&#039;imprimante universel en acier inoxydable pour imprimantes d&#039;\u00e9tiquettes de proLogistik \u2714\ufe0f Nous vous fournissons le bo\u00eetier d&#039;imprimante adapt\u00e9 \u00e0 chaque besoin\ufe0f.\" \/>\n<meta name=\"robots\" content=\"index, follow, max-snippet:-1, max-image-preview:large, max-video-preview:-1\" \/>\n<link rel=\"canonical\" href=\"https:\/\/www.prologistik.com\/fr\/materiel-informatique\/boitier-dimprimante-en-acier-inoxydable\/\" \/>\n<meta property=\"og:locale\" content=\"fr_FR\" \/>\n<meta property=\"og:type\" content=\"article\" \/>\n<meta property=\"og:title\" content=\"Bo\u00eetier d&#039;imprimante en acier inoxydable\" \/>\n<meta property=\"og:description\" content=\"Bo\u00eetier d&#039;imprimante universel en acier inoxydable pour imprimantes d&#039;\u00e9tiquettes de proLogistik \u2714\ufe0f Nous vous fournissons le bo\u00eetier d&#039;imprimante adapt\u00e9 \u00e0 chaque besoin\ufe0f.\" \/>\n<meta property=\"og:url\" content=\"https:\/\/www.prologistik.com\/fr\/materiel-informatique\/boitier-dimprimante-en-acier-inoxydable\/\" \/>\n<meta property=\"og:site_name\" content=\"proLogistik Group\" \/>\n<meta property=\"article:modified_time\" content=\"2025-11-21T10:31:49+00:00\" \/>\n<meta property=\"og:image\" content=\"https:\/\/www.prologistik.com\/wp-content\/uploads\/icon-made-in-germany.svg\" \/>\n<meta name=\"twitter:card\" content=\"summary_large_image\" \/>\n<meta name=\"twitter:label1\" content=\"Dur\u00e9e de lecture estim\u00e9e\" \/>\n\t<meta name=\"twitter:data1\" content=\"1 minute\" \/>\n<script type=\"application\/ld+json\" class=\"yoast-schema-graph\">{\"@context\":\"https:\\\/\\\/schema.org\",\"@graph\":[{\"@type\":\"WebPage\",\"@id\":\"https:\\\/\\\/www.prologistik.com\\\/fr\\\/materiel-informatique\\\/boitier-dimprimante-en-acier-inoxydable\\\/\",\"url\":\"https:\\\/\\\/www.prologistik.com\\\/fr\\\/materiel-informatique\\\/boitier-dimprimante-en-acier-inoxydable\\\/\",\"name\":\"Bo\u00eetier universel en acier inoxydable pour imprimantes d'\u00e9tiquettes\",\"isPartOf\":{\"@id\":\"https:\\\/\\\/www.prologistik.com\\\/fr\\\/#website\"},\"primaryImageOfPage\":{\"@id\":\"https:\\\/\\\/www.prologistik.com\\\/fr\\\/materiel-informatique\\\/boitier-dimprimante-en-acier-inoxydable\\\/#primaryimage\"},\"image\":{\"@id\":\"https:\\\/\\\/www.prologistik.com\\\/fr\\\/materiel-informatique\\\/boitier-dimprimante-en-acier-inoxydable\\\/#primaryimage\"},\"thumbnailUrl\":\"https:\\\/\\\/www.prologistik.com\\\/wp-content\\\/uploads\\\/icon-made-in-germany.svg\",\"datePublished\":\"2023-04-06T04:58:53+00:00\",\"dateModified\":\"2025-11-21T10:31:49+00:00\",\"description\":\"Bo\u00eetier d'imprimante universel en acier inoxydable pour imprimantes d'\u00e9tiquettes de proLogistik \u2714\ufe0f Nous vous fournissons le bo\u00eetier d'imprimante adapt\u00e9 \u00e0 chaque besoin\ufe0f.\",\"breadcrumb\":{\"@id\":\"https:\\\/\\\/www.prologistik.com\\\/fr\\\/materiel-informatique\\\/boitier-dimprimante-en-acier-inoxydable\\\/#breadcrumb\"},\"inLanguage\":\"fr-FR\",\"potentialAction\":[{\"@type\":\"ReadAction\",\"target\":[\"https:\\\/\\\/www.prologistik.com\\\/fr\\\/materiel-informatique\\\/boitier-dimprimante-en-acier-inoxydable\\\/\"]}]},{\"@type\":\"ImageObject\",\"inLanguage\":\"fr-FR\",\"@id\":\"https:\\\/\\\/www.prologistik.com\\\/fr\\\/materiel-informatique\\\/boitier-dimprimante-en-acier-inoxydable\\\/#primaryimage\",\"url\":\"https:\\\/\\\/www.prologistik.com\\\/wp-content\\\/uploads\\\/icon-made-in-germany.svg\",\"contentUrl\":\"https:\\\/\\\/www.prologistik.com\\\/wp-content\\\/uploads\\\/icon-made-in-germany.svg\"},{\"@type\":\"BreadcrumbList\",\"@id\":\"https:\\\/\\\/www.prologistik.com\\\/fr\\\/materiel-informatique\\\/boitier-dimprimante-en-acier-inoxydable\\\/#breadcrumb\",\"itemListElement\":[{\"@type\":\"ListItem\",\"position\":1,\"name\":\"Startseite\",\"item\":\"https:\\\/\\\/www.prologistik.com\\\/fr\\\/\"},{\"@type\":\"ListItem\",\"position\":2,\"name\":\"Hardware\",\"item\":\"https:\\\/\\\/www.prologistik.com\\\/fr\\\/materiel-informatique\\\/\"},{\"@type\":\"ListItem\",\"position\":3,\"name\":\"Bo\u00eetier d&#8217;imprimante en acier inoxydable\"}]},{\"@type\":\"WebSite\",\"@id\":\"https:\\\/\\\/www.prologistik.com\\\/fr\\\/#website\",\"url\":\"https:\\\/\\\/www.prologistik.com\\\/fr\\\/\",\"name\":\"proLogistik Group\",\"description\":\"Software und Hardware f\u00fcr die Intralogistik\",\"publisher\":{\"@id\":\"https:\\\/\\\/www.prologistik.com\\\/fr\\\/#organization\"},\"potentialAction\":[{\"@type\":\"SearchAction\",\"target\":{\"@type\":\"EntryPoint\",\"urlTemplate\":\"https:\\\/\\\/www.prologistik.com\\\/fr\\\/?s={search_term_string}\"},\"query-input\":{\"@type\":\"PropertyValueSpecification\",\"valueRequired\":true,\"valueName\":\"search_term_string\"}}],\"inLanguage\":\"fr-FR\"},{\"@type\":\"Organization\",\"@id\":\"https:\\\/\\\/www.prologistik.com\\\/fr\\\/#organization\",\"name\":\"proLogistik Group\",\"url\":\"https:\\\/\\\/www.prologistik.com\\\/fr\\\/\",\"logo\":{\"@type\":\"ImageObject\",\"inLanguage\":\"fr-FR\",\"@id\":\"https:\\\/\\\/www.prologistik.com\\\/fr\\\/#\\\/schema\\\/logo\\\/image\\\/\",\"url\":\"https:\\\/\\\/www.prologistik.com\\\/wp-content\\\/uploads\\\/prologistik-logo-web.svg\",\"contentUrl\":\"https:\\\/\\\/www.prologistik.com\\\/wp-content\\\/uploads\\\/prologistik-logo-web.svg\",\"width\":320,\"height\":59,\"caption\":\"proLogistik Group\"},\"image\":{\"@id\":\"https:\\\/\\\/www.prologistik.com\\\/fr\\\/#\\\/schema\\\/logo\\\/image\\\/\"}}]}<\/script>\n<!-- \/ Yoast SEO Premium plugin. -->","yoast_head_json":{"title":"Bo\u00eetier universel en acier inoxydable pour imprimantes d'\u00e9tiquettes","description":"Bo\u00eetier d'imprimante universel en acier inoxydable pour imprimantes d'\u00e9tiquettes de proLogistik \u2714\ufe0f Nous vous fournissons le bo\u00eetier d'imprimante adapt\u00e9 \u00e0 chaque besoin\ufe0f.","robots":{"index":"index","follow":"follow","max-snippet":"max-snippet:-1","max-image-preview":"max-image-preview:large","max-video-preview":"max-video-preview:-1"},"canonical":"https:\/\/www.prologistik.com\/fr\/materiel-informatique\/boitier-dimprimante-en-acier-inoxydable\/","og_locale":"fr_FR","og_type":"article","og_title":"Bo\u00eetier d'imprimante en acier inoxydable","og_description":"Bo\u00eetier d'imprimante universel en acier inoxydable pour imprimantes d'\u00e9tiquettes de proLogistik \u2714\ufe0f Nous vous fournissons le bo\u00eetier d'imprimante adapt\u00e9 \u00e0 chaque besoin\ufe0f.","og_url":"https:\/\/www.prologistik.com\/fr\/materiel-informatique\/boitier-dimprimante-en-acier-inoxydable\/","og_site_name":"proLogistik Group","article_modified_time":"2025-11-21T10:31:49+00:00","og_image":[{"url":"https:\/\/www.prologistik.com\/wp-content\/uploads\/icon-made-in-germany.svg","type":"","width":"","height":""}],"twitter_card":"summary_large_image","twitter_misc":{"Dur\u00e9e de lecture estim\u00e9e":"1 minute"},"schema":{"@context":"https:\/\/schema.org","@graph":[{"@type":"WebPage","@id":"https:\/\/www.prologistik.com\/fr\/materiel-informatique\/boitier-dimprimante-en-acier-inoxydable\/","url":"https:\/\/www.prologistik.com\/fr\/materiel-informatique\/boitier-dimprimante-en-acier-inoxydable\/","name":"Bo\u00eetier universel en acier inoxydable pour imprimantes d'\u00e9tiquettes","isPartOf":{"@id":"https:\/\/www.prologistik.com\/fr\/#website"},"primaryImageOfPage":{"@id":"https:\/\/www.prologistik.com\/fr\/materiel-informatique\/boitier-dimprimante-en-acier-inoxydable\/#primaryimage"},"image":{"@id":"https:\/\/www.prologistik.com\/fr\/materiel-informatique\/boitier-dimprimante-en-acier-inoxydable\/#primaryimage"},"thumbnailUrl":"https:\/\/www.prologistik.com\/wp-content\/uploads\/icon-made-in-germany.svg","datePublished":"2023-04-06T04:58:53+00:00","dateModified":"2025-11-21T10:31:49+00:00","description":"Bo\u00eetier d'imprimante universel en acier inoxydable pour imprimantes d'\u00e9tiquettes de proLogistik \u2714\ufe0f Nous vous fournissons le bo\u00eetier d'imprimante adapt\u00e9 \u00e0 chaque besoin\ufe0f.","breadcrumb":{"@id":"https:\/\/www.prologistik.com\/fr\/materiel-informatique\/boitier-dimprimante-en-acier-inoxydable\/#breadcrumb"},"inLanguage":"fr-FR","potentialAction":[{"@type":"ReadAction","target":["https:\/\/www.prologistik.com\/fr\/materiel-informatique\/boitier-dimprimante-en-acier-inoxydable\/"]}]},{"@type":"ImageObject","inLanguage":"fr-FR","@id":"https:\/\/www.prologistik.com\/fr\/materiel-informatique\/boitier-dimprimante-en-acier-inoxydable\/#primaryimage","url":"https:\/\/www.prologistik.com\/wp-content\/uploads\/icon-made-in-germany.svg","contentUrl":"https:\/\/www.prologistik.com\/wp-content\/uploads\/icon-made-in-germany.svg"},{"@type":"BreadcrumbList","@id":"https:\/\/www.prologistik.com\/fr\/materiel-informatique\/boitier-dimprimante-en-acier-inoxydable\/#breadcrumb","itemListElement":[{"@type":"ListItem","position":1,"name":"Startseite","item":"https:\/\/www.prologistik.com\/fr\/"},{"@type":"ListItem","position":2,"name":"Hardware","item":"https:\/\/www.prologistik.com\/fr\/materiel-informatique\/"},{"@type":"ListItem","position":3,"name":"Bo\u00eetier d&#8217;imprimante en acier inoxydable"}]},{"@type":"WebSite","@id":"https:\/\/www.prologistik.com\/fr\/#website","url":"https:\/\/www.prologistik.com\/fr\/","name":"proLogistik Group","description":"Software und Hardware f\u00fcr die Intralogistik","publisher":{"@id":"https:\/\/www.prologistik.com\/fr\/#organization"},"potentialAction":[{"@type":"SearchAction","target":{"@type":"EntryPoint","urlTemplate":"https:\/\/www.prologistik.com\/fr\/?s={search_term_string}"},"query-input":{"@type":"PropertyValueSpecification","valueRequired":true,"valueName":"search_term_string"}}],"inLanguage":"fr-FR"},{"@type":"Organization","@id":"https:\/\/www.prologistik.com\/fr\/#organization","name":"proLogistik Group","url":"https:\/\/www.prologistik.com\/fr\/","logo":{"@type":"ImageObject","inLanguage":"fr-FR","@id":"https:\/\/www.prologistik.com\/fr\/#\/schema\/logo\/image\/","url":"https:\/\/www.prologistik.com\/wp-content\/uploads\/prologistik-logo-web.svg","contentUrl":"https:\/\/www.prologistik.com\/wp-content\/uploads\/prologistik-logo-web.svg","width":320,"height":59,"caption":"proLogistik Group"},"image":{"@id":"https:\/\/www.prologistik.com\/fr\/#\/schema\/logo\/image\/"}}]}},"_links":{"self":[{"href":"https:\/\/www.prologistik.com\/fr\/wp-json\/wp\/v2\/pages\/30281","targetHints":{"allow":["GET"]}}],"collection":[{"href":"https:\/\/www.prologistik.com\/fr\/wp-json\/wp\/v2\/pages"}],"about":[{"href":"https:\/\/www.prologistik.com\/fr\/wp-json\/wp\/v2\/types\/page"}],"author":[{"embeddable":true,"href":"https:\/\/www.prologistik.com\/fr\/wp-json\/wp\/v2\/users\/1"}],"replies":[{"embeddable":true,"href":"https:\/\/www.prologistik.com\/fr\/wp-json\/wp\/v2\/comments?post=30281"}],"version-history":[{"count":4,"href":"https:\/\/www.prologistik.com\/fr\/wp-json\/wp\/v2\/pages\/30281\/revisions"}],"predecessor-version":[{"id":55074,"href":"https:\/\/www.prologistik.com\/fr\/wp-json\/wp\/v2\/pages\/30281\/revisions\/55074"}],"up":[{"embeddable":true,"href":"https:\/\/www.prologistik.com\/fr\/wp-json\/wp\/v2\/pages\/29551"}],"wp:attachment":[{"href":"https:\/\/www.prologistik.com\/fr\/wp-json\/wp\/v2\/media?parent=30281"}],"curies":[{"name":"wp","href":"https:\/\/api.w.org\/{rel}","templated":true}]}}