{"id":30271,"date":"2023-03-28T15:19:35","date_gmt":"2023-03-28T13:19:35","guid":{"rendered":"https:\/\/prologistik.pixel-tal.de\/logiciel"},"modified":"2025-10-09T10:40:01","modified_gmt":"2025-10-09T08:40:01","slug":"logiciel","status":"publish","type":"page","link":"https:\/\/www.prologistik.com\/fr\/logiciel\/","title":{"rendered":"Support logiciels"},"content":{"rendered":"        \n            <!-- pagehead -->\n        \n                    \n\t\t\t<div id=\"pagehead-block_80d6137ca511b8c1c2dc612b63736f28\" class=\"pagehead size-small\">\n\t\t\t\t\t\t\t<div class=\"pagehead-canvas\">\n\t\t\t\t<div class=\"pagehead-content has-bg-color bg-color-green\">\n\t\t\t\t\t<div class=\"pagehead-content-inner\">\n\t\t\t\t\t\t<div class=\"pagehead-icon icon-color-white\" data-aos=\"fade-up\" data-aos-delay=\"0\" style=\"mask-image: url(https:\/\/www.prologistik.com\/wp-content\/uploads\/icon-server.svg); -webkit-mask-image: url(https:\/\/www.prologistik.com\/wp-content\/uploads\/icon-server.svg);\"><\/div>\t\t\t\t\t\t<span class=\"pagehead-subheadline\"  data-aos=\"fade-up\" data-aos-delay=\"50\">Support PLG<\/span>\t\t\t\t\t\t<h1 class=\"pagehead-headline\" data-aos=\"fade-up\" data-aos-delay=\"100\">Support pour les logiciels de proLogistik<\/h1>\t\t\t\t\t\t\t\t\t\t\t<\/div>\n\t\t\t\t<\/div>\n\t\t\t<\/div>\n\t\t\t\n\t\t\t\t<div class=\"pagehead-background\">\n\t\t\t\t<!-- image_id: 34081 | alt:  -->\t\t\t\t\t\t\t\t\t<img decoding=\"async\" class=\"test\" src=\"https:\/\/www.prologistik.com\/wp-content\/uploads\/prologistik-header-software-support-2.jpg\" alt=\"\" \/>\n\t\t\t\t\n\t\t\t\t<\/div>\n\t\t\t<\/div>\n        \n                    \n            <!-- end:pagehead -->\n        \n            \n\n<section class=\"gb-container gb-container-2fc22338\">\n<div class=\"gb-container gb-container-63ee1ede\">\n<div class=\"gb-grid-wrapper gb-grid-wrapper-935f3b16 gb-grid-wrapper-space-between\">\n<div data-aos=\"fade-right\" class=\"gb-grid-column gb-grid-column-4545ca28\"><div class=\"gb-container gb-container-4545ca28\">\n\n<div class=\"wp-block-pixel-headline headlines is-subheadline-top has-text-align-left\"><h2 class=\"headline\" style=\"color:\">Support logiciels<\/h2><\/div>\n\n\n\n<p>Chez nous, la collaboration ne s&#8217;arr\u00eate pas \u00e0 la r\u00e9ception. Notre travail ne consiste pas uniquement celui d&#8217;un fabricant de logiciels et de mat\u00e9riel informatique, mais nous sommes \u00e0 votre disposition en tant qu&#8217;interlocuteur comp\u00e9tent. Chez nous, vous pouvez joindre des collaborateurs exp\u00e9riment\u00e9s qui vous aideront de mani\u00e8re comp\u00e9tente.<\/p>\n\n\n\n<p>Gr\u00e2ce \u00e0 notre syst\u00e8me de tickets de service bas\u00e9 sur le web, aucune demande de client n&#8217;est perdue. Et ceci peu importe le moyen de contact: via mail, t\u00e9l\u00e9phone ou par notre portail de services en ligne. Nous ne consid\u00e9rons votre demande comme termin\u00e9e que lorsque nous avons trouv\u00e9 une solution mutuelle. Notre service d&#8217;assistance ne compte que du personnel qualifi\u00e9 dans les domaines du d\u00e9veloppement de logiciels et d&#8217;applications. Ainsi, nous sommes en mesure d&#8217;assurer une qualit\u00e9 de conseil \u00e9lev\u00e9e allant bien au-del\u00e0 du service d&#8217;assistance habituel. Nous proposons \u00e9galement une assistance en temps r\u00e9el &#8211; via un Client, notre collaborateur peut se connecter \u00e0 votre syst\u00e8me et vous apporter une aide cibl\u00e9e.<\/p>\n\n<\/div><\/div>\n\n<div data-aos=\"fade-left\" class=\"gb-grid-column gb-grid-column-2a7f19b7\"><div class=\"gb-container gb-container-2a7f19b7\">\n\n<figure class=\"wp-block-image size-full is-style-cube-bottom-left-back\"><img loading=\"lazy\" decoding=\"async\" width=\"880\" height=\"530\" src=\"https:\/\/www.prologistik.com\/wp-content\/uploads\/prologistik-content-support-1.jpg\" alt=\"\" class=\"wp-image-11080\" srcset=\"https:\/\/www.prologistik.com\/wp-content\/uploads\/prologistik-content-support-1.jpg 880w, https:\/\/www.prologistik.com\/wp-content\/uploads\/prologistik-content-support-1-300x181.jpg 300w, https:\/\/www.prologistik.com\/wp-content\/uploads\/prologistik-content-support-1-150x90.jpg 150w, https:\/\/www.prologistik.com\/wp-content\/uploads\/prologistik-content-support-1-768x463.jpg 768w\" sizes=\"auto, (max-width: 880px) 100vw, 880px\" \/><\/figure>\n\n<\/div><\/div>\n<\/div>\n<\/div>\n<\/section>\n\n<section class=\"gb-container gb-container-2d414a82\">\n<div class=\"gb-container gb-container-a365a120\">\n<div class=\"gb-grid-wrapper gb-grid-wrapper-11e0a2e7\">\n<div data-aos=\"fade-right\" class=\"gb-grid-column gb-grid-column-83f5f5fe\"><div class=\"gb-container gb-container-83f5f5fe\">\n\n<div class=\"wp-block-pixel-headline headlines is-subheadline-top has-text-align-left\"><h2 class=\"headline\" style=\"color:\">Modules de support logiciel<\/h2><\/div>\n\n\n\n<p>L&#8217;assistance logicielle de proLogistik comprend trois modules : la maintenance des logiciels, la maintenance des bases de donn\u00e9es et la maintenance des serveurs. Nous pouvons concevoir tous les contrats de maintenance selon vos exigences individuels et vous offrir ainsi un support sur mesure. En cas de conclusion d&#8217;un contrat de maintenance logicielle, nous prenons en charge le support de notre logiciel syst\u00e8me mise \u00e0 disposition ainsi que du logiciel utilisateur correspondant.<\/p>\n\n<\/div><\/div>\n\n<div class=\"gb-grid-column gb-grid-column-80c44bb5\"><div class=\"gb-container gb-container-80c44bb5\">\n<div class=\"gb-grid-wrapper gb-grid-wrapper-02e1afe3\">\n<div data-aos=\"fade-up\" class=\"gb-grid-column gb-grid-column-e783ebd9\"><div class=\"gb-container gb-container-e783ebd9\">\n<div id=\"imagebox-block_2b842653fc482309f53833af273b1b1e\" class=\"imagebox image-top background-color-white\">\n\t        <div class=\"imagebox-image image-format-rectangular  with-rounding\" style=\"background: url('https:\/\/www.prologistik.com\/wp-content\/uploads\/prologistik-content-software-wartung.jpg'); background-repeat: no-repeat; background-size: cover; background-position: center;\"><\/div>\n    \n    <div class=\"imagebox-content-wrap\">\n\n        <div class=\"imagebox-content\">\n                        <div class=\"imagebox-headline  font-size-big\">\n                Maintenance logiciel            <\/div>\n                                    <div class=\"imagebox-copytext\">\n                <ul>\n<li>D\u00e9pannage du syst\u00e8me install\u00e9<\/li>\n<li>Supervision des performances<\/li>\n<\/ul>\n            <\/div>\n                    <\/div>\n            <\/div>\n\n<\/div>\n\n<\/div><\/div>\n\n<div data-aos-delay=\"150\" data-aos=\"fade-up\" class=\"gb-grid-column gb-grid-column-7e839702\"><div class=\"gb-container gb-container-7e839702\">\n<div id=\"imagebox-block_13ba8fc54fc6893dcb49b2e7c2f44849\" class=\"imagebox image-top background-color-white\">\n\t        <div class=\"imagebox-image image-format-rectangular  with-rounding\" style=\"background: url('https:\/\/www.prologistik.com\/wp-content\/uploads\/prologistik-content-datenbank-wartung.jpg'); background-repeat: no-repeat; background-size: cover; background-position: center;\"><\/div>\n    \n    <div class=\"imagebox-content-wrap\">\n\n        <div class=\"imagebox-content\">\n                        <div class=\"imagebox-headline  font-size-big\">\n                Maintenance de la base de donn\u00e9es (en option)            <\/div>\n                                    <div class=\"imagebox-copytext\">\n                <ul>\n<li>Gestion active de la base de donn\u00e9es<\/li>\n<li>Mises \u00e0 jour<\/li>\n<li>Nouvelles versions<\/li>\n<li>Patches<\/li>\n<\/ul>\n            <\/div>\n                    <\/div>\n            <\/div>\n\n<\/div>\n\n<\/div><\/div>\n\n<div data-aos-delay=\"300\" data-aos=\"fade-up\" class=\"gb-grid-column gb-grid-column-1f4b9927\"><div class=\"gb-container gb-container-1f4b9927\">\n<div id=\"imagebox-block_a0a42d5ab9459c767283ca12760f2890\" class=\"imagebox image-top background-color-white\">\n\t<style>#imagebox-block_a0a42d5ab9459c767283ca12760f2890::before {background: var(--); } <\/style>        <div class=\"imagebox-image image-format-rectangular  with-rounding\" style=\"background: url('https:\/\/www.prologistik.com\/wp-content\/uploads\/prologistik-content-server-wartung.jpg'); background-repeat: no-repeat; background-size: cover; background-position: center;\"><\/div>\n    \n    <div class=\"imagebox-content-wrap\">\n\n        <div class=\"imagebox-content\">\n                        <div class=\"imagebox-headline  font-size-big\">\n                Maintenance du serveur (en option)            <\/div>\n                                    <div class=\"imagebox-copytext\">\n                <ul>\n<li>Activation par hotline<\/li>\n<li>Service de r\u00e9cup\u00e9ration<\/li>\n<\/ul>\n            <\/div>\n                    <\/div>\n            <\/div>\n\n<\/div>\n\n<\/div><\/div>\n<\/div>\n<\/div><\/div>\n<\/div>\n<\/div>\n<\/section>\n\n<section class=\"gb-container gb-container-8fbed12d\">\n<div class=\"gb-container gb-container-9349806c gb-container-align-left-fourth\">\n<div class=\"gb-grid-wrapper gb-grid-wrapper-5aff48b2\">\n<div data-aos=\"fade-right\" class=\"gb-grid-column gb-grid-column-fb95f205\"><div class=\"gb-container gb-container-fb95f205\">\n\n<figure class=\"wp-block-image size-full is-style-cube-bottom-right-back\"><img loading=\"lazy\" decoding=\"async\" width=\"700\" height=\"797\" src=\"https:\/\/www.prologistik.com\/wp-content\/uploads\/prologistik-content-lifecycle-support.jpg\" alt=\"\" class=\"wp-image-11770\" srcset=\"https:\/\/www.prologistik.com\/wp-content\/uploads\/prologistik-content-lifecycle-support.jpg 700w, https:\/\/www.prologistik.com\/wp-content\/uploads\/prologistik-content-lifecycle-support-263x300.jpg 263w, https:\/\/www.prologistik.com\/wp-content\/uploads\/prologistik-content-lifecycle-support-132x150.jpg 132w\" sizes=\"auto, (max-width: 700px) 100vw, 700px\" \/><\/figure>\n\n<\/div><\/div>\n\n<div data-aos=\"fade-left\" class=\"gb-grid-column gb-grid-column-664b52d2\"><div class=\"gb-container gb-container-664b52d2\">\n\n<div class=\"wp-block-pixel-headline headlines is-subheadline-bottom has-text-align-left\"><h2 class=\"headline\" style=\"color:\">Support le long du cycle de vie<\/h2><\/div>\n\n\n\n<p>Pour les petits d\u00e9veloppements de logiciels dans votre programme existant, nous sommes \u00e0 votre disposition avec notre Lifecycle Support. Nous pouvons ainsi vous offrir le service de modifications de derni\u00e8re minute et entretenir une collaboration commune et partenariale.<\/p>\n\n\n\n<p>Vous pouvez contacter notre support Lifecycle via notre service d&#8217;assistance, qui vous mettra en relation avec notre \u00e9quipe Lifecycle comp\u00e9tente.<\/p>\n\n<\/div><\/div>\n<\/div>\n<\/div>\n<\/section>\n\n<section class=\"gb-container gb-container-1b62e51c\">\n<div data-aos=\"\" class=\"gb-container gb-container-40d5ca2c\">\n<div class=\"gb-grid-wrapper gb-grid-wrapper-954a6fba\">\n<div data-aos=\"fade-up\" class=\"gb-grid-column gb-grid-column-74548179\"><div class=\"gb-container gb-container-74548179\">\n\n<p class=\"has-text-align-center\" style=\"font-size:1.75rem;font-style:normal;font-weight:300\">Au pr\u00e9alable, nous essayons tout logiciel de gestion d&#8217;entrep\u00f4t dans notre propre entrep\u00f4t afin de soumettre toutes les fonctionnalit\u00e9s \u00e0 un essai permanent. De cette mani\u00e8re, aussi bien la technique que le support seront optimis\u00e9s de mani\u00e8re durable.<\/p>\n\n<\/div><\/div>\n<\/div>\n<\/div>\n<\/section>\n\n        \n            <!-- contact-form -->\n        \n                    \n            <!-- end:contact-form -->\n        \n            ","protected":false},"excerpt":{"rendered":"","protected":false},"author":1,"featured_media":0,"parent":0,"menu_order":34,"comment_status":"closed","ping_status":"closed","template":"","meta":{"_acf_changed":false,"footnotes":""},"class_list":["post-30271","page","type-page","status-publish"],"acf":[],"yoast_head":"<!-- This site is optimized with the Yoast SEO Premium plugin v26.9 (Yoast SEO v27.5) - https:\/\/yoast.com\/product\/yoast-seo-premium-wordpress\/ -->\n<title>\ud83e\uddf0 Support logiciel proLogistik | Maintenance &amp; assistance<\/title>\n<meta name=\"description\" content=\"Maintenance des logiciels \u2714\ufe0f D\u00e9pannage de la version install\u00e9e \u2714\ufe0f Supervision des performances \u2714\ufe0f en option Maintenance des bases de donn\u00e9es &amp; des serveurs \u2714\ufe0f\" \/>\n<meta name=\"robots\" content=\"index, follow, max-snippet:-1, max-image-preview:large, max-video-preview:-1\" \/>\n<link rel=\"canonical\" href=\"https:\/\/www.prologistik.com\/fr\/logiciel\/\" \/>\n<meta property=\"og:locale\" content=\"fr_FR\" \/>\n<meta property=\"og:type\" content=\"article\" \/>\n<meta property=\"og:title\" content=\"Support logiciels\" \/>\n<meta property=\"og:description\" content=\"Maintenance des logiciels \u2714\ufe0f D\u00e9pannage de la version install\u00e9e \u2714\ufe0f Supervision des performances \u2714\ufe0f en option Maintenance des bases de donn\u00e9es &amp; des serveurs \u2714\ufe0f\" \/>\n<meta property=\"og:url\" content=\"https:\/\/www.prologistik.com\/fr\/logiciel\/\" \/>\n<meta property=\"og:site_name\" content=\"proLogistik Group\" \/>\n<meta property=\"article:modified_time\" content=\"2025-10-09T08:40:01+00:00\" \/>\n<meta property=\"og:image\" content=\"https:\/\/www.prologistik.com\/wp-content\/uploads\/prologistik-content-support-1.jpg\" \/>\n<meta name=\"twitter:card\" content=\"summary_large_image\" \/>\n<meta name=\"twitter:label1\" content=\"Dur\u00e9e de lecture estim\u00e9e\" \/>\n\t<meta name=\"twitter:data1\" content=\"2 minutes\" \/>\n<script type=\"application\/ld+json\" class=\"yoast-schema-graph\">{\"@context\":\"https:\\\/\\\/schema.org\",\"@graph\":[{\"@type\":\"WebPage\",\"@id\":\"https:\\\/\\\/www.prologistik.com\\\/fr\\\/logiciel\\\/\",\"url\":\"https:\\\/\\\/www.prologistik.com\\\/fr\\\/logiciel\\\/\",\"name\":\"\ud83e\uddf0 Support logiciel proLogistik | Maintenance & assistance\",\"isPartOf\":{\"@id\":\"https:\\\/\\\/www.prologistik.com\\\/fr\\\/#website\"},\"primaryImageOfPage\":{\"@id\":\"https:\\\/\\\/www.prologistik.com\\\/fr\\\/logiciel\\\/#primaryimage\"},\"image\":{\"@id\":\"https:\\\/\\\/www.prologistik.com\\\/fr\\\/logiciel\\\/#primaryimage\"},\"thumbnailUrl\":\"https:\\\/\\\/www.prologistik.com\\\/wp-content\\\/uploads\\\/prologistik-content-support-1.jpg\",\"datePublished\":\"2023-03-28T13:19:35+00:00\",\"dateModified\":\"2025-10-09T08:40:01+00:00\",\"description\":\"Maintenance des logiciels \u2714\ufe0f D\u00e9pannage de la version install\u00e9e \u2714\ufe0f Supervision des performances \u2714\ufe0f en option Maintenance des bases de donn\u00e9es & des serveurs \u2714\ufe0f\",\"breadcrumb\":{\"@id\":\"https:\\\/\\\/www.prologistik.com\\\/fr\\\/logiciel\\\/#breadcrumb\"},\"inLanguage\":\"fr-FR\",\"potentialAction\":[{\"@type\":\"ReadAction\",\"target\":[\"https:\\\/\\\/www.prologistik.com\\\/fr\\\/logiciel\\\/\"]}]},{\"@type\":\"ImageObject\",\"inLanguage\":\"fr-FR\",\"@id\":\"https:\\\/\\\/www.prologistik.com\\\/fr\\\/logiciel\\\/#primaryimage\",\"url\":\"https:\\\/\\\/www.prologistik.com\\\/wp-content\\\/uploads\\\/prologistik-content-support-1.jpg\",\"contentUrl\":\"https:\\\/\\\/www.prologistik.com\\\/wp-content\\\/uploads\\\/prologistik-content-support-1.jpg\"},{\"@type\":\"BreadcrumbList\",\"@id\":\"https:\\\/\\\/www.prologistik.com\\\/fr\\\/logiciel\\\/#breadcrumb\",\"itemListElement\":[{\"@type\":\"ListItem\",\"position\":1,\"name\":\"Startseite\",\"item\":\"https:\\\/\\\/www.prologistik.com\\\/fr\\\/\"},{\"@type\":\"ListItem\",\"position\":2,\"name\":\"Support logiciels\"}]},{\"@type\":\"WebSite\",\"@id\":\"https:\\\/\\\/www.prologistik.com\\\/fr\\\/#website\",\"url\":\"https:\\\/\\\/www.prologistik.com\\\/fr\\\/\",\"name\":\"proLogistik Group\",\"description\":\"Software und Hardware f\u00fcr die Intralogistik\",\"publisher\":{\"@id\":\"https:\\\/\\\/www.prologistik.com\\\/fr\\\/#organization\"},\"potentialAction\":[{\"@type\":\"SearchAction\",\"target\":{\"@type\":\"EntryPoint\",\"urlTemplate\":\"https:\\\/\\\/www.prologistik.com\\\/fr\\\/?s={search_term_string}\"},\"query-input\":{\"@type\":\"PropertyValueSpecification\",\"valueRequired\":true,\"valueName\":\"search_term_string\"}}],\"inLanguage\":\"fr-FR\"},{\"@type\":\"Organization\",\"@id\":\"https:\\\/\\\/www.prologistik.com\\\/fr\\\/#organization\",\"name\":\"proLogistik Group\",\"url\":\"https:\\\/\\\/www.prologistik.com\\\/fr\\\/\",\"logo\":{\"@type\":\"ImageObject\",\"inLanguage\":\"fr-FR\",\"@id\":\"https:\\\/\\\/www.prologistik.com\\\/fr\\\/#\\\/schema\\\/logo\\\/image\\\/\",\"url\":\"https:\\\/\\\/www.prologistik.com\\\/wp-content\\\/uploads\\\/prologistik-logo-web.svg\",\"contentUrl\":\"https:\\\/\\\/www.prologistik.com\\\/wp-content\\\/uploads\\\/prologistik-logo-web.svg\",\"width\":320,\"height\":59,\"caption\":\"proLogistik Group\"},\"image\":{\"@id\":\"https:\\\/\\\/www.prologistik.com\\\/fr\\\/#\\\/schema\\\/logo\\\/image\\\/\"}}]}<\/script>\n<!-- \/ Yoast SEO Premium plugin. -->","yoast_head_json":{"title":"\ud83e\uddf0 Support logiciel proLogistik | Maintenance & assistance","description":"Maintenance des logiciels \u2714\ufe0f D\u00e9pannage de la version install\u00e9e \u2714\ufe0f Supervision des performances \u2714\ufe0f en option Maintenance des bases de donn\u00e9es & des serveurs \u2714\ufe0f","robots":{"index":"index","follow":"follow","max-snippet":"max-snippet:-1","max-image-preview":"max-image-preview:large","max-video-preview":"max-video-preview:-1"},"canonical":"https:\/\/www.prologistik.com\/fr\/logiciel\/","og_locale":"fr_FR","og_type":"article","og_title":"Support logiciels","og_description":"Maintenance des logiciels \u2714\ufe0f D\u00e9pannage de la version install\u00e9e \u2714\ufe0f Supervision des performances \u2714\ufe0f en option Maintenance des bases de donn\u00e9es & des serveurs \u2714\ufe0f","og_url":"https:\/\/www.prologistik.com\/fr\/logiciel\/","og_site_name":"proLogistik Group","article_modified_time":"2025-10-09T08:40:01+00:00","og_image":[{"url":"https:\/\/www.prologistik.com\/wp-content\/uploads\/prologistik-content-support-1.jpg","type":"","width":"","height":""}],"twitter_card":"summary_large_image","twitter_misc":{"Dur\u00e9e de lecture estim\u00e9e":"2 minutes"},"schema":{"@context":"https:\/\/schema.org","@graph":[{"@type":"WebPage","@id":"https:\/\/www.prologistik.com\/fr\/logiciel\/","url":"https:\/\/www.prologistik.com\/fr\/logiciel\/","name":"\ud83e\uddf0 Support logiciel proLogistik | Maintenance & assistance","isPartOf":{"@id":"https:\/\/www.prologistik.com\/fr\/#website"},"primaryImageOfPage":{"@id":"https:\/\/www.prologistik.com\/fr\/logiciel\/#primaryimage"},"image":{"@id":"https:\/\/www.prologistik.com\/fr\/logiciel\/#primaryimage"},"thumbnailUrl":"https:\/\/www.prologistik.com\/wp-content\/uploads\/prologistik-content-support-1.jpg","datePublished":"2023-03-28T13:19:35+00:00","dateModified":"2025-10-09T08:40:01+00:00","description":"Maintenance des logiciels \u2714\ufe0f D\u00e9pannage de la version install\u00e9e \u2714\ufe0f Supervision des performances \u2714\ufe0f en option Maintenance des bases de donn\u00e9es & des serveurs \u2714\ufe0f","breadcrumb":{"@id":"https:\/\/www.prologistik.com\/fr\/logiciel\/#breadcrumb"},"inLanguage":"fr-FR","potentialAction":[{"@type":"ReadAction","target":["https:\/\/www.prologistik.com\/fr\/logiciel\/"]}]},{"@type":"ImageObject","inLanguage":"fr-FR","@id":"https:\/\/www.prologistik.com\/fr\/logiciel\/#primaryimage","url":"https:\/\/www.prologistik.com\/wp-content\/uploads\/prologistik-content-support-1.jpg","contentUrl":"https:\/\/www.prologistik.com\/wp-content\/uploads\/prologistik-content-support-1.jpg"},{"@type":"BreadcrumbList","@id":"https:\/\/www.prologistik.com\/fr\/logiciel\/#breadcrumb","itemListElement":[{"@type":"ListItem","position":1,"name":"Startseite","item":"https:\/\/www.prologistik.com\/fr\/"},{"@type":"ListItem","position":2,"name":"Support logiciels"}]},{"@type":"WebSite","@id":"https:\/\/www.prologistik.com\/fr\/#website","url":"https:\/\/www.prologistik.com\/fr\/","name":"proLogistik Group","description":"Software und Hardware f\u00fcr die Intralogistik","publisher":{"@id":"https:\/\/www.prologistik.com\/fr\/#organization"},"potentialAction":[{"@type":"SearchAction","target":{"@type":"EntryPoint","urlTemplate":"https:\/\/www.prologistik.com\/fr\/?s={search_term_string}"},"query-input":{"@type":"PropertyValueSpecification","valueRequired":true,"valueName":"search_term_string"}}],"inLanguage":"fr-FR"},{"@type":"Organization","@id":"https:\/\/www.prologistik.com\/fr\/#organization","name":"proLogistik Group","url":"https:\/\/www.prologistik.com\/fr\/","logo":{"@type":"ImageObject","inLanguage":"fr-FR","@id":"https:\/\/www.prologistik.com\/fr\/#\/schema\/logo\/image\/","url":"https:\/\/www.prologistik.com\/wp-content\/uploads\/prologistik-logo-web.svg","contentUrl":"https:\/\/www.prologistik.com\/wp-content\/uploads\/prologistik-logo-web.svg","width":320,"height":59,"caption":"proLogistik Group"},"image":{"@id":"https:\/\/www.prologistik.com\/fr\/#\/schema\/logo\/image\/"}}]}},"_links":{"self":[{"href":"https:\/\/www.prologistik.com\/fr\/wp-json\/wp\/v2\/pages\/30271","targetHints":{"allow":["GET"]}}],"collection":[{"href":"https:\/\/www.prologistik.com\/fr\/wp-json\/wp\/v2\/pages"}],"about":[{"href":"https:\/\/www.prologistik.com\/fr\/wp-json\/wp\/v2\/types\/page"}],"author":[{"embeddable":true,"href":"https:\/\/www.prologistik.com\/fr\/wp-json\/wp\/v2\/users\/1"}],"replies":[{"embeddable":true,"href":"https:\/\/www.prologistik.com\/fr\/wp-json\/wp\/v2\/comments?post=30271"}],"version-history":[{"count":6,"href":"https:\/\/www.prologistik.com\/fr\/wp-json\/wp\/v2\/pages\/30271\/revisions"}],"predecessor-version":[{"id":42360,"href":"https:\/\/www.prologistik.com\/fr\/wp-json\/wp\/v2\/pages\/30271\/revisions\/42360"}],"wp:attachment":[{"href":"https:\/\/www.prologistik.com\/fr\/wp-json\/wp\/v2\/media?parent=30271"}],"curies":[{"name":"wp","href":"https:\/\/api.w.org\/{rel}","templated":true}]}}