{"id":30253,"date":"2023-03-28T14:15:23","date_gmt":"2023-03-28T12:15:23","guid":{"rendered":"https:\/\/prologistik.pixel-tal.de\/conseil-2\/conseil-en-informatique-logistique"},"modified":"2025-10-09T10:37:09","modified_gmt":"2025-10-09T08:37:09","slug":"conseil-en-informatique-logistique","status":"publish","type":"page","link":"https:\/\/www.prologistik.com\/fr\/conseil\/conseil-en-informatique-logistique\/","title":{"rendered":"Conseil en informatique dans la logistique"},"content":{"rendered":"        \n            <!-- pagehead -->\n        \n                    \n\t\t\t<div id=\"pagehead-block_316e25e8e4d4788b43528e0b4a8fa695\" class=\"pagehead size-small\">\n\t\t\t\t\t\t\t<div class=\"pagehead-canvas\">\n\t\t\t\t<div class=\"pagehead-content has-bg-color bg-color-green\">\n\t\t\t\t\t<div class=\"pagehead-content-inner\">\n\t\t\t\t\t\t<div class=\"pagehead-icon icon-color-white\" data-aos=\"fade-up\" data-aos-delay=\"0\" style=\"mask-image: url(https:\/\/www.prologistik.com\/wp-content\/uploads\/icon-server.svg); -webkit-mask-image: url(https:\/\/www.prologistik.com\/wp-content\/uploads\/icon-server.svg);\"><\/div>\t\t\t\t\t\t<span class=\"pagehead-subheadline\"  data-aos=\"fade-up\" data-aos-delay=\"50\">PLG Consulting<\/span>\t\t\t\t\t\t<h1 class=\"pagehead-headline\" data-aos=\"fade-up\" data-aos-delay=\"100\">Conseil en informatique pour le secteur de la logistique<\/h1>\t\t\t\t\t\t\t\t\t\t\t<\/div>\n\t\t\t\t<\/div>\n\t\t\t<\/div>\n\t\t\t\n\t\t\t\t<div class=\"pagehead-background\">\n\t\t\t\t<!-- image_id: 44346 | alt: Banner IT-Beratung -->\t\t\t\t\t\t\t\t\t<img decoding=\"async\" class=\"test\" src=\"https:\/\/www.prologistik.com\/wp-content\/uploads\/pLG_Website_Consulting_IT-Beratung-Logisitk_1920x840px_2024.jpg\" alt=\"Banner IT-Beratung\" \/>\n\t\t\t\t\n\t\t\t\t<\/div>\n\t\t\t<\/div>\n        \n                    \n            <!-- end:pagehead -->\n        \n            \n\n<section class=\"gb-container gb-container-860d3c59\">\n<div class=\"gb-container gb-container-d40320dc gb-container-align-right-half\">\n<div class=\"gb-grid-wrapper gb-grid-wrapper-aba832e3\">\n<div class=\"gb-grid-column gb-grid-column-3e529de4\"><div class=\"gb-container gb-container-3e529de4\">\n\n<div class=\"wp-block-pixel-headline headlines is-subheadline-bottom has-text-align-left\"><h2 class=\"headline\" style=\"color:\">Des solutions informatiques adapt\u00e9es \u00e0 vos besoins<\/h2><\/div>\n\n\n\n<p>Qu&#8217;il s&#8217;agisse de gestion de syst\u00e8mes informatiques, d&#8217;exploitation informatique ou de conseil en informatique, le System-Center, en tant que sp\u00e9cialiste de serveurs, de stockage, de la virtualisation, du r\u00e9seau et de la s\u00e9curit\u00e9 informatique, d\u00e9veloppe des solutions individuelles pour de multiples besoins en informatique. Nous sommes \u00e0 vos c\u00f4t\u00e9s avec un savoir-faire \u00e9tendu, un service sans faille et une orientation client sans compromis, en tenant toujours compte des sp\u00e9cificit\u00e9s de votre secteur.<\/p>\n\n\n\n<p>Au pr\u00e9alable, nous testons tout logiciel de gestion d&#8217;entrep\u00f4t dans notre propre entrep\u00f4t afin de soumettre toutes les fonctionnalit\u00e9s \u00e0 un essai permanent. De cette mani\u00e8re, tant la technique que le support sont optimis\u00e9s de mani\u00e8re durable.<\/p>\n\n<\/div><\/div>\n\n<div data-aos=\"fade-left\" class=\"gb-grid-column gb-grid-column-032e22b8\"><div class=\"gb-container gb-container-032e22b8\">\n\n<figure class=\"wp-block-image size-full\"><img loading=\"lazy\" decoding=\"async\" width=\"900\" height=\"579\" src=\"https:\/\/www.prologistik.com\/wp-content\/uploads\/prologistik-content-plg-store-techline-devices.png\" alt=\"\" class=\"wp-image-9272\" srcset=\"https:\/\/www.prologistik.com\/wp-content\/uploads\/prologistik-content-plg-store-techline-devices.png 900w, https:\/\/www.prologistik.com\/wp-content\/uploads\/prologistik-content-plg-store-techline-devices-300x193.png 300w, https:\/\/www.prologistik.com\/wp-content\/uploads\/prologistik-content-plg-store-techline-devices-150x97.png 150w, https:\/\/www.prologistik.com\/wp-content\/uploads\/prologistik-content-plg-store-techline-devices-768x494.png 768w\" sizes=\"auto, (max-width: 900px) 100vw, 900px\" \/><\/figure>\n\n<\/div><\/div>\n<\/div>\n<\/div>\n<\/section>\n\n<section class=\"gb-container gb-container-129a8a57\">\n<div class=\"gb-container gb-container-7e38c7fe\">\n<div class=\"gb-grid-wrapper gb-grid-wrapper-3453e95d\">\n<div class=\"gb-grid-column gb-grid-column-aa914279\"><div class=\"gb-container gb-container-aa914279\">\n\n<div class=\"wp-block-pixel-headline headlines is-subheadline-top has-text-align-left\"><h2 class=\"headline\" style=\"color:\">Pour des exigences multiples :<\/h2><\/div>\n\n<\/div><\/div>\n\n<div data-aos=\"fade-up\" class=\"gb-grid-column gb-grid-column-3340241a\"><div class=\"gb-container gb-container-3340241a\">\n<div class=\"gb-grid-wrapper gb-grid-wrapper-c256a564\">\n<div class=\"gb-grid-column gb-grid-column-ae9a9a58\"><div class=\"gb-container gb-container-ae9a9a58\">\n    <div id=\"iconbox-block_d4706fff5680d6dc586a1cfbb4cbe287\" class=\"iconbox layout-row style-normal icon-has-color\">\n        <div class=\"iconbox-content-wrap\">\n            <div class=\"iconbox-headline-wrap color-blue\">\n                <div class=\"iconbox-icon-wrap\">\n                                        <div class=\"iconbox-icon\" style=\"mask-image:url('https:\/\/www.prologistik.com\/wp-content\/uploads\/icon-checkmark-round.svg');-webkit-mask-image: url('https:\/\/www.prologistik.com\/wp-content\/uploads\/icon-checkmark-round.svg);\">\n                    <\/div>\n                                    <\/div>\n                <div class=\"iconbox-headline\">\n                    Gestion de syst\u00e8mes informatiques                  <\/div>\n            <\/div>\n                        <div class=\"iconbox-copytext\">\n                <ul>\n<li>Administration<\/li>\n<li>Approvisionnement du syst\u00e8me<\/li>\n<li>Gestion de la configuration<\/li>\n<li>Suivi de la mise en \u0153uvre de syst\u00e8mes et de logiciels<\/li>\n<li>Support de 2\u00e8me et 3\u00e8me niveau<\/li>\n<li>Maintenance (gestion des correctifs, entretien du mat\u00e9riel, etc.)<\/li>\n<\/ul>\n                            <\/div>\n                    <\/div> \n    <\/div>\n    \n<\/div><\/div>\n\n<div data-aos-delay=\"150\" data-aos=\"fade-up\" class=\"gb-grid-column gb-grid-column-7b0c7f3e\"><div class=\"gb-container gb-container-7b0c7f3e\">\n    <div id=\"iconbox-block_a0f5ffed00041aac80dcfe50d6cd2e70\" class=\"iconbox layout-row style-normal icon-has-color\">\n        <div class=\"iconbox-content-wrap\">\n            <div class=\"iconbox-headline-wrap color-blue\">\n                <div class=\"iconbox-icon-wrap\">\n                                        <div class=\"iconbox-icon\" style=\"mask-image:url('https:\/\/www.prologistik.com\/wp-content\/uploads\/icon-checkmark-round.svg');-webkit-mask-image: url('https:\/\/www.prologistik.com\/wp-content\/uploads\/icon-checkmark-round.svg);\">\n                    <\/div>\n                                    <\/div>\n                <div class=\"iconbox-headline\">\n                    Exploitation informatique                <\/div>\n            <\/div>\n                        <div class=\"iconbox-copytext\">\n                <ul>\n<li>Soutien op\u00e9rationnel (sur site)<\/li>\n<li>Exploitation de syst\u00e8mes propres au client<\/li>\n<li>Syst\u00e8mes et logiciels en\u00a0\u00a0\u00a0\u00a0 tant que service (cloud)<\/li>\n<li>Plate-forme en tant que service (PaaS)<\/li>\n<li>Desktop en tant que service (DaaS)<\/li>\n<li>Logiciel en tant que service (SaaS)<\/li>\n<\/ul>\n                            <\/div>\n                    <\/div> \n    <\/div>\n    \n<\/div><\/div>\n\n<div data-aos-delay=\"300\" data-aos=\"fade-up\" class=\"gb-grid-column gb-grid-column-8e2afc92\"><div class=\"gb-container gb-container-8e2afc92\">\n    <div id=\"iconbox-block_922a869f15fe7cc4b97ff862cff412bf\" class=\"iconbox layout-row style-normal icon-has-color\">\n        <div class=\"iconbox-content-wrap\">\n            <div class=\"iconbox-headline-wrap color-blue\">\n                <div class=\"iconbox-icon-wrap\">\n                                        <div class=\"iconbox-icon\" style=\"mask-image:url('https:\/\/www.prologistik.com\/wp-content\/uploads\/icon-checkmark-round.svg');-webkit-mask-image: url('https:\/\/www.prologistik.com\/wp-content\/uploads\/icon-checkmark-round.svg);\">\n                    <\/div>\n                                    <\/div>\n                <div class=\"iconbox-headline\">\n                    Conseil en informatique                <\/div>\n            <\/div>\n                        <div class=\"iconbox-copytext\">\n                <ul>\n<li>Analyse et \u00e9valuation<\/li>\n<li>Conseil en processus, technologie et investissement<\/li>\n<li>Gestion de projets informatiques<\/li>\n<li>Gestion des services informatiques (ITSM)<\/li>\n<\/ul>\n                            <\/div>\n                    <\/div> \n    <\/div>\n    \n<\/div><\/div>\n\n<div data-aos-delay=\"450\" data-aos=\"fade-up\" class=\"gb-grid-column gb-grid-column-02cdfae3\"><div class=\"gb-container gb-container-02cdfae3\">\n    <div id=\"iconbox-block_8146aa3c6ff337c393ca668b0f5b51f3\" class=\"iconbox layout-row style-normal icon-has-color\">\n        <div class=\"iconbox-content-wrap\">\n            <div class=\"iconbox-headline-wrap color-blue\">\n                <div class=\"iconbox-icon-wrap\">\n                                        <div class=\"iconbox-icon\" style=\"mask-image:url('https:\/\/www.prologistik.com\/wp-content\/uploads\/icon-checkmark-round.svg');-webkit-mask-image: url('https:\/\/www.prologistik.com\/wp-content\/uploads\/icon-checkmark-round.svg);\">\n                    <\/div>\n                                    <\/div>\n                <div class=\"iconbox-headline\">\n                    Solutions cloud                <\/div>\n            <\/div>\n                        <div class=\"iconbox-copytext\">\n                <ul>\n<li>Conseil, conception et exploitation dans des environnements cloud (cloud pLG, clouds publics et priv\u00e9s)<\/li>\n<li>Planification, mise en \u0153uvre et exploitation de pLG WMS dans le pLG Cloud<\/li>\n<li>Exploitation de pLG WMS \/ pL-Easy en tant que solution SaaS dans le pLG Cloud<\/li>\n<li>Exploitation de pLG WMS \/ pL-Easy dans des clouds publics et priv\u00e9s<\/li>\n<\/ul>\n                            <\/div>\n                    <\/div> \n    <\/div>\n    \n<\/div><\/div>\n<\/div>\n<\/div><\/div>\n<\/div>\n<\/div>\n<\/section>\n\n<section class=\"gb-container gb-container-8ecea1ef\">\n<div class=\"gb-container gb-container-4e8397ba\">\n<div class=\"gb-grid-wrapper gb-grid-wrapper-8bc8944d\">\n<div data-aos=\"fade-left\" class=\"gb-grid-column gb-grid-column-6d3f79c9\"><div class=\"gb-container gb-container-6d3f79c9\">\n\n<p class=\"has-text-align-center\" style=\"font-size:1.75rem;font-style:normal;font-weight:300\">Notre System-Center est \u00e0 votre disposition par t\u00e9l\u00e9phone via le num\u00e9ro de service <a href=\"tel:+33(0) 251818585\">+33 (0) 251 81 85 85<\/a> du lundi au vendredi de 9h00 \u00e0 17h00 ainsi que sous systemcenter-vertrieb@prologistik.com. Ici, vous avez la possibilit\u00e9 de vous renseigner sur nos multiples services d&#8217;assistance.<\/p>\n\n<\/div><\/div>\n<\/div>\n<\/div>\n<\/section>\n\n        \n            <!-- contact-form -->\n        \n                    \n            <!-- end:contact-form -->\n        \n            ","protected":false},"excerpt":{"rendered":"","protected":false},"author":1,"featured_media":0,"parent":30221,"menu_order":1,"comment_status":"closed","ping_status":"closed","template":"","meta":{"_acf_changed":false,"footnotes":""},"class_list":["post-30253","page","type-page","status-publish"],"acf":[],"yoast_head":"<!-- This site is optimized with the Yoast SEO Premium plugin v26.9 (Yoast SEO v27.5) - https:\/\/yoast.com\/product\/yoast-seo-premium-wordpress\/ -->\n<title>\ud83d\udca1 Conseil IT pour la logistique | Solutions sur mesure proLogistik<\/title>\n<meta name=\"description\" content=\"Solutions informatiques selon vos besoins \u2714\ufe0f Gestion des syst\u00e8mes informatiques \u2714\ufe0f Exploitation informatique \u2714\ufe0f Conseil informatique \u2714\ufe0f Solutions cloud \u2714\ufe0f\" \/>\n<meta name=\"robots\" content=\"index, follow, max-snippet:-1, max-image-preview:large, max-video-preview:-1\" \/>\n<link rel=\"canonical\" href=\"https:\/\/www.prologistik.com\/fr\/conseil\/conseil-en-informatique-logistique\/\" \/>\n<meta property=\"og:locale\" content=\"fr_FR\" \/>\n<meta property=\"og:type\" content=\"article\" \/>\n<meta property=\"og:title\" content=\"Conseil en informatique dans la logistique\" \/>\n<meta property=\"og:description\" content=\"Solutions informatiques selon vos besoins \u2714\ufe0f Gestion des syst\u00e8mes informatiques \u2714\ufe0f Exploitation informatique \u2714\ufe0f Conseil informatique \u2714\ufe0f Solutions cloud \u2714\ufe0f\" \/>\n<meta property=\"og:url\" content=\"https:\/\/www.prologistik.com\/fr\/conseil\/conseil-en-informatique-logistique\/\" \/>\n<meta property=\"og:site_name\" content=\"proLogistik Group\" \/>\n<meta property=\"article:modified_time\" content=\"2025-10-09T08:37:09+00:00\" \/>\n<meta property=\"og:image\" content=\"https:\/\/www.prologistik.com\/wp-content\/uploads\/prologistik-content-plg-store-techline-devices.png\" \/>\n<meta name=\"twitter:card\" content=\"summary_large_image\" \/>\n<meta name=\"twitter:label1\" content=\"Dur\u00e9e de lecture estim\u00e9e\" \/>\n\t<meta name=\"twitter:data1\" content=\"1 minute\" \/>\n<script type=\"application\/ld+json\" class=\"yoast-schema-graph\">{\"@context\":\"https:\\\/\\\/schema.org\",\"@graph\":[{\"@type\":\"WebPage\",\"@id\":\"https:\\\/\\\/www.prologistik.com\\\/fr\\\/conseil\\\/conseil-en-informatique-logistique\\\/\",\"url\":\"https:\\\/\\\/www.prologistik.com\\\/fr\\\/conseil\\\/conseil-en-informatique-logistique\\\/\",\"name\":\"\ud83d\udca1 Conseil IT pour la logistique | Solutions sur mesure proLogistik\",\"isPartOf\":{\"@id\":\"https:\\\/\\\/www.prologistik.com\\\/fr\\\/#website\"},\"primaryImageOfPage\":{\"@id\":\"https:\\\/\\\/www.prologistik.com\\\/fr\\\/conseil\\\/conseil-en-informatique-logistique\\\/#primaryimage\"},\"image\":{\"@id\":\"https:\\\/\\\/www.prologistik.com\\\/fr\\\/conseil\\\/conseil-en-informatique-logistique\\\/#primaryimage\"},\"thumbnailUrl\":\"https:\\\/\\\/www.prologistik.com\\\/wp-content\\\/uploads\\\/prologistik-content-plg-store-techline-devices.png\",\"datePublished\":\"2023-03-28T12:15:23+00:00\",\"dateModified\":\"2025-10-09T08:37:09+00:00\",\"description\":\"Solutions informatiques selon vos besoins \u2714\ufe0f Gestion des syst\u00e8mes informatiques \u2714\ufe0f Exploitation informatique \u2714\ufe0f Conseil informatique \u2714\ufe0f Solutions cloud \u2714\ufe0f\",\"breadcrumb\":{\"@id\":\"https:\\\/\\\/www.prologistik.com\\\/fr\\\/conseil\\\/conseil-en-informatique-logistique\\\/#breadcrumb\"},\"inLanguage\":\"fr-FR\",\"potentialAction\":[{\"@type\":\"ReadAction\",\"target\":[\"https:\\\/\\\/www.prologistik.com\\\/fr\\\/conseil\\\/conseil-en-informatique-logistique\\\/\"]}]},{\"@type\":\"ImageObject\",\"inLanguage\":\"fr-FR\",\"@id\":\"https:\\\/\\\/www.prologistik.com\\\/fr\\\/conseil\\\/conseil-en-informatique-logistique\\\/#primaryimage\",\"url\":\"https:\\\/\\\/www.prologistik.com\\\/wp-content\\\/uploads\\\/prologistik-content-plg-store-techline-devices.png\",\"contentUrl\":\"https:\\\/\\\/www.prologistik.com\\\/wp-content\\\/uploads\\\/prologistik-content-plg-store-techline-devices.png\"},{\"@type\":\"BreadcrumbList\",\"@id\":\"https:\\\/\\\/www.prologistik.com\\\/fr\\\/conseil\\\/conseil-en-informatique-logistique\\\/#breadcrumb\",\"itemListElement\":[{\"@type\":\"ListItem\",\"position\":1,\"name\":\"Startseite\",\"item\":\"https:\\\/\\\/www.prologistik.com\\\/fr\\\/\"},{\"@type\":\"ListItem\",\"position\":2,\"name\":\"Conseil\",\"item\":\"https:\\\/\\\/www.prologistik.com\\\/fr\\\/conseil\\\/\"},{\"@type\":\"ListItem\",\"position\":3,\"name\":\"Conseil en informatique dans la logistique\"}]},{\"@type\":\"WebSite\",\"@id\":\"https:\\\/\\\/www.prologistik.com\\\/fr\\\/#website\",\"url\":\"https:\\\/\\\/www.prologistik.com\\\/fr\\\/\",\"name\":\"proLogistik Group\",\"description\":\"Software und Hardware f\u00fcr die Intralogistik\",\"publisher\":{\"@id\":\"https:\\\/\\\/www.prologistik.com\\\/fr\\\/#organization\"},\"potentialAction\":[{\"@type\":\"SearchAction\",\"target\":{\"@type\":\"EntryPoint\",\"urlTemplate\":\"https:\\\/\\\/www.prologistik.com\\\/fr\\\/?s={search_term_string}\"},\"query-input\":{\"@type\":\"PropertyValueSpecification\",\"valueRequired\":true,\"valueName\":\"search_term_string\"}}],\"inLanguage\":\"fr-FR\"},{\"@type\":\"Organization\",\"@id\":\"https:\\\/\\\/www.prologistik.com\\\/fr\\\/#organization\",\"name\":\"proLogistik Group\",\"url\":\"https:\\\/\\\/www.prologistik.com\\\/fr\\\/\",\"logo\":{\"@type\":\"ImageObject\",\"inLanguage\":\"fr-FR\",\"@id\":\"https:\\\/\\\/www.prologistik.com\\\/fr\\\/#\\\/schema\\\/logo\\\/image\\\/\",\"url\":\"https:\\\/\\\/www.prologistik.com\\\/wp-content\\\/uploads\\\/prologistik-logo-web.svg\",\"contentUrl\":\"https:\\\/\\\/www.prologistik.com\\\/wp-content\\\/uploads\\\/prologistik-logo-web.svg\",\"width\":320,\"height\":59,\"caption\":\"proLogistik Group\"},\"image\":{\"@id\":\"https:\\\/\\\/www.prologistik.com\\\/fr\\\/#\\\/schema\\\/logo\\\/image\\\/\"}}]}<\/script>\n<!-- \/ Yoast SEO Premium plugin. -->","yoast_head_json":{"title":"\ud83d\udca1 Conseil IT pour la logistique | Solutions sur mesure proLogistik","description":"Solutions informatiques selon vos besoins \u2714\ufe0f Gestion des syst\u00e8mes informatiques \u2714\ufe0f Exploitation informatique \u2714\ufe0f Conseil informatique \u2714\ufe0f Solutions cloud \u2714\ufe0f","robots":{"index":"index","follow":"follow","max-snippet":"max-snippet:-1","max-image-preview":"max-image-preview:large","max-video-preview":"max-video-preview:-1"},"canonical":"https:\/\/www.prologistik.com\/fr\/conseil\/conseil-en-informatique-logistique\/","og_locale":"fr_FR","og_type":"article","og_title":"Conseil en informatique dans la logistique","og_description":"Solutions informatiques selon vos besoins \u2714\ufe0f Gestion des syst\u00e8mes informatiques \u2714\ufe0f Exploitation informatique \u2714\ufe0f Conseil informatique \u2714\ufe0f Solutions cloud \u2714\ufe0f","og_url":"https:\/\/www.prologistik.com\/fr\/conseil\/conseil-en-informatique-logistique\/","og_site_name":"proLogistik Group","article_modified_time":"2025-10-09T08:37:09+00:00","og_image":[{"url":"https:\/\/www.prologistik.com\/wp-content\/uploads\/prologistik-content-plg-store-techline-devices.png","type":"","width":"","height":""}],"twitter_card":"summary_large_image","twitter_misc":{"Dur\u00e9e de lecture estim\u00e9e":"1 minute"},"schema":{"@context":"https:\/\/schema.org","@graph":[{"@type":"WebPage","@id":"https:\/\/www.prologistik.com\/fr\/conseil\/conseil-en-informatique-logistique\/","url":"https:\/\/www.prologistik.com\/fr\/conseil\/conseil-en-informatique-logistique\/","name":"\ud83d\udca1 Conseil IT pour la logistique | Solutions sur mesure proLogistik","isPartOf":{"@id":"https:\/\/www.prologistik.com\/fr\/#website"},"primaryImageOfPage":{"@id":"https:\/\/www.prologistik.com\/fr\/conseil\/conseil-en-informatique-logistique\/#primaryimage"},"image":{"@id":"https:\/\/www.prologistik.com\/fr\/conseil\/conseil-en-informatique-logistique\/#primaryimage"},"thumbnailUrl":"https:\/\/www.prologistik.com\/wp-content\/uploads\/prologistik-content-plg-store-techline-devices.png","datePublished":"2023-03-28T12:15:23+00:00","dateModified":"2025-10-09T08:37:09+00:00","description":"Solutions informatiques selon vos besoins \u2714\ufe0f Gestion des syst\u00e8mes informatiques \u2714\ufe0f Exploitation informatique \u2714\ufe0f Conseil informatique \u2714\ufe0f Solutions cloud \u2714\ufe0f","breadcrumb":{"@id":"https:\/\/www.prologistik.com\/fr\/conseil\/conseil-en-informatique-logistique\/#breadcrumb"},"inLanguage":"fr-FR","potentialAction":[{"@type":"ReadAction","target":["https:\/\/www.prologistik.com\/fr\/conseil\/conseil-en-informatique-logistique\/"]}]},{"@type":"ImageObject","inLanguage":"fr-FR","@id":"https:\/\/www.prologistik.com\/fr\/conseil\/conseil-en-informatique-logistique\/#primaryimage","url":"https:\/\/www.prologistik.com\/wp-content\/uploads\/prologistik-content-plg-store-techline-devices.png","contentUrl":"https:\/\/www.prologistik.com\/wp-content\/uploads\/prologistik-content-plg-store-techline-devices.png"},{"@type":"BreadcrumbList","@id":"https:\/\/www.prologistik.com\/fr\/conseil\/conseil-en-informatique-logistique\/#breadcrumb","itemListElement":[{"@type":"ListItem","position":1,"name":"Startseite","item":"https:\/\/www.prologistik.com\/fr\/"},{"@type":"ListItem","position":2,"name":"Conseil","item":"https:\/\/www.prologistik.com\/fr\/conseil\/"},{"@type":"ListItem","position":3,"name":"Conseil en informatique dans la logistique"}]},{"@type":"WebSite","@id":"https:\/\/www.prologistik.com\/fr\/#website","url":"https:\/\/www.prologistik.com\/fr\/","name":"proLogistik Group","description":"Software und Hardware f\u00fcr die Intralogistik","publisher":{"@id":"https:\/\/www.prologistik.com\/fr\/#organization"},"potentialAction":[{"@type":"SearchAction","target":{"@type":"EntryPoint","urlTemplate":"https:\/\/www.prologistik.com\/fr\/?s={search_term_string}"},"query-input":{"@type":"PropertyValueSpecification","valueRequired":true,"valueName":"search_term_string"}}],"inLanguage":"fr-FR"},{"@type":"Organization","@id":"https:\/\/www.prologistik.com\/fr\/#organization","name":"proLogistik Group","url":"https:\/\/www.prologistik.com\/fr\/","logo":{"@type":"ImageObject","inLanguage":"fr-FR","@id":"https:\/\/www.prologistik.com\/fr\/#\/schema\/logo\/image\/","url":"https:\/\/www.prologistik.com\/wp-content\/uploads\/prologistik-logo-web.svg","contentUrl":"https:\/\/www.prologistik.com\/wp-content\/uploads\/prologistik-logo-web.svg","width":320,"height":59,"caption":"proLogistik Group"},"image":{"@id":"https:\/\/www.prologistik.com\/fr\/#\/schema\/logo\/image\/"}}]}},"_links":{"self":[{"href":"https:\/\/www.prologistik.com\/fr\/wp-json\/wp\/v2\/pages\/30253","targetHints":{"allow":["GET"]}}],"collection":[{"href":"https:\/\/www.prologistik.com\/fr\/wp-json\/wp\/v2\/pages"}],"about":[{"href":"https:\/\/www.prologistik.com\/fr\/wp-json\/wp\/v2\/types\/page"}],"author":[{"embeddable":true,"href":"https:\/\/www.prologistik.com\/fr\/wp-json\/wp\/v2\/users\/1"}],"replies":[{"embeddable":true,"href":"https:\/\/www.prologistik.com\/fr\/wp-json\/wp\/v2\/comments?post=30253"}],"version-history":[{"count":6,"href":"https:\/\/www.prologistik.com\/fr\/wp-json\/wp\/v2\/pages\/30253\/revisions"}],"predecessor-version":[{"id":52569,"href":"https:\/\/www.prologistik.com\/fr\/wp-json\/wp\/v2\/pages\/30253\/revisions\/52569"}],"up":[{"embeddable":true,"href":"https:\/\/www.prologistik.com\/fr\/wp-json\/wp\/v2\/pages\/30221"}],"wp:attachment":[{"href":"https:\/\/www.prologistik.com\/fr\/wp-json\/wp\/v2\/media?parent=30253"}],"curies":[{"name":"wp","href":"https:\/\/api.w.org\/{rel}","templated":true}]}}