{"id":30208,"date":"2023-04-13T13:06:49","date_gmt":"2023-04-13T11:06:49","guid":{"rendered":"https:\/\/prologistik.pixel-tal.de\/magazine\/salons-evenements"},"modified":"2026-04-20T16:14:54","modified_gmt":"2026-04-20T14:14:54","slug":"salons-evenements","status":"publish","type":"page","link":"https:\/\/www.prologistik.com\/fr\/actualites\/salons-evenements\/","title":{"rendered":"Salons &amp; \u00e9v\u00e9nements"},"content":{"rendered":"        \n            <!-- pagehead -->\n        \n                    \n\t\t\t<div id=\"pagehead-block_01381444063c5ebf0ba2121293ecbbde\" class=\"pagehead size-small\">\n\t\t\t\t\t\t\t<div class=\"pagehead-canvas\">\n\t\t\t\t<div class=\"pagehead-content has-bg-color bg-color-blue\">\n\t\t\t\t\t<div class=\"pagehead-content-inner\">\n\t\t\t\t\t\t\t\t\t\t\t\t<span class=\"pagehead-subheadline\"  data-aos=\"fade-up\" data-aos-delay=\"50\">retrouvez-nous ici<\/span>\t\t\t\t\t\t<h1 class=\"pagehead-headline\" data-aos=\"fade-up\" data-aos-delay=\"100\">Salons &amp; \u00e9v\u00e9nements<\/h1>\t\t\t\t\t\t\t\t\t\t\t<\/div>\n\t\t\t\t<\/div>\n\t\t\t<\/div>\n\t\t\t\n\t\t\t\t<div class=\"pagehead-background\">\n\t\t\t\t<!-- image_id: 33968 | alt:  -->\t\t\t\t\t\t\t\t\t<img decoding=\"async\" class=\"test\" src=\"https:\/\/www.prologistik.com\/wp-content\/uploads\/prologistik-header-neutral.jpg\" alt=\"\" \/>\n\t\t\t\t\n\t\t\t\t<\/div>\n\t\t\t<\/div>\n        \n                    \n            <!-- end:pagehead -->\n        \n            \n\n<section class=\"gb-container gb-container-c656d10e\">\n<div class=\"gb-container gb-container-986c8f8d\">\n<div class=\"gb-grid-wrapper gb-grid-wrapper-a47a69b2\">\n<div class=\"gb-grid-column gb-grid-column-0d27ddd9\"><div class=\"gb-container gb-container-0d27ddd9\">\n\n<div class=\"wp-block-pixel-headline headlines is-subheadline-top has-text-align-left\"><h2 class=\"headline\" style=\"color:var(--color-dark-grey)\">Ev\u00e9nements \u00e0 venir<\/h2><span class=\"subheadline\" style=\"color:var(--color-blue)\">EvEnements et SALONS<\/span><\/div>\n\n\n\n<p>Venez nous rencontrer lors de manifestations, de salons professionnels, ainsi que lors de webinaires avec des clients, des partenaires et des experts.<\/p>\n\n\n\n<ul class=\"wp-block-list\">\n<li><strong><a class=\"wpil_keyword_link\" href=\"https:\/\/www.prologistik.com\/fr\/lexique-de-la-logistique\/gestion-de-la-chaine-dapprovisionnement\/\" title=\"Supply Chain\" data-wpil-keyword-link=\"linked\" data-wpil-monitor-id=\"901\">Supply Chain<\/a> Event<\/strong>, les 1er &amp; 2 d\u00e9cembre, \u00e0 Paris Porte de Versailles <\/li>\n\n\n\n<li>Nous nous r\u00e9jouissons de votre visite.<\/li>\n\n\n\n<li>Les \u00e9quipes du groupe proLogistik<\/li>\n<\/ul>\n\n<\/div><\/div>\n\n<div class=\"gb-grid-column gb-grid-column-7a301a71\"><div class=\"gb-container gb-container-7a301a71\">\n\n<div class=\"wp-block-pixel-headline headlines is-subheadline-top has-text-align-left\"><h2 class=\"headline\" style=\"color:\"><strong>Recevoir une invitation<\/strong><\/h2><span class=\"subheadline\" style=\"color:var(--color-blue)\">Invitations aux EVENEMENTS<\/span><\/div>\n\n\n\n<p>Nous participons \u00e0 des \u00e9v\u00e9nements tout au long de l&#8217;ann\u00e9e. Nous serions ravis de vous convier \u00e0 ces \u00e9v\u00e9nements professionnels d\u00e9di\u00e9s \u00e0 la <a class=\"wpil_keyword_link\" href=\"https:\/\/www.prologistik.com\/fr\/lexique-de-la-logistique\/gestion-de-la-chaine-dapprovisionnement\/\" title=\"supply chain\" data-wpil-keyword-link=\"linked\" data-wpil-monitor-id=\"187\">supply chain<\/a>. <\/p>\n\n\n\n<p>Pour recevoir une invitation gratuite, envoyez-nous votre demande via le formulaire ci-dessous:<\/p>\n\n\n\n<div class=\"wp-block-buttons is-layout-flex wp-block-buttons-is-layout-flex\">\n<div class=\"wp-block-button\"><a class=\"wp-block-button__link has-color-blue-background-color has-background wp-element-button\" href=\"\/fr\/?page_id=49539\">Demander une invitation<\/a><\/div>\n<\/div>\n\n<\/div><\/div>\n\n<div class=\"gb-grid-column gb-grid-column-c4b9cbad\"><div class=\"gb-container gb-container-c4b9cbad\">\n\n<figure class=\"wp-block-image size-full is-resized\"><img loading=\"lazy\" decoding=\"async\" width=\"539\" height=\"314\" src=\"https:\/\/www.prologistik.com\/wp-content\/uploads\/Logo-SITL-FR-25-blk.png.coredownload.321138238.png\" alt=\"\" class=\"wp-image-46238\" style=\"width:206px;height:auto\" srcset=\"https:\/\/www.prologistik.com\/wp-content\/uploads\/Logo-SITL-FR-25-blk.png.coredownload.321138238.png 539w, https:\/\/www.prologistik.com\/wp-content\/uploads\/Logo-SITL-FR-25-blk.png.coredownload.321138238-300x175.png 300w, https:\/\/www.prologistik.com\/wp-content\/uploads\/Logo-SITL-FR-25-blk.png.coredownload.321138238-150x87.png 150w\" sizes=\"auto, (max-width: 539px) 100vw, 539px\" \/><\/figure>\n\n\n\n<div class=\"wp-block-pixel-headline headlines is-subheadline-top has-text-align-left\"><h3 class=\"headline\" style=\"color:\">Le salon du Transport et de la Logistique<\/h3><\/div>\n\n\n\n<p>\u00c0 l&#8217;occasion de la Semaine de l\u2019Innovation du Transport &amp; de la Logistique, les \u00e9quipes de DSIA seront pr\u00e9sentes sur le stand <strong>R076 <\/strong>pour \u00e9changer autour des meilleures pratiques de l\u2019optimisation de la logistique et partager leur expertise m\u00e9tier. Elles vous pr\u00e9senteront quatre solutions phares :<\/p>\n\n\n\n<ul class=\"wp-block-list\">\n<li><strong>Solution instore :<\/strong> module de pr\u00e9paration de commandes e-commerce en magasin.<\/li>\n\n\n\n<li><strong>AB Value Time Tracking :<\/strong> outil de capture des temps, planification, pilotage des indicateurs et suivi budg\u00e9taire.<\/li>\n\n\n\n<li><strong>pLG Tour Planning :<\/strong> application web bas\u00e9e sur l&#8217;IA pour la planification et l&#8217;optimisation des tourn\u00e9es.<\/li>\n\n\n\n<li><strong>pLG Notification :<\/strong> plateforme web automatisant la notification des livraisons pour optimiser la cha\u00eene de processus.<\/li>\n<\/ul>\n\n\n\n<p>Les visiteurs pourront assister \u00e0 des d\u00e9monstrations de ces outils et \u00e9changer sur les r\u00e9centes r\u00e9ussites de DSIA avec ses clients. N&#8217;h\u00e9sitez pas \u00e0 r\u00e9server votre badge<a href=\"https:\/\/www.sitl.eu\/fr-fr\/register.html?code=1299761616446174-X33\" target=\"_blank\" rel=\"noreferrer noopener nofollow\"> <mark class=\"has-inline-color has-color-blue-color\">ici.<\/mark><\/a> Pour assister \u00e0 une d\u00e9mo, rendez-vous ensuite sur la plateforme MySitl<\/p>\n\n<\/div><\/div>\n\n<div class=\"gb-grid-column gb-grid-column-2752d50e\"><div class=\"gb-container gb-container-2752d50e\"><\/div><\/div>\n\n<div class=\"gb-grid-column gb-grid-column-658a382d\"><div class=\"gb-container gb-container-658a382d\"><\/div><\/div>\n<\/div>\n<\/div>\n<\/section>\n\n\n<p><\/p>\n","protected":false},"excerpt":{"rendered":"","protected":false},"author":1,"featured_media":0,"parent":29529,"menu_order":1,"comment_status":"closed","ping_status":"closed","template":"","meta":{"_acf_changed":false,"footnotes":""},"class_list":["post-30208","page","type-page","status-publish"],"acf":[],"yoast_head":"<!-- This site is optimized with the Yoast SEO Premium plugin v26.9 (Yoast SEO v27.5) - https:\/\/yoast.com\/product\/yoast-seo-premium-wordpress\/ -->\n<title>Salons &amp; \u00e9v\u00e9nements du groupe proLogistik<\/title>\n<meta name=\"description\" content=\"Warehouse, Transportation, Hardware &amp; Consulting \u2714\ufe0f Aper\u00e7u des salons et \u00e9v\u00e9nements auxquels nous participons \u2714\ufe0f\" \/>\n<meta name=\"robots\" content=\"index, follow, max-snippet:-1, max-image-preview:large, max-video-preview:-1\" \/>\n<link rel=\"canonical\" href=\"https:\/\/www.prologistik.com\/fr\/actualites\/salons-evenements\/\" \/>\n<meta property=\"og:locale\" content=\"fr_FR\" \/>\n<meta property=\"og:type\" content=\"article\" \/>\n<meta property=\"og:title\" content=\"Salons &amp; \u00e9v\u00e9nements\" \/>\n<meta property=\"og:description\" content=\"Warehouse, Transportation, Hardware &amp; Consulting \u2714\ufe0f Aper\u00e7u des salons et \u00e9v\u00e9nements auxquels nous participons \u2714\ufe0f\" \/>\n<meta property=\"og:url\" content=\"https:\/\/www.prologistik.com\/fr\/actualites\/salons-evenements\/\" \/>\n<meta property=\"og:site_name\" content=\"proLogistik Group\" \/>\n<meta property=\"article:modified_time\" content=\"2026-04-20T14:14:54+00:00\" \/>\n<meta property=\"og:image\" content=\"https:\/\/www.prologistik.com\/wp-content\/uploads\/Logo-SITL-FR-25-blk.png.coredownload.321138238.png\" \/>\n<meta name=\"twitter:card\" content=\"summary_large_image\" \/>\n<meta name=\"twitter:label1\" content=\"Dur\u00e9e de lecture estim\u00e9e\" \/>\n\t<meta name=\"twitter:data1\" content=\"1 minute\" \/>\n<script type=\"application\/ld+json\" class=\"yoast-schema-graph\">{\"@context\":\"https:\\\/\\\/schema.org\",\"@graph\":[{\"@type\":\"WebPage\",\"@id\":\"https:\\\/\\\/www.prologistik.com\\\/fr\\\/actualites\\\/salons-evenements\\\/\",\"url\":\"https:\\\/\\\/www.prologistik.com\\\/fr\\\/actualites\\\/salons-evenements\\\/\",\"name\":\"Salons & \u00e9v\u00e9nements du groupe proLogistik\",\"isPartOf\":{\"@id\":\"https:\\\/\\\/www.prologistik.com\\\/fr\\\/#website\"},\"primaryImageOfPage\":{\"@id\":\"https:\\\/\\\/www.prologistik.com\\\/fr\\\/actualites\\\/salons-evenements\\\/#primaryimage\"},\"image\":{\"@id\":\"https:\\\/\\\/www.prologistik.com\\\/fr\\\/actualites\\\/salons-evenements\\\/#primaryimage\"},\"thumbnailUrl\":\"https:\\\/\\\/www.prologistik.com\\\/wp-content\\\/uploads\\\/Logo-SITL-FR-25-blk.png.coredownload.321138238.png\",\"datePublished\":\"2023-04-13T11:06:49+00:00\",\"dateModified\":\"2026-04-20T14:14:54+00:00\",\"description\":\"Warehouse, Transportation, Hardware & Consulting \u2714\ufe0f Aper\u00e7u des salons et \u00e9v\u00e9nements auxquels nous participons \u2714\ufe0f\",\"breadcrumb\":{\"@id\":\"https:\\\/\\\/www.prologistik.com\\\/fr\\\/actualites\\\/salons-evenements\\\/#breadcrumb\"},\"inLanguage\":\"fr-FR\",\"potentialAction\":[{\"@type\":\"ReadAction\",\"target\":[\"https:\\\/\\\/www.prologistik.com\\\/fr\\\/actualites\\\/salons-evenements\\\/\"]}]},{\"@type\":\"ImageObject\",\"inLanguage\":\"fr-FR\",\"@id\":\"https:\\\/\\\/www.prologistik.com\\\/fr\\\/actualites\\\/salons-evenements\\\/#primaryimage\",\"url\":\"https:\\\/\\\/www.prologistik.com\\\/wp-content\\\/uploads\\\/Logo-SITL-FR-25-blk.png.coredownload.321138238.png\",\"contentUrl\":\"https:\\\/\\\/www.prologistik.com\\\/wp-content\\\/uploads\\\/Logo-SITL-FR-25-blk.png.coredownload.321138238.png\"},{\"@type\":\"BreadcrumbList\",\"@id\":\"https:\\\/\\\/www.prologistik.com\\\/fr\\\/actualites\\\/salons-evenements\\\/#breadcrumb\",\"itemListElement\":[{\"@type\":\"ListItem\",\"position\":1,\"name\":\"Startseite\",\"item\":\"https:\\\/\\\/www.prologistik.com\\\/fr\\\/\"},{\"@type\":\"ListItem\",\"position\":2,\"name\":\"Actualit\u00e9s\",\"item\":\"https:\\\/\\\/www.prologistik.com\\\/fr\\\/actualites\\\/\"},{\"@type\":\"ListItem\",\"position\":3,\"name\":\"Salons &amp; \u00e9v\u00e9nements\"}]},{\"@type\":\"WebSite\",\"@id\":\"https:\\\/\\\/www.prologistik.com\\\/fr\\\/#website\",\"url\":\"https:\\\/\\\/www.prologistik.com\\\/fr\\\/\",\"name\":\"proLogistik Group\",\"description\":\"Software und Hardware f\u00fcr die Intralogistik\",\"publisher\":{\"@id\":\"https:\\\/\\\/www.prologistik.com\\\/fr\\\/#organization\"},\"potentialAction\":[{\"@type\":\"SearchAction\",\"target\":{\"@type\":\"EntryPoint\",\"urlTemplate\":\"https:\\\/\\\/www.prologistik.com\\\/fr\\\/?s={search_term_string}\"},\"query-input\":{\"@type\":\"PropertyValueSpecification\",\"valueRequired\":true,\"valueName\":\"search_term_string\"}}],\"inLanguage\":\"fr-FR\"},{\"@type\":\"Organization\",\"@id\":\"https:\\\/\\\/www.prologistik.com\\\/fr\\\/#organization\",\"name\":\"proLogistik Group\",\"url\":\"https:\\\/\\\/www.prologistik.com\\\/fr\\\/\",\"logo\":{\"@type\":\"ImageObject\",\"inLanguage\":\"fr-FR\",\"@id\":\"https:\\\/\\\/www.prologistik.com\\\/fr\\\/#\\\/schema\\\/logo\\\/image\\\/\",\"url\":\"https:\\\/\\\/www.prologistik.com\\\/wp-content\\\/uploads\\\/prologistik-logo-web.svg\",\"contentUrl\":\"https:\\\/\\\/www.prologistik.com\\\/wp-content\\\/uploads\\\/prologistik-logo-web.svg\",\"width\":320,\"height\":59,\"caption\":\"proLogistik Group\"},\"image\":{\"@id\":\"https:\\\/\\\/www.prologistik.com\\\/fr\\\/#\\\/schema\\\/logo\\\/image\\\/\"}}]}<\/script>\n<!-- \/ Yoast SEO Premium plugin. -->","yoast_head_json":{"title":"Salons & \u00e9v\u00e9nements du groupe proLogistik","description":"Warehouse, Transportation, Hardware & Consulting \u2714\ufe0f Aper\u00e7u des salons et \u00e9v\u00e9nements auxquels nous participons \u2714\ufe0f","robots":{"index":"index","follow":"follow","max-snippet":"max-snippet:-1","max-image-preview":"max-image-preview:large","max-video-preview":"max-video-preview:-1"},"canonical":"https:\/\/www.prologistik.com\/fr\/actualites\/salons-evenements\/","og_locale":"fr_FR","og_type":"article","og_title":"Salons &amp; \u00e9v\u00e9nements","og_description":"Warehouse, Transportation, Hardware & Consulting \u2714\ufe0f Aper\u00e7u des salons et \u00e9v\u00e9nements auxquels nous participons \u2714\ufe0f","og_url":"https:\/\/www.prologistik.com\/fr\/actualites\/salons-evenements\/","og_site_name":"proLogistik Group","article_modified_time":"2026-04-20T14:14:54+00:00","og_image":[{"url":"https:\/\/www.prologistik.com\/wp-content\/uploads\/Logo-SITL-FR-25-blk.png.coredownload.321138238.png","type":"","width":"","height":""}],"twitter_card":"summary_large_image","twitter_misc":{"Dur\u00e9e de lecture estim\u00e9e":"1 minute"},"schema":{"@context":"https:\/\/schema.org","@graph":[{"@type":"WebPage","@id":"https:\/\/www.prologistik.com\/fr\/actualites\/salons-evenements\/","url":"https:\/\/www.prologistik.com\/fr\/actualites\/salons-evenements\/","name":"Salons & \u00e9v\u00e9nements du groupe proLogistik","isPartOf":{"@id":"https:\/\/www.prologistik.com\/fr\/#website"},"primaryImageOfPage":{"@id":"https:\/\/www.prologistik.com\/fr\/actualites\/salons-evenements\/#primaryimage"},"image":{"@id":"https:\/\/www.prologistik.com\/fr\/actualites\/salons-evenements\/#primaryimage"},"thumbnailUrl":"https:\/\/www.prologistik.com\/wp-content\/uploads\/Logo-SITL-FR-25-blk.png.coredownload.321138238.png","datePublished":"2023-04-13T11:06:49+00:00","dateModified":"2026-04-20T14:14:54+00:00","description":"Warehouse, Transportation, Hardware & Consulting \u2714\ufe0f Aper\u00e7u des salons et \u00e9v\u00e9nements auxquels nous participons \u2714\ufe0f","breadcrumb":{"@id":"https:\/\/www.prologistik.com\/fr\/actualites\/salons-evenements\/#breadcrumb"},"inLanguage":"fr-FR","potentialAction":[{"@type":"ReadAction","target":["https:\/\/www.prologistik.com\/fr\/actualites\/salons-evenements\/"]}]},{"@type":"ImageObject","inLanguage":"fr-FR","@id":"https:\/\/www.prologistik.com\/fr\/actualites\/salons-evenements\/#primaryimage","url":"https:\/\/www.prologistik.com\/wp-content\/uploads\/Logo-SITL-FR-25-blk.png.coredownload.321138238.png","contentUrl":"https:\/\/www.prologistik.com\/wp-content\/uploads\/Logo-SITL-FR-25-blk.png.coredownload.321138238.png"},{"@type":"BreadcrumbList","@id":"https:\/\/www.prologistik.com\/fr\/actualites\/salons-evenements\/#breadcrumb","itemListElement":[{"@type":"ListItem","position":1,"name":"Startseite","item":"https:\/\/www.prologistik.com\/fr\/"},{"@type":"ListItem","position":2,"name":"Actualit\u00e9s","item":"https:\/\/www.prologistik.com\/fr\/actualites\/"},{"@type":"ListItem","position":3,"name":"Salons &amp; \u00e9v\u00e9nements"}]},{"@type":"WebSite","@id":"https:\/\/www.prologistik.com\/fr\/#website","url":"https:\/\/www.prologistik.com\/fr\/","name":"proLogistik Group","description":"Software und Hardware f\u00fcr die Intralogistik","publisher":{"@id":"https:\/\/www.prologistik.com\/fr\/#organization"},"potentialAction":[{"@type":"SearchAction","target":{"@type":"EntryPoint","urlTemplate":"https:\/\/www.prologistik.com\/fr\/?s={search_term_string}"},"query-input":{"@type":"PropertyValueSpecification","valueRequired":true,"valueName":"search_term_string"}}],"inLanguage":"fr-FR"},{"@type":"Organization","@id":"https:\/\/www.prologistik.com\/fr\/#organization","name":"proLogistik Group","url":"https:\/\/www.prologistik.com\/fr\/","logo":{"@type":"ImageObject","inLanguage":"fr-FR","@id":"https:\/\/www.prologistik.com\/fr\/#\/schema\/logo\/image\/","url":"https:\/\/www.prologistik.com\/wp-content\/uploads\/prologistik-logo-web.svg","contentUrl":"https:\/\/www.prologistik.com\/wp-content\/uploads\/prologistik-logo-web.svg","width":320,"height":59,"caption":"proLogistik Group"},"image":{"@id":"https:\/\/www.prologistik.com\/fr\/#\/schema\/logo\/image\/"}}]}},"_links":{"self":[{"href":"https:\/\/www.prologistik.com\/fr\/wp-json\/wp\/v2\/pages\/30208","targetHints":{"allow":["GET"]}}],"collection":[{"href":"https:\/\/www.prologistik.com\/fr\/wp-json\/wp\/v2\/pages"}],"about":[{"href":"https:\/\/www.prologistik.com\/fr\/wp-json\/wp\/v2\/types\/page"}],"author":[{"embeddable":true,"href":"https:\/\/www.prologistik.com\/fr\/wp-json\/wp\/v2\/users\/1"}],"replies":[{"embeddable":true,"href":"https:\/\/www.prologistik.com\/fr\/wp-json\/wp\/v2\/comments?post=30208"}],"version-history":[{"count":36,"href":"https:\/\/www.prologistik.com\/fr\/wp-json\/wp\/v2\/pages\/30208\/revisions"}],"predecessor-version":[{"id":58098,"href":"https:\/\/www.prologistik.com\/fr\/wp-json\/wp\/v2\/pages\/30208\/revisions\/58098"}],"up":[{"embeddable":true,"href":"https:\/\/www.prologistik.com\/fr\/wp-json\/wp\/v2\/pages\/29529"}],"wp:attachment":[{"href":"https:\/\/www.prologistik.com\/fr\/wp-json\/wp\/v2\/media?parent=30208"}],"curies":[{"name":"wp","href":"https:\/\/api.w.org\/{rel}","templated":true}]}}