{"id":30023,"date":"2023-12-07T14:42:39","date_gmt":"2023-12-07T13:42:39","guid":{"rendered":"https:\/\/prologistik.pixel-tal.de\/kununu"},"modified":"2024-12-13T14:34:25","modified_gmt":"2024-12-13T13:34:25","slug":"kununu","status":"publish","type":"page","link":"https:\/\/www.prologistik.com\/fr\/carriere\/kununu\/","title":{"rendered":"Kununu"},"content":{"rendered":"        \n            <!-- pagehead -->\n        \n                    \n\t\t\t<div id=\"pagehead-block_1fd900a56f4c62992ee5d24cff53178c\" class=\"pagehead size-small\">\n\t\t\t\t\t\t\t<div class=\"pagehead-canvas\">\n\t\t\t\t<div class=\"pagehead-content has-bg-color bg-color-blue\">\n\t\t\t\t\t<div class=\"pagehead-content-inner\">\n\t\t\t\t\t\t<div class=\"pagehead-icon icon-color-white\" data-aos=\"fade-up\" data-aos-delay=\"0\" style=\"mask-image: url(https:\/\/www.prologistik.com\/wp-content\/uploads\/icon-business.svg); -webkit-mask-image: url(https:\/\/www.prologistik.com\/wp-content\/uploads\/icon-business.svg);\"><\/div>\t\t\t\t\t\t<span class=\"pagehead-subheadline\"  data-aos=\"fade-up\" data-aos-delay=\"50\">Nous voulons ton avis<\/span>\t\t\t\t\t\t<h1 class=\"pagehead-headline\" data-aos=\"fade-up\" data-aos-delay=\"100\">Comment nous \u00e9values-tu en tant qu&#8217;employeur ?<\/h1>\t\t\t\t\t\t\t\t\t\t\t<\/div>\n\t\t\t\t<\/div>\n\t\t\t<\/div>\n\t\t\t\n\t\t\t\t<div class=\"pagehead-background\">\n\t\t\t\t<!-- image_id: 30024 | alt:  -->\t\t\t\t\t\t\t\t\t<img decoding=\"async\" class=\"test\" src=\"https:\/\/www.prologistik.com\/wp-content\/uploads\/pagehead-karriere-kununu.jpg\" alt=\"\" \/>\n\t\t\t\t\n\t\t\t\t<\/div>\n\t\t\t<\/div>\n        \n                    \n            <!-- end:pagehead -->\n        \n            <section class=\"gb-container gb-container-6913303e\">\n<div class=\"gb-container gb-container-2c2e450d\">\n<div class=\"gb-grid-wrapper gb-grid-wrapper-92ef0cd4\">\n<div class=\"gb-grid-column gb-grid-column-7a6d3b7d\"><div class=\"gb-container gb-container-7a6d3b7d\">\n\n<div class=\"wp-block-pixel-headline headlines is-subheadline-top has-text-align-left\"><h2 class=\"headline\" style=\"color:\">Evaluez-nous en tant qu&#8217;employeur<\/h2><span class=\"subheadline\" style=\"color:var(u002du002dcolor-blue)\">Feedback wanted<\/span><\/div>\n\n\n\n<p>Nous souhaitons d\u00e9lib\u00e9r\u00e9ment nous confronter publiquement au feed-back de nos collaborateurs &#8211; \u00e9galement pour identifier les points forts ainsi que les potentiels d&#8217;optimisation et pour nous d\u00e9velopper en permanence en tant qu&#8217;employeur.<\/p>\n\n\n\n<p>Tu as r\u00e9cemment pris en charge un nouveau domaine d&#8217;activit\u00e9, tu es nouveau dans notre \u00e9quipe ou tu es chez proLogistik depuis un certain temps d\u00e9j\u00e0 ? Nous pensons que c&#8217;est le bon moment pour te demander si tu es satisfait de nous en tant qu&#8217;employeur. Qu&#8217;est-ce qui te pla\u00eet<br\/>ce qui ne l&#8217;est pas ? Partage ton exp\u00e9rience et \u00e9value-nous de mani\u00e8re anonyme sur la plateforme d&#8217;\u00e9valuation des employeurs kununu.com.<br\/>Nous prenons ton feedback tr\u00e8s au s\u00e9rieux &#8211; afin de nous am\u00e9liorer en tant qu&#8217;entreprise et de garantir ainsi ta satisfaction.  <\/p>\n\n<\/div><\/div>\n<\/div>\n<\/div>\n<\/section><section class=\"gb-container gb-container-43e17bfa\">\n<div class=\"gb-container gb-container-55b8678a gb-container-align-left-third\">\n<div class=\"gb-grid-wrapper gb-grid-wrapper-7725a237\">\n<div class=\"gb-grid-column gb-grid-column-66e1da99\"><div class=\"gb-container gb-container-66e1da99\">\n\n<figure class=\"wp-block-image size-large is-style-bottom-rounding\"><img decoding=\"async\" src=\"https:\/\/www.prologistik.com\/wp-content\/uploads\/karriere-bei-prologistik-1024x500.jpg\" alt=\"\" class=\"wp-image-119\"\/><\/figure>\n\n<\/div><\/div>\n\n<div class=\"gb-grid-column gb-grid-column-68d15c8c\"><div class=\"gb-container gb-container-68d15c8c\">\n\n<div class=\"wp-block-pixel-headline headlines is-subheadline-top has-text-align-left\"><h2 class=\"headline\" style=\"color:\">Qu&#8217;est-ce qui nous distingue en tant qu&#8217;entreprise ?<\/h2><span class=\"subheadline\" style=\"color:var(u002du002dcolor-blue)\">Pour une image authentique<\/span><\/div>\n\n\n\n<p>Ton \u00e9valuation est \u00e9galement importante pour les demandeurs d&#8217;emploi afin d&#8217;obtenir un aper\u00e7u authentique de notre entreprise. Nous voulons continuer \u00e0 nous d\u00e9velopper en tant qu&#8217;entreprise et sommes actuellement \u00e0 la recherche de nouveaux coll\u00e8gues pour diff\u00e9rents d\u00e9partements. Pour cela, nous avons besoin de ton aide : \u00e9value-nous de mani\u00e8re anonyme sur la plateforme d&#8217;\u00e9valuation des employeurs kununu.com, afin de donner aux candidats une image de ce qui nous distingue en tant qu&#8217;entreprise.<\/p>\n\n<\/div><\/div>\n<\/div>\n<\/div>\n<\/section><section class=\"gb-container gb-container-8f162bcc\">\n<div class=\"gb-container gb-container-a18c58c6\">\n<div class=\"gb-grid-wrapper gb-grid-wrapper-1f925a44\">\n<div class=\"gb-grid-column gb-grid-column-2aae329d\"><div class=\"gb-container gb-container-2aae329d\">\n\n<div class=\"wp-block-pixel-headline headlines is-subheadline-top has-text-align-left\"><h2 class=\"headline\" style=\"color:\">Comment acc\u00e9der \u00e0 la plateforme d&#8217;\u00e9valuation<\/h2><span class=\"subheadline\" style=\"color:var(u002du002dcolor-blue)\">\u00c9valuer maintenant<\/span><\/div>\n\n\n\n<p>C&#8217;est aussi simple que \u00e7a de donner une \u00e9valuation : Visite notre profil sur kununu.com et clique sur \u00c9VALUER MAINTENANT.<\/p>\n\n\n\n<div class=\"wp-block-columns is-layout-flex wp-container-core-columns-is-layout-9d6595d7 wp-block-columns-is-layout-flex\">\n<div class=\"wp-block-column is-layout-flow wp-block-column-is-layout-flow\"><div class=\"gb-container gb-container-ac272a8b\">\n\n<p class=\"has-color-white-color has-color-navy-blue-background-color has-text-color has-background has-link-color wp-elements-5ecdbc43d3c92b1afe2ba2ddb20ed8be\">proLogistik GmbH<br\/><a href=\"https:\/\/www.kununu.com\/de\/prologistik-gmbh\">Cliquez ici pour acc\u00e9der \u00e0 Kununu !<\/a><\/p>\n\n\n\n<p class=\"has-color-white-color has-color-dodger-blue-background-color has-text-color has-background has-link-color wp-elements-2d693a54fb8467a2ff656c0a4afb57ad\">proLogistik Holding GmbH<br\/><a href=\"https:\/\/www.kununu.com\/de\/prologistik-holding\">Cliquez ici pour acc\u00e9der \u00e0 Kununu !<\/a><\/p>\n\n\n\n<p class=\"has-color-white-color has-color-dark-cyan-background-color has-text-color has-background has-link-color wp-elements-38fb43ed2f259023ab6515886a8b2f30\">Dataphone Suisse<br\/><a href=\"https:\/\/www.kununu.com\/ch\/dataphone2\">Cliquez ici pour acc\u00e9der \u00e0 Kununu !<\/a><\/p>\n\n\n\n<p class=\"has-color-white-color has-color-aquamarine-background-color has-text-color has-background has-link-color wp-elements-146b220bbcf19bd7d6f0ea42d24395cc\">Dataphone Allemagne<br\/><a href=\"https:\/\/www.kununu.com\/de\/dataphone-deutschland1\">Cliquez ici pour acc\u00e9der \u00e0 Kununu !<\/a><\/p>\n\n<\/div><\/div>\n\n\n\n<div class=\"wp-block-column is-layout-flow wp-block-column-is-layout-flow\"><div class=\"gb-container gb-container-8653e1e3\">\n\n<p class=\"has-color-white-color has-color-sea-green-background-color has-text-color has-background has-link-color wp-elements-2e21f01318fe93f4debdfcf09b04aaaa\">Active Logistics gmbH<br\/><a href=\"https:\/\/www.kununu.com\/de\/active-logistics-gmbh\">Cliquez ici pour acc\u00e9der \u00e0 Kununu !<\/a><\/p>\n\n\n\n<p class=\"has-color-white-color has-color-spring-green-background-color has-text-color has-background has-link-color wp-elements-1a59d5d6fd9bb10cadea1dfdabe5b152\">AIS alfaplan GmbH<br\/><a href=\"https:\/\/www.kununu.com\/de\/ais-alfaplan\">Cliquez ici pour acc\u00e9der \u00e0 Kununu !<\/a><\/p>\n\n\n\n<p class=\"has-color-white-color has-color-green-background-color has-text-color has-background has-link-color wp-elements-08b8c413ddb67e536683759e387bacab\">Cargo Support GmbH<br\/><a href=\"https:\/\/www.kununu.com\/de\/cargo-support1\">Cliquez ici pour acc\u00e9der \u00e0 Kununu !<\/a><\/p>\n\n<\/div><\/div>\n<\/div>\n\n<\/div><\/div>\n\n<div class=\"gb-grid-column gb-grid-column-1a78394e\"><div class=\"gb-container gb-container-1a78394e\"><\/div><\/div>\n<\/div>\n<\/div>\n<\/section>        \n            <!-- contact-form -->\n        \n            \n\t\t<section data-aos=\"fade-right\" id=\"contact\" class=\"gb-container contact-form-wrap\">\n\t\t\t<div class=\"gb-inside-container\">\n\t\t\t\t<div id=\"\" class=\"contact-form layout-contacts  gb-grid-wrapper\" >\n\t\t\t\t\n\t\t\t\t\t\t\t\t\t\t<div class=\"wp-block-pixel-headline headlines is-subheadline-top has-text-align-left\">\n\t\t\t\t\t\t<h2 class=\"headline\">Des questions, des souhaits ou des suggestions ?<\/h2>\n\t\t\t\t\t\t<span class=\"subheadline\" style=\"color:var(--color-blue)\">Nous sommes l\u00e0 pour toi.<\/span>\n\t\t\t\t\t\t<p class=\"cf-copytext\">Appelle-nous ou \u00e9cris-nous un message.  <\/p>\t\t\t\t\t<\/div>\n\t\t\t\t\t\n\t\t\t\t\t\t\t\t\t\t\t<div class=\"contact-form-side gb-grid-column\">\n\t\t\t\t\t\t\t\t\t\t\t\t\t\t\t\t\t\t\t\t\t\t\t\t\t\t\t\t\t                <div class=\"card card-contacts-form\">\n                    <div class=\"card-media\">\n                        <img decoding=\"async\" title=\"IMG_0972 Saskia\" alt=\"Saskia Wessing\" src=\"https:\/\/www.prologistik.com\/wp-content\/uploads\/IMG_0972-Saskia-2.png\" \/>\n                    <\/div>\n                    <div class=\"card-content\">\n                    <span class=\"card-line card-name\"> Saskia Wessing<\/span>                        <span class=\"card-line card-job\">Team Manager Recruiting &#038; Employer Branding<\/span>                        <span class=\"card-line card-phone\">T\u00e9l. <a href=\"tel:+49 231 5194-0\">+49 231 5194-0<\/a><\/span>                                                                        <span class=\"card-line card-email\"><a href=\"mailto:bewerbung@prologistik.com\">bewerbung@prologistik.com<\/a><\/span>                    <\/div>\n                <\/div>\n\n            \t\t\t\t\t\t\t\t\t\t\t\t\t<\/div>\t\n\t\t\t\t\t\n\n\t\t\t\t\t<div class=\"contact-form-main gb-grid-column\">\n\t\t\t\t\t\t[contact-form-7 id=&#8221;25245&#8243;]\t\t\t\t\t<\/div> \n\t\t\t\t<\/div>\n\t\t\t<\/div>\n\t\t<\/section>\n\t        \n            <!-- end:contact-form -->\n        \n            \n<p><\/p>\n","protected":false},"excerpt":{"rendered":"","protected":false},"author":8,"featured_media":0,"parent":30371,"menu_order":3,"comment_status":"closed","ping_status":"closed","template":"","meta":{"_acf_changed":false,"footnotes":""},"class_list":["post-30023","page","type-page","status-publish"],"acf":[],"yoast_head":"<!-- This site is optimized with the Yoast SEO Premium plugin v26.9 (Yoast SEO v27.3) - https:\/\/yoast.com\/product\/yoast-seo-premium-wordpress\/ -->\n<title>Comment nous \u00e9values-tu en tant qu\u2019employeur ?<\/title>\n<meta name=\"description\" content=\"Hi\u00e9rarchie plate (culture du tutoiement) \u2714\ufe0f Prestations d&#039;\u00e9pargne \u2714\ufe0f Mod\u00e8les de travail flexibles \u2714\ufe0f Bureau \u00e0 domicile \u2714\ufe0f Fruits et boissons gratuits \u2714\ufe0f\" \/>\n<meta name=\"robots\" content=\"index, follow, max-snippet:-1, max-image-preview:large, max-video-preview:-1\" \/>\n<link rel=\"canonical\" href=\"https:\/\/www.prologistik.com\/fr\/carriere\/kununu\/\" \/>\n<meta property=\"og:locale\" content=\"fr_FR\" \/>\n<meta property=\"og:type\" content=\"article\" \/>\n<meta property=\"og:title\" content=\"Kununu\" \/>\n<meta property=\"og:description\" content=\"Hi\u00e9rarchie plate (culture du tutoiement) \u2714\ufe0f Prestations d&#039;\u00e9pargne \u2714\ufe0f Mod\u00e8les de travail flexibles \u2714\ufe0f Bureau \u00e0 domicile \u2714\ufe0f Fruits et boissons gratuits \u2714\ufe0f\" \/>\n<meta property=\"og:url\" content=\"https:\/\/www.prologistik.com\/fr\/carriere\/kununu\/\" \/>\n<meta property=\"og:site_name\" content=\"proLogistik Group\" \/>\n<meta property=\"article:modified_time\" content=\"2024-12-13T13:34:25+00:00\" \/>\n<meta property=\"og:image\" content=\"https:\/\/www.prologistik.com\/wp-content\/uploads\/karriere-bei-prologistik-1024x500.jpg\" \/>\n<meta name=\"twitter:card\" content=\"summary_large_image\" \/>\n<meta name=\"twitter:label1\" content=\"Dur\u00e9e de lecture estim\u00e9e\" \/>\n\t<meta name=\"twitter:data1\" content=\"2 minutes\" \/>\n<script type=\"application\/ld+json\" class=\"yoast-schema-graph\">{\"@context\":\"https:\\\/\\\/schema.org\",\"@graph\":[{\"@type\":\"WebPage\",\"@id\":\"https:\\\/\\\/www.prologistik.com\\\/fr\\\/carriere\\\/kununu\\\/\",\"url\":\"https:\\\/\\\/www.prologistik.com\\\/fr\\\/carriere\\\/kununu\\\/\",\"name\":\"Comment nous \u00e9values-tu en tant qu\u2019employeur ?\",\"isPartOf\":{\"@id\":\"https:\\\/\\\/www.prologistik.com\\\/fr\\\/#website\"},\"primaryImageOfPage\":{\"@id\":\"https:\\\/\\\/www.prologistik.com\\\/fr\\\/carriere\\\/kununu\\\/#primaryimage\"},\"image\":{\"@id\":\"https:\\\/\\\/www.prologistik.com\\\/fr\\\/carriere\\\/kununu\\\/#primaryimage\"},\"thumbnailUrl\":\"https:\\\/\\\/www.prologistik.com\\\/wp-content\\\/uploads\\\/karriere-bei-prologistik-1024x500.jpg\",\"datePublished\":\"2023-12-07T13:42:39+00:00\",\"dateModified\":\"2024-12-13T13:34:25+00:00\",\"description\":\"Hi\u00e9rarchie plate (culture du tutoiement) \u2714\ufe0f Prestations d'\u00e9pargne \u2714\ufe0f Mod\u00e8les de travail flexibles \u2714\ufe0f Bureau \u00e0 domicile \u2714\ufe0f Fruits et boissons gratuits \u2714\ufe0f\",\"breadcrumb\":{\"@id\":\"https:\\\/\\\/www.prologistik.com\\\/fr\\\/carriere\\\/kununu\\\/#breadcrumb\"},\"inLanguage\":\"fr-FR\",\"potentialAction\":[{\"@type\":\"ReadAction\",\"target\":[\"https:\\\/\\\/www.prologistik.com\\\/fr\\\/carriere\\\/kununu\\\/\"]}]},{\"@type\":\"ImageObject\",\"inLanguage\":\"fr-FR\",\"@id\":\"https:\\\/\\\/www.prologistik.com\\\/fr\\\/carriere\\\/kununu\\\/#primaryimage\",\"url\":\"https:\\\/\\\/www.prologistik.com\\\/wp-content\\\/uploads\\\/karriere-bei-prologistik-1024x500.jpg\",\"contentUrl\":\"https:\\\/\\\/www.prologistik.com\\\/wp-content\\\/uploads\\\/karriere-bei-prologistik-1024x500.jpg\"},{\"@type\":\"BreadcrumbList\",\"@id\":\"https:\\\/\\\/www.prologistik.com\\\/fr\\\/carriere\\\/kununu\\\/#breadcrumb\",\"itemListElement\":[{\"@type\":\"ListItem\",\"position\":1,\"name\":\"Startseite\",\"item\":\"https:\\\/\\\/www.prologistik.com\\\/fr\\\/\"},{\"@type\":\"ListItem\",\"position\":2,\"name\":\"Carri\u00e8re\",\"item\":\"https:\\\/\\\/www.prologistik.com\\\/fr\\\/carriere\\\/\"},{\"@type\":\"ListItem\",\"position\":3,\"name\":\"Kununu\"}]},{\"@type\":\"WebSite\",\"@id\":\"https:\\\/\\\/www.prologistik.com\\\/fr\\\/#website\",\"url\":\"https:\\\/\\\/www.prologistik.com\\\/fr\\\/\",\"name\":\"proLogistik Group\",\"description\":\"Software und Hardware f\u00fcr die Intralogistik\",\"publisher\":{\"@id\":\"https:\\\/\\\/www.prologistik.com\\\/fr\\\/#organization\"},\"potentialAction\":[{\"@type\":\"SearchAction\",\"target\":{\"@type\":\"EntryPoint\",\"urlTemplate\":\"https:\\\/\\\/www.prologistik.com\\\/fr\\\/?s={search_term_string}\"},\"query-input\":{\"@type\":\"PropertyValueSpecification\",\"valueRequired\":true,\"valueName\":\"search_term_string\"}}],\"inLanguage\":\"fr-FR\"},{\"@type\":\"Organization\",\"@id\":\"https:\\\/\\\/www.prologistik.com\\\/fr\\\/#organization\",\"name\":\"proLogistik Group\",\"url\":\"https:\\\/\\\/www.prologistik.com\\\/fr\\\/\",\"logo\":{\"@type\":\"ImageObject\",\"inLanguage\":\"fr-FR\",\"@id\":\"https:\\\/\\\/www.prologistik.com\\\/fr\\\/#\\\/schema\\\/logo\\\/image\\\/\",\"url\":\"https:\\\/\\\/www.prologistik.com\\\/wp-content\\\/uploads\\\/prologistik-logo-web.svg\",\"contentUrl\":\"https:\\\/\\\/www.prologistik.com\\\/wp-content\\\/uploads\\\/prologistik-logo-web.svg\",\"width\":320,\"height\":59,\"caption\":\"proLogistik Group\"},\"image\":{\"@id\":\"https:\\\/\\\/www.prologistik.com\\\/fr\\\/#\\\/schema\\\/logo\\\/image\\\/\"}}]}<\/script>\n<!-- \/ Yoast SEO Premium plugin. -->","yoast_head_json":{"title":"Comment nous \u00e9values-tu en tant qu\u2019employeur ?","description":"Hi\u00e9rarchie plate (culture du tutoiement) \u2714\ufe0f Prestations d'\u00e9pargne \u2714\ufe0f Mod\u00e8les de travail flexibles \u2714\ufe0f Bureau \u00e0 domicile \u2714\ufe0f Fruits et boissons gratuits \u2714\ufe0f","robots":{"index":"index","follow":"follow","max-snippet":"max-snippet:-1","max-image-preview":"max-image-preview:large","max-video-preview":"max-video-preview:-1"},"canonical":"https:\/\/www.prologistik.com\/fr\/carriere\/kununu\/","og_locale":"fr_FR","og_type":"article","og_title":"Kununu","og_description":"Hi\u00e9rarchie plate (culture du tutoiement) \u2714\ufe0f Prestations d'\u00e9pargne \u2714\ufe0f Mod\u00e8les de travail flexibles \u2714\ufe0f Bureau \u00e0 domicile \u2714\ufe0f Fruits et boissons gratuits \u2714\ufe0f","og_url":"https:\/\/www.prologistik.com\/fr\/carriere\/kununu\/","og_site_name":"proLogistik Group","article_modified_time":"2024-12-13T13:34:25+00:00","og_image":[{"url":"https:\/\/www.prologistik.com\/wp-content\/uploads\/karriere-bei-prologistik-1024x500.jpg","type":"","width":"","height":""}],"twitter_card":"summary_large_image","twitter_misc":{"Dur\u00e9e de lecture estim\u00e9e":"2 minutes"},"schema":{"@context":"https:\/\/schema.org","@graph":[{"@type":"WebPage","@id":"https:\/\/www.prologistik.com\/fr\/carriere\/kununu\/","url":"https:\/\/www.prologistik.com\/fr\/carriere\/kununu\/","name":"Comment nous \u00e9values-tu en tant qu\u2019employeur ?","isPartOf":{"@id":"https:\/\/www.prologistik.com\/fr\/#website"},"primaryImageOfPage":{"@id":"https:\/\/www.prologistik.com\/fr\/carriere\/kununu\/#primaryimage"},"image":{"@id":"https:\/\/www.prologistik.com\/fr\/carriere\/kununu\/#primaryimage"},"thumbnailUrl":"https:\/\/www.prologistik.com\/wp-content\/uploads\/karriere-bei-prologistik-1024x500.jpg","datePublished":"2023-12-07T13:42:39+00:00","dateModified":"2024-12-13T13:34:25+00:00","description":"Hi\u00e9rarchie plate (culture du tutoiement) \u2714\ufe0f Prestations d'\u00e9pargne \u2714\ufe0f Mod\u00e8les de travail flexibles \u2714\ufe0f Bureau \u00e0 domicile \u2714\ufe0f Fruits et boissons gratuits \u2714\ufe0f","breadcrumb":{"@id":"https:\/\/www.prologistik.com\/fr\/carriere\/kununu\/#breadcrumb"},"inLanguage":"fr-FR","potentialAction":[{"@type":"ReadAction","target":["https:\/\/www.prologistik.com\/fr\/carriere\/kununu\/"]}]},{"@type":"ImageObject","inLanguage":"fr-FR","@id":"https:\/\/www.prologistik.com\/fr\/carriere\/kununu\/#primaryimage","url":"https:\/\/www.prologistik.com\/wp-content\/uploads\/karriere-bei-prologistik-1024x500.jpg","contentUrl":"https:\/\/www.prologistik.com\/wp-content\/uploads\/karriere-bei-prologistik-1024x500.jpg"},{"@type":"BreadcrumbList","@id":"https:\/\/www.prologistik.com\/fr\/carriere\/kununu\/#breadcrumb","itemListElement":[{"@type":"ListItem","position":1,"name":"Startseite","item":"https:\/\/www.prologistik.com\/fr\/"},{"@type":"ListItem","position":2,"name":"Carri\u00e8re","item":"https:\/\/www.prologistik.com\/fr\/carriere\/"},{"@type":"ListItem","position":3,"name":"Kununu"}]},{"@type":"WebSite","@id":"https:\/\/www.prologistik.com\/fr\/#website","url":"https:\/\/www.prologistik.com\/fr\/","name":"proLogistik Group","description":"Software und Hardware f\u00fcr die Intralogistik","publisher":{"@id":"https:\/\/www.prologistik.com\/fr\/#organization"},"potentialAction":[{"@type":"SearchAction","target":{"@type":"EntryPoint","urlTemplate":"https:\/\/www.prologistik.com\/fr\/?s={search_term_string}"},"query-input":{"@type":"PropertyValueSpecification","valueRequired":true,"valueName":"search_term_string"}}],"inLanguage":"fr-FR"},{"@type":"Organization","@id":"https:\/\/www.prologistik.com\/fr\/#organization","name":"proLogistik Group","url":"https:\/\/www.prologistik.com\/fr\/","logo":{"@type":"ImageObject","inLanguage":"fr-FR","@id":"https:\/\/www.prologistik.com\/fr\/#\/schema\/logo\/image\/","url":"https:\/\/www.prologistik.com\/wp-content\/uploads\/prologistik-logo-web.svg","contentUrl":"https:\/\/www.prologistik.com\/wp-content\/uploads\/prologistik-logo-web.svg","width":320,"height":59,"caption":"proLogistik Group"},"image":{"@id":"https:\/\/www.prologistik.com\/fr\/#\/schema\/logo\/image\/"}}]}},"_links":{"self":[{"href":"https:\/\/www.prologistik.com\/fr\/wp-json\/wp\/v2\/pages\/30023","targetHints":{"allow":["GET"]}}],"collection":[{"href":"https:\/\/www.prologistik.com\/fr\/wp-json\/wp\/v2\/pages"}],"about":[{"href":"https:\/\/www.prologistik.com\/fr\/wp-json\/wp\/v2\/types\/page"}],"author":[{"embeddable":true,"href":"https:\/\/www.prologistik.com\/fr\/wp-json\/wp\/v2\/users\/8"}],"replies":[{"embeddable":true,"href":"https:\/\/www.prologistik.com\/fr\/wp-json\/wp\/v2\/comments?post=30023"}],"version-history":[{"count":1,"href":"https:\/\/www.prologistik.com\/fr\/wp-json\/wp\/v2\/pages\/30023\/revisions"}],"predecessor-version":[{"id":30045,"href":"https:\/\/www.prologistik.com\/fr\/wp-json\/wp\/v2\/pages\/30023\/revisions\/30045"}],"up":[{"embeddable":true,"href":"https:\/\/www.prologistik.com\/fr\/wp-json\/wp\/v2\/pages\/30371"}],"wp:attachment":[{"href":"https:\/\/www.prologistik.com\/fr\/wp-json\/wp\/v2\/media?parent=30023"}],"curies":[{"name":"wp","href":"https:\/\/api.w.org\/{rel}","templated":true}]}}