{"id":29736,"date":"2023-02-28T16:41:49","date_gmt":"2023-02-28T15:41:49","guid":{"rendered":"https:\/\/prologistik.pixel-tal.de\/materiel-informatique\/pick-by-vision"},"modified":"2025-12-01T15:20:23","modified_gmt":"2025-12-01T14:20:23","slug":"pick-by-vision","status":"publish","type":"page","link":"https:\/\/www.prologistik.com\/fr\/materiel-informatique\/pick-by-vision\/","title":{"rendered":"Pick-by-Vision"},"content":{"rendered":"        \n            <!-- pagehead -->\n        \n                    \n\t\t\t<div id=\"pagehead-block_5c8742ae60539825e697efac1b046fe4\" class=\"pagehead size-small\">\n\t\t\t\t\t\t\t<div class=\"pagehead-canvas\">\n\t\t\t\t<div class=\"pagehead-content has-bg-color bg-color-green\">\n\t\t\t\t\t<div class=\"pagehead-content-inner\">\n\t\t\t\t\t\t<div class=\"pagehead-icon icon-color-white\" data-aos=\"fade-up\" data-aos-delay=\"0\" style=\"mask-image: url(https:\/\/www.prologistik.com\/wp-content\/uploads\/icon-eye.svg); -webkit-mask-image: url(https:\/\/www.prologistik.com\/wp-content\/uploads\/icon-eye.svg);\"><\/div>\t\t\t\t\t\t<span class=\"pagehead-subheadline\"  data-aos=\"fade-up\" data-aos-delay=\"50\">PLG Pick-by-Vision<\/span>\t\t\t\t\t\t<h1 class=\"pagehead-headline\" data-aos=\"fade-up\" data-aos-delay=\"100\">Solutions de syst\u00e8me Pick-by-Vision<\/h1>\t\t\t\t\t\t\t\t\t\t\t<\/div>\n\t\t\t\t<\/div>\n\t\t\t<\/div>\n\t\t\t\n\t\t\t\t<div class=\"pagehead-background\">\n\t\t\t\t<!-- image_id: 45524 | alt: Pick by Vision Banner -->\t\t\t\t\t\t\t\t\t<img decoding=\"async\" class=\"test\" src=\"https:\/\/www.prologistik.com\/wp-content\/uploads\/pLG_Website_Hardware_Pick-by-Vision_Banner_1920x840px_2024.jpg\" alt=\"Pick by Vision Banner\" \/>\n\t\t\t\t\n\t\t\t\t<\/div>\n\t\t\t<\/div>\n        \n                    \n            <!-- end:pagehead -->\n        \n            \n\n<section class=\"gb-container gb-container-97381a90\">\n<div class=\"gb-container gb-container-76c9f99c\">\n<div class=\"gb-grid-wrapper gb-grid-wrapper-3c5d1c2a gb-grid-wrapper-space-between\">\n<div class=\"gb-grid-column gb-grid-column-351b66dd\"><div class=\"gb-container gb-container-351b66dd globe-absolute\">\n\n<div class=\"wp-block-pixel-headline headlines is-subheadline-top has-text-align-left\"><h2 class=\"headline\" style=\"color:\">Pick-by-Vision &#8211; Pr\u00e9paration des commandes avec une vue d&#8217;ensemble<\/h2><span class=\"subheadline\" style=\"color:var(--color-blue)\">Pr\u00e9parer efficacement les commandes avec des lunettes de donn\u00e9es<\/span><\/div>\n\n\n\n<p>Avec Pick-by-Vision, le pr\u00e9parateur de commandes garde une vue d&#8217;ensemble et une ma\u00eetrise compl\u00e8te. En effet, cette m\u00e9thode innovante lui permet d&#8217;utiliser \u00e0 tout moment ses deux mains pour manipuler les marchandises. Vu qu&#8217;il n&#8217;a pas besoin d&#8217;aller chercher les informations, mais qu&#8217;elles sont litt\u00e9ralement projet\u00e9es dans son champ de vision, il peut agir plus rapidement tout en \u00e9vitant les erreurs et les dommages.<br><\/p>\n\n<\/div><\/div>\n\n<div class=\"gb-grid-column gb-grid-column-6c196846\"><div class=\"gb-container gb-container-6c196846 globe-absolute\">\n\n<figure class=\"wp-block-image size-full is-style-cube-bottom-left-back\"><img loading=\"lazy\" decoding=\"async\" width=\"700\" height=\"468\" src=\"https:\/\/www.prologistik.com\/wp-content\/uploads\/prologistik-content-pick-by-vision.jpg\" alt=\"\" class=\"wp-image-11659\" srcset=\"https:\/\/www.prologistik.com\/wp-content\/uploads\/prologistik-content-pick-by-vision.jpg 700w, https:\/\/www.prologistik.com\/wp-content\/uploads\/prologistik-content-pick-by-vision-300x201.jpg 300w, https:\/\/www.prologistik.com\/wp-content\/uploads\/prologistik-content-pick-by-vision-150x100.jpg 150w\" sizes=\"auto, (max-width: 700px) 100vw, 700px\" \/><\/figure>\n\n<\/div><\/div>\n<\/div>\n<\/div>\n<\/section>\n\n<section class=\"gb-container gb-container-54956de3\">\n<div class=\"gb-container gb-container-9ae6eb08\">\n<div class=\"gb-grid-wrapper gb-grid-wrapper-72aeb088\">\n<div class=\"gb-grid-column gb-grid-column-c0f77875\"><div class=\"gb-container gb-container-c0f77875 globe-absolute\">\n\n<div class=\"wp-block-pixel-headline headlines is-subheadline-top has-text-align-left\"><h3 class=\"headline\" style=\"color:\">De nombreux avantages \u00e0 porter de mains :<\/h3><\/div>\n\n<\/div><\/div>\n\n<div class=\"gb-grid-column gb-grid-column-8e7acabe\"><div class=\"gb-container gb-container-8e7acabe globe-absolute\">\n<div class=\"gb-grid-wrapper gb-grid-wrapper-f6646350\">\n<div class=\"gb-grid-column gb-grid-column-244059ff\"><div class=\"gb-container gb-container-244059ff\">\n    <div id=\"iconbox-block_6029a3bb4e685a718bc7f8993258dbb3\" class=\"iconbox layout-row style-normal icon-has-color\">\n        <div class=\"iconbox-content-wrap\">\n            <div class=\"iconbox-headline-wrap color-blue\">\n                <div class=\"iconbox-icon-wrap\">\n                                        <div class=\"iconbox-icon\" style=\"mask-image:url('https:\/\/www.prologistik.com\/wp-content\/uploads\/icon-checkmark-round.svg');-webkit-mask-image: url('https:\/\/www.prologistik.com\/wp-content\/uploads\/icon-checkmark-round.svg);\">\n                    <\/div>\n                                    <\/div>\n                <div class=\"iconbox-headline\">\n                    Vitesse et fonctionnalit\u00e9 hors ligne                <\/div>\n            <\/div>\n                        <div class=\"iconbox-copytext\">\n                <ul>\n<li>Tous les processus de stockage sont visibles sur l&#8217;affichage des commandes des lunettes de donn\u00e9es<\/li>\n<li>Si n\u00e9cessaire, la sortie vocale peut \u00eatre activ\u00e9e<\/li>\n<li>Le lecteur de code-barres Bluetooth permet de revenir en arri\u00e8re ou d&#8217;avancer dans le processus de travail.<\/li>\n<li>L&#8217;utilisateur peut travailler hors ligne. Les requ\u00eates et les demandes de donn\u00e9es des lunettes sont effectu\u00e9es localement via une base de donn\u00e9es en m\u00e9moire haute performance.<\/li>\n<\/ul>\n                            <\/div>\n                    <\/div> \n    <\/div>\n    \n<\/div><\/div>\n\n<div class=\"gb-grid-column gb-grid-column-d7c4f632\"><div class=\"gb-container gb-container-d7c4f632\">\n    <div id=\"iconbox-block_bbf4170a782d8b4248f58dc4caf6a596\" class=\"iconbox layout-row style-normal icon-has-color\">\n        <div class=\"iconbox-content-wrap\">\n            <div class=\"iconbox-headline-wrap color-blue\">\n                <div class=\"iconbox-icon-wrap\">\n                                        <div class=\"iconbox-icon\" style=\"mask-image:url('https:\/\/www.prologistik.com\/wp-content\/uploads\/icon-checkmark-round.svg');-webkit-mask-image: url('https:\/\/www.prologistik.com\/wp-content\/uploads\/icon-checkmark-round.svg);\">\n                    <\/div>\n                                    <\/div>\n                <div class=\"iconbox-headline\">\n                    Compatibilit\u00e9 avec les fournisseurs de vision et les technologies Pick                <\/div>\n            <\/div>\n                        <div class=\"iconbox-copytext\">\n                <p>Extr\u00eamement variable : nous travaillons avec diff\u00e9rents fournisseurs de mat\u00e9riel de pick-by-vision. Nos solutions peuvent \u00eatre combin\u00e9es avec d&#8217;autres techniques de pr\u00e9paration de commandes telles que le pick-by-scanning.<\/p>\n                            <\/div>\n                    <\/div> \n    <\/div>\n    \n<\/div><\/div>\n\n<div class=\"gb-grid-column gb-grid-column-375a2b74\"><div class=\"gb-container gb-container-375a2b74\">\n    <div id=\"iconbox-block_068580494fb4ffaa4b9060c12781ccec\" class=\"iconbox layout-row style-normal icon-has-color\">\n        <div class=\"iconbox-content-wrap\">\n            <div class=\"iconbox-headline-wrap color-blue\">\n                <div class=\"iconbox-icon-wrap\">\n                                        <div class=\"iconbox-icon\" style=\"mask-image:url('https:\/\/www.prologistik.com\/wp-content\/uploads\/icon-checkmark-round.svg');-webkit-mask-image: url('https:\/\/www.prologistik.com\/wp-content\/uploads\/icon-checkmark-round.svg);\">\n                    <\/div>\n                                    <\/div>\n                <div class=\"iconbox-headline\">\n                    Mains libres                <\/div>\n            <\/div>\n                        <div class=\"iconbox-copytext\">\n                <p>Rien que les marchandises dans les mains : La navigation via un bouton et la connexion Bluetooth au scanner de codes-barres permettent de travailler les mains libres. Ainsi, les erreurs de travail sont r\u00e9duites et le d\u00e9roulement du processus extr\u00eamement acc\u00e9l\u00e9r\u00e9.<\/p>\n                            <\/div>\n                    <\/div> \n    <\/div>\n    \n<\/div><\/div>\n<\/div>\n<\/div><\/div>\n<\/div>\n<\/div>\n<\/section>\n\n<section class=\"gb-container gb-container-9c06e228\">\n<div class=\"gb-container gb-container-e457dddf\">\n<div class=\"gb-grid-wrapper gb-grid-wrapper-04ff0125\">\n<div class=\"gb-grid-column gb-grid-column-5c6e51d2\"><div class=\"gb-container gb-container-5c6e51d2 globe-absolute\">\n\n<div class=\"wp-block-pixel-headline headlines is-subheadline-top has-text-align-left\"><h2 class=\"headline\" style=\"color:\">Questions et r\u00e9ponses sur les lunettes de donn\u00e9es<\/h2><\/div>\n\n<\/div><\/div>\n\n<div class=\"gb-grid-column gb-grid-column-54d7e810\"><div class=\"gb-container gb-container-54d7e810 globe-absolute\">\n<div class=\"gb-grid-wrapper gb-grid-wrapper-4bb96602\">\n<div class=\"gb-grid-column gb-grid-column-32abe972\"><div class=\"gb-container gb-container-32abe972\">\n\n<p><strong>Les lunettes de donn\u00e9es fonctionnent-elles hors ligne ?<br><\/strong>Oui ! Vu que les requ\u00eates et les demandes de donn\u00e9es sont effectu\u00e9es localement via une base de donn\u00e9es en m\u00e9moire haute performance, l&#8217;utilisateur peut \u00e9galement travailler avec les lunettes hors ligne.<\/p>\n\n<\/div><\/div>\n\n<div class=\"gb-grid-column gb-grid-column-c0242260\"><div class=\"gb-container gb-container-c0242260\">\n\n<p><strong>Est-il possible de se connecter \u00e0 des syst\u00e8mes tiers (ERP, boutique en ligne) ?<br><\/strong>Diff\u00e9rentes interfaces permettent \u00e9galement de connecter des applications tierces telles que des syst\u00e8mes ERP \u00e0 l&#8217;application serveur de la solution Pick-by-Vision.<\/p>\n\n<\/div><\/div>\n<\/div>\n<\/div><\/div>\n<\/div>\n<\/div>\n<\/section>\n\n<div class=\"gb-container gb-container-7041305a\"><\/div>\n\n<section class=\"gb-container gb-container-78838206 gb-container-no-padding-bottom\" id=\"contact\">\n<div class=\"gb-container gb-container-50cd05df\">\n<div class=\"gb-grid-wrapper gb-grid-wrapper-c9c168fa\">\n<div class=\"gb-grid-column gb-grid-column-23b9ba83\"><div class=\"gb-container gb-container-23b9ba83\">\n\n<div class=\"wp-block-pixel-headline headlines is-subheadline-top has-text-align-left\"><h2 class=\"headline\" style=\"color:\">Nous serions ravis de vous conseiller<\/h2><span class=\"subheadline\" style=\"color:var(--color-blue)\">nous sommes l\u00e0 pour vous<\/span><\/div>\n\n\n\n<p>Appelez-nous ou envoyez-nous un message. Nous vous r\u00e9pondrons dans les plus brefs d\u00e9lais!<\/p>\n\n<\/div><\/div>\n<\/div>\n<\/div>\n<\/section>\n\n<section class=\"gb-container gb-container-70fb4b89\">\n<div class=\"gb-container gb-container-5801648d\">\n<div class=\"gb-grid-wrapper gb-grid-wrapper-7a53e8bf\">\n<div class=\"gb-grid-column gb-grid-column-b5fa74e1\"><div class=\"gb-container gb-container-b5fa74e1\">\n\n<meta http-equiv=\"Content-type\" content=\"text\/html; charset=UTF-8\">\n\n<script>\nfunction validateForm(event) {\n  const honeypot = document.getElementById(\"website_url\");\n\n  if (honeypot && honeypot.value.trim() !== \"\") {\n    event.preventDefault();\n    return false;\n  }\n\n  const frc = document.querySelector('input[name=\"frc-captcha-response\"]');\n  if (!frc || !frc.value || frc.value.trim() === \"\") {\n    document.getElementById(\"error-message\").style.display = \"block\";\n    event.preventDefault();\n    return false;\n  }\n\n  return true;\n}\n<\/script>\n\n<form id=\"custom-form\" action=\"https:\/\/webto.salesforce.com\/servlet\/servlet.WebToLead?encoding=UTF-8&#038;orgId=00D7Q000002pukE\" method=\"post\" onsubmit=\"return validateForm(event)\">\n  <input type=\"hidden\" name=\"oid\" value=\"00D7Q000002pukE\">\n  <input type=\"hidden\" name=\"retURL\" value=\"https:\/\/www.prologistik.com\/fr\/merci-pour-votre-contact\">\n  <input type=\"hidden\" name=\"recordType\" id=\"recordType\" value=\"012Of000001B3oPIAS\">\n  <input type=\"hidden\" class=\"SourceURL\" name=\"00NOf000002QoMb\" id=\"00NOf000002QoMb\" value=\"\">\n  <input type=\"hidden\" name=\"lead_source\" value=\"Webseite (Kontaktformular)\">\n\n  <div class=\"honeypot-field\" style=\"display:none;\">\n    <label for=\"website_url\">Si vous \u00eates humain, laissez ce champ vide.<\/label>\n    <input type=\"text\" id=\"website_url\" name=\"website_url\">\n  <\/div>\n\n  <div class=\"cf-form-wrap\">\n    <div class=\"cf-fields-wrap\">\n      <div class=\"cf-field\">\n        <label for=\"company\">Entreprise<\/label>\n        <input id=\"company\" maxlength=\"40\" name=\"company\" size=\"20\" type=\"text\" placeholder=\"Entreprise\" required>\n      <\/div>\n\n      <div class=\"cf-field half\">\n        <label for=\"first_name\">Pr\u00e9nom<\/label>\n        <input id=\"first_name\" maxlength=\"40\" name=\"first_name\" size=\"20\" type=\"text\" placeholder=\"Pr\u00e9nom\" required>\n      <\/div>\n\n      <div class=\"cf-field half\">\n        <label for=\"last_name\">Nom<\/label>\n        <input id=\"last_name\" maxlength=\"80\" name=\"last_name\" size=\"20\" type=\"text\" placeholder=\"Nom\" required>\n      <\/div>\n\n      <div class=\"cf-field half\">\n        <label for=\"phone\">T\u00e9l\u00e9phone<\/label>\n        <input id=\"phone\" maxlength=\"40\" name=\"phone\" size=\"20\" type=\"text\" placeholder=\"T\u00e9l\u00e9phone\">\n      <\/div>\n\n      <div class=\"cf-field half\">\n        <label for=\"email\">Email<\/label>\n        <input id=\"email\" maxlength=\"80\" name=\"email\" size=\"20\" type=\"text\" placeholder=\"Email\" required>\n      <\/div>\n\n      <div class=\"cf-field full textarea\">\n        <label for=\"description\">Message<\/label>\n        <textarea name=\"description\" placeholder=\"D\u00e9crivez-nous votre demande.\"><\/textarea>\n      <\/div>\n\n      <div class=\"cf-field full privacy-policy\">\n        <input id=\"00NOf000002QlF3\" name=\"00NOf000002QlF3\" type=\"checkbox\" value=\"1\" required>\n        <span class=\"privacy-policy-note\">J&#8217;accepte la <a href=\"https:\/\/www.prologistik.com\/fr\/mentions-legales\/protection-des-donnees\/\" target=\"_blank\" rel=\"noopener\">politique de confidentialit\u00e9<\/a>.<\/span>\n      <\/div>\n\n      <div class=\"frc-captcha\" data-sitekey=\"FCMV5CER2E6IVQMC\"><\/div>\n      <div id=\"error-message\" style=\"color:red; display:none;\">Veuillez compl\u00e9ter le captcha.<\/div>\n\n      <div class=\"cf-field send-button\">\n        <input id=\"checksend\" name=\"submit\" class=\"wpcf7-form-control submit wpcf7-submit has-spinner\" type=\"submit\" value=\"Envoyer\">\n        <span class=\"wpcf7-spinner\"><\/span>\n      <\/div>\n    <\/div>\n  <\/div>\n<\/form>\n\n<script>\nconst input = document.querySelector('.SourceURL');\nif (input) {\n  input.value = window.location.href;\n}\n<\/script>\n\n\n<\/div><\/div>\n\n<div class=\"gb-grid-column gb-grid-column-034278d8\"><div class=\"gb-container gb-container-034278d8\">\n<div class=\"gb-container gb-container-902e59d8 contact_blue_box\">\n\n<p>proLogistik France<br>16 rue de la petite Sensive<br>44300 Nantes | France<\/p>\n\n\n\n<p class=\"has-color-white-color has-text-color has-link-color wp-elements-a825009c6dfc5e826e7dfc9f17afaf9c\"><span class=\"contact_blue_box_france\">T\u00e9l.: <a href=\"tel:+33(0) 251818585 \">+33 (0) 251 81 85 85 <\/a><\/span><\/p>\n\n\n\n<p class=\"has-color-white-color has-text-color has-link-color wp-elements-96a81da7641a0982aa9be3439ece95e6\"><a href=\"mailto:info@prologistik.com\">info@prologistik.com<\/a><\/p>\n\n<\/div>\n<\/div><\/div>\n<\/div>\n<\/div>\n<\/section>","protected":false},"excerpt":{"rendered":"","protected":false},"author":1,"featured_media":0,"parent":29551,"menu_order":3,"comment_status":"closed","ping_status":"closed","template":"","meta":{"_acf_changed":false,"footnotes":""},"class_list":["post-29736","page","type-page","status-publish"],"acf":[],"yoast_head":"<!-- This site is optimized with the Yoast SEO Premium plugin v26.9 (Yoast SEO v27.5) - https:\/\/yoast.com\/product\/yoast-seo-premium-wordpress\/ -->\n<title>\ud83d\udc53 Solutions Pick-by-Vision | lunettes de donn\u00e9es pour entrep\u00f4t<\/title>\n<meta name=\"description\" content=\"Solutions Pick by Vision System \u2714\ufe0f Connexion \u00e0 des syst\u00e8mes tiers (ERP, boutique en ligne) \u2714\ufe0f Fonction hors ligne \u2714\ufe0f Mains libres avec nos lunettes de donn\u00e9es \u2714\ufe0f\" \/>\n<meta name=\"robots\" content=\"index, follow, max-snippet:-1, max-image-preview:large, max-video-preview:-1\" \/>\n<link rel=\"canonical\" href=\"https:\/\/www.prologistik.com\/fr\/materiel-informatique\/pick-by-vision\/\" \/>\n<meta property=\"og:locale\" content=\"fr_FR\" \/>\n<meta property=\"og:type\" content=\"article\" \/>\n<meta property=\"og:title\" content=\"Pick-by-Vision\" \/>\n<meta property=\"og:description\" content=\"Solutions Pick by Vision System \u2714\ufe0f Connexion \u00e0 des syst\u00e8mes tiers (ERP, boutique en ligne) \u2714\ufe0f Fonction hors ligne \u2714\ufe0f Mains libres avec nos lunettes de donn\u00e9es \u2714\ufe0f\" \/>\n<meta property=\"og:url\" content=\"https:\/\/www.prologistik.com\/fr\/materiel-informatique\/pick-by-vision\/\" \/>\n<meta property=\"og:site_name\" content=\"proLogistik Group\" \/>\n<meta property=\"article:modified_time\" content=\"2025-12-01T14:20:23+00:00\" \/>\n<meta property=\"og:image\" content=\"https:\/\/www.prologistik.com\/wp-content\/uploads\/prologistik-content-pick-by-vision.jpg\" \/>\n<meta name=\"twitter:card\" content=\"summary_large_image\" \/>\n<meta name=\"twitter:label1\" content=\"Dur\u00e9e de lecture estim\u00e9e\" \/>\n\t<meta name=\"twitter:data1\" content=\"1 minute\" \/>\n<script type=\"application\/ld+json\" class=\"yoast-schema-graph\">{\"@context\":\"https:\\\/\\\/schema.org\",\"@graph\":[{\"@type\":\"WebPage\",\"@id\":\"https:\\\/\\\/www.prologistik.com\\\/fr\\\/materiel-informatique\\\/pick-by-vision\\\/\",\"url\":\"https:\\\/\\\/www.prologistik.com\\\/fr\\\/materiel-informatique\\\/pick-by-vision\\\/\",\"name\":\"\ud83d\udc53 Solutions Pick-by-Vision | lunettes de donn\u00e9es pour entrep\u00f4t\",\"isPartOf\":{\"@id\":\"https:\\\/\\\/www.prologistik.com\\\/fr\\\/#website\"},\"primaryImageOfPage\":{\"@id\":\"https:\\\/\\\/www.prologistik.com\\\/fr\\\/materiel-informatique\\\/pick-by-vision\\\/#primaryimage\"},\"image\":{\"@id\":\"https:\\\/\\\/www.prologistik.com\\\/fr\\\/materiel-informatique\\\/pick-by-vision\\\/#primaryimage\"},\"thumbnailUrl\":\"https:\\\/\\\/www.prologistik.com\\\/wp-content\\\/uploads\\\/prologistik-content-pick-by-vision.jpg\",\"datePublished\":\"2023-02-28T15:41:49+00:00\",\"dateModified\":\"2025-12-01T14:20:23+00:00\",\"description\":\"Solutions Pick by Vision System \u2714\ufe0f Connexion \u00e0 des syst\u00e8mes tiers (ERP, boutique en ligne) \u2714\ufe0f Fonction hors ligne \u2714\ufe0f Mains libres avec nos lunettes de donn\u00e9es \u2714\ufe0f\",\"breadcrumb\":{\"@id\":\"https:\\\/\\\/www.prologistik.com\\\/fr\\\/materiel-informatique\\\/pick-by-vision\\\/#breadcrumb\"},\"inLanguage\":\"fr-FR\",\"potentialAction\":[{\"@type\":\"ReadAction\",\"target\":[\"https:\\\/\\\/www.prologistik.com\\\/fr\\\/materiel-informatique\\\/pick-by-vision\\\/\"]}]},{\"@type\":\"ImageObject\",\"inLanguage\":\"fr-FR\",\"@id\":\"https:\\\/\\\/www.prologistik.com\\\/fr\\\/materiel-informatique\\\/pick-by-vision\\\/#primaryimage\",\"url\":\"https:\\\/\\\/www.prologistik.com\\\/wp-content\\\/uploads\\\/prologistik-content-pick-by-vision.jpg\",\"contentUrl\":\"https:\\\/\\\/www.prologistik.com\\\/wp-content\\\/uploads\\\/prologistik-content-pick-by-vision.jpg\"},{\"@type\":\"BreadcrumbList\",\"@id\":\"https:\\\/\\\/www.prologistik.com\\\/fr\\\/materiel-informatique\\\/pick-by-vision\\\/#breadcrumb\",\"itemListElement\":[{\"@type\":\"ListItem\",\"position\":1,\"name\":\"Startseite\",\"item\":\"https:\\\/\\\/www.prologistik.com\\\/fr\\\/\"},{\"@type\":\"ListItem\",\"position\":2,\"name\":\"Hardware\",\"item\":\"https:\\\/\\\/www.prologistik.com\\\/fr\\\/materiel-informatique\\\/\"},{\"@type\":\"ListItem\",\"position\":3,\"name\":\"Pick-by-Vision\"}]},{\"@type\":\"WebSite\",\"@id\":\"https:\\\/\\\/www.prologistik.com\\\/fr\\\/#website\",\"url\":\"https:\\\/\\\/www.prologistik.com\\\/fr\\\/\",\"name\":\"proLogistik Group\",\"description\":\"Software und Hardware f\u00fcr die Intralogistik\",\"publisher\":{\"@id\":\"https:\\\/\\\/www.prologistik.com\\\/fr\\\/#organization\"},\"potentialAction\":[{\"@type\":\"SearchAction\",\"target\":{\"@type\":\"EntryPoint\",\"urlTemplate\":\"https:\\\/\\\/www.prologistik.com\\\/fr\\\/?s={search_term_string}\"},\"query-input\":{\"@type\":\"PropertyValueSpecification\",\"valueRequired\":true,\"valueName\":\"search_term_string\"}}],\"inLanguage\":\"fr-FR\"},{\"@type\":\"Organization\",\"@id\":\"https:\\\/\\\/www.prologistik.com\\\/fr\\\/#organization\",\"name\":\"proLogistik Group\",\"url\":\"https:\\\/\\\/www.prologistik.com\\\/fr\\\/\",\"logo\":{\"@type\":\"ImageObject\",\"inLanguage\":\"fr-FR\",\"@id\":\"https:\\\/\\\/www.prologistik.com\\\/fr\\\/#\\\/schema\\\/logo\\\/image\\\/\",\"url\":\"https:\\\/\\\/www.prologistik.com\\\/wp-content\\\/uploads\\\/prologistik-logo-web.svg\",\"contentUrl\":\"https:\\\/\\\/www.prologistik.com\\\/wp-content\\\/uploads\\\/prologistik-logo-web.svg\",\"width\":320,\"height\":59,\"caption\":\"proLogistik Group\"},\"image\":{\"@id\":\"https:\\\/\\\/www.prologistik.com\\\/fr\\\/#\\\/schema\\\/logo\\\/image\\\/\"}}]}<\/script>\n<!-- \/ Yoast SEO Premium plugin. -->","yoast_head_json":{"title":"\ud83d\udc53 Solutions Pick-by-Vision | lunettes de donn\u00e9es pour entrep\u00f4t","description":"Solutions Pick by Vision System \u2714\ufe0f Connexion \u00e0 des syst\u00e8mes tiers (ERP, boutique en ligne) \u2714\ufe0f Fonction hors ligne \u2714\ufe0f Mains libres avec nos lunettes de donn\u00e9es \u2714\ufe0f","robots":{"index":"index","follow":"follow","max-snippet":"max-snippet:-1","max-image-preview":"max-image-preview:large","max-video-preview":"max-video-preview:-1"},"canonical":"https:\/\/www.prologistik.com\/fr\/materiel-informatique\/pick-by-vision\/","og_locale":"fr_FR","og_type":"article","og_title":"Pick-by-Vision","og_description":"Solutions Pick by Vision System \u2714\ufe0f Connexion \u00e0 des syst\u00e8mes tiers (ERP, boutique en ligne) \u2714\ufe0f Fonction hors ligne \u2714\ufe0f Mains libres avec nos lunettes de donn\u00e9es \u2714\ufe0f","og_url":"https:\/\/www.prologistik.com\/fr\/materiel-informatique\/pick-by-vision\/","og_site_name":"proLogistik Group","article_modified_time":"2025-12-01T14:20:23+00:00","og_image":[{"url":"https:\/\/www.prologistik.com\/wp-content\/uploads\/prologistik-content-pick-by-vision.jpg","type":"","width":"","height":""}],"twitter_card":"summary_large_image","twitter_misc":{"Dur\u00e9e de lecture estim\u00e9e":"1 minute"},"schema":{"@context":"https:\/\/schema.org","@graph":[{"@type":"WebPage","@id":"https:\/\/www.prologistik.com\/fr\/materiel-informatique\/pick-by-vision\/","url":"https:\/\/www.prologistik.com\/fr\/materiel-informatique\/pick-by-vision\/","name":"\ud83d\udc53 Solutions Pick-by-Vision | lunettes de donn\u00e9es pour entrep\u00f4t","isPartOf":{"@id":"https:\/\/www.prologistik.com\/fr\/#website"},"primaryImageOfPage":{"@id":"https:\/\/www.prologistik.com\/fr\/materiel-informatique\/pick-by-vision\/#primaryimage"},"image":{"@id":"https:\/\/www.prologistik.com\/fr\/materiel-informatique\/pick-by-vision\/#primaryimage"},"thumbnailUrl":"https:\/\/www.prologistik.com\/wp-content\/uploads\/prologistik-content-pick-by-vision.jpg","datePublished":"2023-02-28T15:41:49+00:00","dateModified":"2025-12-01T14:20:23+00:00","description":"Solutions Pick by Vision System \u2714\ufe0f Connexion \u00e0 des syst\u00e8mes tiers (ERP, boutique en ligne) \u2714\ufe0f Fonction hors ligne \u2714\ufe0f Mains libres avec nos lunettes de donn\u00e9es \u2714\ufe0f","breadcrumb":{"@id":"https:\/\/www.prologistik.com\/fr\/materiel-informatique\/pick-by-vision\/#breadcrumb"},"inLanguage":"fr-FR","potentialAction":[{"@type":"ReadAction","target":["https:\/\/www.prologistik.com\/fr\/materiel-informatique\/pick-by-vision\/"]}]},{"@type":"ImageObject","inLanguage":"fr-FR","@id":"https:\/\/www.prologistik.com\/fr\/materiel-informatique\/pick-by-vision\/#primaryimage","url":"https:\/\/www.prologistik.com\/wp-content\/uploads\/prologistik-content-pick-by-vision.jpg","contentUrl":"https:\/\/www.prologistik.com\/wp-content\/uploads\/prologistik-content-pick-by-vision.jpg"},{"@type":"BreadcrumbList","@id":"https:\/\/www.prologistik.com\/fr\/materiel-informatique\/pick-by-vision\/#breadcrumb","itemListElement":[{"@type":"ListItem","position":1,"name":"Startseite","item":"https:\/\/www.prologistik.com\/fr\/"},{"@type":"ListItem","position":2,"name":"Hardware","item":"https:\/\/www.prologistik.com\/fr\/materiel-informatique\/"},{"@type":"ListItem","position":3,"name":"Pick-by-Vision"}]},{"@type":"WebSite","@id":"https:\/\/www.prologistik.com\/fr\/#website","url":"https:\/\/www.prologistik.com\/fr\/","name":"proLogistik Group","description":"Software und Hardware f\u00fcr die Intralogistik","publisher":{"@id":"https:\/\/www.prologistik.com\/fr\/#organization"},"potentialAction":[{"@type":"SearchAction","target":{"@type":"EntryPoint","urlTemplate":"https:\/\/www.prologistik.com\/fr\/?s={search_term_string}"},"query-input":{"@type":"PropertyValueSpecification","valueRequired":true,"valueName":"search_term_string"}}],"inLanguage":"fr-FR"},{"@type":"Organization","@id":"https:\/\/www.prologistik.com\/fr\/#organization","name":"proLogistik Group","url":"https:\/\/www.prologistik.com\/fr\/","logo":{"@type":"ImageObject","inLanguage":"fr-FR","@id":"https:\/\/www.prologistik.com\/fr\/#\/schema\/logo\/image\/","url":"https:\/\/www.prologistik.com\/wp-content\/uploads\/prologistik-logo-web.svg","contentUrl":"https:\/\/www.prologistik.com\/wp-content\/uploads\/prologistik-logo-web.svg","width":320,"height":59,"caption":"proLogistik Group"},"image":{"@id":"https:\/\/www.prologistik.com\/fr\/#\/schema\/logo\/image\/"}}]}},"_links":{"self":[{"href":"https:\/\/www.prologistik.com\/fr\/wp-json\/wp\/v2\/pages\/29736","targetHints":{"allow":["GET"]}}],"collection":[{"href":"https:\/\/www.prologistik.com\/fr\/wp-json\/wp\/v2\/pages"}],"about":[{"href":"https:\/\/www.prologistik.com\/fr\/wp-json\/wp\/v2\/types\/page"}],"author":[{"embeddable":true,"href":"https:\/\/www.prologistik.com\/fr\/wp-json\/wp\/v2\/users\/1"}],"replies":[{"embeddable":true,"href":"https:\/\/www.prologistik.com\/fr\/wp-json\/wp\/v2\/comments?post=29736"}],"version-history":[{"count":6,"href":"https:\/\/www.prologistik.com\/fr\/wp-json\/wp\/v2\/pages\/29736\/revisions"}],"predecessor-version":[{"id":55545,"href":"https:\/\/www.prologistik.com\/fr\/wp-json\/wp\/v2\/pages\/29736\/revisions\/55545"}],"up":[{"embeddable":true,"href":"https:\/\/www.prologistik.com\/fr\/wp-json\/wp\/v2\/pages\/29551"}],"wp:attachment":[{"href":"https:\/\/www.prologistik.com\/fr\/wp-json\/wp\/v2\/media?parent=29736"}],"curies":[{"name":"wp","href":"https:\/\/api.w.org\/{rel}","templated":true}]}}