{"id":29706,"date":"2023-02-28T16:41:50","date_gmt":"2023-02-28T15:41:50","guid":{"rendered":"https:\/\/prologistik.pixel-tal.de\/materiel-informatique\/labeling-etiquettes\/e-paper"},"modified":"2025-12-01T14:55:27","modified_gmt":"2025-12-01T13:55:27","slug":"e-paper","status":"publish","type":"page","link":"https:\/\/www.prologistik.com\/fr\/materiel-informatique\/labeling-etiquettes\/e-paper\/","title":{"rendered":"Papier \u00e9lectronique"},"content":{"rendered":"        \n            <!-- pagehead -->\n        \n                    \n\t\t\t<div id=\"pagehead-block_5d705d867bd12af887b45592e208c0bf\" class=\"pagehead size-small\">\n\t\t\t\t\t\t\t<div class=\"pagehead-canvas\">\n\t\t\t\t<div class=\"pagehead-content has-bg-color bg-color-green\">\n\t\t\t\t\t<div class=\"pagehead-content-inner\">\n\t\t\t\t\t\t<div class=\"pagehead-icon icon-color-white\" data-aos=\"fade-up\" data-aos-delay=\"0\" style=\"mask-image: url(https:\/\/www.prologistik.com\/wp-content\/uploads\/icon-cloud-saas.svg); -webkit-mask-image: url(https:\/\/www.prologistik.com\/wp-content\/uploads\/icon-cloud-saas.svg);\"><\/div>\t\t\t\t\t\t<span class=\"pagehead-subheadline\"  data-aos=\"fade-up\" data-aos-delay=\"50\">\u00c9tiquettes PLG<\/span>\t\t\t\t\t\t<h1 class=\"pagehead-headline\" data-aos=\"fade-up\" data-aos-delay=\"100\">Etiquettes pour papier \u00e9lectronique<\/h1>\t\t\t\t\t\t\t\t\t\t\t<\/div>\n\t\t\t\t<\/div>\n\t\t\t<\/div>\n\t\t\t\n\t\t\t\t<div class=\"pagehead-background\">\n\t\t\t\t<!-- image_id: 44449 | alt: Bannerbild E-Paper-Etiketten -->\t\t\t\t\t\t\t\t\t<img decoding=\"async\" class=\"test\" src=\"https:\/\/www.prologistik.com\/wp-content\/uploads\/pLG_Website_Hardware_E-Paper-Etiketten_1920x840px.jpg\" alt=\"Bannerbild E-Paper-Etiketten\" \/>\n\t\t\t\t\n\t\t\t\t<\/div>\n\t\t\t<\/div>\n        \n                    \n            <!-- end:pagehead -->\n        \n            \n\n<section class=\"gb-container gb-container-97381a90\">\n<div class=\"gb-container gb-container-76c9f99c\">\n<div class=\"gb-grid-wrapper gb-grid-wrapper-3c5d1c2a\">\n<div class=\"gb-grid-column gb-grid-column-c394eff9\"><div class=\"gb-container gb-container-c394eff9\">\n\n<div class=\"wp-block-pixel-headline headlines is-subheadline-top has-text-align-left\"><h2 class=\"headline\" style=\"color:\">Les avantages des \u00e9tiquettes en papier \u00e9lectroniques<\/h2><span class=\"subheadline\" style=\"color:var(--color-blue)\">L&#8217;OPTION \u00e9lectronique<\/span><\/div>\n\n\n\n<p>Les \u00e9tiquettes et les panneaux ne se composent plus uniquement de papier traditionnel, mais peuvent \u00e9galement se distinguer par leur forme num\u00e9rique. En effet, dans de nombreux secteurs le papier \u00e9lectronique remplace d\u00e9j\u00e0 les \u00e9tiquettes papier. L&#8217;affichage du papier \u00e9lectronique repr\u00e9sente une signal\u00e9tique moderne et num\u00e9rique pour une multitude d&#8217;applications.<\/p>\n\n\n\n<div class=\"wp-block-pixel-headline headlines is-subheadline-bottom has-text-align-left\"><h3 class=\"headline\" style=\"color:\">Augmentation de l&#8217;efficacit\u00e9 gr\u00e2ce \u00e0 l&#8217;utilisation sans papier<\/h3><\/div>\n\n\n\n<p>Ainsi, les \u00e9tiquettes de prix \u00e9lectroniques dans les supermarch\u00e9s ou l&#8217;utilisation dans le domaine de la construction de machines et d&#8217;installations constituent un grand domaine d&#8217;application pour les papiers \u00e9lectronique. Elles repr\u00e9sentent aussi une solution appropri\u00e9e dans le commerce ou la logistique. Gr\u00e2ce \u00e0 la technologie r\u00e9fl\u00e9chissante, la lisibilit\u00e9 des affichages en papier \u00e9lectronique est excellente, m\u00eame en plein soleil.<\/p>\n\n\n\n<p>Les \u00e9crans fournissent un affichage sans scintillement quel que soit l&#8217;angle de vue et peuvent afficher le contenu de mani\u00e8re parfaitement lisible \u00e0 la lumi\u00e8re ambiante et \u00e0 la lumi\u00e8re du jour. L&#8217;\u00e9tiquetage ne se fait pas avec une feuille de papier et un stylo, mais via WIFI. Ainsi, les donn\u00e9es affich\u00e9es telles que les marchandises, les quantit\u00e9s, les prix peuvent \u00eatre modifi\u00e9es et actualis\u00e9es \u00e0 tout moment.<\/p>\n\n<\/div><\/div>\n\n<div class=\"gb-grid-column gb-grid-column-f7d49bdd\"><div class=\"gb-container gb-container-f7d49bdd\">\n\n<div class=\"wp-block-pixel-headline headlines is-subheadline-top has-text-align-left\"><h4 class=\"headline\" style=\"color:\"><strong>Les avantages du papier \u00e9lectronique :<\/strong><\/h4><\/div>\n\n\n\n<ul class=\"wp-block-list is-style-list-item-checkmark\">\n<li><strong>Individuel<\/strong><br>Gr\u00e2ce au papier \u00e9lectronique et aux diff\u00e9rentes tailles<\/li>\n\n\n\n<li><strong>Long\u00e9vit\u00e9<\/strong><br>Dur\u00e9e de vie des piles jusqu&#8217;\u00e0 5 ans<\/li>\n\n\n\n<li><strong>Polyvalence<\/strong><br>Utilisation dans le commerce, la logistique et l&#8217;industrie<\/li>\n\n\n\n<li><strong>Graphique<\/strong><br>\u00c9cran E-INK Paper enti\u00e8rement graphique<\/li>\n\n\n\n<li><strong>Vaste<\/strong><br>Angle de vision de presque 180 degr\u00e9s<\/li>\n\n\n\n<li><strong>Diversit\u00e9 des couleurs<\/strong><br>En noir et blanc \/ noir et blanc-rouge<\/li>\n<\/ul>\n\n<\/div><\/div>\n<\/div>\n<\/div>\n<\/section>\n\n<section class=\"gb-container gb-container-46f72e58\" id=\"Etikettenkatalog\">\n<div class=\"gb-container gb-container-a7151950\">\n<div class=\"gb-grid-wrapper gb-grid-wrapper-dc53e7d7\">\n<div class=\"gb-grid-column gb-grid-column-f4ab6602\"><div class=\"gb-container gb-container-f4ab6602\">\n        \n            <!-- grid -->\n\n\t\t\t        \n                    \n            <div id=\"grid-block_63ba74162129ebc97f3b3c7dba65d2c2\" class=\"grid grid:1 \" >\n\n\t\t\t\t\t\n\t\t\t\t<div class=\"grid-group grid-group-0\">\n\t\t\t\t\t\t\t\t\t\t<div class=\"grid-inner gb-grid-wrapper \">\n\t\t\t\t\t\t\t\t\t\t\t\t\t<div class=\"grid-item gb-grid-column\">\n\t\t\t\t\t\t\t\n\t\t\t\t\t\t\t\n\t\t\t\t\t\t\t\n\t\t\t\t\t\t\t\n\t\t\t\t\t\t\t\n\t\t\t\t\t\t\t<!-- pages -->\n\t\t\t\t\t\t\t\n\t\t\t\t\t\t\t\t<!-- posts -->\n\n\t\t\t\t\t\t\t\t\n\t\t\t\t\t\t\t\t<!-- contacts -->\n\n\t\t\t\t\t\t\t\t\n\t\t\t\t\t\t\t\t<!-- downloads -->\n\n\t\t\t\t\t\t\t\t\t\t\t\t\t\t\t\t\n\t\t\t\t\t\t\t\t\t<div class=\"download-entry layout-two-col\">\n\t\t\t\t\t\t\t\t\t\t\t\t\t\t\t\t\t\t\t\t<div class=\"download-image\">\n\t\t\t\t\t\t\t\t\t\t\t<img loading=\"lazy\" decoding=\"async\" width=\"552\" height=\"388\" src=\"https:\/\/www.prologistik.com\/wp-content\/uploads\/prologistik-mockup-Broschuere_Etiketten_De.png\" class=\"attachment-full size-full wp-post-image\" alt=\"Production logistics\" srcset=\"https:\/\/www.prologistik.com\/wp-content\/uploads\/prologistik-mockup-Broschuere_Etiketten_De.png 552w, https:\/\/www.prologistik.com\/wp-content\/uploads\/prologistik-mockup-Broschuere_Etiketten_De-300x211.png 300w, https:\/\/www.prologistik.com\/wp-content\/uploads\/prologistik-mockup-Broschuere_Etiketten_De-150x105.png 150w\" sizes=\"auto, (max-width: 552px) 100vw, 552px\" \/>\t\t\t\t\t\t\t\t\t\t<\/div>\n\t\t\t\t\t\t\t\t\t\t\t\t\t\t\t\t\t\t\t\t\t\t\t\t\t\t\t\t\t\t\t<div class=\"download-content\">\n\t\t\t\t\t\t\t\t\t\t\t\t\t\t\t\t\t\t\t\t\t\t<div class=\"subheadline\" style=\"color:var(--color-dark-cyan); display:none;\">mehr erfahren<\/div>\n\t\t\t\t\t\t\t\t\t\t\t<div class=\"download-headline\">\n\t\t\t\t\t\t\t\t\t\t\t\tCatalogue d&#8217;\u00e9tiquettes\t\t\t\t\t\t\t\t\t\t\t<\/div>\n\t\t\t\t\t\t\t\t\t\t\t\n\t\t\t\t\t\t\t\t\t\t\t\t\t\t\t\t\t\t\t\t\t\t\t\t\t\t\t\t\t\t\t\t\t<div class=\"download-copytext\">\n\t\t\t\t\t\t\t\t\t\t\t\t<p>Nous vous proposons une grande vari\u00e9t\u00e9 d&#8217;\u00e9tiquettes, car nous nous sommes donn\u00e9 pour mission de toujours trouver la solution qui vous convient. Cela inclut bien entendu des solutions personnalis\u00e9es qui vous permettent d&#8217;\u00e9tiqueter facilement vos produits, m\u00eame dans des circonstances particuli\u00e8res. Informez-vous d\u00e8s maintenant sur les services que nous proposons en consultant notre catalogue d&#8217;\u00e9tiquettes.<\/p>\n\t\t\t\t\t\t \t\t\t\t\t<\/div>\n\t\t\t\t\t\t\t\t\t\t\t\t\t\t\t\t\t\t\t\t\t\t<div class=\"is-layout-flex wp-block-buttons\">\n            <div class=\"wp-block-button is-style-outline\">\n                <a class=\"wp-block-button__link has-color-blue-color has-text-color wp-element-button download-button\" \n                   data-download-file=\"1\" \n                   data-lang=\"fr\">\n                   T\u00e9l\u00e9chargement\n                <\/a>\n            <\/div>\n        <\/div>\t\t\t\t\t\t\t\t\t\t\t\n\t\t\t\t\t\t\t\t\t\t<\/div>\n\t\t\t\t\t\t\t\t\t\t\t\t\t\t\t\t\t\t\t<\/div>\t\t\t\t\t\t\t\t\n\t\t\t\t\t\t\t\t\t\n\n\t\t\t\t\t\t\t\t<!-- companies -->\n\n\t\t\t\t\t\t\t\t\t\n\t\t\t\t\t\t\t\t\n\t\t\t\t\t\t\t<\/div>\t\t\t\t\t\t\t\n\t\t\t\t\t\t\t\t\t\t\t<\/div>\n\t\t\t\t<\/div>\n\t\t\t\t \n\n            <\/div>\n        \n            \n\t\t\t<!-- else -->\n\n\t\t\t        \n            <!-- end:grid -->\n        \n            \n<\/div><\/div>\n<\/div>\n<\/div>\n<\/section>\n\n<section class=\"gb-container gb-container-78838206 gb-container-no-padding-bottom\" id=\"contact\">\n<div class=\"gb-container gb-container-50cd05df\">\n<div class=\"gb-grid-wrapper gb-grid-wrapper-c9c168fa\">\n<div class=\"gb-grid-column gb-grid-column-23b9ba83\"><div class=\"gb-container gb-container-23b9ba83\">\n\n<div class=\"wp-block-pixel-headline headlines is-subheadline-top has-text-align-left\"><h2 class=\"headline\" style=\"color:\">Nous serions ravis de vous conseiller<\/h2><span class=\"subheadline\" style=\"color:var(--color-blue)\">nous sommes l\u00e0 pour vous<\/span><\/div>\n\n\n\n<p>Appelez-nous ou envoyez-nous un message. Nous vous r\u00e9pondrons dans les plus brefs d\u00e9lais!<\/p>\n\n<\/div><\/div>\n<\/div>\n<\/div>\n<\/section>\n\n<section class=\"gb-container gb-container-70fb4b89\">\n<div class=\"gb-container gb-container-5801648d\">\n<div class=\"gb-grid-wrapper gb-grid-wrapper-7a53e8bf\">\n<div class=\"gb-grid-column gb-grid-column-b5fa74e1\"><div class=\"gb-container gb-container-b5fa74e1\">\n\n<meta http-equiv=\"Content-type\" content=\"text\/html; charset=UTF-8\">\n\n<script>\nfunction validateForm(event) {\n  const honeypot = document.getElementById(\"website_url\");\n\n  if (honeypot && honeypot.value.trim() !== \"\") {\n    event.preventDefault();\n    return false;\n  }\n\n  const frc = document.querySelector('input[name=\"frc-captcha-response\"]');\n  if (!frc || !frc.value || frc.value.trim() === \"\") {\n    document.getElementById(\"error-message\").style.display = \"block\";\n    event.preventDefault();\n    return false;\n  }\n\n  return true;\n}\n<\/script>\n\n<form id=\"custom-form\" action=\"https:\/\/webto.salesforce.com\/servlet\/servlet.WebToLead?encoding=UTF-8&#038;orgId=00D7Q000002pukE\" method=\"post\" onsubmit=\"return validateForm(event)\">\n  <input type=\"hidden\" name=\"oid\" value=\"00D7Q000002pukE\">\n  <input type=\"hidden\" name=\"retURL\" value=\"https:\/\/www.prologistik.com\/fr\/merci-pour-votre-contact\">\n  <input type=\"hidden\" name=\"recordType\" id=\"recordType\" value=\"012Of000001B3oPIAS\">\n  <input type=\"hidden\" class=\"SourceURL\" name=\"00NOf000002QoMb\" id=\"00NOf000002QoMb\" value=\"\">\n  <input type=\"hidden\" name=\"lead_source\" value=\"Webseite (Kontaktformular)\">\n\n  <div class=\"honeypot-field\" style=\"display:none;\">\n    <label for=\"website_url\">Si vous \u00eates humain, laissez ce champ vide.<\/label>\n    <input type=\"text\" id=\"website_url\" name=\"website_url\">\n  <\/div>\n\n  <div class=\"cf-form-wrap\">\n    <div class=\"cf-fields-wrap\">\n      <div class=\"cf-field\">\n        <label for=\"company\">Entreprise<\/label>\n        <input id=\"company\" maxlength=\"40\" name=\"company\" size=\"20\" type=\"text\" placeholder=\"Entreprise\" required>\n      <\/div>\n\n      <div class=\"cf-field half\">\n        <label for=\"first_name\">Pr\u00e9nom<\/label>\n        <input id=\"first_name\" maxlength=\"40\" name=\"first_name\" size=\"20\" type=\"text\" placeholder=\"Pr\u00e9nom\" required>\n      <\/div>\n\n      <div class=\"cf-field half\">\n        <label for=\"last_name\">Nom<\/label>\n        <input id=\"last_name\" maxlength=\"80\" name=\"last_name\" size=\"20\" type=\"text\" placeholder=\"Nom\" required>\n      <\/div>\n\n      <div class=\"cf-field half\">\n        <label for=\"phone\">T\u00e9l\u00e9phone<\/label>\n        <input id=\"phone\" maxlength=\"40\" name=\"phone\" size=\"20\" type=\"text\" placeholder=\"T\u00e9l\u00e9phone\">\n      <\/div>\n\n      <div class=\"cf-field half\">\n        <label for=\"email\">Email<\/label>\n        <input id=\"email\" maxlength=\"80\" name=\"email\" size=\"20\" type=\"text\" placeholder=\"Email\" required>\n      <\/div>\n\n      <div class=\"cf-field full textarea\">\n        <label for=\"description\">Message<\/label>\n        <textarea name=\"description\" placeholder=\"D\u00e9crivez-nous votre demande.\"><\/textarea>\n      <\/div>\n\n      <div class=\"cf-field full privacy-policy\">\n        <input id=\"00NOf000002QlF3\" name=\"00NOf000002QlF3\" type=\"checkbox\" value=\"1\" required>\n        <span class=\"privacy-policy-note\">J&#8217;accepte la <a href=\"https:\/\/www.prologistik.com\/fr\/mentions-legales\/protection-des-donnees\/\" target=\"_blank\" rel=\"noopener\">politique de confidentialit\u00e9<\/a>.<\/span>\n      <\/div>\n\n      <div class=\"frc-captcha\" data-sitekey=\"FCMV5CER2E6IVQMC\"><\/div>\n      <div id=\"error-message\" style=\"color:red; display:none;\">Veuillez compl\u00e9ter le captcha.<\/div>\n\n      <div class=\"cf-field send-button\">\n        <input id=\"checksend\" name=\"submit\" class=\"wpcf7-form-control submit wpcf7-submit has-spinner\" type=\"submit\" value=\"Envoyer\">\n        <span class=\"wpcf7-spinner\"><\/span>\n      <\/div>\n    <\/div>\n  <\/div>\n<\/form>\n\n<script>\nconst input = document.querySelector('.SourceURL');\nif (input) {\n  input.value = window.location.href;\n}\n<\/script>\n\n\n<\/div><\/div>\n\n<div class=\"gb-grid-column gb-grid-column-034278d8\"><div class=\"gb-container gb-container-034278d8\">\n<div class=\"gb-container gb-container-902e59d8 contact_blue_box\">\n\n<p>proLogistik France<br>16 rue de la petite Sensive<br>44300 Nantes | France<\/p>\n\n\n\n<p class=\"has-color-white-color has-text-color has-link-color wp-elements-a825009c6dfc5e826e7dfc9f17afaf9c\"><span class=\"contact_blue_box_france\">T\u00e9l.: <a href=\"tel:+33(0) 251818585 \">+33 (0) 251 81 85 85 <\/a><\/span><\/p>\n\n\n\n<p class=\"has-color-white-color has-text-color has-link-color wp-elements-96a81da7641a0982aa9be3439ece95e6\"><a href=\"mailto:info@prologistik.com\">info@prologistik.com<\/a><\/p>\n\n<\/div>\n<\/div><\/div>\n<\/div>\n<\/div>\n<\/section>","protected":false},"excerpt":{"rendered":"","protected":false},"author":1,"featured_media":0,"parent":29514,"menu_order":6,"comment_status":"closed","ping_status":"closed","template":"","meta":{"_acf_changed":false,"footnotes":""},"class_list":["post-29706","page","type-page","status-publish"],"acf":[],"yoast_head":"<!-- This site is optimized with the Yoast SEO Premium plugin v26.9 (Yoast SEO v27.5) - https:\/\/yoast.com\/product\/yoast-seo-premium-wordpress\/ -->\n<title>\u00c9tiquettes E-Paper pour une polyvalence maximale<\/title>\n<meta name=\"description\" content=\"Augmentation de l&#039;efficacit\u00e9 gr\u00e2ce \u00e0 l&#039;utilisation sans papier \u2714\ufe0f Ecran papier E-INK enti\u00e8rement graphique \u2714\ufe0f Angle de vision proche de 180 degr\u00e9s \u2714\ufe0f Dur\u00e9e de la batterie jusqu&#039;\u00e0 5 ans \u2714\ufe0f\" \/>\n<meta name=\"robots\" content=\"index, follow, max-snippet:-1, max-image-preview:large, max-video-preview:-1\" \/>\n<link rel=\"canonical\" href=\"https:\/\/www.prologistik.com\/fr\/materiel-informatique\/labeling-etiquettes\/e-paper\/\" \/>\n<meta property=\"og:locale\" content=\"fr_FR\" \/>\n<meta property=\"og:type\" content=\"article\" \/>\n<meta property=\"og:title\" content=\"Papier \u00e9lectronique\" \/>\n<meta property=\"og:description\" content=\"Augmentation de l&#039;efficacit\u00e9 gr\u00e2ce \u00e0 l&#039;utilisation sans papier \u2714\ufe0f Ecran papier E-INK enti\u00e8rement graphique \u2714\ufe0f Angle de vision proche de 180 degr\u00e9s \u2714\ufe0f Dur\u00e9e de la batterie jusqu&#039;\u00e0 5 ans \u2714\ufe0f\" \/>\n<meta property=\"og:url\" content=\"https:\/\/www.prologistik.com\/fr\/materiel-informatique\/labeling-etiquettes\/e-paper\/\" \/>\n<meta property=\"og:site_name\" content=\"proLogistik Group\" \/>\n<meta property=\"article:modified_time\" content=\"2025-12-01T13:55:27+00:00\" \/>\n<meta name=\"twitter:card\" content=\"summary_large_image\" \/>\n<meta name=\"twitter:label1\" content=\"Dur\u00e9e de lecture estim\u00e9e\" \/>\n\t<meta name=\"twitter:data1\" content=\"1 minute\" \/>\n<script type=\"application\/ld+json\" class=\"yoast-schema-graph\">{\"@context\":\"https:\\\/\\\/schema.org\",\"@graph\":[{\"@type\":\"WebPage\",\"@id\":\"https:\\\/\\\/www.prologistik.com\\\/fr\\\/materiel-informatique\\\/labeling-etiquettes\\\/e-paper\\\/\",\"url\":\"https:\\\/\\\/www.prologistik.com\\\/fr\\\/materiel-informatique\\\/labeling-etiquettes\\\/e-paper\\\/\",\"name\":\"\u00c9tiquettes E-Paper pour une polyvalence maximale\",\"isPartOf\":{\"@id\":\"https:\\\/\\\/www.prologistik.com\\\/fr\\\/#website\"},\"datePublished\":\"2023-02-28T15:41:50+00:00\",\"dateModified\":\"2025-12-01T13:55:27+00:00\",\"description\":\"Augmentation de l'efficacit\u00e9 gr\u00e2ce \u00e0 l'utilisation sans papier \u2714\ufe0f Ecran papier E-INK enti\u00e8rement graphique \u2714\ufe0f Angle de vision proche de 180 degr\u00e9s \u2714\ufe0f Dur\u00e9e de la batterie jusqu'\u00e0 5 ans \u2714\ufe0f\",\"breadcrumb\":{\"@id\":\"https:\\\/\\\/www.prologistik.com\\\/fr\\\/materiel-informatique\\\/labeling-etiquettes\\\/e-paper\\\/#breadcrumb\"},\"inLanguage\":\"fr-FR\",\"potentialAction\":[{\"@type\":\"ReadAction\",\"target\":[\"https:\\\/\\\/www.prologistik.com\\\/fr\\\/materiel-informatique\\\/labeling-etiquettes\\\/e-paper\\\/\"]}]},{\"@type\":\"BreadcrumbList\",\"@id\":\"https:\\\/\\\/www.prologistik.com\\\/fr\\\/materiel-informatique\\\/labeling-etiquettes\\\/e-paper\\\/#breadcrumb\",\"itemListElement\":[{\"@type\":\"ListItem\",\"position\":1,\"name\":\"Startseite\",\"item\":\"https:\\\/\\\/www.prologistik.com\\\/fr\\\/\"},{\"@type\":\"ListItem\",\"position\":2,\"name\":\"Hardware\",\"item\":\"https:\\\/\\\/www.prologistik.com\\\/fr\\\/materiel-informatique\\\/\"},{\"@type\":\"ListItem\",\"position\":3,\"name\":\"Labeling \\\/ \u00c9tiquettes\",\"item\":\"https:\\\/\\\/www.prologistik.com\\\/fr\\\/materiel-informatique\\\/labeling-etiquettes\\\/\"},{\"@type\":\"ListItem\",\"position\":4,\"name\":\"Papier \u00e9lectronique\"}]},{\"@type\":\"WebSite\",\"@id\":\"https:\\\/\\\/www.prologistik.com\\\/fr\\\/#website\",\"url\":\"https:\\\/\\\/www.prologistik.com\\\/fr\\\/\",\"name\":\"proLogistik Group\",\"description\":\"Software und Hardware f\u00fcr die Intralogistik\",\"publisher\":{\"@id\":\"https:\\\/\\\/www.prologistik.com\\\/fr\\\/#organization\"},\"potentialAction\":[{\"@type\":\"SearchAction\",\"target\":{\"@type\":\"EntryPoint\",\"urlTemplate\":\"https:\\\/\\\/www.prologistik.com\\\/fr\\\/?s={search_term_string}\"},\"query-input\":{\"@type\":\"PropertyValueSpecification\",\"valueRequired\":true,\"valueName\":\"search_term_string\"}}],\"inLanguage\":\"fr-FR\"},{\"@type\":\"Organization\",\"@id\":\"https:\\\/\\\/www.prologistik.com\\\/fr\\\/#organization\",\"name\":\"proLogistik Group\",\"url\":\"https:\\\/\\\/www.prologistik.com\\\/fr\\\/\",\"logo\":{\"@type\":\"ImageObject\",\"inLanguage\":\"fr-FR\",\"@id\":\"https:\\\/\\\/www.prologistik.com\\\/fr\\\/#\\\/schema\\\/logo\\\/image\\\/\",\"url\":\"https:\\\/\\\/www.prologistik.com\\\/wp-content\\\/uploads\\\/prologistik-logo-web.svg\",\"contentUrl\":\"https:\\\/\\\/www.prologistik.com\\\/wp-content\\\/uploads\\\/prologistik-logo-web.svg\",\"width\":320,\"height\":59,\"caption\":\"proLogistik Group\"},\"image\":{\"@id\":\"https:\\\/\\\/www.prologistik.com\\\/fr\\\/#\\\/schema\\\/logo\\\/image\\\/\"}}]}<\/script>\n<!-- \/ Yoast SEO Premium plugin. -->","yoast_head_json":{"title":"\u00c9tiquettes E-Paper pour une polyvalence maximale","description":"Augmentation de l'efficacit\u00e9 gr\u00e2ce \u00e0 l'utilisation sans papier \u2714\ufe0f Ecran papier E-INK enti\u00e8rement graphique \u2714\ufe0f Angle de vision proche de 180 degr\u00e9s \u2714\ufe0f Dur\u00e9e de la batterie jusqu'\u00e0 5 ans \u2714\ufe0f","robots":{"index":"index","follow":"follow","max-snippet":"max-snippet:-1","max-image-preview":"max-image-preview:large","max-video-preview":"max-video-preview:-1"},"canonical":"https:\/\/www.prologistik.com\/fr\/materiel-informatique\/labeling-etiquettes\/e-paper\/","og_locale":"fr_FR","og_type":"article","og_title":"Papier \u00e9lectronique","og_description":"Augmentation de l'efficacit\u00e9 gr\u00e2ce \u00e0 l'utilisation sans papier \u2714\ufe0f Ecran papier E-INK enti\u00e8rement graphique \u2714\ufe0f Angle de vision proche de 180 degr\u00e9s \u2714\ufe0f Dur\u00e9e de la batterie jusqu'\u00e0 5 ans \u2714\ufe0f","og_url":"https:\/\/www.prologistik.com\/fr\/materiel-informatique\/labeling-etiquettes\/e-paper\/","og_site_name":"proLogistik Group","article_modified_time":"2025-12-01T13:55:27+00:00","twitter_card":"summary_large_image","twitter_misc":{"Dur\u00e9e de lecture estim\u00e9e":"1 minute"},"schema":{"@context":"https:\/\/schema.org","@graph":[{"@type":"WebPage","@id":"https:\/\/www.prologistik.com\/fr\/materiel-informatique\/labeling-etiquettes\/e-paper\/","url":"https:\/\/www.prologistik.com\/fr\/materiel-informatique\/labeling-etiquettes\/e-paper\/","name":"\u00c9tiquettes E-Paper pour une polyvalence maximale","isPartOf":{"@id":"https:\/\/www.prologistik.com\/fr\/#website"},"datePublished":"2023-02-28T15:41:50+00:00","dateModified":"2025-12-01T13:55:27+00:00","description":"Augmentation de l'efficacit\u00e9 gr\u00e2ce \u00e0 l'utilisation sans papier \u2714\ufe0f Ecran papier E-INK enti\u00e8rement graphique \u2714\ufe0f Angle de vision proche de 180 degr\u00e9s \u2714\ufe0f Dur\u00e9e de la batterie jusqu'\u00e0 5 ans \u2714\ufe0f","breadcrumb":{"@id":"https:\/\/www.prologistik.com\/fr\/materiel-informatique\/labeling-etiquettes\/e-paper\/#breadcrumb"},"inLanguage":"fr-FR","potentialAction":[{"@type":"ReadAction","target":["https:\/\/www.prologistik.com\/fr\/materiel-informatique\/labeling-etiquettes\/e-paper\/"]}]},{"@type":"BreadcrumbList","@id":"https:\/\/www.prologistik.com\/fr\/materiel-informatique\/labeling-etiquettes\/e-paper\/#breadcrumb","itemListElement":[{"@type":"ListItem","position":1,"name":"Startseite","item":"https:\/\/www.prologistik.com\/fr\/"},{"@type":"ListItem","position":2,"name":"Hardware","item":"https:\/\/www.prologistik.com\/fr\/materiel-informatique\/"},{"@type":"ListItem","position":3,"name":"Labeling \/ \u00c9tiquettes","item":"https:\/\/www.prologistik.com\/fr\/materiel-informatique\/labeling-etiquettes\/"},{"@type":"ListItem","position":4,"name":"Papier \u00e9lectronique"}]},{"@type":"WebSite","@id":"https:\/\/www.prologistik.com\/fr\/#website","url":"https:\/\/www.prologistik.com\/fr\/","name":"proLogistik Group","description":"Software und Hardware f\u00fcr die Intralogistik","publisher":{"@id":"https:\/\/www.prologistik.com\/fr\/#organization"},"potentialAction":[{"@type":"SearchAction","target":{"@type":"EntryPoint","urlTemplate":"https:\/\/www.prologistik.com\/fr\/?s={search_term_string}"},"query-input":{"@type":"PropertyValueSpecification","valueRequired":true,"valueName":"search_term_string"}}],"inLanguage":"fr-FR"},{"@type":"Organization","@id":"https:\/\/www.prologistik.com\/fr\/#organization","name":"proLogistik Group","url":"https:\/\/www.prologistik.com\/fr\/","logo":{"@type":"ImageObject","inLanguage":"fr-FR","@id":"https:\/\/www.prologistik.com\/fr\/#\/schema\/logo\/image\/","url":"https:\/\/www.prologistik.com\/wp-content\/uploads\/prologistik-logo-web.svg","contentUrl":"https:\/\/www.prologistik.com\/wp-content\/uploads\/prologistik-logo-web.svg","width":320,"height":59,"caption":"proLogistik Group"},"image":{"@id":"https:\/\/www.prologistik.com\/fr\/#\/schema\/logo\/image\/"}}]}},"_links":{"self":[{"href":"https:\/\/www.prologistik.com\/fr\/wp-json\/wp\/v2\/pages\/29706","targetHints":{"allow":["GET"]}}],"collection":[{"href":"https:\/\/www.prologistik.com\/fr\/wp-json\/wp\/v2\/pages"}],"about":[{"href":"https:\/\/www.prologistik.com\/fr\/wp-json\/wp\/v2\/types\/page"}],"author":[{"embeddable":true,"href":"https:\/\/www.prologistik.com\/fr\/wp-json\/wp\/v2\/users\/1"}],"replies":[{"embeddable":true,"href":"https:\/\/www.prologistik.com\/fr\/wp-json\/wp\/v2\/comments?post=29706"}],"version-history":[{"count":6,"href":"https:\/\/www.prologistik.com\/fr\/wp-json\/wp\/v2\/pages\/29706\/revisions"}],"predecessor-version":[{"id":55536,"href":"https:\/\/www.prologistik.com\/fr\/wp-json\/wp\/v2\/pages\/29706\/revisions\/55536"}],"up":[{"embeddable":true,"href":"https:\/\/www.prologistik.com\/fr\/wp-json\/wp\/v2\/pages\/29514"}],"wp:attachment":[{"href":"https:\/\/www.prologistik.com\/fr\/wp-json\/wp\/v2\/media?parent=29706"}],"curies":[{"name":"wp","href":"https:\/\/api.w.org\/{rel}","templated":true}]}}