{"id":29633,"date":"2023-02-28T16:41:49","date_gmt":"2023-02-28T15:41:49","guid":{"rendered":"https:\/\/prologistik.pixel-tal.de\/materiel-informatique\/labeling-etiquettes\/panneaux-en-plastique"},"modified":"2025-11-21T16:14:44","modified_gmt":"2025-11-21T15:14:44","slug":"panneaux-en-plastique","status":"publish","type":"page","link":"https:\/\/www.prologistik.com\/fr\/materiel-informatique\/labeling-etiquettes\/panneaux-en-plastique\/","title":{"rendered":"\u00c9tiquettes en mati\u00e8re plastique"},"content":{"rendered":"        \n            <!-- pagehead -->\n        \n                    \n\t\t\t<div id=\"pagehead-block_daa1a2115affd60303c58f3273b2c8e2\" class=\"pagehead size-small\">\n\t\t\t\t\t\t\t<div class=\"pagehead-canvas\">\n\t\t\t\t<div class=\"pagehead-content has-bg-color bg-color-green\">\n\t\t\t\t\t<div class=\"pagehead-content-inner\">\n\t\t\t\t\t\t<div class=\"pagehead-icon icon-color-white\" data-aos=\"fade-up\" data-aos-delay=\"0\" style=\"mask-image: url(https:\/\/www.prologistik.com\/wp-content\/uploads\/icon-wholesale.svg); -webkit-mask-image: url(https:\/\/www.prologistik.com\/wp-content\/uploads\/icon-wholesale.svg);\"><\/div>\t\t\t\t\t\t<span class=\"pagehead-subheadline\"  data-aos=\"fade-up\" data-aos-delay=\"50\">\u00c9tiquettes PLG<\/span>\t\t\t\t\t\t<h1 class=\"pagehead-headline\" data-aos=\"fade-up\" data-aos-delay=\"100\">\u00c9tiquettes en mati\u00e8re plastique pour l&#8217;industrie<\/h1>\t\t\t\t\t\t\t\t\t\t\t<\/div>\n\t\t\t\t<\/div>\n\t\t\t<\/div>\n\t\t\t\n\t\t\t\t<div class=\"pagehead-background\">\n\t\t\t\t<!-- image_id: 44380 | alt: Bannerbild Kunststoffschilder -->\t\t\t\t\t\t\t\t\t<img decoding=\"async\" class=\"test\" src=\"https:\/\/www.prologistik.com\/wp-content\/uploads\/pLG_Website_Hardware_Kunststoffschilder_1920x840px.jpg\" alt=\"Bannerbild Kunststoffschilder\" \/>\n\t\t\t\t\n\t\t\t\t<\/div>\n\t\t\t<\/div>\n        \n                    \n            <!-- end:pagehead -->\n        \n            \n\n<section class=\"gb-container gb-container-97381a90\">\n<div class=\"gb-container gb-container-76c9f99c\">\n<div class=\"gb-grid-wrapper gb-grid-wrapper-3c5d1c2a\">\n<div class=\"gb-grid-column gb-grid-column-c394eff9\"><div class=\"gb-container gb-container-c394eff9\">\n\n<div class=\"wp-block-pixel-headline headlines is-subheadline-top has-text-align-left\"><h2 class=\"headline\" style=\"color:\">L&#8217;utilisation des \u00e9tiquettes en mati\u00e8re plastique<\/h2><span class=\"subheadline\" style=\"color:var(--color-blue)\">Pour le marquage des rayons \u00e0 l&#8217;int\u00e9rieur et \u00e0 l&#8217;ext\u00e9rieur<\/span><\/div>\n\n\n\n<p>Les \u00e9tiquettes en mati\u00e8re plastique sont faites d&#8217;une mati\u00e8re plastique d&#8217;une \u00e9paisseur de 2 ou 3 mm, par exemple, pour une utilisation robuste dans les entrep\u00f4ts.<\/p>\n\n\n\n<p>L&#8217;impression est r\u00e9alis\u00e9e \u00e0 l&#8217;aide d&#8217;un film r\u00e9sistant aux intemp\u00e9ries \/ aux UV. Le plastique est une mati\u00e8re tr\u00e8s appr\u00e9ci\u00e9e, tant \u00e0 l&#8217;int\u00e9rieur qu&#8217;\u00e0 l&#8217;ext\u00e9rieur.<\/p>\n\n\n\n<div class=\"wp-block-pixel-headline headlines is-subheadline-bottom has-text-align-left\"><h3 class=\"headline\" style=\"color:\">Marquage propre et rapide<\/h3><\/div>\n\n\n\n<p>Les \u00e9tiquettes en mati\u00e8re plastique garantissent un r\u00e9sultat d&#8217;identification propre et rapide et sont faciles \u00e0 utiliser. Les \u00e9tiquettes grands formats sont sp\u00e9cialement d\u00e9di\u00e9es \u00e0 l&#8217;\u00e9tiquetage des emplacements en bloque et de stockage, car pour les caristes elles sont bien lisibles depuis le chariot \u00e9l\u00e9vateur.<\/p>\n\n<\/div><\/div>\n\n<div class=\"gb-grid-column gb-grid-column-0018c00a\"><div class=\"gb-container gb-container-0018c00a\">\n\n<div class=\"wp-block-pixel-headline headlines is-subheadline-top has-text-align-left\"><h2 class=\"headline\" style=\"color:\">Les faits<\/h2><span class=\"subheadline\" style=\"color:var(--color-blue)\">\u00c9tIQUETTES EN MATI\u00c8RE plastique<\/span><\/div>\n\n\n\n<figure class=\"wp-block-table\"><table><tbody><tr><td><strong>Domaines d&#8217;application<\/strong><\/td><td>\u00c9tiquettes en mati\u00e8re plastique sp\u00e9ciaux pour une utilisation robuste \u00e0 l&#8217;int\u00e9rieur et \u00e0 l&#8217;ext\u00e9rieur<\/td><\/tr><tr><td><strong>Formats<\/strong><\/td><td>65 x 250 mm<br>100 x 200 mm<br>500 x 150 mm<br>500 x 500 mm<br>A3, A4, A5<br>Autres formats sur demande<\/td><\/tr><tr><td><strong>Mat\u00e9riaux<\/strong><\/td><td>Plastique, PVC, polystyr\u00e8ne, \u00e9paisseur 2 mm et 3 mm, y compris le per\u00e7age de trous selon les sp\u00e9cifications du client, r\u00e9sistant aux intemp\u00e9ries<\/td><\/tr><tr><td><strong>Couleurs<\/strong><\/td><td>Jaune, blanc, autres couleurs sur demande<\/td><\/tr><tr><td><strong>Fixation<\/strong><\/td><td>Crochets m\u00e9talliques, barrettes, vis, pinces, adh\u00e9sif<\/td><\/tr><tr><td><strong>Type d&#8217;impression<\/strong><\/td><td>Trac\u00e9, impression par transfert r\u00e9sistant aux UV<\/td><\/tr><tr><td><strong>Particularit\u00e9s<\/strong><\/td><td>R\u00e9sistant aux intemp\u00e9ries. Le film r\u00e9fl\u00e9chissant sous le code-barres permet de scanner m\u00eame en plein soleil et d&#8217;atteindre des distances de scannage allant jusqu&#8217;\u00e0 21 m (en fonction du code-barres et du mod\u00e8le du lecteur).<\/td><\/tr><\/tbody><\/table><\/figure>\n\n<\/div><\/div>\n<\/div>\n<\/div>\n<\/section>\n\n<section class=\"gb-container gb-container-46f72e58\" id=\"Etikettenkatalog\">\n<div class=\"gb-container gb-container-a7151950\">\n<div class=\"gb-grid-wrapper gb-grid-wrapper-dc53e7d7\">\n<div class=\"gb-grid-column gb-grid-column-f4ab6602\"><div class=\"gb-container gb-container-f4ab6602\">\n        \n            <!-- grid -->\n\n\t\t\t        \n                    \n            <div id=\"grid-block_8d1cbeb12155df6f8cf4c7d60663b863\" class=\"grid grid:1 \" >\n\n\t\t\t\t\t\n\t\t\t\t<div class=\"grid-group grid-group-0\">\n\t\t\t\t\t\t\t\t\t\t<div class=\"grid-inner gb-grid-wrapper \">\n\t\t\t\t\t\t\t\t\t\t\t\t\t<div class=\"grid-item gb-grid-column\">\n\t\t\t\t\t\t\t\n\t\t\t\t\t\t\t\n\t\t\t\t\t\t\t\n\t\t\t\t\t\t\t\n\t\t\t\t\t\t\t\n\t\t\t\t\t\t\t<!-- pages -->\n\t\t\t\t\t\t\t\n\t\t\t\t\t\t\t\t<!-- posts -->\n\n\t\t\t\t\t\t\t\t\n\t\t\t\t\t\t\t\t<!-- contacts -->\n\n\t\t\t\t\t\t\t\t\n\t\t\t\t\t\t\t\t<!-- downloads -->\n\n\t\t\t\t\t\t\t\t\t\t\t\t\t\t\t\t\n\t\t\t\t\t\t\t\t\t<div class=\"download-entry layout-two-col\">\n\t\t\t\t\t\t\t\t\t\t\t\t\t\t\t\t\t\t\t\t<div class=\"download-image\">\n\t\t\t\t\t\t\t\t\t\t\t<img loading=\"lazy\" decoding=\"async\" width=\"552\" height=\"388\" src=\"https:\/\/www.prologistik.com\/wp-content\/uploads\/prologistik-mockup-Broschuere_Etiketten_De.png\" class=\"attachment-full size-full wp-post-image\" alt=\"Production logistics\" srcset=\"https:\/\/www.prologistik.com\/wp-content\/uploads\/prologistik-mockup-Broschuere_Etiketten_De.png 552w, https:\/\/www.prologistik.com\/wp-content\/uploads\/prologistik-mockup-Broschuere_Etiketten_De-300x211.png 300w, https:\/\/www.prologistik.com\/wp-content\/uploads\/prologistik-mockup-Broschuere_Etiketten_De-150x105.png 150w\" sizes=\"auto, (max-width: 552px) 100vw, 552px\" \/>\t\t\t\t\t\t\t\t\t\t<\/div>\n\t\t\t\t\t\t\t\t\t\t\t\t\t\t\t\t\t\t\t\t\t\t\t\t\t\t\t\t\t\t\t<div class=\"download-content\">\n\t\t\t\t\t\t\t\t\t\t\t\t\t\t\t\t\t\t\t\t\t\t<div class=\"subheadline\" style=\"color:var(--color-dark-cyan); display:none;\">mehr erfahren<\/div>\n\t\t\t\t\t\t\t\t\t\t\t<div class=\"download-headline\">\n\t\t\t\t\t\t\t\t\t\t\t\tCatalogue d&#8217;\u00e9tiquettes\t\t\t\t\t\t\t\t\t\t\t<\/div>\n\t\t\t\t\t\t\t\t\t\t\t\n\t\t\t\t\t\t\t\t\t\t\t\t\t\t\t\t\t\t\t\t\t\t\t\t\t\t\t\t\t\t\t\t\t<div class=\"download-copytext\">\n\t\t\t\t\t\t\t\t\t\t\t\t<p>Nous vous proposons une grande vari\u00e9t\u00e9 d&#8217;\u00e9tiquettes, car nous nous sommes donn\u00e9 pour mission de toujours trouver la solution qui vous convient. Cela inclut bien entendu des solutions personnalis\u00e9es qui vous permettent d&#8217;\u00e9tiqueter facilement vos produits, m\u00eame dans des circonstances particuli\u00e8res. Informez-vous d\u00e8s maintenant sur les services que nous proposons en consultant notre catalogue d&#8217;\u00e9tiquettes.<\/p>\n\t\t\t\t\t\t \t\t\t\t\t<\/div>\n\t\t\t\t\t\t\t\t\t\t\t\t\t\t\t\t\t\t\t\t\t\t<div class=\"is-layout-flex wp-block-buttons\">\n            <div class=\"wp-block-button is-style-outline\">\n                <a class=\"wp-block-button__link has-color-blue-color has-text-color wp-element-button download-button\" \n                   data-download-file=\"1\" \n                   data-lang=\"fr\">\n                   T\u00e9l\u00e9chargement\n                <\/a>\n            <\/div>\n        <\/div>\t\t\t\t\t\t\t\t\t\t\t\n\t\t\t\t\t\t\t\t\t\t<\/div>\n\t\t\t\t\t\t\t\t\t\t\t\t\t\t\t\t\t\t\t<\/div>\t\t\t\t\t\t\t\t\n\t\t\t\t\t\t\t\t\t\n\n\t\t\t\t\t\t\t\t<!-- companies -->\n\n\t\t\t\t\t\t\t\t\t\n\t\t\t\t\t\t\t\t\n\t\t\t\t\t\t\t<\/div>\t\t\t\t\t\t\t\n\t\t\t\t\t\t\t\t\t\t\t<\/div>\n\t\t\t\t<\/div>\n\t\t\t\t \n\n            <\/div>\n        \n            \n\t\t\t<!-- else -->\n\n\t\t\t        \n            <!-- end:grid -->\n        \n            \n<\/div><\/div>\n<\/div>\n<\/div>\n<\/section>\n\n        \n            <!-- contact-form -->\n        \n                    \n            <!-- end:contact-form -->\n        \n            ","protected":false},"excerpt":{"rendered":"","protected":false},"author":1,"featured_media":0,"parent":29514,"menu_order":3,"comment_status":"closed","ping_status":"closed","template":"","meta":{"_acf_changed":false,"footnotes":""},"class_list":["post-29633","page","type-page","status-publish"],"acf":[],"yoast_head":"<!-- This site is optimized with the Yoast SEO Premium plugin v26.9 (Yoast SEO v27.5) - https:\/\/yoast.com\/product\/yoast-seo-premium-wordpress\/ -->\n<title>Panneaux en plastique pour l&#039;industrie<\/title>\n<meta name=\"description\" content=\"Panneaux en plastique sp\u00e9ciaux pour une utilisation robuste \u00e0 l&#039;int\u00e9rieur et \u00e0 l&#039;ext\u00e9rieur \u2714\ufe0f Jaune, blanc, autres couleurs sur demande \u2714\ufe0f Trac\u00e9, impression par transfert R\u00e9sistant aux UV \u2714\ufe0f\" \/>\n<meta name=\"robots\" content=\"index, follow, max-snippet:-1, max-image-preview:large, max-video-preview:-1\" \/>\n<link rel=\"canonical\" href=\"https:\/\/www.prologistik.com\/fr\/materiel-informatique\/labeling-etiquettes\/panneaux-en-plastique\/\" \/>\n<meta property=\"og:locale\" content=\"fr_FR\" \/>\n<meta property=\"og:type\" content=\"article\" \/>\n<meta property=\"og:title\" content=\"\u00c9tiquettes en mati\u00e8re plastique\" \/>\n<meta property=\"og:description\" content=\"Panneaux en plastique sp\u00e9ciaux pour une utilisation robuste \u00e0 l&#039;int\u00e9rieur et \u00e0 l&#039;ext\u00e9rieur \u2714\ufe0f Jaune, blanc, autres couleurs sur demande \u2714\ufe0f Trac\u00e9, impression par transfert R\u00e9sistant aux UV \u2714\ufe0f\" \/>\n<meta property=\"og:url\" content=\"https:\/\/www.prologistik.com\/fr\/materiel-informatique\/labeling-etiquettes\/panneaux-en-plastique\/\" \/>\n<meta property=\"og:site_name\" content=\"proLogistik Group\" \/>\n<meta property=\"article:modified_time\" content=\"2025-11-21T15:14:44+00:00\" \/>\n<meta name=\"twitter:card\" content=\"summary_large_image\" \/>\n<meta name=\"twitter:label1\" content=\"Dur\u00e9e de lecture estim\u00e9e\" \/>\n\t<meta name=\"twitter:data1\" content=\"1 minute\" \/>\n<script type=\"application\/ld+json\" class=\"yoast-schema-graph\">{\"@context\":\"https:\\\/\\\/schema.org\",\"@graph\":[{\"@type\":\"WebPage\",\"@id\":\"https:\\\/\\\/www.prologistik.com\\\/fr\\\/materiel-informatique\\\/labeling-etiquettes\\\/panneaux-en-plastique\\\/\",\"url\":\"https:\\\/\\\/www.prologistik.com\\\/fr\\\/materiel-informatique\\\/labeling-etiquettes\\\/panneaux-en-plastique\\\/\",\"name\":\"Panneaux en plastique pour l'industrie\",\"isPartOf\":{\"@id\":\"https:\\\/\\\/www.prologistik.com\\\/fr\\\/#website\"},\"datePublished\":\"2023-02-28T15:41:49+00:00\",\"dateModified\":\"2025-11-21T15:14:44+00:00\",\"description\":\"Panneaux en plastique sp\u00e9ciaux pour une utilisation robuste \u00e0 l'int\u00e9rieur et \u00e0 l'ext\u00e9rieur \u2714\ufe0f Jaune, blanc, autres couleurs sur demande \u2714\ufe0f Trac\u00e9, impression par transfert R\u00e9sistant aux UV \u2714\ufe0f\",\"breadcrumb\":{\"@id\":\"https:\\\/\\\/www.prologistik.com\\\/fr\\\/materiel-informatique\\\/labeling-etiquettes\\\/panneaux-en-plastique\\\/#breadcrumb\"},\"inLanguage\":\"fr-FR\",\"potentialAction\":[{\"@type\":\"ReadAction\",\"target\":[\"https:\\\/\\\/www.prologistik.com\\\/fr\\\/materiel-informatique\\\/labeling-etiquettes\\\/panneaux-en-plastique\\\/\"]}]},{\"@type\":\"BreadcrumbList\",\"@id\":\"https:\\\/\\\/www.prologistik.com\\\/fr\\\/materiel-informatique\\\/labeling-etiquettes\\\/panneaux-en-plastique\\\/#breadcrumb\",\"itemListElement\":[{\"@type\":\"ListItem\",\"position\":1,\"name\":\"Startseite\",\"item\":\"https:\\\/\\\/www.prologistik.com\\\/fr\\\/\"},{\"@type\":\"ListItem\",\"position\":2,\"name\":\"Hardware\",\"item\":\"https:\\\/\\\/www.prologistik.com\\\/fr\\\/materiel-informatique\\\/\"},{\"@type\":\"ListItem\",\"position\":3,\"name\":\"Labeling \\\/ \u00c9tiquettes\",\"item\":\"https:\\\/\\\/www.prologistik.com\\\/fr\\\/materiel-informatique\\\/labeling-etiquettes\\\/\"},{\"@type\":\"ListItem\",\"position\":4,\"name\":\"\u00c9tiquettes en mati\u00e8re plastique\"}]},{\"@type\":\"WebSite\",\"@id\":\"https:\\\/\\\/www.prologistik.com\\\/fr\\\/#website\",\"url\":\"https:\\\/\\\/www.prologistik.com\\\/fr\\\/\",\"name\":\"proLogistik Group\",\"description\":\"Software und Hardware f\u00fcr die Intralogistik\",\"publisher\":{\"@id\":\"https:\\\/\\\/www.prologistik.com\\\/fr\\\/#organization\"},\"potentialAction\":[{\"@type\":\"SearchAction\",\"target\":{\"@type\":\"EntryPoint\",\"urlTemplate\":\"https:\\\/\\\/www.prologistik.com\\\/fr\\\/?s={search_term_string}\"},\"query-input\":{\"@type\":\"PropertyValueSpecification\",\"valueRequired\":true,\"valueName\":\"search_term_string\"}}],\"inLanguage\":\"fr-FR\"},{\"@type\":\"Organization\",\"@id\":\"https:\\\/\\\/www.prologistik.com\\\/fr\\\/#organization\",\"name\":\"proLogistik Group\",\"url\":\"https:\\\/\\\/www.prologistik.com\\\/fr\\\/\",\"logo\":{\"@type\":\"ImageObject\",\"inLanguage\":\"fr-FR\",\"@id\":\"https:\\\/\\\/www.prologistik.com\\\/fr\\\/#\\\/schema\\\/logo\\\/image\\\/\",\"url\":\"https:\\\/\\\/www.prologistik.com\\\/wp-content\\\/uploads\\\/prologistik-logo-web.svg\",\"contentUrl\":\"https:\\\/\\\/www.prologistik.com\\\/wp-content\\\/uploads\\\/prologistik-logo-web.svg\",\"width\":320,\"height\":59,\"caption\":\"proLogistik Group\"},\"image\":{\"@id\":\"https:\\\/\\\/www.prologistik.com\\\/fr\\\/#\\\/schema\\\/logo\\\/image\\\/\"}}]}<\/script>\n<!-- \/ Yoast SEO Premium plugin. -->","yoast_head_json":{"title":"Panneaux en plastique pour l'industrie","description":"Panneaux en plastique sp\u00e9ciaux pour une utilisation robuste \u00e0 l'int\u00e9rieur et \u00e0 l'ext\u00e9rieur \u2714\ufe0f Jaune, blanc, autres couleurs sur demande \u2714\ufe0f Trac\u00e9, impression par transfert R\u00e9sistant aux UV \u2714\ufe0f","robots":{"index":"index","follow":"follow","max-snippet":"max-snippet:-1","max-image-preview":"max-image-preview:large","max-video-preview":"max-video-preview:-1"},"canonical":"https:\/\/www.prologistik.com\/fr\/materiel-informatique\/labeling-etiquettes\/panneaux-en-plastique\/","og_locale":"fr_FR","og_type":"article","og_title":"\u00c9tiquettes en mati\u00e8re plastique","og_description":"Panneaux en plastique sp\u00e9ciaux pour une utilisation robuste \u00e0 l'int\u00e9rieur et \u00e0 l'ext\u00e9rieur \u2714\ufe0f Jaune, blanc, autres couleurs sur demande \u2714\ufe0f Trac\u00e9, impression par transfert R\u00e9sistant aux UV \u2714\ufe0f","og_url":"https:\/\/www.prologistik.com\/fr\/materiel-informatique\/labeling-etiquettes\/panneaux-en-plastique\/","og_site_name":"proLogistik Group","article_modified_time":"2025-11-21T15:14:44+00:00","twitter_card":"summary_large_image","twitter_misc":{"Dur\u00e9e de lecture estim\u00e9e":"1 minute"},"schema":{"@context":"https:\/\/schema.org","@graph":[{"@type":"WebPage","@id":"https:\/\/www.prologistik.com\/fr\/materiel-informatique\/labeling-etiquettes\/panneaux-en-plastique\/","url":"https:\/\/www.prologistik.com\/fr\/materiel-informatique\/labeling-etiquettes\/panneaux-en-plastique\/","name":"Panneaux en plastique pour l'industrie","isPartOf":{"@id":"https:\/\/www.prologistik.com\/fr\/#website"},"datePublished":"2023-02-28T15:41:49+00:00","dateModified":"2025-11-21T15:14:44+00:00","description":"Panneaux en plastique sp\u00e9ciaux pour une utilisation robuste \u00e0 l'int\u00e9rieur et \u00e0 l'ext\u00e9rieur \u2714\ufe0f Jaune, blanc, autres couleurs sur demande \u2714\ufe0f Trac\u00e9, impression par transfert R\u00e9sistant aux UV \u2714\ufe0f","breadcrumb":{"@id":"https:\/\/www.prologistik.com\/fr\/materiel-informatique\/labeling-etiquettes\/panneaux-en-plastique\/#breadcrumb"},"inLanguage":"fr-FR","potentialAction":[{"@type":"ReadAction","target":["https:\/\/www.prologistik.com\/fr\/materiel-informatique\/labeling-etiquettes\/panneaux-en-plastique\/"]}]},{"@type":"BreadcrumbList","@id":"https:\/\/www.prologistik.com\/fr\/materiel-informatique\/labeling-etiquettes\/panneaux-en-plastique\/#breadcrumb","itemListElement":[{"@type":"ListItem","position":1,"name":"Startseite","item":"https:\/\/www.prologistik.com\/fr\/"},{"@type":"ListItem","position":2,"name":"Hardware","item":"https:\/\/www.prologistik.com\/fr\/materiel-informatique\/"},{"@type":"ListItem","position":3,"name":"Labeling \/ \u00c9tiquettes","item":"https:\/\/www.prologistik.com\/fr\/materiel-informatique\/labeling-etiquettes\/"},{"@type":"ListItem","position":4,"name":"\u00c9tiquettes en mati\u00e8re plastique"}]},{"@type":"WebSite","@id":"https:\/\/www.prologistik.com\/fr\/#website","url":"https:\/\/www.prologistik.com\/fr\/","name":"proLogistik Group","description":"Software und Hardware f\u00fcr die Intralogistik","publisher":{"@id":"https:\/\/www.prologistik.com\/fr\/#organization"},"potentialAction":[{"@type":"SearchAction","target":{"@type":"EntryPoint","urlTemplate":"https:\/\/www.prologistik.com\/fr\/?s={search_term_string}"},"query-input":{"@type":"PropertyValueSpecification","valueRequired":true,"valueName":"search_term_string"}}],"inLanguage":"fr-FR"},{"@type":"Organization","@id":"https:\/\/www.prologistik.com\/fr\/#organization","name":"proLogistik Group","url":"https:\/\/www.prologistik.com\/fr\/","logo":{"@type":"ImageObject","inLanguage":"fr-FR","@id":"https:\/\/www.prologistik.com\/fr\/#\/schema\/logo\/image\/","url":"https:\/\/www.prologistik.com\/wp-content\/uploads\/prologistik-logo-web.svg","contentUrl":"https:\/\/www.prologistik.com\/wp-content\/uploads\/prologistik-logo-web.svg","width":320,"height":59,"caption":"proLogistik Group"},"image":{"@id":"https:\/\/www.prologistik.com\/fr\/#\/schema\/logo\/image\/"}}]}},"_links":{"self":[{"href":"https:\/\/www.prologistik.com\/fr\/wp-json\/wp\/v2\/pages\/29633","targetHints":{"allow":["GET"]}}],"collection":[{"href":"https:\/\/www.prologistik.com\/fr\/wp-json\/wp\/v2\/pages"}],"about":[{"href":"https:\/\/www.prologistik.com\/fr\/wp-json\/wp\/v2\/types\/page"}],"author":[{"embeddable":true,"href":"https:\/\/www.prologistik.com\/fr\/wp-json\/wp\/v2\/users\/1"}],"replies":[{"embeddable":true,"href":"https:\/\/www.prologistik.com\/fr\/wp-json\/wp\/v2\/comments?post=29633"}],"version-history":[{"count":5,"href":"https:\/\/www.prologistik.com\/fr\/wp-json\/wp\/v2\/pages\/29633\/revisions"}],"predecessor-version":[{"id":55175,"href":"https:\/\/www.prologistik.com\/fr\/wp-json\/wp\/v2\/pages\/29633\/revisions\/55175"}],"up":[{"embeddable":true,"href":"https:\/\/www.prologistik.com\/fr\/wp-json\/wp\/v2\/pages\/29514"}],"wp:attachment":[{"href":"https:\/\/www.prologistik.com\/fr\/wp-json\/wp\/v2\/media?parent=29633"}],"curies":[{"name":"wp","href":"https:\/\/api.w.org\/{rel}","templated":true}]}}