{"id":29626,"date":"2023-02-28T16:41:48","date_gmt":"2023-02-28T15:41:48","guid":{"rendered":"https:\/\/prologistik.pixel-tal.de\/materiel-informatique\/applications-pc-industriels"},"modified":"2025-10-09T10:40:23","modified_gmt":"2025-10-09T08:40:23","slug":"applications-pc-industriels","status":"publish","type":"page","link":"https:\/\/www.prologistik.com\/fr\/materiel-informatique\/applications-pc-industriels\/","title":{"rendered":"Applications PC industriels"},"content":{"rendered":"        \n            <!-- pagehead -->\n        \n                    \n\t\t\t<div id=\"pagehead-block_b70966d74dfcf8aa8e6cde204e937681\" class=\"pagehead size-small\">\n\t\t\t\t\t\t\t<div class=\"pagehead-canvas\">\n\t\t\t\t<div class=\"pagehead-content has-bg-color bg-color-blue\">\n\t\t\t\t\t<div class=\"pagehead-content-inner\">\n\t\t\t\t\t\t<div class=\"pagehead-icon icon-color-white\" data-aos=\"fade-up\" data-aos-delay=\"0\" style=\"mask-image: url(https:\/\/www.prologistik.com\/wp-content\/uploads\/icon-industry-small.svg); -webkit-mask-image: url(https:\/\/www.prologistik.com\/wp-content\/uploads\/icon-industry-small.svg);\"><\/div>\t\t\t\t\t\t<span class=\"pagehead-subheadline\"  data-aos=\"fade-up\" data-aos-delay=\"50\">S\u00e9ries de PC industriels PLG<\/span>\t\t\t\t\t\t<h1 class=\"pagehead-headline\" data-aos=\"fade-up\" data-aos-delay=\"100\">PC industriels &amp; terminaux pour de nombreux secteurs<\/h1>\t\t\t\t\t\t\t\t\t\t\t<\/div>\n\t\t\t\t<\/div>\n\t\t\t<\/div>\n\t\t\t\n\t\t\t\t<div class=\"pagehead-background\">\n\t\t\t\t<!-- image_id: 33969 | alt:  -->\t\t\t\t\t\t\t\t\t<img decoding=\"async\" class=\"test\" src=\"https:\/\/www.prologistik.com\/wp-content\/uploads\/header_anwendungsbereiche-industrie-pc.jpg\" alt=\"\" \/>\n\t\t\t\t\n\t\t\t\t<\/div>\n\t\t\t<\/div>\n        \n                    \n            <!-- end:pagehead -->\n        \n            <section class=\"gb-container gb-container-97381a90\">\n<div class=\"gb-container gb-container-76c9f99c\">\n<div class=\"gb-grid-wrapper gb-grid-wrapper-3c5d1c2a gb-grid-wrapper-space-between\">\n<div class=\"gb-grid-column gb-grid-column-9d7ff34b\"><div class=\"gb-container gb-container-9d7ff34b\">\n\n<div class=\"wp-block-pixel-headline headlines is-subheadline-top has-text-align-left\"><h2 class=\"headline\" style=\"color:\">Domaines d&#8217;application de nos PC industriels<\/h2><span class=\"subheadline\" style=\"color:var(--color-blue)\">Utilis\u00e9 dans tous les secteurs<\/span><\/div>\n\n<\/div><\/div>\n\n<div class=\"gb-grid-column gb-grid-column-053d8d21\"><div class=\"gb-container gb-container-053d8d21\">\n\n<figure class=\"wp-block-image size-full\"><img loading=\"lazy\" decoding=\"async\" width=\"129\" height=\"120\" src=\"https:\/\/www.prologistik.com\/wp-content\/uploads\/icon-made-in-germany.svg\" alt=\"\" class=\"wp-image-13174\"\/><\/figure>\n\n<\/div><\/div>\n\n<div data-aos=\"fade-right\" class=\"gb-grid-column gb-grid-column-351b66dd\"><div class=\"gb-container gb-container-351b66dd globe-absolute\"><div class=\"gb-inside-container\">\n\n<p>Nos PC industriels sont utilis\u00e9s dans de nombreux domaines. Dans le secteur de la logistique, nos terminaux pour chariots \u00e9l\u00e9vateurs assurent une gestion sans faille de l&#8217;entrep\u00f4t. Dans le domaine de la fabrication et de la production, nos PC robustes aident les entreprises dans le contr\u00f4le des installations, la surveillance des processus et d&#8217;autres domaines de fabrication. Et pour la production alimentaire, pour les secteurs pharmaceutiques et hygi\u00e9niques, nos PC en acier inoxydable, puissants et robustes, r\u00e9pondent aux exigences les plus strictes en mati\u00e8re d&#8217;hygi\u00e8ne.<\/p>\n\n<\/div><\/div><\/div>\n<\/div>\n<\/div>\n<\/section><section class=\"gb-container gb-container-54956de3 gb-container-no-padding-top\">\n<div class=\"gb-container gb-container-9ae6eb08\">\n<div class=\"gb-grid-wrapper gb-grid-wrapper-72aeb088\">\n<div data-aos=\"fade-up\" class=\"gb-grid-column gb-grid-column-c0f77875\"><div class=\"gb-container gb-container-c0f77875 globe-absolute\">\n<div id=\"imagebox-block_e0577a2f2d11bce13c2b2ac07d2bca73\" class=\"imagebox image-top background-color-light-grey\">\n\t<style>#imagebox-block_e0577a2f2d11bce13c2b2ac07d2bca73::before {background: var(--); } <\/style>        <div class=\"imagebox-image image-format-cubic center with-rounding\" style=\"background: url('https:\/\/www.prologistik.com\/wp-content\/uploads\/prologistik-content-industrie-pc-staplerterminal.jpg'); background-repeat: no-repeat; background-size: cover; background-position: center;\"><\/div>\n    \n    <div class=\"imagebox-content-wrap\">\n\n        <div class=\"imagebox-content\">\n                        <div class=\"imagebox-headline center font-size-normal\">\n                Terminal pour chariot \u00e9l\u00e9vateur pour l&#8217;entrep\u00f4t et la logistique            <\/div>\n                                <\/div>\n                <div class=\"is-layout-flex wp-block-buttons\">\n            <div class=\"wp-block-button is-style-fill\">\n                <a class=\"wp-block-button__link has-color-dodger-blue-background-color wp-element-button\" href=\"https:\/\/www.prologistik.com\/fr\/materiel-informatique\/applications-pc-industriels\/entrepot-logistique\/\" target=\"_self\">\n                    Vers le terminal du chariot \u00e9l\u00e9vateur                <\/a>\n            <\/div>\n        <\/div>\n            <\/div>\n\n<\/div>\n\n<\/div><\/div>\n\n<div data-aos-delay=\"150\" data-aos=\"fade-up\" class=\"gb-grid-column gb-grid-column-e62902a1\"><div class=\"gb-container gb-container-e62902a1 globe-absolute\">\n<div id=\"imagebox-block_7a1dbef15c0de3f0f71fa66b4f134d0f\" class=\"imagebox image-top background-color-light-grey\">\n\t<style>#imagebox-block_7a1dbef15c0de3f0f71fa66b4f134d0f::before {background: var(--); } <\/style>        <div class=\"imagebox-image image-format-cubic center with-rounding\" style=\"background: url('https:\/\/www.prologistik.com\/wp-content\/uploads\/prologistik-content-industrie-pc-terminal-pc.jpg'); background-repeat: no-repeat; background-size: cover; background-position: center;\"><\/div>\n    \n    <div class=\"imagebox-content-wrap\">\n\n        <div class=\"imagebox-content\">\n                        <div class=\"imagebox-headline center font-size-normal\">\n                Terminal PC pour la production et la fabrication            <\/div>\n                                <\/div>\n                <div class=\"is-layout-flex wp-block-buttons\">\n            <div class=\"wp-block-button is-style-fill\">\n                <a class=\"wp-block-button__link has-color-dark-cyan-background-color wp-element-button\" href=\"https:\/\/www.prologistik.com\/fr\/materiel-informatique\/applications-pc-industriels\/fabrication-et-production\/\" target=\"_self\">\n                    Vers le PC terminal                <\/a>\n            <\/div>\n        <\/div>\n            <\/div>\n\n<\/div>\n\n<\/div><\/div>\n\n<div data-aos-delay=\"300\" data-aos=\"fade-up\" class=\"gb-grid-column gb-grid-column-d5d9ba72\"><div class=\"gb-container gb-container-d5d9ba72 globe-absolute\">\n<div id=\"imagebox-block_e3ae6e32dfd021b520683e84d0e5920c\" class=\"imagebox image-top background-color-light-grey\">\n\t<style>#imagebox-block_e3ae6e32dfd021b520683e84d0e5920c::before {background: var(--); } <\/style>        <div class=\"imagebox-image image-format-cubic center with-rounding\" style=\"background: url('https:\/\/www.prologistik.com\/wp-content\/uploads\/prologistik-content-industrie-pc-edelstahl-pc.jpg'); background-repeat: no-repeat; background-size: cover; background-position: center;\"><\/div>\n    \n    <div class=\"imagebox-content-wrap\">\n\n        <div class=\"imagebox-content\">\n                        <div class=\"imagebox-headline center font-size-normal\">\n                PC en acier inoxydable pour l&#8217;alimentation, la pharmacie et l&#8217;hygi\u00e8ne            <\/div>\n                                <\/div>\n                <div class=\"is-layout-flex wp-block-buttons\">\n            <div class=\"wp-block-button is-style-fill\">\n                <a class=\"wp-block-button__link has-color-royal-blue-background-color wp-element-button\" href=\"https:\/\/www.prologistik.com\/fr\/materiel-informatique\/applications-pc-industriels\/alimentation-pharmacie-hygiene\/\" target=\"_self\">\n                    Vers le PC en acier inoxydable                <\/a>\n            <\/div>\n        <\/div>\n            <\/div>\n\n<\/div>\n\n<\/div><\/div>\n<\/div>\n<\/div>\n<\/section>","protected":false},"excerpt":{"rendered":"","protected":false},"author":1,"featured_media":0,"parent":29551,"menu_order":1,"comment_status":"closed","ping_status":"closed","template":"","meta":{"_acf_changed":false,"footnotes":""},"class_list":["post-29626","page","type-page","status-publish"],"acf":[],"yoast_head":"<!-- This site is optimized with the Yoast SEO Premium plugin v26.9 (Yoast SEO v27.5) - https:\/\/yoast.com\/product\/yoast-seo-premium-wordpress\/ -->\n<title>\ud83d\udcbb Applications PC industriels | proLogistik mat\u00e9riel<\/title>\n<meta name=\"description\" content=\"PC &amp; terminal industriels pour de nombreux secteurs \u2714\ufe0f de la logistique, fabrication &amp; production, production alimentaire \u00e0 la pharmacie et l&#039;hygi\u00e8ne \u2714\ufe0f\" \/>\n<meta name=\"robots\" content=\"index, follow, max-snippet:-1, max-image-preview:large, max-video-preview:-1\" \/>\n<link rel=\"canonical\" href=\"https:\/\/www.prologistik.com\/fr\/materiel-informatique\/applications-pc-industriels\/\" \/>\n<meta property=\"og:locale\" content=\"fr_FR\" \/>\n<meta property=\"og:type\" content=\"article\" \/>\n<meta property=\"og:title\" content=\"Applications PC industriels\" \/>\n<meta property=\"og:description\" content=\"PC &amp; terminal industriels pour de nombreux secteurs \u2714\ufe0f de la logistique, fabrication &amp; production, production alimentaire \u00e0 la pharmacie et l&#039;hygi\u00e8ne \u2714\ufe0f\" \/>\n<meta property=\"og:url\" content=\"https:\/\/www.prologistik.com\/fr\/materiel-informatique\/applications-pc-industriels\/\" \/>\n<meta property=\"og:site_name\" content=\"proLogistik Group\" \/>\n<meta property=\"article:modified_time\" content=\"2025-10-09T08:40:23+00:00\" \/>\n<meta property=\"og:image\" content=\"https:\/\/www.prologistik.com\/wp-content\/uploads\/icon-made-in-germany.svg\" \/>\n<meta name=\"twitter:card\" content=\"summary_large_image\" \/>\n<meta name=\"twitter:label1\" content=\"Dur\u00e9e de lecture estim\u00e9e\" \/>\n\t<meta name=\"twitter:data1\" content=\"1 minute\" \/>\n<script type=\"application\/ld+json\" class=\"yoast-schema-graph\">{\"@context\":\"https:\\\/\\\/schema.org\",\"@graph\":[{\"@type\":\"WebPage\",\"@id\":\"https:\\\/\\\/www.prologistik.com\\\/fr\\\/materiel-informatique\\\/applications-pc-industriels\\\/\",\"url\":\"https:\\\/\\\/www.prologistik.com\\\/fr\\\/materiel-informatique\\\/applications-pc-industriels\\\/\",\"name\":\"\ud83d\udcbb Applications PC industriels | proLogistik mat\u00e9riel\",\"isPartOf\":{\"@id\":\"https:\\\/\\\/www.prologistik.com\\\/fr\\\/#website\"},\"primaryImageOfPage\":{\"@id\":\"https:\\\/\\\/www.prologistik.com\\\/fr\\\/materiel-informatique\\\/applications-pc-industriels\\\/#primaryimage\"},\"image\":{\"@id\":\"https:\\\/\\\/www.prologistik.com\\\/fr\\\/materiel-informatique\\\/applications-pc-industriels\\\/#primaryimage\"},\"thumbnailUrl\":\"https:\\\/\\\/www.prologistik.com\\\/wp-content\\\/uploads\\\/icon-made-in-germany.svg\",\"datePublished\":\"2023-02-28T15:41:48+00:00\",\"dateModified\":\"2025-10-09T08:40:23+00:00\",\"description\":\"PC & terminal industriels pour de nombreux secteurs \u2714\ufe0f de la logistique, fabrication & production, production alimentaire \u00e0 la pharmacie et l'hygi\u00e8ne \u2714\ufe0f\",\"breadcrumb\":{\"@id\":\"https:\\\/\\\/www.prologistik.com\\\/fr\\\/materiel-informatique\\\/applications-pc-industriels\\\/#breadcrumb\"},\"inLanguage\":\"fr-FR\",\"potentialAction\":[{\"@type\":\"ReadAction\",\"target\":[\"https:\\\/\\\/www.prologistik.com\\\/fr\\\/materiel-informatique\\\/applications-pc-industriels\\\/\"]}]},{\"@type\":\"ImageObject\",\"inLanguage\":\"fr-FR\",\"@id\":\"https:\\\/\\\/www.prologistik.com\\\/fr\\\/materiel-informatique\\\/applications-pc-industriels\\\/#primaryimage\",\"url\":\"https:\\\/\\\/www.prologistik.com\\\/wp-content\\\/uploads\\\/icon-made-in-germany.svg\",\"contentUrl\":\"https:\\\/\\\/www.prologistik.com\\\/wp-content\\\/uploads\\\/icon-made-in-germany.svg\"},{\"@type\":\"BreadcrumbList\",\"@id\":\"https:\\\/\\\/www.prologistik.com\\\/fr\\\/materiel-informatique\\\/applications-pc-industriels\\\/#breadcrumb\",\"itemListElement\":[{\"@type\":\"ListItem\",\"position\":1,\"name\":\"Startseite\",\"item\":\"https:\\\/\\\/www.prologistik.com\\\/fr\\\/\"},{\"@type\":\"ListItem\",\"position\":2,\"name\":\"Hardware\",\"item\":\"https:\\\/\\\/www.prologistik.com\\\/fr\\\/materiel-informatique\\\/\"},{\"@type\":\"ListItem\",\"position\":3,\"name\":\"Applications PC industriels\"}]},{\"@type\":\"WebSite\",\"@id\":\"https:\\\/\\\/www.prologistik.com\\\/fr\\\/#website\",\"url\":\"https:\\\/\\\/www.prologistik.com\\\/fr\\\/\",\"name\":\"proLogistik Group\",\"description\":\"Software und Hardware f\u00fcr die Intralogistik\",\"publisher\":{\"@id\":\"https:\\\/\\\/www.prologistik.com\\\/fr\\\/#organization\"},\"potentialAction\":[{\"@type\":\"SearchAction\",\"target\":{\"@type\":\"EntryPoint\",\"urlTemplate\":\"https:\\\/\\\/www.prologistik.com\\\/fr\\\/?s={search_term_string}\"},\"query-input\":{\"@type\":\"PropertyValueSpecification\",\"valueRequired\":true,\"valueName\":\"search_term_string\"}}],\"inLanguage\":\"fr-FR\"},{\"@type\":\"Organization\",\"@id\":\"https:\\\/\\\/www.prologistik.com\\\/fr\\\/#organization\",\"name\":\"proLogistik Group\",\"url\":\"https:\\\/\\\/www.prologistik.com\\\/fr\\\/\",\"logo\":{\"@type\":\"ImageObject\",\"inLanguage\":\"fr-FR\",\"@id\":\"https:\\\/\\\/www.prologistik.com\\\/fr\\\/#\\\/schema\\\/logo\\\/image\\\/\",\"url\":\"https:\\\/\\\/www.prologistik.com\\\/wp-content\\\/uploads\\\/prologistik-logo-web.svg\",\"contentUrl\":\"https:\\\/\\\/www.prologistik.com\\\/wp-content\\\/uploads\\\/prologistik-logo-web.svg\",\"width\":320,\"height\":59,\"caption\":\"proLogistik Group\"},\"image\":{\"@id\":\"https:\\\/\\\/www.prologistik.com\\\/fr\\\/#\\\/schema\\\/logo\\\/image\\\/\"}}]}<\/script>\n<!-- \/ Yoast SEO Premium plugin. -->","yoast_head_json":{"title":"\ud83d\udcbb Applications PC industriels | proLogistik mat\u00e9riel","description":"PC & terminal industriels pour de nombreux secteurs \u2714\ufe0f de la logistique, fabrication & production, production alimentaire \u00e0 la pharmacie et l'hygi\u00e8ne \u2714\ufe0f","robots":{"index":"index","follow":"follow","max-snippet":"max-snippet:-1","max-image-preview":"max-image-preview:large","max-video-preview":"max-video-preview:-1"},"canonical":"https:\/\/www.prologistik.com\/fr\/materiel-informatique\/applications-pc-industriels\/","og_locale":"fr_FR","og_type":"article","og_title":"Applications PC industriels","og_description":"PC & terminal industriels pour de nombreux secteurs \u2714\ufe0f de la logistique, fabrication & production, production alimentaire \u00e0 la pharmacie et l'hygi\u00e8ne \u2714\ufe0f","og_url":"https:\/\/www.prologistik.com\/fr\/materiel-informatique\/applications-pc-industriels\/","og_site_name":"proLogistik Group","article_modified_time":"2025-10-09T08:40:23+00:00","og_image":[{"url":"https:\/\/www.prologistik.com\/wp-content\/uploads\/icon-made-in-germany.svg","type":"","width":"","height":""}],"twitter_card":"summary_large_image","twitter_misc":{"Dur\u00e9e de lecture estim\u00e9e":"1 minute"},"schema":{"@context":"https:\/\/schema.org","@graph":[{"@type":"WebPage","@id":"https:\/\/www.prologistik.com\/fr\/materiel-informatique\/applications-pc-industriels\/","url":"https:\/\/www.prologistik.com\/fr\/materiel-informatique\/applications-pc-industriels\/","name":"\ud83d\udcbb Applications PC industriels | proLogistik mat\u00e9riel","isPartOf":{"@id":"https:\/\/www.prologistik.com\/fr\/#website"},"primaryImageOfPage":{"@id":"https:\/\/www.prologistik.com\/fr\/materiel-informatique\/applications-pc-industriels\/#primaryimage"},"image":{"@id":"https:\/\/www.prologistik.com\/fr\/materiel-informatique\/applications-pc-industriels\/#primaryimage"},"thumbnailUrl":"https:\/\/www.prologistik.com\/wp-content\/uploads\/icon-made-in-germany.svg","datePublished":"2023-02-28T15:41:48+00:00","dateModified":"2025-10-09T08:40:23+00:00","description":"PC & terminal industriels pour de nombreux secteurs \u2714\ufe0f de la logistique, fabrication & production, production alimentaire \u00e0 la pharmacie et l'hygi\u00e8ne \u2714\ufe0f","breadcrumb":{"@id":"https:\/\/www.prologistik.com\/fr\/materiel-informatique\/applications-pc-industriels\/#breadcrumb"},"inLanguage":"fr-FR","potentialAction":[{"@type":"ReadAction","target":["https:\/\/www.prologistik.com\/fr\/materiel-informatique\/applications-pc-industriels\/"]}]},{"@type":"ImageObject","inLanguage":"fr-FR","@id":"https:\/\/www.prologistik.com\/fr\/materiel-informatique\/applications-pc-industriels\/#primaryimage","url":"https:\/\/www.prologistik.com\/wp-content\/uploads\/icon-made-in-germany.svg","contentUrl":"https:\/\/www.prologistik.com\/wp-content\/uploads\/icon-made-in-germany.svg"},{"@type":"BreadcrumbList","@id":"https:\/\/www.prologistik.com\/fr\/materiel-informatique\/applications-pc-industriels\/#breadcrumb","itemListElement":[{"@type":"ListItem","position":1,"name":"Startseite","item":"https:\/\/www.prologistik.com\/fr\/"},{"@type":"ListItem","position":2,"name":"Hardware","item":"https:\/\/www.prologistik.com\/fr\/materiel-informatique\/"},{"@type":"ListItem","position":3,"name":"Applications PC industriels"}]},{"@type":"WebSite","@id":"https:\/\/www.prologistik.com\/fr\/#website","url":"https:\/\/www.prologistik.com\/fr\/","name":"proLogistik Group","description":"Software und Hardware f\u00fcr die Intralogistik","publisher":{"@id":"https:\/\/www.prologistik.com\/fr\/#organization"},"potentialAction":[{"@type":"SearchAction","target":{"@type":"EntryPoint","urlTemplate":"https:\/\/www.prologistik.com\/fr\/?s={search_term_string}"},"query-input":{"@type":"PropertyValueSpecification","valueRequired":true,"valueName":"search_term_string"}}],"inLanguage":"fr-FR"},{"@type":"Organization","@id":"https:\/\/www.prologistik.com\/fr\/#organization","name":"proLogistik Group","url":"https:\/\/www.prologistik.com\/fr\/","logo":{"@type":"ImageObject","inLanguage":"fr-FR","@id":"https:\/\/www.prologistik.com\/fr\/#\/schema\/logo\/image\/","url":"https:\/\/www.prologistik.com\/wp-content\/uploads\/prologistik-logo-web.svg","contentUrl":"https:\/\/www.prologistik.com\/wp-content\/uploads\/prologistik-logo-web.svg","width":320,"height":59,"caption":"proLogistik Group"},"image":{"@id":"https:\/\/www.prologistik.com\/fr\/#\/schema\/logo\/image\/"}}]}},"_links":{"self":[{"href":"https:\/\/www.prologistik.com\/fr\/wp-json\/wp\/v2\/pages\/29626","targetHints":{"allow":["GET"]}}],"collection":[{"href":"https:\/\/www.prologistik.com\/fr\/wp-json\/wp\/v2\/pages"}],"about":[{"href":"https:\/\/www.prologistik.com\/fr\/wp-json\/wp\/v2\/types\/page"}],"author":[{"embeddable":true,"href":"https:\/\/www.prologistik.com\/fr\/wp-json\/wp\/v2\/users\/1"}],"replies":[{"embeddable":true,"href":"https:\/\/www.prologistik.com\/fr\/wp-json\/wp\/v2\/comments?post=29626"}],"version-history":[{"count":2,"href":"https:\/\/www.prologistik.com\/fr\/wp-json\/wp\/v2\/pages\/29626\/revisions"}],"predecessor-version":[{"id":53622,"href":"https:\/\/www.prologistik.com\/fr\/wp-json\/wp\/v2\/pages\/29626\/revisions\/53622"}],"up":[{"embeddable":true,"href":"https:\/\/www.prologistik.com\/fr\/wp-json\/wp\/v2\/pages\/29551"}],"wp:attachment":[{"href":"https:\/\/www.prologistik.com\/fr\/wp-json\/wp\/v2\/media?parent=29626"}],"curies":[{"name":"wp","href":"https:\/\/api.w.org\/{rel}","templated":true}]}}