{"id":29617,"date":"2022-06-17T13:31:11","date_gmt":"2022-06-17T11:31:11","guid":{"rendered":"https:\/\/prologistik.pixel-tal.de\/conformite"},"modified":"2025-09-24T10:11:22","modified_gmt":"2025-09-24T08:11:22","slug":"conformite","status":"publish","type":"page","link":"https:\/\/www.prologistik.com\/fr\/mentions-legales\/conformite\/","title":{"rendered":"Conformit\u00e9"},"content":{"rendered":"        \n            <!-- pagehead -->\n        \n                    \n\t\t\t<div id=\"pagehead-block_2c525ccfbf7e911e50e1d151345c5c5c\" class=\"pagehead size-small\">\n\t\t\t\t\t\t\t<div class=\"pagehead-canvas\">\n\t\t\t\t<div class=\"pagehead-content  no-bg-color\">\n\t\t\t\t\t<div class=\"pagehead-content-inner\">\n\t\t\t\t\t\t\t\t\t\t\t\t<span class=\"pagehead-subheadline\"  data-aos=\"fade-up\" data-aos-delay=\"50\">Groupe proLogistik<\/span>\t\t\t\t\t\t<h1 class=\"pagehead-headline\" data-aos=\"fade-up\" data-aos-delay=\"100\">Conformit\u00e9<\/h1>\t\t\t\t\t\t\t\t\t\t\t<\/div>\n\t\t\t\t<\/div>\n\t\t\t<\/div>\n\t\t\t\n\t\t\t\t<div class=\"pagehead-background\">\n\t\t\t\t<!-- image_id: 29654 | alt:  -->\t\t\t\t\t\t\t\t\t<img decoding=\"async\" class=\"test\" src=\"https:\/\/www.prologistik.com\/wp-content\/uploads\/pagehead-unternehmen.jpg\" alt=\"\" \/>\n\t\t\t\t\n\t\t\t\t<\/div>\n\t\t\t<\/div>\n        \n                    \n            <!-- end:pagehead -->\n        \n            <section class=\"gb-container gb-container-541e9924\">\n<div class=\"gb-container gb-container-dfdb9ef0\">\n<div class=\"gb-grid-wrapper gb-grid-wrapper-5a3ba1ae\">\n<div class=\"gb-grid-column gb-grid-column-1a51ae99\"><div class=\"gb-container gb-container-1a51ae99\">\n\n<div class=\"wp-block-pixel-headline headlines is-subheadline-top has-text-align-left\"><h2 class=\"headline\" style=\"color:\">Conformit\u00e9<\/h2><span class=\"subheadline\" style=\"color:var(--color-blue)\">INFORMATIONS SUR LA RESTITUTION DES APPAREILS \u00c9LECTRIQUES USAG\u00c9S<br>\u00c0 T\u00c9L\u00c9CHARGER POUR VOUS<\/span><\/div>\n\n\n\n<p>proLogistik Group, compos\u00e9 de proLogistik Gmbh &amp; Co KG, Dataphone Deutschland, LogiSoft-S GmbH et ITC Consult Henrik Ernst GmbH, prend tr\u00e8s au s\u00e9rieux son obligation l\u00e9gale en mati\u00e8re de d\u00e9chets en tant qu&#8217;importateur et distributeur d&#8217;appareils \u00e9lectriques et de piles. Dans cette brochure, nous souhaitons vous informer sur les contenus importants de la loi sur les appareils \u00e9lectriques et \u00e9lectroniques (ElektroG) ainsi que sur les possibilit\u00e9s de retourner vos appareils \u00e9lectriques usag\u00e9s.  <\/p>\n\n\n\n<p>L&#8217;objectif fondamental de la loi sur les \u00e9quipements \u00e9lectriques et \u00e9lectroniques est la protection de l&#8217;environnement et de la sant\u00e9. Elle doit en outre aider \u00e0 pr\u00e9server les ressources naturelles. La condition pr\u00e9alable est d&#8217;\u00e9viter les d\u00e9chets et de les recycler le plus efficacement possible. L&#8217;ElektroG oblige notamment les fabricants \u00e0 assumer la responsabilit\u00e9 de l&#8217;ensemble du cycle de vie de leurs produits.<\/p>\n\n<\/div><\/div>\n<\/div>\n<\/div>\n<\/section><section class=\"gb-container gb-container-d3afdf6b gb-container-no-padding-top\">\n<div class=\"gb-container gb-container-77e6a200\">\n<div class=\"gb-grid-wrapper gb-grid-wrapper-59e61791\">\n<div class=\"gb-grid-column gb-grid-column-1c4ff1ce\"><div class=\"gb-container gb-container-1c4ff1ce\">\n\n<div data-wp-interactive=\"core\/file\" class=\"wp-block-file\"><object data-wp-bind--hidden=\"!state.hasPdfPreview\" hidden class=\"wp-block-file__embed\" data=\"https:\/\/www.prologistik.com\/wp-content\/uploads\/pL-Group_Hardware_Ruecknahme-und-Entsorgung_06-2022.pdf\" type=\"application\/pdf\" style=\"width:100%;height:1450px\" aria-label=\"Contenu embarqu\u00e9 pL-Group_Hardware_Ruecknahme-und-Entsorgung_06-2022.\"><\/object><a id=\"wp-block-file--media-375a3d72-b718-4277-a408-3b1f3eaca1ba\" href=\"https:\/\/www.prologistik.com\/wp-content\/uploads\/pL-Group_Hardware_Ruecknahme-und-Entsorgung_06-2022.pdf\">pL-Group_Hardware_Reprise_et_\u00e9limination_06-2022<\/a><\/div>\n\n\n\n<div class=\"wp-block-buttons is-layout-flex wp-block-buttons-is-layout-flex\">\n<div class=\"wp-block-button is-style-fill\"><a class=\"wp-block-button__link has-color-blue-background-color has-background wp-element-button\" href=\"https:\/\/www.prologistik.com\/wp-content\/uploads\/pL-Group_Hardware_Ruecknahme-und-Entsorgung_06-2022.pdf\" target=\"_blank\" rel=\"noreferrer noopener\">T\u00e9l\u00e9charger le PDF<\/a><\/div>\n<\/div>\n\n<\/div><\/div>\n<\/div>\n<\/div>\n<\/section>","protected":false},"excerpt":{"rendered":"","protected":false},"author":2,"featured_media":0,"parent":30482,"menu_order":1,"comment_status":"closed","ping_status":"closed","template":"","meta":{"_acf_changed":false,"footnotes":""},"class_list":["post-29617","page","type-page","status-publish"],"acf":[],"yoast_head":"<!-- This site is optimized with the Yoast SEO Premium plugin v26.9 (Yoast SEO v27.5) - https:\/\/yoast.com\/product\/yoast-seo-premium-wordpress\/ -->\n<title>\u2705 Conformit\u00e9 chez proLogistik \u2013 Transparence &amp; Responsabilit\u00e9<\/title>\n<meta name=\"description\" content=\"D\u00e9couvrez l\u2019engagement de proLogistik en mati\u00e8re de conformit\u00e9 \u2705 Transparence, int\u00e9grit\u00e9 &amp; responsabilit\u00e9 dans tous nos processus.\" \/>\n<meta name=\"robots\" content=\"index, follow, max-snippet:-1, max-image-preview:large, max-video-preview:-1\" \/>\n<link rel=\"canonical\" href=\"https:\/\/www.prologistik.com\/fr\/mentions-legales\/conformite\/\" \/>\n<meta property=\"og:locale\" content=\"fr_FR\" \/>\n<meta property=\"og:type\" content=\"article\" \/>\n<meta property=\"og:title\" content=\"Conformit\u00e9\" \/>\n<meta property=\"og:description\" content=\"D\u00e9couvrez l\u2019engagement de proLogistik en mati\u00e8re de conformit\u00e9 \u2705 Transparence, int\u00e9grit\u00e9 &amp; responsabilit\u00e9 dans tous nos processus.\" \/>\n<meta property=\"og:url\" content=\"https:\/\/www.prologistik.com\/fr\/mentions-legales\/conformite\/\" \/>\n<meta property=\"og:site_name\" content=\"proLogistik Group\" \/>\n<meta property=\"article:modified_time\" content=\"2025-09-24T08:11:22+00:00\" \/>\n<meta name=\"twitter:card\" content=\"summary_large_image\" \/>\n<meta name=\"twitter:label1\" content=\"Dur\u00e9e de lecture estim\u00e9e\" \/>\n\t<meta name=\"twitter:data1\" content=\"1 minute\" \/>\n<script type=\"application\/ld+json\" class=\"yoast-schema-graph\">{\"@context\":\"https:\\\/\\\/schema.org\",\"@graph\":[{\"@type\":\"WebPage\",\"@id\":\"https:\\\/\\\/www.prologistik.com\\\/fr\\\/mentions-legales\\\/conformite\\\/\",\"url\":\"https:\\\/\\\/www.prologistik.com\\\/fr\\\/mentions-legales\\\/conformite\\\/\",\"name\":\"\u2705 Conformit\u00e9 chez proLogistik \u2013 Transparence & Responsabilit\u00e9\",\"isPartOf\":{\"@id\":\"https:\\\/\\\/www.prologistik.com\\\/fr\\\/#website\"},\"datePublished\":\"2022-06-17T11:31:11+00:00\",\"dateModified\":\"2025-09-24T08:11:22+00:00\",\"description\":\"D\u00e9couvrez l\u2019engagement de proLogistik en mati\u00e8re de conformit\u00e9 \u2705 Transparence, int\u00e9grit\u00e9 & responsabilit\u00e9 dans tous nos processus.\",\"breadcrumb\":{\"@id\":\"https:\\\/\\\/www.prologistik.com\\\/fr\\\/mentions-legales\\\/conformite\\\/#breadcrumb\"},\"inLanguage\":\"fr-FR\",\"potentialAction\":[{\"@type\":\"ReadAction\",\"target\":[\"https:\\\/\\\/www.prologistik.com\\\/fr\\\/mentions-legales\\\/conformite\\\/\"]}]},{\"@type\":\"BreadcrumbList\",\"@id\":\"https:\\\/\\\/www.prologistik.com\\\/fr\\\/mentions-legales\\\/conformite\\\/#breadcrumb\",\"itemListElement\":[{\"@type\":\"ListItem\",\"position\":1,\"name\":\"Startseite\",\"item\":\"https:\\\/\\\/www.prologistik.com\\\/fr\\\/\"},{\"@type\":\"ListItem\",\"position\":2,\"name\":\"Mentions l\u00e9gales\",\"item\":\"https:\\\/\\\/www.prologistik.com\\\/fr\\\/mentions-legales\\\/\"},{\"@type\":\"ListItem\",\"position\":3,\"name\":\"Conformit\u00e9\"}]},{\"@type\":\"WebSite\",\"@id\":\"https:\\\/\\\/www.prologistik.com\\\/fr\\\/#website\",\"url\":\"https:\\\/\\\/www.prologistik.com\\\/fr\\\/\",\"name\":\"proLogistik Group\",\"description\":\"Software und Hardware f\u00fcr die Intralogistik\",\"publisher\":{\"@id\":\"https:\\\/\\\/www.prologistik.com\\\/fr\\\/#organization\"},\"potentialAction\":[{\"@type\":\"SearchAction\",\"target\":{\"@type\":\"EntryPoint\",\"urlTemplate\":\"https:\\\/\\\/www.prologistik.com\\\/fr\\\/?s={search_term_string}\"},\"query-input\":{\"@type\":\"PropertyValueSpecification\",\"valueRequired\":true,\"valueName\":\"search_term_string\"}}],\"inLanguage\":\"fr-FR\"},{\"@type\":\"Organization\",\"@id\":\"https:\\\/\\\/www.prologistik.com\\\/fr\\\/#organization\",\"name\":\"proLogistik Group\",\"url\":\"https:\\\/\\\/www.prologistik.com\\\/fr\\\/\",\"logo\":{\"@type\":\"ImageObject\",\"inLanguage\":\"fr-FR\",\"@id\":\"https:\\\/\\\/www.prologistik.com\\\/fr\\\/#\\\/schema\\\/logo\\\/image\\\/\",\"url\":\"https:\\\/\\\/www.prologistik.com\\\/wp-content\\\/uploads\\\/prologistik-logo-web.svg\",\"contentUrl\":\"https:\\\/\\\/www.prologistik.com\\\/wp-content\\\/uploads\\\/prologistik-logo-web.svg\",\"width\":320,\"height\":59,\"caption\":\"proLogistik Group\"},\"image\":{\"@id\":\"https:\\\/\\\/www.prologistik.com\\\/fr\\\/#\\\/schema\\\/logo\\\/image\\\/\"}}]}<\/script>\n<!-- \/ Yoast SEO Premium plugin. -->","yoast_head_json":{"title":"\u2705 Conformit\u00e9 chez proLogistik \u2013 Transparence & Responsabilit\u00e9","description":"D\u00e9couvrez l\u2019engagement de proLogistik en mati\u00e8re de conformit\u00e9 \u2705 Transparence, int\u00e9grit\u00e9 & responsabilit\u00e9 dans tous nos processus.","robots":{"index":"index","follow":"follow","max-snippet":"max-snippet:-1","max-image-preview":"max-image-preview:large","max-video-preview":"max-video-preview:-1"},"canonical":"https:\/\/www.prologistik.com\/fr\/mentions-legales\/conformite\/","og_locale":"fr_FR","og_type":"article","og_title":"Conformit\u00e9","og_description":"D\u00e9couvrez l\u2019engagement de proLogistik en mati\u00e8re de conformit\u00e9 \u2705 Transparence, int\u00e9grit\u00e9 & responsabilit\u00e9 dans tous nos processus.","og_url":"https:\/\/www.prologistik.com\/fr\/mentions-legales\/conformite\/","og_site_name":"proLogistik Group","article_modified_time":"2025-09-24T08:11:22+00:00","twitter_card":"summary_large_image","twitter_misc":{"Dur\u00e9e de lecture estim\u00e9e":"1 minute"},"schema":{"@context":"https:\/\/schema.org","@graph":[{"@type":"WebPage","@id":"https:\/\/www.prologistik.com\/fr\/mentions-legales\/conformite\/","url":"https:\/\/www.prologistik.com\/fr\/mentions-legales\/conformite\/","name":"\u2705 Conformit\u00e9 chez proLogistik \u2013 Transparence & Responsabilit\u00e9","isPartOf":{"@id":"https:\/\/www.prologistik.com\/fr\/#website"},"datePublished":"2022-06-17T11:31:11+00:00","dateModified":"2025-09-24T08:11:22+00:00","description":"D\u00e9couvrez l\u2019engagement de proLogistik en mati\u00e8re de conformit\u00e9 \u2705 Transparence, int\u00e9grit\u00e9 & responsabilit\u00e9 dans tous nos processus.","breadcrumb":{"@id":"https:\/\/www.prologistik.com\/fr\/mentions-legales\/conformite\/#breadcrumb"},"inLanguage":"fr-FR","potentialAction":[{"@type":"ReadAction","target":["https:\/\/www.prologistik.com\/fr\/mentions-legales\/conformite\/"]}]},{"@type":"BreadcrumbList","@id":"https:\/\/www.prologistik.com\/fr\/mentions-legales\/conformite\/#breadcrumb","itemListElement":[{"@type":"ListItem","position":1,"name":"Startseite","item":"https:\/\/www.prologistik.com\/fr\/"},{"@type":"ListItem","position":2,"name":"Mentions l\u00e9gales","item":"https:\/\/www.prologistik.com\/fr\/mentions-legales\/"},{"@type":"ListItem","position":3,"name":"Conformit\u00e9"}]},{"@type":"WebSite","@id":"https:\/\/www.prologistik.com\/fr\/#website","url":"https:\/\/www.prologistik.com\/fr\/","name":"proLogistik Group","description":"Software und Hardware f\u00fcr die Intralogistik","publisher":{"@id":"https:\/\/www.prologistik.com\/fr\/#organization"},"potentialAction":[{"@type":"SearchAction","target":{"@type":"EntryPoint","urlTemplate":"https:\/\/www.prologistik.com\/fr\/?s={search_term_string}"},"query-input":{"@type":"PropertyValueSpecification","valueRequired":true,"valueName":"search_term_string"}}],"inLanguage":"fr-FR"},{"@type":"Organization","@id":"https:\/\/www.prologistik.com\/fr\/#organization","name":"proLogistik Group","url":"https:\/\/www.prologistik.com\/fr\/","logo":{"@type":"ImageObject","inLanguage":"fr-FR","@id":"https:\/\/www.prologistik.com\/fr\/#\/schema\/logo\/image\/","url":"https:\/\/www.prologistik.com\/wp-content\/uploads\/prologistik-logo-web.svg","contentUrl":"https:\/\/www.prologistik.com\/wp-content\/uploads\/prologistik-logo-web.svg","width":320,"height":59,"caption":"proLogistik Group"},"image":{"@id":"https:\/\/www.prologistik.com\/fr\/#\/schema\/logo\/image\/"}}]}},"_links":{"self":[{"href":"https:\/\/www.prologistik.com\/fr\/wp-json\/wp\/v2\/pages\/29617","targetHints":{"allow":["GET"]}}],"collection":[{"href":"https:\/\/www.prologistik.com\/fr\/wp-json\/wp\/v2\/pages"}],"about":[{"href":"https:\/\/www.prologistik.com\/fr\/wp-json\/wp\/v2\/types\/page"}],"author":[{"embeddable":true,"href":"https:\/\/www.prologistik.com\/fr\/wp-json\/wp\/v2\/users\/2"}],"replies":[{"embeddable":true,"href":"https:\/\/www.prologistik.com\/fr\/wp-json\/wp\/v2\/comments?post=29617"}],"version-history":[{"count":2,"href":"https:\/\/www.prologistik.com\/fr\/wp-json\/wp\/v2\/pages\/29617\/revisions"}],"predecessor-version":[{"id":53460,"href":"https:\/\/www.prologistik.com\/fr\/wp-json\/wp\/v2\/pages\/29617\/revisions\/53460"}],"up":[{"embeddable":true,"href":"https:\/\/www.prologistik.com\/fr\/wp-json\/wp\/v2\/pages\/30482"}],"wp:attachment":[{"href":"https:\/\/www.prologistik.com\/fr\/wp-json\/wp\/v2\/media?parent=29617"}],"curies":[{"name":"wp","href":"https:\/\/api.w.org\/{rel}","templated":true}]}}