{"id":29604,"date":"2023-02-28T16:05:39","date_gmt":"2023-02-28T15:05:39","guid":{"rendered":"https:\/\/prologistik.pixel-tal.de\/conseil"},"modified":"2025-08-19T09:22:28","modified_gmt":"2025-08-19T07:22:28","slug":"conseil","status":"publish","type":"page","link":"https:\/\/www.prologistik.com\/fr\/conseil\/conseil\/","title":{"rendered":"Conseil"},"content":{"rendered":"        \n            <!-- pagehead -->\n        \n                    \n\t\t\t<div id=\"pagehead-block_4820e13373b0a3dd17c45eb8d1b21945\" class=\"pagehead size-small\">\n\t\t\t\t\t\t\t<div class=\"pagehead-canvas\">\n\t\t\t\t<div class=\"pagehead-content has-bg-color bg-color-blue\">\n\t\t\t\t\t<div class=\"pagehead-content-inner\">\n\t\t\t\t\t\t<div class=\"pagehead-icon icon-color-white\" data-aos=\"fade-up\" data-aos-delay=\"0\" style=\"mask-image: url(); -webkit-mask-image: url();\"><\/div>\t\t\t\t\t\t<span class=\"pagehead-subheadline\"  data-aos=\"fade-up\" data-aos-delay=\"50\">PLG Consulting<\/span>\t\t\t\t\t\t<h1 class=\"pagehead-headline\" data-aos=\"fade-up\" data-aos-delay=\"100\">Conseil en logistique pour les processus et l&#8217;automatisation<\/h1>\t\t\t\t\t\t\t\t\t\t\t<\/div>\n\t\t\t\t<\/div>\n\t\t\t<\/div>\n\t\t\t\n\t\t\t\t<div class=\"pagehead-background\">\n\t\t\t\t<!-- image_id: 49408 | alt: pLG Consulting - Beratung bei proLogistik -->\t\t\t\t\t\t\t\t\t<img decoding=\"async\" class=\"test\" src=\"https:\/\/www.prologistik.com\/wp-content\/uploads\/pL-Consulting-Banner-1920-x-840-px.png\" alt=\"pLG Consulting - Beratung bei proLogistik\" \/>\n\t\t\t\t\n\t\t\t\t<\/div>\n\t\t\t<\/div>\n        \n                    \n            <!-- end:pagehead -->\n        \n            \n\n<section class=\"gb-container gb-container-860d3c59\">\n<div class=\"gb-container gb-container-d40320dc\">\n<div class=\"gb-grid-wrapper gb-grid-wrapper-aba832e3 gb-grid-wrapper-space-between\">\n<div class=\"gb-grid-column gb-grid-column-3e529de4\"><div class=\"gb-container gb-container-3e529de4\">\n\n<div class=\"wp-block-pixel-headline headlines is-subheadline-bottom has-text-align-left\"><h2 class=\"headline\" style=\"color:\">Conseil en logistique de la strat\u00e9gie \u00e0 la mise en \u0153uvre<\/h2><\/div>\n\n\n\n<p>Face \u00e0 l&#8217;augmentation des d\u00e9fis logistiques, nous sommes toujours \u00e0 vos c\u00f4t\u00e9s en tant que partenaire pour un suivi logistique individuel et cr\u00e9ons une valeur ajout\u00e9e pour vos processus logistiques avec pLG Consulting. Notre \u00e9quipe d&#8217;experts internes et externes se fera un plaisir de vous conseiller sur vos questions logistiques. pLG Consulting se divise en deux domaines distincts : Conseil logistique et Conseil processus.<\/p>\n\n<\/div><\/div>\n\n<div data-aos=\"fade-left\" class=\"gb-grid-column gb-grid-column-032e22b8\"><div class=\"gb-container gb-container-032e22b8\">\n\n<figure class=\"wp-block-image size-full is-style-cube-bottom-left-back\"><img loading=\"lazy\" decoding=\"async\" width=\"880\" height=\"530\" src=\"https:\/\/www.prologistik.com\/wp-content\/uploads\/prologistik-content-support-1.jpg\" alt=\"\" class=\"wp-image-11080\" srcset=\"https:\/\/www.prologistik.com\/wp-content\/uploads\/prologistik-content-support-1.jpg 880w, https:\/\/www.prologistik.com\/wp-content\/uploads\/prologistik-content-support-1-300x181.jpg 300w, https:\/\/www.prologistik.com\/wp-content\/uploads\/prologistik-content-support-1-150x90.jpg 150w, https:\/\/www.prologistik.com\/wp-content\/uploads\/prologistik-content-support-1-768x463.jpg 768w\" sizes=\"auto, (max-width: 880px) 100vw, 880px\" \/><\/figure>\n\n<\/div><\/div>\n<\/div>\n<\/div>\n<\/section>\n\n<section class=\"gb-container gb-container-769c6ce8 gb-container-half-padding-bottom\">\n<div class=\"gb-container gb-container-e4d7beb7\">\n<div class=\"gb-grid-wrapper gb-grid-wrapper-5e1719ce\">\n<div class=\"gb-grid-column gb-grid-column-64f7144c\"><div class=\"gb-container gb-container-64f7144c\">\n\n<div class=\"wp-block-pixel-headline headlines is-subheadline-top has-text-align-left\"><h2 class=\"headline\" style=\"color:\">Les \u00e9tapes de l&#8217;automatisation<\/h2><\/div>\n\n\n\n<p>Le conseil en logistique \u00e9tudie vos processus logistiques fondamentaux de mani\u00e8re approfondie. Dans ce cadre, il s&#8217;occupe de toute nouvelles exigences logistiques pour les clients potentiels et existants et les accompagne dans l&#8217;ensemble de la logistique. De la strat\u00e9gie \u00e0 la mise en \u0153uvre, notre \u00e9quipe vous propose des services de conseil dissoci\u00e9s de notre syst\u00e8me de gestion d&#8217;entrep\u00f4t pLG WMS.<\/p>\n\n<\/div><\/div>\n<\/div>\n<\/div>\n<\/section>\n\n<section class=\"gb-container gb-container-944536ad gb-container-no-padding-top\">\n<div class=\"gb-container gb-container-cf96424a\">\n<div class=\"gb-grid-wrapper gb-grid-wrapper-7bdec32f\">\n<div data-aos=\"fade-up\" class=\"gb-grid-column gb-grid-column-ca017995\"><div class=\"gb-container gb-container-ca017995\">\n    <div id=\"gradientbox-block_86841714fe8a03b48aaf38393451e48e\" class=\"gradientbox background-blue\">\n        <div class=\"gradientbox-content-wrap\">\n                        <div class=\"wp-block-pixel-headline headlines is-subheadline-top has-text-align-left\">\n                <h3 class=\"headline\" style=\"color:var(--color-white)\">Missions du conseil en logistique<\/h3>\n                            <\/div>\n                        <div class=\"gradientbox-column-wrap\">\n\n                                <div class=\"gradientbox-column\">\n                    <div class=\"gradientbox-text-wrap\">\n                                                                        <ul>\n<li>Analyse du site<\/li>\n<li>Planification de l&#8217;entrep\u00f4t et de l&#8217;agencement<\/li>\n<li>Planification du flux de mat\u00e9riel<\/li>\n<li>Planification automatis\u00e9e des envois de collecte<\/li>\n<\/ul>\n                                            <\/div>\n                                    <\/div>\n                                <div class=\"gradientbox-column\">\n                    <div class=\"gradientbox-text-wrap\">\n                                                                        <ul>\n<li>Conception de syst\u00e8mes d&#8217;automatisation<\/li>\n<li>Appel d&#8217;offres, passation, r\u00e9ception<\/li>\n<li>Essais de fonctionnement et de performance<\/li>\n<li>Direction de projet et suivi de chantier<\/li>\n<\/ul>\n                                            <\/div>\n                                    <\/div>\n                \n            <\/div>\n        <\/div> \n    <\/div>\n    \n<\/div><\/div>\n<\/div>\n<\/div>\n<\/section>\n\n<section class=\"gb-container gb-container-c45a38da\">\n<div class=\"gb-container gb-container-a8b2b86a gb-container-align-left-fourth\">\n<div class=\"gb-container gb-container-81f253a7\">\n\n<div class=\"wp-block-pixel-headline headlines is-subheadline-top has-text-align-left\"><h2 class=\"headline\" style=\"color:\">Conseil en processus<\/h2><\/div>\n\n\n\n<p>En se servant de notre syst\u00e8me de gestion d&#8217;entrep\u00f4t pLG WMS, le service de conseil en processus harmonise les processus de votre entrep\u00f4t.<\/p>\n\n\n<div class=\"gb-grid-wrapper gb-grid-wrapper-3d6cefb6\">\n<div class=\"gb-grid-column gb-grid-column-395204b5\"><div class=\"gb-container gb-container-395204b5\">\n\n<p><strong>Missions du conseil en processus :<\/strong><\/p>\n\n<\/div><\/div>\n\n<div data-aos=\"fade-up\" class=\"gb-grid-column gb-grid-column-83fcaa34\"><div class=\"gb-container gb-container-83fcaa34\">\n\n<ul class=\"wp-block-list is-style-list-item-checkmark\">\n<li>Soutien lors de la planification, de l&#8217;introduction et de la mise en \u0153uvre du projet pLG WMS<\/li>\n\n\n\n<li>Propositions d&#8217;optimisation concernant la cha\u00eene de processus dans la gestion des stocks en fonction du secteur d&#8217;activit\u00e9<\/li>\n\n\n\n<li>Conseil en mati\u00e8re de gestion des donn\u00e9es de base<\/li>\n<\/ul>\n\n<\/div><\/div>\n\n<div data-aos=\"fade-up\" class=\"gb-grid-column gb-grid-column-3c8b89c5\"><div class=\"gb-container gb-container-3c8b89c5\">\n\n<ul class=\"wp-block-list is-style-list-item-checkmark\">\n<li>Assistance \u00e0 la planification des ressources (par ex. personnel, gestion des chariots \u00e9l\u00e9vateurs, \u00e9tiquetage de stocks, etc.)<\/li>\n\n\n\n<li>Planification de l&#8217;int\u00e9gration du syst\u00e8me pour d&#8217;autres sites<\/li>\n<\/ul>\n\n<\/div><\/div>\n<\/div>\n<\/div>\n<\/div>\n<\/section>\n\n        \n            <!-- contact-form -->\n        \n                    \n            <!-- end:contact-form -->\n        \n            ","protected":false},"excerpt":{"rendered":"<p>En se servant de notre syst\u00e8me de gestion d&#8217;entrep\u00f4t pLG WMS, le service de conseil en processus harmonise les processus de votre entrep\u00f4t.<\/p>\n","protected":false},"author":1,"featured_media":0,"parent":30221,"menu_order":0,"comment_status":"closed","ping_status":"closed","template":"","meta":{"_acf_changed":false,"footnotes":""},"class_list":["post-29604","page","type-page","status-publish"],"acf":[],"yoast_head":"<!-- This site is optimized with the Yoast SEO Premium plugin v26.9 (Yoast SEO v27.5) - https:\/\/yoast.com\/product\/yoast-seo-premium-wordpress\/ -->\n<title>Conseil en logistique pour les processus et l&#039;automatisation<\/title>\n<meta name=\"description\" content=\"De la strat\u00e9gie \u00e0 la mise en \u0153uvre \u2714\ufe0f Analyse du site \u2714\ufe0f Planification de l&#039;entrep\u00f4t et de l&#039;agencement \u2714\ufe0f Planification du flux de mat\u00e9riel \u2714\ufe0f Appel d&#039;offres, adjudication, r\u00e9ception \u2714\ufe0f Tests de fonctionnement et de performance \u2714\ufe0f\" \/>\n<meta name=\"robots\" content=\"index, follow, max-snippet:-1, max-image-preview:large, max-video-preview:-1\" \/>\n<link rel=\"canonical\" href=\"https:\/\/www.prologistik.com\/fr\/conseil\/conseil\/\" \/>\n<meta property=\"og:locale\" content=\"fr_FR\" \/>\n<meta property=\"og:type\" content=\"article\" \/>\n<meta property=\"og:title\" content=\"Conseil\" \/>\n<meta property=\"og:description\" content=\"De la strat\u00e9gie \u00e0 la mise en \u0153uvre \u2714\ufe0f Analyse du site \u2714\ufe0f Planification de l&#039;entrep\u00f4t et de l&#039;agencement \u2714\ufe0f Planification du flux de mat\u00e9riel \u2714\ufe0f Appel d&#039;offres, adjudication, r\u00e9ception \u2714\ufe0f Tests de fonctionnement et de performance \u2714\ufe0f\" \/>\n<meta property=\"og:url\" content=\"https:\/\/www.prologistik.com\/fr\/conseil\/conseil\/\" \/>\n<meta property=\"og:site_name\" content=\"proLogistik Group\" \/>\n<meta property=\"article:modified_time\" content=\"2025-08-19T07:22:28+00:00\" \/>\n<meta property=\"og:image\" content=\"https:\/\/www.prologistik.com\/wp-content\/uploads\/prologistik-content-support-1.jpg\" \/>\n<meta name=\"twitter:card\" content=\"summary_large_image\" \/>\n<meta name=\"twitter:label1\" content=\"Dur\u00e9e de lecture estim\u00e9e\" \/>\n\t<meta name=\"twitter:data1\" content=\"1 minute\" \/>\n<script type=\"application\/ld+json\" class=\"yoast-schema-graph\">{\"@context\":\"https:\\\/\\\/schema.org\",\"@graph\":[{\"@type\":\"WebPage\",\"@id\":\"https:\\\/\\\/www.prologistik.com\\\/fr\\\/conseil\\\/conseil\\\/\",\"url\":\"https:\\\/\\\/www.prologistik.com\\\/fr\\\/conseil\\\/conseil\\\/\",\"name\":\"Conseil en logistique pour les processus et l'automatisation\",\"isPartOf\":{\"@id\":\"https:\\\/\\\/www.prologistik.com\\\/fr\\\/#website\"},\"primaryImageOfPage\":{\"@id\":\"https:\\\/\\\/www.prologistik.com\\\/fr\\\/conseil\\\/conseil\\\/#primaryimage\"},\"image\":{\"@id\":\"https:\\\/\\\/www.prologistik.com\\\/fr\\\/conseil\\\/conseil\\\/#primaryimage\"},\"thumbnailUrl\":\"https:\\\/\\\/www.prologistik.com\\\/wp-content\\\/uploads\\\/prologistik-content-support-1.jpg\",\"datePublished\":\"2023-02-28T15:05:39+00:00\",\"dateModified\":\"2025-08-19T07:22:28+00:00\",\"description\":\"De la strat\u00e9gie \u00e0 la mise en \u0153uvre \u2714\ufe0f Analyse du site \u2714\ufe0f Planification de l'entrep\u00f4t et de l'agencement \u2714\ufe0f Planification du flux de mat\u00e9riel \u2714\ufe0f Appel d'offres, adjudication, r\u00e9ception \u2714\ufe0f Tests de fonctionnement et de performance \u2714\ufe0f\",\"breadcrumb\":{\"@id\":\"https:\\\/\\\/www.prologistik.com\\\/fr\\\/conseil\\\/conseil\\\/#breadcrumb\"},\"inLanguage\":\"fr-FR\",\"potentialAction\":[{\"@type\":\"ReadAction\",\"target\":[\"https:\\\/\\\/www.prologistik.com\\\/fr\\\/conseil\\\/conseil\\\/\"]}]},{\"@type\":\"ImageObject\",\"inLanguage\":\"fr-FR\",\"@id\":\"https:\\\/\\\/www.prologistik.com\\\/fr\\\/conseil\\\/conseil\\\/#primaryimage\",\"url\":\"https:\\\/\\\/www.prologistik.com\\\/wp-content\\\/uploads\\\/prologistik-content-support-1.jpg\",\"contentUrl\":\"https:\\\/\\\/www.prologistik.com\\\/wp-content\\\/uploads\\\/prologistik-content-support-1.jpg\"},{\"@type\":\"BreadcrumbList\",\"@id\":\"https:\\\/\\\/www.prologistik.com\\\/fr\\\/conseil\\\/conseil\\\/#breadcrumb\",\"itemListElement\":[{\"@type\":\"ListItem\",\"position\":1,\"name\":\"Startseite\",\"item\":\"https:\\\/\\\/www.prologistik.com\\\/fr\\\/\"},{\"@type\":\"ListItem\",\"position\":2,\"name\":\"Conseil\",\"item\":\"https:\\\/\\\/www.prologistik.com\\\/fr\\\/conseil\\\/\"},{\"@type\":\"ListItem\",\"position\":3,\"name\":\"Conseil\"}]},{\"@type\":\"WebSite\",\"@id\":\"https:\\\/\\\/www.prologistik.com\\\/fr\\\/#website\",\"url\":\"https:\\\/\\\/www.prologistik.com\\\/fr\\\/\",\"name\":\"proLogistik Group\",\"description\":\"Software und Hardware f\u00fcr die Intralogistik\",\"publisher\":{\"@id\":\"https:\\\/\\\/www.prologistik.com\\\/fr\\\/#organization\"},\"potentialAction\":[{\"@type\":\"SearchAction\",\"target\":{\"@type\":\"EntryPoint\",\"urlTemplate\":\"https:\\\/\\\/www.prologistik.com\\\/fr\\\/?s={search_term_string}\"},\"query-input\":{\"@type\":\"PropertyValueSpecification\",\"valueRequired\":true,\"valueName\":\"search_term_string\"}}],\"inLanguage\":\"fr-FR\"},{\"@type\":\"Organization\",\"@id\":\"https:\\\/\\\/www.prologistik.com\\\/fr\\\/#organization\",\"name\":\"proLogistik Group\",\"url\":\"https:\\\/\\\/www.prologistik.com\\\/fr\\\/\",\"logo\":{\"@type\":\"ImageObject\",\"inLanguage\":\"fr-FR\",\"@id\":\"https:\\\/\\\/www.prologistik.com\\\/fr\\\/#\\\/schema\\\/logo\\\/image\\\/\",\"url\":\"https:\\\/\\\/www.prologistik.com\\\/wp-content\\\/uploads\\\/prologistik-logo-web.svg\",\"contentUrl\":\"https:\\\/\\\/www.prologistik.com\\\/wp-content\\\/uploads\\\/prologistik-logo-web.svg\",\"width\":320,\"height\":59,\"caption\":\"proLogistik Group\"},\"image\":{\"@id\":\"https:\\\/\\\/www.prologistik.com\\\/fr\\\/#\\\/schema\\\/logo\\\/image\\\/\"}}]}<\/script>\n<!-- \/ Yoast SEO Premium plugin. -->","yoast_head_json":{"title":"Conseil en logistique pour les processus et l'automatisation","description":"De la strat\u00e9gie \u00e0 la mise en \u0153uvre \u2714\ufe0f Analyse du site \u2714\ufe0f Planification de l'entrep\u00f4t et de l'agencement \u2714\ufe0f Planification du flux de mat\u00e9riel \u2714\ufe0f Appel d'offres, adjudication, r\u00e9ception \u2714\ufe0f Tests de fonctionnement et de performance \u2714\ufe0f","robots":{"index":"index","follow":"follow","max-snippet":"max-snippet:-1","max-image-preview":"max-image-preview:large","max-video-preview":"max-video-preview:-1"},"canonical":"https:\/\/www.prologistik.com\/fr\/conseil\/conseil\/","og_locale":"fr_FR","og_type":"article","og_title":"Conseil","og_description":"De la strat\u00e9gie \u00e0 la mise en \u0153uvre \u2714\ufe0f Analyse du site \u2714\ufe0f Planification de l'entrep\u00f4t et de l'agencement \u2714\ufe0f Planification du flux de mat\u00e9riel \u2714\ufe0f Appel d'offres, adjudication, r\u00e9ception \u2714\ufe0f Tests de fonctionnement et de performance \u2714\ufe0f","og_url":"https:\/\/www.prologistik.com\/fr\/conseil\/conseil\/","og_site_name":"proLogistik Group","article_modified_time":"2025-08-19T07:22:28+00:00","og_image":[{"url":"https:\/\/www.prologistik.com\/wp-content\/uploads\/prologistik-content-support-1.jpg","type":"","width":"","height":""}],"twitter_card":"summary_large_image","twitter_misc":{"Dur\u00e9e de lecture estim\u00e9e":"1 minute"},"schema":{"@context":"https:\/\/schema.org","@graph":[{"@type":"WebPage","@id":"https:\/\/www.prologistik.com\/fr\/conseil\/conseil\/","url":"https:\/\/www.prologistik.com\/fr\/conseil\/conseil\/","name":"Conseil en logistique pour les processus et l'automatisation","isPartOf":{"@id":"https:\/\/www.prologistik.com\/fr\/#website"},"primaryImageOfPage":{"@id":"https:\/\/www.prologistik.com\/fr\/conseil\/conseil\/#primaryimage"},"image":{"@id":"https:\/\/www.prologistik.com\/fr\/conseil\/conseil\/#primaryimage"},"thumbnailUrl":"https:\/\/www.prologistik.com\/wp-content\/uploads\/prologistik-content-support-1.jpg","datePublished":"2023-02-28T15:05:39+00:00","dateModified":"2025-08-19T07:22:28+00:00","description":"De la strat\u00e9gie \u00e0 la mise en \u0153uvre \u2714\ufe0f Analyse du site \u2714\ufe0f Planification de l'entrep\u00f4t et de l'agencement \u2714\ufe0f Planification du flux de mat\u00e9riel \u2714\ufe0f Appel d'offres, adjudication, r\u00e9ception \u2714\ufe0f Tests de fonctionnement et de performance \u2714\ufe0f","breadcrumb":{"@id":"https:\/\/www.prologistik.com\/fr\/conseil\/conseil\/#breadcrumb"},"inLanguage":"fr-FR","potentialAction":[{"@type":"ReadAction","target":["https:\/\/www.prologistik.com\/fr\/conseil\/conseil\/"]}]},{"@type":"ImageObject","inLanguage":"fr-FR","@id":"https:\/\/www.prologistik.com\/fr\/conseil\/conseil\/#primaryimage","url":"https:\/\/www.prologistik.com\/wp-content\/uploads\/prologistik-content-support-1.jpg","contentUrl":"https:\/\/www.prologistik.com\/wp-content\/uploads\/prologistik-content-support-1.jpg"},{"@type":"BreadcrumbList","@id":"https:\/\/www.prologistik.com\/fr\/conseil\/conseil\/#breadcrumb","itemListElement":[{"@type":"ListItem","position":1,"name":"Startseite","item":"https:\/\/www.prologistik.com\/fr\/"},{"@type":"ListItem","position":2,"name":"Conseil","item":"https:\/\/www.prologistik.com\/fr\/conseil\/"},{"@type":"ListItem","position":3,"name":"Conseil"}]},{"@type":"WebSite","@id":"https:\/\/www.prologistik.com\/fr\/#website","url":"https:\/\/www.prologistik.com\/fr\/","name":"proLogistik Group","description":"Software und Hardware f\u00fcr die Intralogistik","publisher":{"@id":"https:\/\/www.prologistik.com\/fr\/#organization"},"potentialAction":[{"@type":"SearchAction","target":{"@type":"EntryPoint","urlTemplate":"https:\/\/www.prologistik.com\/fr\/?s={search_term_string}"},"query-input":{"@type":"PropertyValueSpecification","valueRequired":true,"valueName":"search_term_string"}}],"inLanguage":"fr-FR"},{"@type":"Organization","@id":"https:\/\/www.prologistik.com\/fr\/#organization","name":"proLogistik Group","url":"https:\/\/www.prologistik.com\/fr\/","logo":{"@type":"ImageObject","inLanguage":"fr-FR","@id":"https:\/\/www.prologistik.com\/fr\/#\/schema\/logo\/image\/","url":"https:\/\/www.prologistik.com\/wp-content\/uploads\/prologistik-logo-web.svg","contentUrl":"https:\/\/www.prologistik.com\/wp-content\/uploads\/prologistik-logo-web.svg","width":320,"height":59,"caption":"proLogistik Group"},"image":{"@id":"https:\/\/www.prologistik.com\/fr\/#\/schema\/logo\/image\/"}}]}},"_links":{"self":[{"href":"https:\/\/www.prologistik.com\/fr\/wp-json\/wp\/v2\/pages\/29604","targetHints":{"allow":["GET"]}}],"collection":[{"href":"https:\/\/www.prologistik.com\/fr\/wp-json\/wp\/v2\/pages"}],"about":[{"href":"https:\/\/www.prologistik.com\/fr\/wp-json\/wp\/v2\/types\/page"}],"author":[{"embeddable":true,"href":"https:\/\/www.prologistik.com\/fr\/wp-json\/wp\/v2\/users\/1"}],"replies":[{"embeddable":true,"href":"https:\/\/www.prologistik.com\/fr\/wp-json\/wp\/v2\/comments?post=29604"}],"version-history":[{"count":5,"href":"https:\/\/www.prologistik.com\/fr\/wp-json\/wp\/v2\/pages\/29604\/revisions"}],"predecessor-version":[{"id":52567,"href":"https:\/\/www.prologistik.com\/fr\/wp-json\/wp\/v2\/pages\/29604\/revisions\/52567"}],"up":[{"embeddable":true,"href":"https:\/\/www.prologistik.com\/fr\/wp-json\/wp\/v2\/pages\/30221"}],"wp:attachment":[{"href":"https:\/\/www.prologistik.com\/fr\/wp-json\/wp\/v2\/media?parent=29604"}],"curies":[{"name":"wp","href":"https:\/\/api.w.org\/{rel}","templated":true}]}}