{"id":29581,"date":"2023-02-28T16:41:48","date_gmt":"2023-02-28T15:41:48","guid":{"rendered":"https:\/\/prologistik.pixel-tal.de\/louer-plutot-quacheter"},"modified":"2025-11-24T10:59:57","modified_gmt":"2025-11-24T09:59:57","slug":"louer-plutot-quacheter","status":"publish","type":"page","link":"https:\/\/www.prologistik.com\/fr\/materiel-informatique\/pc-industriels\/louer-plutot-quacheter\/","title":{"rendered":"Louer plut\u00f4t qu&#8217;acheter"},"content":{"rendered":"        \n            <!-- pagehead -->\n        \n                    \n\t\t\t<div id=\"pagehead-block_0bda7e1b8d55d3fee6ec94dbc7137586\" class=\"pagehead size-very-small\">\n\t\t\t\n\t\t\t\t<div class=\"pagehead-background\">\n\t\t\t\t<!-- image_id: 44395 | alt: Bannerbild Mieten statt Kaufen -->\t\t\t\t\t\t\t\t\t<img decoding=\"async\" class=\"test\" src=\"https:\/\/www.prologistik.com\/wp-content\/uploads\/pLG_Website_Hardware_Mieten-statt-kaufen_Banner_1920x840px_2024.jpg\" alt=\"Bannerbild Mieten statt Kaufen\" \/>\n\t\t\t\t\n\t\t\t\t<\/div>\n\t\t\t<\/div>\n        \n                    \n            <!-- end:pagehead -->\n        \n            \n\n<section class=\"gb-container gb-container-97381a90\">\n<div class=\"gb-container gb-container-76c9f99c\">\n<div class=\"gb-grid-wrapper gb-grid-wrapper-3c5d1c2a\">\n<div class=\"gb-grid-column gb-grid-column-351b66dd\"><div class=\"gb-container gb-container-351b66dd globe-absolute\">\n<div class=\"gb-grid-wrapper gb-grid-wrapper-2e3ba9e0\">\n<div class=\"gb-grid-column gb-grid-column-10935feb\"><div class=\"gb-container gb-container-10935feb\">\n\n<div class=\"wp-block-pixel-headline headlines is-subheadline-top has-text-align-left\"><h1 class=\"headline\" style=\"color:\">Louer au lieu d&#8217;acheter<\/h1><span class=\"subheadline\" style=\"color:var(--color-blue)\">FORMULE de services compl\u00c8TE<\/span><\/div>\n\n\n\n<p>Vous souhaiter un maximum de flexibilit\u00e9, m\u00eame en p\u00e9riodes difficiles ? Chez nous, vous pouvez louer du mat\u00e9riel informatique au lieu de l&#8217;acheter ! Profitez de la formule de services compl\u00e8te de proLogistik. Qu&#8217;il s&#8217;agisse de conseils complets, de pr\u00e9-installation, d&#8217;envoi et de retour gratuits, d&#8217;assurance compl\u00e8te pour les dommages mat\u00e9riels ainsi que de services et d&#8217;assistances complets. Avec HaaS, vous \u00eates conseill\u00e9 au mieux, vous b\u00e9n\u00e9ficiez d&#8217;une flexibilit\u00e9 maximale, \u00e9vitez un investissement initial \u00e9lev\u00e9 et vous profitez d&#8217;avantages fiscaux.<\/p>\n\n<\/div><\/div>\n\n<div class=\"gb-grid-column gb-grid-column-528fcf8a\"><div class=\"gb-container gb-container-528fcf8a\">\n<div class=\"gb-grid-wrapper gb-grid-wrapper-5d423cf9\">\n<div class=\"gb-grid-column gb-grid-column-583dd981\"><div class=\"gb-container gb-container-583dd981\">\n\n<div class=\"wp-block-pixel-headline headlines is-subheadline-top has-text-align-left is-gap-off\"><h3 class=\"headline\" style=\"color:\">Les avantages du mod\u00e8le de location Haas<\/h3><\/div>\n\n<\/div><\/div>\n\n<div class=\"gb-grid-column gb-grid-column-bff3d28b\"><div class=\"gb-container gb-container-bff3d28b\">\n\n<ul class=\"wp-block-list is-style-list-item-checkmark\">\n<li><strong>Formule de services compl\u00e8te<br><\/strong>Notre offre comprend un conseil complet, les pr\u00e9-installations n\u00e9cessaires, l&#8217;envoi et le retour gratuit. Notre service complet et notre \u00e9quipe d&#8217;assistance sont \u00e0 votre disposition \u00e0 tout moment entre 7h et 17h.<\/li>\n\n\n\n<li><strong>Aucune immobilisation de capital<\/strong><br>Le mod\u00e8le de location vous permet d&#8217;am\u00e9liorer la qualit\u00e9 du traitement de vos commandes sans immobiliser inutilement des capitaux.<\/li>\n<\/ul>\n\n<\/div><\/div>\n\n<div class=\"gb-grid-column gb-grid-column-68e6a20d\"><div class=\"gb-container gb-container-68e6a20d\">\n\n<ul class=\"wp-block-list is-style-list-item-checkmark\">\n<li><strong>Appareil de remplacement<\/strong><br>D\u00e8s que le client signale un appareil d\u00e9fectueux, un remplacement est imm\u00e9diatement mis \u00e0 disposition. Une r\u00e9action rapide et suffisamment d&#8217;appareils de remplacement compl\u00e8tent la&nbsp;formule.<\/li>\n\n\n\n<li><strong>Assurance compl\u00e8te<\/strong><br>Assurance compl\u00e8te pour tous les dommages mat\u00e9riels.<\/li>\n<\/ul>\n\n<\/div><\/div>\n<\/div>\n<\/div><\/div>\n\n<div class=\"gb-grid-column gb-grid-column-3d4a3ed0\"><div class=\"gb-container gb-container-3d4a3ed0\">\n\n<p>Faites \u00e9voluer votre mat\u00e9riel rapidement et facilement et ce, sans mettre en p\u00e9ril vos liquidit\u00e9s. Le mod\u00e8le de location HaaS vous permet de r\u00e9duire les investissements initiaux \u00e9lev\u00e9s. En effet, ceux-ci peuvent \u00eatre fractionn\u00e9s gr\u00e2ce \u00e0 des montants mensuels fixes calculables.<\/p>\n\n<\/div><\/div>\n<\/div>\n<\/div><\/div>\n\n<div class=\"gb-grid-column gb-grid-column-f28cae4b\"><div class=\"gb-container gb-container-f28cae4b\">\n<div class=\"wp-block-image\">\n<figure class=\"aligncenter size-full\"><img loading=\"lazy\" decoding=\"async\" width=\"549\" height=\"683\" src=\"https:\/\/www.prologistik.com\/wp-content\/uploads\/prologistik-content-mieten-statt-kaufen.jpg\" alt=\"\" class=\"wp-image-11159\" srcset=\"https:\/\/www.prologistik.com\/wp-content\/uploads\/prologistik-content-mieten-statt-kaufen.jpg 549w, https:\/\/www.prologistik.com\/wp-content\/uploads\/prologistik-content-mieten-statt-kaufen-241x300.jpg 241w, https:\/\/www.prologistik.com\/wp-content\/uploads\/prologistik-content-mieten-statt-kaufen-121x150.jpg 121w\" sizes=\"auto, (max-width: 549px) 100vw, 549px\" \/><figcaption class=\"wp-element-caption\">*Pour le pro-V-pad Classic en 10,4 pouces avec une location de 36 mois, pour une quantit\u00e9 de 10 appareils minimum.<\/figcaption><\/figure>\n<\/div>\n<\/div><\/div>\n<\/div>\n<\/div>\n<\/section>\n\n        \n            <!-- contact-form -->\n        \n                    \n            <!-- end:contact-form -->\n        \n            ","protected":false},"excerpt":{"rendered":"","protected":false},"author":1,"featured_media":0,"parent":29575,"menu_order":5,"comment_status":"closed","ping_status":"closed","template":"","meta":{"_acf_changed":false,"footnotes":""},"class_list":["post-29581","page","type-page","status-publish"],"acf":[],"yoast_head":"<!-- This site is optimized with the Yoast SEO Premium plugin v26.9 (Yoast SEO v27.5) - https:\/\/yoast.com\/product\/yoast-seo-premium-wordpress\/ -->\n<title>Louer plut\u00f4t qu&#039;acheter - proLogistik Group<\/title>\n<meta name=\"description\" content=\"Paquet de service complet incluant \u2714\ufe0f Appareil d&#039;\u00e9change \u2714\ufe0f Assurance compl\u00e8te \u2714\ufe0f Pas d&#039;immobilisation du capital\" \/>\n<meta name=\"robots\" content=\"index, follow, max-snippet:-1, max-image-preview:large, max-video-preview:-1\" \/>\n<link rel=\"canonical\" href=\"https:\/\/www.prologistik.com\/fr\/materiel-informatique\/pc-industriels\/louer-plutot-quacheter\/\" \/>\n<meta property=\"og:locale\" content=\"fr_FR\" \/>\n<meta property=\"og:type\" content=\"article\" \/>\n<meta property=\"og:title\" content=\"Louer plut\u00f4t qu&#039;acheter\" \/>\n<meta property=\"og:description\" content=\"Paquet de service complet incluant \u2714\ufe0f Appareil d&#039;\u00e9change \u2714\ufe0f Assurance compl\u00e8te \u2714\ufe0f Pas d&#039;immobilisation du capital\" \/>\n<meta property=\"og:url\" content=\"https:\/\/www.prologistik.com\/fr\/materiel-informatique\/pc-industriels\/louer-plutot-quacheter\/\" \/>\n<meta property=\"og:site_name\" content=\"proLogistik Group\" \/>\n<meta property=\"article:modified_time\" content=\"2025-11-24T09:59:57+00:00\" \/>\n<meta property=\"og:image\" content=\"https:\/\/www.prologistik.com\/wp-content\/uploads\/prologistik-content-mieten-statt-kaufen.jpg\" \/>\n<meta name=\"twitter:card\" content=\"summary_large_image\" \/>\n<meta name=\"twitter:label1\" content=\"Dur\u00e9e de lecture estim\u00e9e\" \/>\n\t<meta name=\"twitter:data1\" content=\"1 minute\" \/>\n<script type=\"application\/ld+json\" class=\"yoast-schema-graph\">{\"@context\":\"https:\\\/\\\/schema.org\",\"@graph\":[{\"@type\":\"WebPage\",\"@id\":\"https:\\\/\\\/www.prologistik.com\\\/fr\\\/materiel-informatique\\\/pc-industriels\\\/louer-plutot-quacheter\\\/\",\"url\":\"https:\\\/\\\/www.prologistik.com\\\/fr\\\/materiel-informatique\\\/pc-industriels\\\/louer-plutot-quacheter\\\/\",\"name\":\"Louer plut\u00f4t qu'acheter - proLogistik Group\",\"isPartOf\":{\"@id\":\"https:\\\/\\\/www.prologistik.com\\\/fr\\\/#website\"},\"primaryImageOfPage\":{\"@id\":\"https:\\\/\\\/www.prologistik.com\\\/fr\\\/materiel-informatique\\\/pc-industriels\\\/louer-plutot-quacheter\\\/#primaryimage\"},\"image\":{\"@id\":\"https:\\\/\\\/www.prologistik.com\\\/fr\\\/materiel-informatique\\\/pc-industriels\\\/louer-plutot-quacheter\\\/#primaryimage\"},\"thumbnailUrl\":\"https:\\\/\\\/www.prologistik.com\\\/wp-content\\\/uploads\\\/prologistik-content-mieten-statt-kaufen.jpg\",\"datePublished\":\"2023-02-28T15:41:48+00:00\",\"dateModified\":\"2025-11-24T09:59:57+00:00\",\"description\":\"Paquet de service complet incluant \u2714\ufe0f Appareil d'\u00e9change \u2714\ufe0f Assurance compl\u00e8te \u2714\ufe0f Pas d'immobilisation du capital\",\"breadcrumb\":{\"@id\":\"https:\\\/\\\/www.prologistik.com\\\/fr\\\/materiel-informatique\\\/pc-industriels\\\/louer-plutot-quacheter\\\/#breadcrumb\"},\"inLanguage\":\"fr-FR\",\"potentialAction\":[{\"@type\":\"ReadAction\",\"target\":[\"https:\\\/\\\/www.prologistik.com\\\/fr\\\/materiel-informatique\\\/pc-industriels\\\/louer-plutot-quacheter\\\/\"]}]},{\"@type\":\"ImageObject\",\"inLanguage\":\"fr-FR\",\"@id\":\"https:\\\/\\\/www.prologistik.com\\\/fr\\\/materiel-informatique\\\/pc-industriels\\\/louer-plutot-quacheter\\\/#primaryimage\",\"url\":\"https:\\\/\\\/www.prologistik.com\\\/wp-content\\\/uploads\\\/prologistik-content-mieten-statt-kaufen.jpg\",\"contentUrl\":\"https:\\\/\\\/www.prologistik.com\\\/wp-content\\\/uploads\\\/prologistik-content-mieten-statt-kaufen.jpg\"},{\"@type\":\"BreadcrumbList\",\"@id\":\"https:\\\/\\\/www.prologistik.com\\\/fr\\\/materiel-informatique\\\/pc-industriels\\\/louer-plutot-quacheter\\\/#breadcrumb\",\"itemListElement\":[{\"@type\":\"ListItem\",\"position\":1,\"name\":\"Startseite\",\"item\":\"https:\\\/\\\/www.prologistik.com\\\/fr\\\/\"},{\"@type\":\"ListItem\",\"position\":2,\"name\":\"Hardware\",\"item\":\"https:\\\/\\\/www.prologistik.com\\\/fr\\\/materiel-informatique\\\/\"},{\"@type\":\"ListItem\",\"position\":3,\"name\":\"Ordinateurs industriels\",\"item\":\"https:\\\/\\\/www.prologistik.com\\\/fr\\\/materiel-informatique\\\/pc-industriels\\\/\"},{\"@type\":\"ListItem\",\"position\":4,\"name\":\"Louer plut\u00f4t qu&#8217;acheter\"}]},{\"@type\":\"WebSite\",\"@id\":\"https:\\\/\\\/www.prologistik.com\\\/fr\\\/#website\",\"url\":\"https:\\\/\\\/www.prologistik.com\\\/fr\\\/\",\"name\":\"proLogistik Group\",\"description\":\"Software und Hardware f\u00fcr die Intralogistik\",\"publisher\":{\"@id\":\"https:\\\/\\\/www.prologistik.com\\\/fr\\\/#organization\"},\"potentialAction\":[{\"@type\":\"SearchAction\",\"target\":{\"@type\":\"EntryPoint\",\"urlTemplate\":\"https:\\\/\\\/www.prologistik.com\\\/fr\\\/?s={search_term_string}\"},\"query-input\":{\"@type\":\"PropertyValueSpecification\",\"valueRequired\":true,\"valueName\":\"search_term_string\"}}],\"inLanguage\":\"fr-FR\"},{\"@type\":\"Organization\",\"@id\":\"https:\\\/\\\/www.prologistik.com\\\/fr\\\/#organization\",\"name\":\"proLogistik Group\",\"url\":\"https:\\\/\\\/www.prologistik.com\\\/fr\\\/\",\"logo\":{\"@type\":\"ImageObject\",\"inLanguage\":\"fr-FR\",\"@id\":\"https:\\\/\\\/www.prologistik.com\\\/fr\\\/#\\\/schema\\\/logo\\\/image\\\/\",\"url\":\"https:\\\/\\\/www.prologistik.com\\\/wp-content\\\/uploads\\\/prologistik-logo-web.svg\",\"contentUrl\":\"https:\\\/\\\/www.prologistik.com\\\/wp-content\\\/uploads\\\/prologistik-logo-web.svg\",\"width\":320,\"height\":59,\"caption\":\"proLogistik Group\"},\"image\":{\"@id\":\"https:\\\/\\\/www.prologistik.com\\\/fr\\\/#\\\/schema\\\/logo\\\/image\\\/\"}}]}<\/script>\n<!-- \/ Yoast SEO Premium plugin. -->","yoast_head_json":{"title":"Louer plut\u00f4t qu'acheter - proLogistik Group","description":"Paquet de service complet incluant \u2714\ufe0f Appareil d'\u00e9change \u2714\ufe0f Assurance compl\u00e8te \u2714\ufe0f Pas d'immobilisation du capital","robots":{"index":"index","follow":"follow","max-snippet":"max-snippet:-1","max-image-preview":"max-image-preview:large","max-video-preview":"max-video-preview:-1"},"canonical":"https:\/\/www.prologistik.com\/fr\/materiel-informatique\/pc-industriels\/louer-plutot-quacheter\/","og_locale":"fr_FR","og_type":"article","og_title":"Louer plut\u00f4t qu'acheter","og_description":"Paquet de service complet incluant \u2714\ufe0f Appareil d'\u00e9change \u2714\ufe0f Assurance compl\u00e8te \u2714\ufe0f Pas d'immobilisation du capital","og_url":"https:\/\/www.prologistik.com\/fr\/materiel-informatique\/pc-industriels\/louer-plutot-quacheter\/","og_site_name":"proLogistik Group","article_modified_time":"2025-11-24T09:59:57+00:00","og_image":[{"url":"https:\/\/www.prologistik.com\/wp-content\/uploads\/prologistik-content-mieten-statt-kaufen.jpg","type":"","width":"","height":""}],"twitter_card":"summary_large_image","twitter_misc":{"Dur\u00e9e de lecture estim\u00e9e":"1 minute"},"schema":{"@context":"https:\/\/schema.org","@graph":[{"@type":"WebPage","@id":"https:\/\/www.prologistik.com\/fr\/materiel-informatique\/pc-industriels\/louer-plutot-quacheter\/","url":"https:\/\/www.prologistik.com\/fr\/materiel-informatique\/pc-industriels\/louer-plutot-quacheter\/","name":"Louer plut\u00f4t qu'acheter - proLogistik Group","isPartOf":{"@id":"https:\/\/www.prologistik.com\/fr\/#website"},"primaryImageOfPage":{"@id":"https:\/\/www.prologistik.com\/fr\/materiel-informatique\/pc-industriels\/louer-plutot-quacheter\/#primaryimage"},"image":{"@id":"https:\/\/www.prologistik.com\/fr\/materiel-informatique\/pc-industriels\/louer-plutot-quacheter\/#primaryimage"},"thumbnailUrl":"https:\/\/www.prologistik.com\/wp-content\/uploads\/prologistik-content-mieten-statt-kaufen.jpg","datePublished":"2023-02-28T15:41:48+00:00","dateModified":"2025-11-24T09:59:57+00:00","description":"Paquet de service complet incluant \u2714\ufe0f Appareil d'\u00e9change \u2714\ufe0f Assurance compl\u00e8te \u2714\ufe0f Pas d'immobilisation du capital","breadcrumb":{"@id":"https:\/\/www.prologistik.com\/fr\/materiel-informatique\/pc-industriels\/louer-plutot-quacheter\/#breadcrumb"},"inLanguage":"fr-FR","potentialAction":[{"@type":"ReadAction","target":["https:\/\/www.prologistik.com\/fr\/materiel-informatique\/pc-industriels\/louer-plutot-quacheter\/"]}]},{"@type":"ImageObject","inLanguage":"fr-FR","@id":"https:\/\/www.prologistik.com\/fr\/materiel-informatique\/pc-industriels\/louer-plutot-quacheter\/#primaryimage","url":"https:\/\/www.prologistik.com\/wp-content\/uploads\/prologistik-content-mieten-statt-kaufen.jpg","contentUrl":"https:\/\/www.prologistik.com\/wp-content\/uploads\/prologistik-content-mieten-statt-kaufen.jpg"},{"@type":"BreadcrumbList","@id":"https:\/\/www.prologistik.com\/fr\/materiel-informatique\/pc-industriels\/louer-plutot-quacheter\/#breadcrumb","itemListElement":[{"@type":"ListItem","position":1,"name":"Startseite","item":"https:\/\/www.prologistik.com\/fr\/"},{"@type":"ListItem","position":2,"name":"Hardware","item":"https:\/\/www.prologistik.com\/fr\/materiel-informatique\/"},{"@type":"ListItem","position":3,"name":"Ordinateurs industriels","item":"https:\/\/www.prologistik.com\/fr\/materiel-informatique\/pc-industriels\/"},{"@type":"ListItem","position":4,"name":"Louer plut\u00f4t qu&#8217;acheter"}]},{"@type":"WebSite","@id":"https:\/\/www.prologistik.com\/fr\/#website","url":"https:\/\/www.prologistik.com\/fr\/","name":"proLogistik Group","description":"Software und Hardware f\u00fcr die Intralogistik","publisher":{"@id":"https:\/\/www.prologistik.com\/fr\/#organization"},"potentialAction":[{"@type":"SearchAction","target":{"@type":"EntryPoint","urlTemplate":"https:\/\/www.prologistik.com\/fr\/?s={search_term_string}"},"query-input":{"@type":"PropertyValueSpecification","valueRequired":true,"valueName":"search_term_string"}}],"inLanguage":"fr-FR"},{"@type":"Organization","@id":"https:\/\/www.prologistik.com\/fr\/#organization","name":"proLogistik Group","url":"https:\/\/www.prologistik.com\/fr\/","logo":{"@type":"ImageObject","inLanguage":"fr-FR","@id":"https:\/\/www.prologistik.com\/fr\/#\/schema\/logo\/image\/","url":"https:\/\/www.prologistik.com\/wp-content\/uploads\/prologistik-logo-web.svg","contentUrl":"https:\/\/www.prologistik.com\/wp-content\/uploads\/prologistik-logo-web.svg","width":320,"height":59,"caption":"proLogistik Group"},"image":{"@id":"https:\/\/www.prologistik.com\/fr\/#\/schema\/logo\/image\/"}}]}},"_links":{"self":[{"href":"https:\/\/www.prologistik.com\/fr\/wp-json\/wp\/v2\/pages\/29581","targetHints":{"allow":["GET"]}}],"collection":[{"href":"https:\/\/www.prologistik.com\/fr\/wp-json\/wp\/v2\/pages"}],"about":[{"href":"https:\/\/www.prologistik.com\/fr\/wp-json\/wp\/v2\/types\/page"}],"author":[{"embeddable":true,"href":"https:\/\/www.prologistik.com\/fr\/wp-json\/wp\/v2\/users\/1"}],"replies":[{"embeddable":true,"href":"https:\/\/www.prologistik.com\/fr\/wp-json\/wp\/v2\/comments?post=29581"}],"version-history":[{"count":6,"href":"https:\/\/www.prologistik.com\/fr\/wp-json\/wp\/v2\/pages\/29581\/revisions"}],"predecessor-version":[{"id":55237,"href":"https:\/\/www.prologistik.com\/fr\/wp-json\/wp\/v2\/pages\/29581\/revisions\/55237"}],"up":[{"embeddable":true,"href":"https:\/\/www.prologistik.com\/fr\/wp-json\/wp\/v2\/pages\/29575"}],"wp:attachment":[{"href":"https:\/\/www.prologistik.com\/fr\/wp-json\/wp\/v2\/media?parent=29581"}],"curies":[{"name":"wp","href":"https:\/\/api.w.org\/{rel}","templated":true}]}}