{"id":29568,"date":"2023-02-28T16:05:31","date_gmt":"2023-02-28T15:05:31","guid":{"rendered":"https:\/\/prologistik.pixel-tal.de\/warehouse-old"},"modified":"2024-11-13T10:52:22","modified_gmt":"2024-11-13T09:52:22","slug":"warehouse","status":"publish","type":"page","link":"https:\/\/www.prologistik.com\/fr\/warehouse\/","title":{"rendered":"Warehouse"},"content":{"rendered":"        \n            <!-- pagehead -->\n        \n                    \n\t\t\t<div id=\"pagehead-block_b21e7e0487c0ab9408f9ec414005f0ba\" class=\"pagehead size-small\">\n\t\t\t\t\t\t\t<div class=\"pagehead-canvas\">\n\t\t\t\t<div class=\"pagehead-content has-bg-color bg-color-green\">\n\t\t\t\t\t<div class=\"pagehead-content-inner\">\n\t\t\t\t\t\t<div class=\"pagehead-icon icon-color-white\" data-aos=\"fade-up\" data-aos-delay=\"0\" style=\"mask-image: url(https:\/\/www.prologistik.com\/wp-content\/uploads\/icon-tablet-1.svg); -webkit-mask-image: url(https:\/\/www.prologistik.com\/wp-content\/uploads\/icon-tablet-1.svg);\"><\/div>\t\t\t\t\t\t<span class=\"pagehead-subheadline\"  data-aos=\"fade-up\" data-aos-delay=\"50\">Tout est \u00e0 sa place<\/span>\t\t\t\t\t\t<h1 class=\"pagehead-headline\" data-aos=\"fade-up\" data-aos-delay=\"100\">Solutions d&#8217;entreposage du sp\u00e9cialiste<\/h1>\t\t\t\t\t\t\t\t\t\t\t<\/div>\n\t\t\t\t<\/div>\n\t\t\t<\/div>\n\t\t\t\n\t\t\t\t<div class=\"pagehead-background\">\n\t\t\t\t<!-- image_id: 33893 | alt:  -->\t\t\t\t\t\t\t\t\t<img decoding=\"async\" class=\"test\" src=\"https:\/\/www.prologistik.com\/wp-content\/uploads\/prologistik-header-logistik-dienstleister.jpg\" alt=\"\" \/>\n\t\t\t\t\n\t\t\t\t<\/div>\n\t\t\t<\/div>\n        \n                    \n            <!-- end:pagehead -->\n        \n            <section class=\"gb-container gb-container-97381a90\">\n<div class=\"gb-container gb-container-76c9f99c\">\n<div class=\"gb-grid-wrapper gb-grid-wrapper-3c5d1c2a gb-grid-wrapper-space-between\">\n<div class=\"gb-grid-column gb-grid-column-351b66dd\"><div class=\"gb-container gb-container-351b66dd globe-absolute\"><div class=\"gb-inside-container\">\n\n<div class=\"wp-block-pixel-headline headlines is-subheadline-top has-text-align-left\"><h2 class=\"headline\" style=\"color:\">Nos solutions d&#8217;entreposage<\/h2><span class=\"subheadline\" style=\"color:var(u002du002dcolor-blue)\">Pratique et efficace :<\/span><\/div>\n\n\n\n<p>L&#8217;entrep\u00f4t est la base de la logistique. Les marchandises et les biens y sont stock\u00e9s, tri\u00e9s et organis\u00e9s avant d&#8217;\u00eatre exp\u00e9di\u00e9s. Et peu importe que l&#8217;entrep\u00f4t soit utilis\u00e9 pour recevoir des marchandises d&#8217;une production, pour pr\u00e9parer des marchandises pour l&#8217;exp\u00e9dition, pour stocker des marchandises en vue d&#8217;une utilisation ult\u00e9rieure ou pour retourner des marchandises &#8211; l&#8217;important est de travailler ici aussi avec les bonnes solutions syst\u00e8me afin de permettre un travail efficace.<br\/><br\/>Ce sont pr\u00e9cis\u00e9ment ces solutions que vous trouverez chez nous. Cliquez tranquillement sur nos offres &#8211; et si vous avez des questions ou des suggestions, n&#8217;h\u00e9sitez pas \u00e0 nous appeler. Nos experts se feront un plaisir de vous aider.<\/p>\n\n<\/div><\/div><\/div>\n<\/div>\n<\/div>\n<\/section><section class=\"gb-container gb-container-3fd7618b gb-container-no-padding-top\">\n<div class=\"gb-container gb-container-760de7c0\">\n<div class=\"gb-grid-wrapper gb-grid-wrapper-66dd0de7\">\n<div class=\"gb-grid-column gb-grid-column-516c8ec5\"><div class=\"gb-container gb-container-516c8ec5\">\n<div id=\"imagebox-block_3d7743a1182249e2ae32e2421154cec5\" class=\"imagebox image-top background-color-light-grey\">\n\t<style>#imagebox-block_3d7743a1182249e2ae32e2421154cec5::before {background: var(--); } <\/style>        <div class=\"imagebox-image image-format-cubic center with-rounding\" style=\"background: url('https:\/\/www.prologistik.com\/wp-content\/uploads\/prologistik-content-warehouse-management-system-uebersicht.jpg'); background-repeat: no-repeat; background-size: cover; background-position: center;\"><\/div>\n    \n    <div class=\"imagebox-content-wrap\">\n\n        <div class=\"imagebox-content\">\n                        <div class=\"imagebox-headline center font-size-normal\">\n                Syst\u00e8me de gestion d&#8217;entrep\u00f4t            <\/div>\n                                <\/div>\n                <div class=\"is-layout-flex wp-block-buttons\">\n            <div class=\"wp-block-button is-style-fill\">\n                <a class=\"wp-block-button__link has-color-dodger-blue-background-color wp-element-button\" href=\"https:\/\/www.prologistik.com\/fr\/?page_id=29640\" target=\"_self\">\n                    En savoir plus                <\/a>\n            <\/div>\n        <\/div>\n            <\/div>\n\n<\/div>\n\n<\/div><\/div>\n\n<div class=\"gb-grid-column gb-grid-column-47fb2dcb\"><div class=\"gb-container gb-container-47fb2dcb\">\n<div id=\"imagebox-block_62a1ebf8d120167b94582b1c01702e02\" class=\"imagebox image-top background-color-light-grey\">\n\t<style>#imagebox-block_62a1ebf8d120167b94582b1c01702e02::before {background: var(--); } <\/style>        <div class=\"imagebox-image image-format-cubic center with-rounding\" style=\"background: url('https:\/\/www.prologistik.com\/wp-content\/uploads\/prologistik-content-wwholesale-uebersicht.jpg'); background-repeat: no-repeat; background-size: cover; background-position: center;\"><\/div>\n    \n    <div class=\"imagebox-content-wrap\">\n\n        <div class=\"imagebox-content\">\n                        <div class=\"imagebox-headline center font-size-normal\">\n                Vente en gros            <\/div>\n                                <\/div>\n                <div class=\"is-layout-flex wp-block-buttons\">\n            <div class=\"wp-block-button is-style-fill\">\n                <a class=\"wp-block-button__link has-color-dodger-blue-background-color wp-element-button\" href=\"https:\/\/www.prologistik.com\/fr\/vente-en-gros\/\" target=\"_self\">\n                    En savoir plus                <\/a>\n            <\/div>\n        <\/div>\n            <\/div>\n\n<\/div>\n\n<\/div><\/div>\n\n<div class=\"gb-grid-column gb-grid-column-c79f3459\"><div class=\"gb-container gb-container-c79f3459\">\n<div id=\"imagebox-block_da7ebd567644e4c78ffc2ac3d829afaa\" class=\"imagebox image-top background-color-light-grey\">\n\t<style>#imagebox-block_da7ebd567644e4c78ffc2ac3d829afaa::before {background: var(--); } <\/style>        <div class=\"imagebox-image image-format-cubic center with-rounding\" style=\"background: url('https:\/\/www.prologistik.com\/wp-content\/uploads\/prologistik-content-retail-uebersicht.jpg'); background-repeat: no-repeat; background-size: cover; background-position: center;\"><\/div>\n    \n    <div class=\"imagebox-content-wrap\">\n\n        <div class=\"imagebox-content\">\n                        <div class=\"imagebox-headline center font-size-normal\">\n                Vente au d\u00e9tail            <\/div>\n                                <\/div>\n                <div class=\"is-layout-flex wp-block-buttons\">\n            <div class=\"wp-block-button is-style-fill\">\n                <a class=\"wp-block-button__link has-color-dodger-blue-background-color wp-element-button\" href=\"https:\/\/www.prologistik.com\/fr\/vente-au-detail\/\" target=\"_self\">\n                    En savoir plus                <\/a>\n            <\/div>\n        <\/div>\n            <\/div>\n\n<\/div>\n\n<\/div><\/div>\n\n<div class=\"gb-grid-column gb-grid-column-e306f94e\"><div class=\"gb-container gb-container-e306f94e\">\n<div id=\"imagebox-block_7d214766e4680392a6e5f7b7ddc7c83b\" class=\"imagebox image-top background-color-light-grey\">\n\t<style>#imagebox-block_7d214766e4680392a6e5f7b7ddc7c83b::before {background: var(--); } <\/style>        <div class=\"imagebox-image image-format-cubic center with-rounding\" style=\"background: url('https:\/\/www.prologistik.com\/wp-content\/uploads\/prologistik-content-3pl-uebersicht.jpg'); background-repeat: no-repeat; background-size: cover; background-position: center;\"><\/div>\n    \n    <div class=\"imagebox-content-wrap\">\n\n        <div class=\"imagebox-content\">\n                        <div class=\"imagebox-headline center font-size-normal\">\n                3PL            <\/div>\n                                <\/div>\n                <div class=\"is-layout-flex wp-block-buttons\">\n            <div class=\"wp-block-button is-style-fill\">\n                <a class=\"wp-block-button__link has-color-dodger-blue-background-color wp-element-button\" href=\"https:\/\/www.prologistik.com\/fr\/3pl\/\" target=\"_self\">\n                    En savoir plus                <\/a>\n            <\/div>\n        <\/div>\n            <\/div>\n\n<\/div>\n\n<\/div><\/div>\n\n<div class=\"gb-grid-column gb-grid-column-26e50877\"><div class=\"gb-container gb-container-26e50877\">\n<div id=\"imagebox-block_0ac1a46e365cf09fff10266ab99d11f1\" class=\"imagebox image-top background-color-light-grey\">\n\t<style>#imagebox-block_0ac1a46e365cf09fff10266ab99d11f1::before {background: var(--); } <\/style>        <div class=\"imagebox-image image-format-cubic center with-rounding\" style=\"background: url('https:\/\/www.prologistik.com\/wp-content\/uploads\/prologistik-content-industry-uebersicht.jpg'); background-repeat: no-repeat; background-size: cover; background-position: center;\"><\/div>\n    \n    <div class=\"imagebox-content-wrap\">\n\n        <div class=\"imagebox-content\">\n                        <div class=\"imagebox-headline center font-size-normal\">\n                Industrie            <\/div>\n                                <\/div>\n                <div class=\"is-layout-flex wp-block-buttons\">\n            <div class=\"wp-block-button is-style-fill\">\n                <a class=\"wp-block-button__link has-color-dodger-blue-background-color wp-element-button\" href=\"https:\/\/www.prologistik.com\/fr\/industrie\/\" target=\"_self\">\n                    En savoir plus                <\/a>\n            <\/div>\n        <\/div>\n            <\/div>\n\n<\/div>\n\n<\/div><\/div>\n\n<div class=\"gb-grid-column gb-grid-column-8e700549\"><div class=\"gb-container gb-container-8e700549\">\n<div id=\"imagebox-block_4f06162d1dcdc7d1b113364d0c207656\" class=\"imagebox image-top background-color-light-grey\">\n\t<style>#imagebox-block_4f06162d1dcdc7d1b113364d0c207656::before {background: var(--); } <\/style>        <div class=\"imagebox-image image-format-cubic center with-rounding\" style=\"background: url('https:\/\/www.prologistik.com\/wp-content\/uploads\/prologistik-content-cloud-saas-uebersicht.jpg'); background-repeat: no-repeat; background-size: cover; background-position: center;\"><\/div>\n    \n    <div class=\"imagebox-content-wrap\">\n\n        <div class=\"imagebox-content\">\n                        <div class=\"imagebox-headline center font-size-normal\">\n                Cloud-SaaS            <\/div>\n                                <\/div>\n                <div class=\"is-layout-flex wp-block-buttons\">\n            <div class=\"wp-block-button is-style-fill\">\n                <a class=\"wp-block-button__link has-color-dodger-blue-background-color wp-element-button\" href=\"https:\/\/www.prologistik.com\/fr\/commerce-electronique\/\" target=\"_self\">\n                    En savoir plus                <\/a>\n            <\/div>\n        <\/div>\n            <\/div>\n\n<\/div>\n\n<\/div><\/div>\n<\/div>\n<\/div>\n\n<div class=\"gb-container gb-container-b16aebb2\">\n<div class=\"gb-container gb-container-30390df2\">\n        \n            <!-- contact-form -->\n        \n            \n\t\t<section id=\"contact\" class=\"gb-container contact-form-wrap\">\n\t\t\t<div class=\"gb-inside-container\">\n\t\t\t\t<div id=\"\" class=\"contact-form layout-off  gb-grid-wrapper\" >\n\t\t\t\t\n\t\t\t\t\t\t\t\t\t\t<div class=\"wp-block-pixel-headline headlines is-subheadline-top has-text-align-left\">\n\t\t\t\t\t\t<h2 class=\"headline\">Votre contact direct avec nous<\/h2>\n\t\t\t\t\t\t<span class=\"subheadline\" style=\"color:var(--color-blue)\">DES QUESTIONS, DES SOUHAITS OU DES SUGGESTIONS ?<\/span>\n\t\t\t\t\t\t\t\t\t\t\t<\/div>\n\t\t\t\t\t\n\t\t\t\t\t\n\n\t\t\t\t\t<div class=\"contact-form-main gb-grid-column\">\n\t\t\t\t\t\t[contact-form-7 id=&#8221;5248&#8243;]\t\t\t\t\t<\/div> \n\t\t\t\t<\/div>\n\t\t\t<\/div>\n\t\t<\/section>\n\t        \n            <!-- end:contact-form -->\n        \n            \n<\/div>\n<\/div>\n<\/section>","protected":false},"excerpt":{"rendered":"","protected":false},"author":1,"featured_media":0,"parent":0,"menu_order":25,"comment_status":"closed","ping_status":"closed","template":"","meta":{"_acf_changed":false,"footnotes":""},"class_list":["post-29568","page","type-page","status-publish"],"acf":[],"yoast_head":"<!-- This site is optimized with the Yoast SEO Premium plugin v26.9 (Yoast SEO v27.3) - https:\/\/yoast.com\/product\/yoast-seo-premium-wordpress\/ -->\n<title>Warehouse - proLogistik Group<\/title>\n<meta name=\"robots\" content=\"noindex, follow\" \/>\n<meta property=\"og:locale\" content=\"fr_FR\" \/>\n<meta property=\"og:type\" content=\"article\" \/>\n<meta property=\"og:title\" content=\"Warehouse\" \/>\n<meta property=\"og:url\" content=\"https:\/\/www.prologistik.com\/fr\/warehouse\/\" \/>\n<meta property=\"og:site_name\" content=\"proLogistik Group\" \/>\n<meta property=\"article:modified_time\" content=\"2024-11-13T09:52:22+00:00\" \/>\n<meta name=\"twitter:card\" content=\"summary_large_image\" \/>\n<meta name=\"twitter:label1\" content=\"Dur\u00e9e de lecture estim\u00e9e\" \/>\n\t<meta name=\"twitter:data1\" content=\"1 minute\" \/>\n<script type=\"application\/ld+json\" class=\"yoast-schema-graph\">{\"@context\":\"https:\\\/\\\/schema.org\",\"@graph\":[{\"@type\":\"WebPage\",\"@id\":\"https:\\\/\\\/www.prologistik.com\\\/fr\\\/warehouse\\\/\",\"url\":\"https:\\\/\\\/www.prologistik.com\\\/fr\\\/warehouse\\\/\",\"name\":\"Warehouse - proLogistik Group\",\"isPartOf\":{\"@id\":\"https:\\\/\\\/www.prologistik.com\\\/fr\\\/#website\"},\"datePublished\":\"2023-02-28T15:05:31+00:00\",\"dateModified\":\"2024-11-13T09:52:22+00:00\",\"breadcrumb\":{\"@id\":\"https:\\\/\\\/www.prologistik.com\\\/fr\\\/warehouse\\\/#breadcrumb\"},\"inLanguage\":\"fr-FR\",\"potentialAction\":[{\"@type\":\"ReadAction\",\"target\":[\"https:\\\/\\\/www.prologistik.com\\\/fr\\\/warehouse\\\/\"]}]},{\"@type\":\"BreadcrumbList\",\"@id\":\"https:\\\/\\\/www.prologistik.com\\\/fr\\\/warehouse\\\/#breadcrumb\",\"itemListElement\":[{\"@type\":\"ListItem\",\"position\":1,\"name\":\"Startseite\",\"item\":\"https:\\\/\\\/www.prologistik.com\\\/fr\\\/\"},{\"@type\":\"ListItem\",\"position\":2,\"name\":\"Warehouse\"}]},{\"@type\":\"WebSite\",\"@id\":\"https:\\\/\\\/www.prologistik.com\\\/fr\\\/#website\",\"url\":\"https:\\\/\\\/www.prologistik.com\\\/fr\\\/\",\"name\":\"proLogistik Group\",\"description\":\"Software und Hardware f\u00fcr die Intralogistik\",\"publisher\":{\"@id\":\"https:\\\/\\\/www.prologistik.com\\\/fr\\\/#organization\"},\"potentialAction\":[{\"@type\":\"SearchAction\",\"target\":{\"@type\":\"EntryPoint\",\"urlTemplate\":\"https:\\\/\\\/www.prologistik.com\\\/fr\\\/?s={search_term_string}\"},\"query-input\":{\"@type\":\"PropertyValueSpecification\",\"valueRequired\":true,\"valueName\":\"search_term_string\"}}],\"inLanguage\":\"fr-FR\"},{\"@type\":\"Organization\",\"@id\":\"https:\\\/\\\/www.prologistik.com\\\/fr\\\/#organization\",\"name\":\"proLogistik Group\",\"url\":\"https:\\\/\\\/www.prologistik.com\\\/fr\\\/\",\"logo\":{\"@type\":\"ImageObject\",\"inLanguage\":\"fr-FR\",\"@id\":\"https:\\\/\\\/www.prologistik.com\\\/fr\\\/#\\\/schema\\\/logo\\\/image\\\/\",\"url\":\"https:\\\/\\\/www.prologistik.com\\\/wp-content\\\/uploads\\\/prologistik-logo-web.svg\",\"contentUrl\":\"https:\\\/\\\/www.prologistik.com\\\/wp-content\\\/uploads\\\/prologistik-logo-web.svg\",\"width\":320,\"height\":59,\"caption\":\"proLogistik Group\"},\"image\":{\"@id\":\"https:\\\/\\\/www.prologistik.com\\\/fr\\\/#\\\/schema\\\/logo\\\/image\\\/\"}}]}<\/script>\n<!-- \/ Yoast SEO Premium plugin. -->","yoast_head_json":{"title":"Warehouse - proLogistik Group","robots":{"index":"noindex","follow":"follow"},"og_locale":"fr_FR","og_type":"article","og_title":"Warehouse","og_url":"https:\/\/www.prologistik.com\/fr\/warehouse\/","og_site_name":"proLogistik Group","article_modified_time":"2024-11-13T09:52:22+00:00","twitter_card":"summary_large_image","twitter_misc":{"Dur\u00e9e de lecture estim\u00e9e":"1 minute"},"schema":{"@context":"https:\/\/schema.org","@graph":[{"@type":"WebPage","@id":"https:\/\/www.prologistik.com\/fr\/warehouse\/","url":"https:\/\/www.prologistik.com\/fr\/warehouse\/","name":"Warehouse - proLogistik Group","isPartOf":{"@id":"https:\/\/www.prologistik.com\/fr\/#website"},"datePublished":"2023-02-28T15:05:31+00:00","dateModified":"2024-11-13T09:52:22+00:00","breadcrumb":{"@id":"https:\/\/www.prologistik.com\/fr\/warehouse\/#breadcrumb"},"inLanguage":"fr-FR","potentialAction":[{"@type":"ReadAction","target":["https:\/\/www.prologistik.com\/fr\/warehouse\/"]}]},{"@type":"BreadcrumbList","@id":"https:\/\/www.prologistik.com\/fr\/warehouse\/#breadcrumb","itemListElement":[{"@type":"ListItem","position":1,"name":"Startseite","item":"https:\/\/www.prologistik.com\/fr\/"},{"@type":"ListItem","position":2,"name":"Warehouse"}]},{"@type":"WebSite","@id":"https:\/\/www.prologistik.com\/fr\/#website","url":"https:\/\/www.prologistik.com\/fr\/","name":"proLogistik Group","description":"Software und Hardware f\u00fcr die Intralogistik","publisher":{"@id":"https:\/\/www.prologistik.com\/fr\/#organization"},"potentialAction":[{"@type":"SearchAction","target":{"@type":"EntryPoint","urlTemplate":"https:\/\/www.prologistik.com\/fr\/?s={search_term_string}"},"query-input":{"@type":"PropertyValueSpecification","valueRequired":true,"valueName":"search_term_string"}}],"inLanguage":"fr-FR"},{"@type":"Organization","@id":"https:\/\/www.prologistik.com\/fr\/#organization","name":"proLogistik Group","url":"https:\/\/www.prologistik.com\/fr\/","logo":{"@type":"ImageObject","inLanguage":"fr-FR","@id":"https:\/\/www.prologistik.com\/fr\/#\/schema\/logo\/image\/","url":"https:\/\/www.prologistik.com\/wp-content\/uploads\/prologistik-logo-web.svg","contentUrl":"https:\/\/www.prologistik.com\/wp-content\/uploads\/prologistik-logo-web.svg","width":320,"height":59,"caption":"proLogistik Group"},"image":{"@id":"https:\/\/www.prologistik.com\/fr\/#\/schema\/logo\/image\/"}}]}},"_links":{"self":[{"href":"https:\/\/www.prologistik.com\/fr\/wp-json\/wp\/v2\/pages\/29568","targetHints":{"allow":["GET"]}}],"collection":[{"href":"https:\/\/www.prologistik.com\/fr\/wp-json\/wp\/v2\/pages"}],"about":[{"href":"https:\/\/www.prologistik.com\/fr\/wp-json\/wp\/v2\/types\/page"}],"author":[{"embeddable":true,"href":"https:\/\/www.prologistik.com\/fr\/wp-json\/wp\/v2\/users\/1"}],"replies":[{"embeddable":true,"href":"https:\/\/www.prologistik.com\/fr\/wp-json\/wp\/v2\/comments?post=29568"}],"version-history":[{"count":2,"href":"https:\/\/www.prologistik.com\/fr\/wp-json\/wp\/v2\/pages\/29568\/revisions"}],"predecessor-version":[{"id":42911,"href":"https:\/\/www.prologistik.com\/fr\/wp-json\/wp\/v2\/pages\/29568\/revisions\/42911"}],"wp:attachment":[{"href":"https:\/\/www.prologistik.com\/fr\/wp-json\/wp\/v2\/media?parent=29568"}],"curies":[{"name":"wp","href":"https:\/\/api.w.org\/{rel}","templated":true}]}}