{"id":29567,"date":"2023-02-28T16:41:48","date_gmt":"2023-02-28T15:41:48","guid":{"rendered":"https:\/\/prologistik.pixel-tal.de\/appareils-de-test"},"modified":"2025-11-24T10:52:21","modified_gmt":"2025-11-24T09:52:21","slug":"appareils-de-test","status":"publish","type":"page","link":"https:\/\/www.prologistik.com\/fr\/materiel-informatique\/pc-industriels\/appareils-de-test\/","title":{"rendered":"Appareils de test"},"content":{"rendered":"        \n            <!-- pagehead -->\n        \n                    \n\t\t\t<div id=\"pagehead-block_a4b4775f491721904fdefb9dff215a20\" class=\"pagehead size-very-small\">\n\t\t\t\n\t\t\t\t<div class=\"pagehead-background\">\n\t\t\t\t<!-- image_id: 44377 | alt: Bannerbild Industrie-PC Testger\u00e4te -->\t\t\t\t\t\t\t\t\t<img decoding=\"async\" class=\"test\" src=\"https:\/\/www.prologistik.com\/wp-content\/uploads\/pLG_Website_Hardware_Industrie-PC_Testgeraete_Banner_1920x840px_2024.jpg\" alt=\"Bannerbild Industrie-PC Testger\u00e4te\" \/>\n\t\t\t\t\n\t\t\t\t<\/div>\n\t\t\t<\/div>\n        \n                    \n            <!-- end:pagehead -->\n        \n            \n\n<section class=\"gb-container gb-container-97381a90 gb-container-no-padding-bottom\">\n<div class=\"gb-container gb-container-76c9f99c\">\n<div class=\"gb-grid-wrapper gb-grid-wrapper-3c5d1c2a\">\n<div class=\"gb-grid-column gb-grid-column-351b66dd\"><div class=\"gb-container gb-container-351b66dd globe-absolute\">\n\n<div class=\"wp-block-pixel-headline headlines is-subheadline-top has-text-align-left\"><h2 class=\"headline is-h1\" style=\"color:\">Un appareil de test gratuit<\/h2><span class=\"subheadline\" style=\"color:var(--color-blue)\">Demandez maintenant<\/span><\/div>\n\n\n\n<p>Vous \u00eates int\u00e9ress\u00e9 par nos ordinateurs industriels, mais vous n&#8217;\u00eates pas s\u00fbr que le produit soit le bon choix ? Chez proLogistik, vous avez la possibilit\u00e9 de tester nos ordinateurs industriels gratuitement dans le cadre d&#8217;une location. D\u00e9couvrez par la grande qualit\u00e9 et la simplicit\u00e9 d&#8217;utilisation de nos ordinateurs industriels et demandez ici votre appareil de test gratuit. Veuillez remplir le formulaire ci-dessous pour pouvoir tester rapidement l&#8217;ordinateur industriel qui vous convient. Un collaborateur proLogistik vous contactera pour effectuer la qualification de l&#8217;appareil de test.<\/p>\n\n<\/div><\/div>\n\n<div class=\"gb-grid-column gb-grid-column-f28cae4b\"><div class=\"gb-container gb-container-f28cae4b\">\n\n<figure class=\"wp-block-image size-full\"><img loading=\"lazy\" decoding=\"async\" width=\"520\" height=\"498\" src=\"https:\/\/www.prologistik.com\/wp-content\/uploads\/prologistik-content-kostenlose-testgeraete.jpg\" alt=\"\" class=\"wp-image-11150\" \/><\/figure>\n\n<\/div><\/div>\n<\/div>\n<\/div>\n<\/section>\n\n        \n            <!-- contact-form -->\n        \n                    \n            <!-- end:contact-form -->\n        \n            \n\n<section class=\"gb-container gb-container-00e7d44e gb-container-no-padding-bottom\">\n<div class=\"gb-container gb-container-7041305a\">\n<div class=\"gb-grid-wrapper gb-grid-wrapper-4484914a\">\n<div class=\"gb-grid-column gb-grid-column-cd69bdaf\"><div class=\"gb-container gb-container-cd69bdaf\">\n\n<div class=\"wp-block-pixel-headline headlines is-subheadline-bottom has-text-align-left\"><h2 class=\"headline\" style=\"color:\">Vos contacts<\/h2><\/div>\n\n<\/div><\/div>\n\n<div class=\"gb-grid-column gb-grid-column-2b8f54ca\"><div class=\"gb-container gb-container-2b8f54ca\">\n        \n            <!-- grid -->\n\n\t\t\t        \n                    \n            <div id=\"grid-block_9f1b3861ab592de1040657652be69323\" class=\"grid grid:4 \" >\n\n\t\t\t\t\t\n\t\t\t\t<div class=\"grid-group grid-group-0\">\n\t\t\t\t\t\t\t\t\t\t<div class=\"grid-inner gb-grid-wrapper \">\n\t\t\t\t\t\t\t\t\t\t\t\t\t<div class=\"grid-item gb-grid-column\">\n\t\t\t\t\t\t\t\n\t\t\t\t\t\t\t\n\t\t\t\t\t\t\t\n\t\t\t\t\t\t\t\n\t\t\t\t\t\t\t\n\t\t\t\t\t\t\t<!-- pages -->\n\t\t\t\t\t\t\t\n\t\t\t\t\t\t\t\t<!-- posts -->\n\n\t\t\t\t\t\t\t\t\n\t\t\t\t\t\t\t\t<!-- contacts -->\n\n\t\t\t\t\t\t\t\t\t\t\t\t\t\t\t\t\t                <div class=\"card card-contacts-form\">\n                    <div class=\"card-media\">\n                        <img decoding=\"async\" title=\"BeispielBildSchnitt\" alt=\"\" src=\"https:\/\/www.prologistik.com\/wp-content\/uploads\/BeispielBildSchnitt-1.png\" \/>\n                    <\/div>\n                    <div class=\"card-content\">\n                    <span class=\"card-line card-name\"> Andy Thompson<\/span>                        <span class=\"card-line card-job\">Directeur g\u00e9n\u00e9ral<\/span>                                                                        <span class=\"card-line card-fax\">Canada<\/span>                                            <\/div>\n                <\/div>\n\n            \t\t\t\t\t\t\t\t\n\t\t\t\t\t\t\t\t<!-- downloads -->\n\n\t\t\t\t\t\t\t\t\t\n\n\t\t\t\t\t\t\t\t<!-- companies -->\n\n\t\t\t\t\t\t\t\t\t\n\t\t\t\t\t\t\t\t\n\t\t\t\t\t\t\t<\/div>\t\t\t\t\t\t\t\n\t\t\t\t\t\t\t\t\t\t\t\t\t<div class=\"grid-item gb-grid-column\">\n\t\t\t\t\t\t\t\n\t\t\t\t\t\t\t\n\t\t\t\t\t\t\t\n\t\t\t\t\t\t\t\n\t\t\t\t\t\t\t\n\t\t\t\t\t\t\t<!-- pages -->\n\t\t\t\t\t\t\t\n\t\t\t\t\t\t\t\t<!-- posts -->\n\n\t\t\t\t\t\t\t\t\n\t\t\t\t\t\t\t\t<!-- contacts -->\n\n\t\t\t\t\t\t\t\t\t\t\t\t\t\t\t\t\t                <div class=\"card card-contacts-form\">\n                    <div class=\"card-media\">\n                        <img decoding=\"async\" title=\"BeispielBildSchnitt\" alt=\"\" src=\"https:\/\/www.prologistik.com\/wp-content\/uploads\/BeispielBildSchnitt-1.png\" \/>\n                    <\/div>\n                    <div class=\"card-content\">\n                    <span class=\"card-line card-name\"> Helmut Niederer<\/span>                        <span class=\"card-line card-job\">Directeur g\u00e9n\u00e9ral<\/span>                                                                        <span class=\"card-line card-fax\">United States<\/span>                                            <\/div>\n                <\/div>\n\n            \t\t\t\t\t\t\t\t\n\t\t\t\t\t\t\t\t<!-- downloads -->\n\n\t\t\t\t\t\t\t\t\t\n\n\t\t\t\t\t\t\t\t<!-- companies -->\n\n\t\t\t\t\t\t\t\t\t\n\t\t\t\t\t\t\t\t\n\t\t\t\t\t\t\t<\/div>\t\t\t\t\t\t\t\n\t\t\t\t\t\t\t\t\t\t\t\t\t<div class=\"grid-item gb-grid-column\">\n\t\t\t\t\t\t\t\n\t\t\t\t\t\t\t\n\t\t\t\t\t\t\t\n\t\t\t\t\t\t\t\n\t\t\t\t\t\t\t\n\t\t\t\t\t\t\t<!-- pages -->\n\t\t\t\t\t\t\t\n\t\t\t\t\t\t\t\t<!-- posts -->\n\n\t\t\t\t\t\t\t\t\n\t\t\t\t\t\t\t\t<!-- contacts -->\n\n\t\t\t\t\t\t\t\t\t\t\t\t\t\t\t\t\t                <div class=\"card card-contacts-form\">\n                    <div class=\"card-media\">\n                        <img decoding=\"async\" title=\"BeispielBildSchnitt\" alt=\"\" src=\"https:\/\/www.prologistik.com\/wp-content\/uploads\/BeispielBildSchnitt-1.png\" \/>\n                    <\/div>\n                    <div class=\"card-content\">\n                    <span class=\"card-line card-name\"> Hector Sanchez<\/span>                        <span class=\"card-line card-job\">Responsable grands comptes solutions mobiles<\/span>                                                                        <span class=\"card-line card-fax\">Mexico<\/span>                                            <\/div>\n                <\/div>\n\n            \t\t\t\t\t\t\t\t\n\t\t\t\t\t\t\t\t<!-- downloads -->\n\n\t\t\t\t\t\t\t\t\t\n\n\t\t\t\t\t\t\t\t<!-- companies -->\n\n\t\t\t\t\t\t\t\t\t\n\t\t\t\t\t\t\t\t\n\t\t\t\t\t\t\t<\/div>\t\t\t\t\t\t\t\n\t\t\t\t\t\t\t\t\t\t\t\t\t<div class=\"grid-item gb-grid-column\">\n\t\t\t\t\t\t\t\n\t\t\t\t\t\t\t\n\t\t\t\t\t\t\t\n\t\t\t\t\t\t\t\n\t\t\t\t\t\t\t\n\t\t\t\t\t\t\t<!-- pages -->\n\t\t\t\t\t\t\t\n\t\t\t\t\t\t\t\t<!-- posts -->\n\n\t\t\t\t\t\t\t\t\n\t\t\t\t\t\t\t\t<!-- contacts -->\n\n\t\t\t\t\t\t\t\t\t\t\t\t\t\t\t\t\t                <div class=\"card card-contacts-form\">\n                    <div class=\"card-media\">\n                        <img decoding=\"async\" title=\"IMG_0002\" alt=\"\" src=\"https:\/\/www.prologistik.com\/wp-content\/uploads\/IMG_0002-1024x1011.jpg\" \/>\n                    <\/div>\n                    <div class=\"card-content\">\n                    <span class=\"card-line card-name\"> Martin M\u00fcller<\/span>                        <span class=\"card-line card-job\">Responsable grands comptes mat\u00e9riel<\/span>                                                                        <span class=\"card-line card-fax\">Switzerland<\/span>                                            <\/div>\n                <\/div>\n\n            \t\t\t\t\t\t\t\t\n\t\t\t\t\t\t\t\t<!-- downloads -->\n\n\t\t\t\t\t\t\t\t\t\n\n\t\t\t\t\t\t\t\t<!-- companies -->\n\n\t\t\t\t\t\t\t\t\t\n\t\t\t\t\t\t\t\t\n\t\t\t\t\t\t\t<\/div>\t\t\t\t\t\t\t\n\t\t\t\t\t\t\t\t\t\t\t\t\t<div class=\"grid-item gb-grid-column\">\n\t\t\t\t\t\t\t\n\t\t\t\t\t\t\t\n\t\t\t\t\t\t\t\n\t\t\t\t\t\t\t\n\t\t\t\t\t\t\t\n\t\t\t\t\t\t\t<!-- pages -->\n\t\t\t\t\t\t\t\n\t\t\t\t\t\t\t\t<!-- posts -->\n\n\t\t\t\t\t\t\t\t\n\t\t\t\t\t\t\t\t<!-- contacts -->\n\n\t\t\t\t\t\t\t\t\t\t\t\t\t\t\t\t\t                <div class=\"card card-contacts-form\">\n                    <div class=\"card-media\">\n                        <img decoding=\"async\" title=\"SiTr_Portrait (1)\" alt=\"\" src=\"https:\/\/www.prologistik.com\/wp-content\/uploads\/SiTr_Portrait-1-1.png\" \/>\n                    <\/div>\n                    <div class=\"card-content\">\n                    <span class=\"card-line card-name\"> Silvan Trindler<\/span>                        <span class=\"card-line card-job\">Responsable grands comptes mat\u00e9riel<\/span>                                                                        <span class=\"card-line card-fax\">Switzerland<\/span>                                            <\/div>\n                <\/div>\n\n            \t\t\t\t\t\t\t\t\n\t\t\t\t\t\t\t\t<!-- downloads -->\n\n\t\t\t\t\t\t\t\t\t\n\n\t\t\t\t\t\t\t\t<!-- companies -->\n\n\t\t\t\t\t\t\t\t\t\n\t\t\t\t\t\t\t\t\n\t\t\t\t\t\t\t<\/div>\t\t\t\t\t\t\t\n\t\t\t\t\t\t\t\t\t\t\t\t\t<div class=\"grid-item gb-grid-column\">\n\t\t\t\t\t\t\t\n\t\t\t\t\t\t\t\n\t\t\t\t\t\t\t\n\t\t\t\t\t\t\t\n\t\t\t\t\t\t\t\n\t\t\t\t\t\t\t<!-- pages -->\n\t\t\t\t\t\t\t\n\t\t\t\t\t\t\t\t<!-- posts -->\n\n\t\t\t\t\t\t\t\t\n\t\t\t\t\t\t\t\t<!-- contacts -->\n\n\t\t\t\t\t\t\t\t\t\t\t\t\t\t\t\t\t                <div class=\"card card-contacts-form\">\n                    <div class=\"card-media\">\n                        <img decoding=\"async\" title=\"prologistik-ansprechpartner-grunzel\" alt=\"\" src=\"https:\/\/www.prologistik.com\/wp-content\/uploads\/prologistik-ansprechpartner-grunzel-e1692009919191.jpg\" \/>\n                    <\/div>\n                    <div class=\"card-content\">\n                    <span class=\"card-line card-name\"> Rainer Grunzel<\/span>                        <span class=\"card-line card-job\">Senior Sales Manager Hardware<\/span>                                                                        <span class=\"card-line card-fax\"> Germany, PLZ: 4, 5, 6, 7 + 8 <\/span>                                            <\/div>\n                <\/div>\n\n            \t\t\t\t\t\t\t\t\n\t\t\t\t\t\t\t\t<!-- downloads -->\n\n\t\t\t\t\t\t\t\t\t\n\n\t\t\t\t\t\t\t\t<!-- companies -->\n\n\t\t\t\t\t\t\t\t\t\n\t\t\t\t\t\t\t\t\n\t\t\t\t\t\t\t<\/div>\t\t\t\t\t\t\t\n\t\t\t\t\t\t\t\t\t\t\t\t\t<div class=\"grid-item gb-grid-column\">\n\t\t\t\t\t\t\t\n\t\t\t\t\t\t\t\n\t\t\t\t\t\t\t\n\t\t\t\t\t\t\t\n\t\t\t\t\t\t\t\n\t\t\t\t\t\t\t<!-- pages -->\n\t\t\t\t\t\t\t\n\t\t\t\t\t\t\t\t<!-- posts -->\n\n\t\t\t\t\t\t\t\t\n\t\t\t\t\t\t\t\t<!-- contacts -->\n\n\t\t\t\t\t\t\t\t\t\t\t\t\t\t\t\t\t                <div class=\"card card-contacts-form\">\n                    <div class=\"card-media\">\n                        <img decoding=\"async\" title=\"golombek_xing_1024x1024\" alt=\"\" src=\"https:\/\/www.prologistik.com\/wp-content\/uploads\/golombek_xing_1024x1024.jpg\" \/>\n                    <\/div>\n                    <div class=\"card-content\">\n                    <span class=\"card-line card-name\"> Andreas Golombek<\/span>                        <span class=\"card-line card-job\">Responsable des ventes de mat\u00e9riel informatique \/ Salesmanager<\/span>                                                                        <span class=\"card-line card-fax\">Germany, PLZ:  0, 1, 2, 3 + 9<\/span>                                            <\/div>\n                <\/div>\n\n            \t\t\t\t\t\t\t\t\n\t\t\t\t\t\t\t\t<!-- downloads -->\n\n\t\t\t\t\t\t\t\t\t\n\n\t\t\t\t\t\t\t\t<!-- companies -->\n\n\t\t\t\t\t\t\t\t\t\n\t\t\t\t\t\t\t\t\n\t\t\t\t\t\t\t<\/div>\t\t\t\t\t\t\t\n\t\t\t\t\t\t\t\t\t\t\t<\/div>\n\t\t\t\t<\/div>\n\t\t\t\t \n\n            <\/div>\n        \n            \n\t\t\t<!-- else -->\n\n\t\t\t        \n            <!-- end:grid -->\n        \n            \n<\/div><\/div>\n<\/div>\n<\/div>\n<\/section>","protected":false},"excerpt":{"rendered":"","protected":false},"author":1,"featured_media":0,"parent":29575,"menu_order":3,"comment_status":"closed","ping_status":"closed","template":"","meta":{"_acf_changed":false,"footnotes":""},"class_list":["post-29567","page","type-page","status-publish"],"acf":[],"yoast_head":"<!-- This site is optimized with the Yoast SEO Premium plugin v26.9 (Yoast SEO v27.5) - https:\/\/yoast.com\/product\/yoast-seo-premium-wordpress\/ -->\n<title>PC industriels et appareils de test de panneaux de proLogistik<\/title>\n<meta name=\"description\" content=\"Vous \u00eates int\u00e9ress\u00e9 par nos PC industriels, mais vous n&#039;\u00eates pas s\u00fbr que le produit soit le bon choix ? \u2714\ufe0f Demandez maintenant !\" \/>\n<meta name=\"robots\" content=\"index, follow, max-snippet:-1, max-image-preview:large, max-video-preview:-1\" \/>\n<link rel=\"canonical\" href=\"https:\/\/www.prologistik.com\/fr\/materiel-informatique\/pc-industriels\/appareils-de-test\/\" \/>\n<meta property=\"og:locale\" content=\"fr_FR\" \/>\n<meta property=\"og:type\" content=\"article\" \/>\n<meta property=\"og:title\" content=\"Appareils de test\" \/>\n<meta property=\"og:description\" content=\"Vous \u00eates int\u00e9ress\u00e9 par nos PC industriels, mais vous n&#039;\u00eates pas s\u00fbr que le produit soit le bon choix ? \u2714\ufe0f Demandez maintenant !\" \/>\n<meta property=\"og:url\" content=\"https:\/\/www.prologistik.com\/fr\/materiel-informatique\/pc-industriels\/appareils-de-test\/\" \/>\n<meta property=\"og:site_name\" content=\"proLogistik Group\" \/>\n<meta property=\"article:modified_time\" content=\"2025-11-24T09:52:21+00:00\" \/>\n<meta property=\"og:image\" content=\"https:\/\/www.prologistik.com\/wp-content\/uploads\/prologistik-content-kostenlose-testgeraete.jpg\" \/>\n<meta name=\"twitter:card\" content=\"summary_large_image\" \/>\n<script type=\"application\/ld+json\" class=\"yoast-schema-graph\">{\"@context\":\"https:\\\/\\\/schema.org\",\"@graph\":[{\"@type\":\"WebPage\",\"@id\":\"https:\\\/\\\/www.prologistik.com\\\/fr\\\/materiel-informatique\\\/pc-industriels\\\/appareils-de-test\\\/\",\"url\":\"https:\\\/\\\/www.prologistik.com\\\/fr\\\/materiel-informatique\\\/pc-industriels\\\/appareils-de-test\\\/\",\"name\":\"PC industriels et appareils de test de panneaux de proLogistik\",\"isPartOf\":{\"@id\":\"https:\\\/\\\/www.prologistik.com\\\/fr\\\/#website\"},\"primaryImageOfPage\":{\"@id\":\"https:\\\/\\\/www.prologistik.com\\\/fr\\\/materiel-informatique\\\/pc-industriels\\\/appareils-de-test\\\/#primaryimage\"},\"image\":{\"@id\":\"https:\\\/\\\/www.prologistik.com\\\/fr\\\/materiel-informatique\\\/pc-industriels\\\/appareils-de-test\\\/#primaryimage\"},\"thumbnailUrl\":\"https:\\\/\\\/www.prologistik.com\\\/wp-content\\\/uploads\\\/prologistik-content-kostenlose-testgeraete.jpg\",\"datePublished\":\"2023-02-28T15:41:48+00:00\",\"dateModified\":\"2025-11-24T09:52:21+00:00\",\"description\":\"Vous \u00eates int\u00e9ress\u00e9 par nos PC industriels, mais vous n'\u00eates pas s\u00fbr que le produit soit le bon choix ? \u2714\ufe0f Demandez maintenant !\",\"breadcrumb\":{\"@id\":\"https:\\\/\\\/www.prologistik.com\\\/fr\\\/materiel-informatique\\\/pc-industriels\\\/appareils-de-test\\\/#breadcrumb\"},\"inLanguage\":\"fr-FR\",\"potentialAction\":[{\"@type\":\"ReadAction\",\"target\":[\"https:\\\/\\\/www.prologistik.com\\\/fr\\\/materiel-informatique\\\/pc-industriels\\\/appareils-de-test\\\/\"]}]},{\"@type\":\"ImageObject\",\"inLanguage\":\"fr-FR\",\"@id\":\"https:\\\/\\\/www.prologistik.com\\\/fr\\\/materiel-informatique\\\/pc-industriels\\\/appareils-de-test\\\/#primaryimage\",\"url\":\"https:\\\/\\\/www.prologistik.com\\\/wp-content\\\/uploads\\\/prologistik-content-kostenlose-testgeraete.jpg\",\"contentUrl\":\"https:\\\/\\\/www.prologistik.com\\\/wp-content\\\/uploads\\\/prologistik-content-kostenlose-testgeraete.jpg\"},{\"@type\":\"BreadcrumbList\",\"@id\":\"https:\\\/\\\/www.prologistik.com\\\/fr\\\/materiel-informatique\\\/pc-industriels\\\/appareils-de-test\\\/#breadcrumb\",\"itemListElement\":[{\"@type\":\"ListItem\",\"position\":1,\"name\":\"Startseite\",\"item\":\"https:\\\/\\\/www.prologistik.com\\\/fr\\\/\"},{\"@type\":\"ListItem\",\"position\":2,\"name\":\"Hardware\",\"item\":\"https:\\\/\\\/www.prologistik.com\\\/fr\\\/materiel-informatique\\\/\"},{\"@type\":\"ListItem\",\"position\":3,\"name\":\"Ordinateurs industriels\",\"item\":\"https:\\\/\\\/www.prologistik.com\\\/fr\\\/materiel-informatique\\\/pc-industriels\\\/\"},{\"@type\":\"ListItem\",\"position\":4,\"name\":\"Appareils de test\"}]},{\"@type\":\"WebSite\",\"@id\":\"https:\\\/\\\/www.prologistik.com\\\/fr\\\/#website\",\"url\":\"https:\\\/\\\/www.prologistik.com\\\/fr\\\/\",\"name\":\"proLogistik Group\",\"description\":\"Software und Hardware f\u00fcr die Intralogistik\",\"publisher\":{\"@id\":\"https:\\\/\\\/www.prologistik.com\\\/fr\\\/#organization\"},\"potentialAction\":[{\"@type\":\"SearchAction\",\"target\":{\"@type\":\"EntryPoint\",\"urlTemplate\":\"https:\\\/\\\/www.prologistik.com\\\/fr\\\/?s={search_term_string}\"},\"query-input\":{\"@type\":\"PropertyValueSpecification\",\"valueRequired\":true,\"valueName\":\"search_term_string\"}}],\"inLanguage\":\"fr-FR\"},{\"@type\":\"Organization\",\"@id\":\"https:\\\/\\\/www.prologistik.com\\\/fr\\\/#organization\",\"name\":\"proLogistik Group\",\"url\":\"https:\\\/\\\/www.prologistik.com\\\/fr\\\/\",\"logo\":{\"@type\":\"ImageObject\",\"inLanguage\":\"fr-FR\",\"@id\":\"https:\\\/\\\/www.prologistik.com\\\/fr\\\/#\\\/schema\\\/logo\\\/image\\\/\",\"url\":\"https:\\\/\\\/www.prologistik.com\\\/wp-content\\\/uploads\\\/prologistik-logo-web.svg\",\"contentUrl\":\"https:\\\/\\\/www.prologistik.com\\\/wp-content\\\/uploads\\\/prologistik-logo-web.svg\",\"width\":320,\"height\":59,\"caption\":\"proLogistik Group\"},\"image\":{\"@id\":\"https:\\\/\\\/www.prologistik.com\\\/fr\\\/#\\\/schema\\\/logo\\\/image\\\/\"}}]}<\/script>\n<!-- \/ Yoast SEO Premium plugin. -->","yoast_head_json":{"title":"PC industriels et appareils de test de panneaux de proLogistik","description":"Vous \u00eates int\u00e9ress\u00e9 par nos PC industriels, mais vous n'\u00eates pas s\u00fbr que le produit soit le bon choix ? \u2714\ufe0f Demandez maintenant !","robots":{"index":"index","follow":"follow","max-snippet":"max-snippet:-1","max-image-preview":"max-image-preview:large","max-video-preview":"max-video-preview:-1"},"canonical":"https:\/\/www.prologistik.com\/fr\/materiel-informatique\/pc-industriels\/appareils-de-test\/","og_locale":"fr_FR","og_type":"article","og_title":"Appareils de test","og_description":"Vous \u00eates int\u00e9ress\u00e9 par nos PC industriels, mais vous n'\u00eates pas s\u00fbr que le produit soit le bon choix ? \u2714\ufe0f Demandez maintenant !","og_url":"https:\/\/www.prologistik.com\/fr\/materiel-informatique\/pc-industriels\/appareils-de-test\/","og_site_name":"proLogistik Group","article_modified_time":"2025-11-24T09:52:21+00:00","og_image":[{"url":"https:\/\/www.prologistik.com\/wp-content\/uploads\/prologistik-content-kostenlose-testgeraete.jpg","type":"","width":"","height":""}],"twitter_card":"summary_large_image","schema":{"@context":"https:\/\/schema.org","@graph":[{"@type":"WebPage","@id":"https:\/\/www.prologistik.com\/fr\/materiel-informatique\/pc-industriels\/appareils-de-test\/","url":"https:\/\/www.prologistik.com\/fr\/materiel-informatique\/pc-industriels\/appareils-de-test\/","name":"PC industriels et appareils de test de panneaux de proLogistik","isPartOf":{"@id":"https:\/\/www.prologistik.com\/fr\/#website"},"primaryImageOfPage":{"@id":"https:\/\/www.prologistik.com\/fr\/materiel-informatique\/pc-industriels\/appareils-de-test\/#primaryimage"},"image":{"@id":"https:\/\/www.prologistik.com\/fr\/materiel-informatique\/pc-industriels\/appareils-de-test\/#primaryimage"},"thumbnailUrl":"https:\/\/www.prologistik.com\/wp-content\/uploads\/prologistik-content-kostenlose-testgeraete.jpg","datePublished":"2023-02-28T15:41:48+00:00","dateModified":"2025-11-24T09:52:21+00:00","description":"Vous \u00eates int\u00e9ress\u00e9 par nos PC industriels, mais vous n'\u00eates pas s\u00fbr que le produit soit le bon choix ? \u2714\ufe0f Demandez maintenant !","breadcrumb":{"@id":"https:\/\/www.prologistik.com\/fr\/materiel-informatique\/pc-industriels\/appareils-de-test\/#breadcrumb"},"inLanguage":"fr-FR","potentialAction":[{"@type":"ReadAction","target":["https:\/\/www.prologistik.com\/fr\/materiel-informatique\/pc-industriels\/appareils-de-test\/"]}]},{"@type":"ImageObject","inLanguage":"fr-FR","@id":"https:\/\/www.prologistik.com\/fr\/materiel-informatique\/pc-industriels\/appareils-de-test\/#primaryimage","url":"https:\/\/www.prologistik.com\/wp-content\/uploads\/prologistik-content-kostenlose-testgeraete.jpg","contentUrl":"https:\/\/www.prologistik.com\/wp-content\/uploads\/prologistik-content-kostenlose-testgeraete.jpg"},{"@type":"BreadcrumbList","@id":"https:\/\/www.prologistik.com\/fr\/materiel-informatique\/pc-industriels\/appareils-de-test\/#breadcrumb","itemListElement":[{"@type":"ListItem","position":1,"name":"Startseite","item":"https:\/\/www.prologistik.com\/fr\/"},{"@type":"ListItem","position":2,"name":"Hardware","item":"https:\/\/www.prologistik.com\/fr\/materiel-informatique\/"},{"@type":"ListItem","position":3,"name":"Ordinateurs industriels","item":"https:\/\/www.prologistik.com\/fr\/materiel-informatique\/pc-industriels\/"},{"@type":"ListItem","position":4,"name":"Appareils de test"}]},{"@type":"WebSite","@id":"https:\/\/www.prologistik.com\/fr\/#website","url":"https:\/\/www.prologistik.com\/fr\/","name":"proLogistik Group","description":"Software und Hardware f\u00fcr die Intralogistik","publisher":{"@id":"https:\/\/www.prologistik.com\/fr\/#organization"},"potentialAction":[{"@type":"SearchAction","target":{"@type":"EntryPoint","urlTemplate":"https:\/\/www.prologistik.com\/fr\/?s={search_term_string}"},"query-input":{"@type":"PropertyValueSpecification","valueRequired":true,"valueName":"search_term_string"}}],"inLanguage":"fr-FR"},{"@type":"Organization","@id":"https:\/\/www.prologistik.com\/fr\/#organization","name":"proLogistik Group","url":"https:\/\/www.prologistik.com\/fr\/","logo":{"@type":"ImageObject","inLanguage":"fr-FR","@id":"https:\/\/www.prologistik.com\/fr\/#\/schema\/logo\/image\/","url":"https:\/\/www.prologistik.com\/wp-content\/uploads\/prologistik-logo-web.svg","contentUrl":"https:\/\/www.prologistik.com\/wp-content\/uploads\/prologistik-logo-web.svg","width":320,"height":59,"caption":"proLogistik Group"},"image":{"@id":"https:\/\/www.prologistik.com\/fr\/#\/schema\/logo\/image\/"}}]}},"_links":{"self":[{"href":"https:\/\/www.prologistik.com\/fr\/wp-json\/wp\/v2\/pages\/29567","targetHints":{"allow":["GET"]}}],"collection":[{"href":"https:\/\/www.prologistik.com\/fr\/wp-json\/wp\/v2\/pages"}],"about":[{"href":"https:\/\/www.prologistik.com\/fr\/wp-json\/wp\/v2\/types\/page"}],"author":[{"embeddable":true,"href":"https:\/\/www.prologistik.com\/fr\/wp-json\/wp\/v2\/users\/1"}],"replies":[{"embeddable":true,"href":"https:\/\/www.prologistik.com\/fr\/wp-json\/wp\/v2\/comments?post=29567"}],"version-history":[{"count":7,"href":"https:\/\/www.prologistik.com\/fr\/wp-json\/wp\/v2\/pages\/29567\/revisions"}],"predecessor-version":[{"id":55235,"href":"https:\/\/www.prologistik.com\/fr\/wp-json\/wp\/v2\/pages\/29567\/revisions\/55235"}],"up":[{"embeddable":true,"href":"https:\/\/www.prologistik.com\/fr\/wp-json\/wp\/v2\/pages\/29575"}],"wp:attachment":[{"href":"https:\/\/www.prologistik.com\/fr\/wp-json\/wp\/v2\/media?parent=29567"}],"curies":[{"name":"wp","href":"https:\/\/api.w.org\/{rel}","templated":true}]}}