{"id":29528,"date":"2023-02-28T16:41:49","date_gmt":"2023-02-28T15:41:49","guid":{"rendered":"https:\/\/prologistik.pixel-tal.de\/labeling-etiquettes\/etiquettes-magnetiques"},"modified":"2025-11-21T15:10:05","modified_gmt":"2025-11-21T14:10:05","slug":"etiquettes-magnetiques","status":"publish","type":"page","link":"https:\/\/www.prologistik.com\/fr\/materiel-informatique\/labeling-etiquettes\/etiquettes-magnetiques\/","title":{"rendered":"\u00c9tiquettes magn\u00e9tiques"},"content":{"rendered":"        \n            <!-- pagehead -->\n        \n                    \n\t\t\t<div id=\"pagehead-block_f77bf642a104d741448b2d75208ee0c6\" class=\"pagehead size-small\">\n\t\t\t\t\t\t\t<div class=\"pagehead-canvas\">\n\t\t\t\t<div class=\"pagehead-content has-bg-color bg-color-green\">\n\t\t\t\t\t<div class=\"pagehead-content-inner\">\n\t\t\t\t\t\t<div class=\"pagehead-icon icon-color-white\" data-aos=\"fade-up\" data-aos-delay=\"0\" style=\"mask-image: url(https:\/\/www.prologistik.com\/wp-content\/uploads\/icon-industry-small.svg); -webkit-mask-image: url(https:\/\/www.prologistik.com\/wp-content\/uploads\/icon-industry-small.svg);\"><\/div>\t\t\t\t\t\t<span class=\"pagehead-subheadline\"  data-aos=\"fade-up\" data-aos-delay=\"50\">\u00c9tiquettes PLG<\/span>\t\t\t\t\t\t<h1 class=\"pagehead-headline\" data-aos=\"fade-up\" data-aos-delay=\"100\">\u00c9tiquettes magn\u00e9tiques<\/h1>\t\t\t\t\t\t\t\t\t\t\t<\/div>\n\t\t\t\t<\/div>\n\t\t\t<\/div>\n\t\t\t\n\t\t\t\t<div class=\"pagehead-background\">\n\t\t\t\t<!-- image_id: 44392 | alt: Bannerbild Magnetetiketten -->\t\t\t\t\t\t\t\t\t<img decoding=\"async\" class=\"test\" src=\"https:\/\/www.prologistik.com\/wp-content\/uploads\/pLG_Website_Hardware_Magnetetiketten_1920x840px.jpg\" alt=\"Bannerbild Magnetetiketten\" \/>\n\t\t\t\t\n\t\t\t\t<\/div>\n\t\t\t<\/div>\n        \n                    \n            <!-- end:pagehead -->\n        \n            \n\n<section class=\"gb-container gb-container-97381a90\">\n<div class=\"gb-container gb-container-76c9f99c\">\n<div class=\"gb-grid-wrapper gb-grid-wrapper-3c5d1c2a\">\n<div class=\"gb-grid-column gb-grid-column-c394eff9\"><div class=\"gb-container gb-container-c394eff9\">\n\n<div class=\"wp-block-pixel-headline headlines is-subheadline-top has-text-align-left\"><h2 class=\"headline\" style=\"color:\">Les avantages des \u00e9tiquettes magn\u00e9tiques<\/h2><span class=\"subheadline\" style=\"color:var(--color-blue)\">Forte adh\u00e9rence TOUT EN PROT\u00c9GEANT LE support<\/span><\/div>\n\n\n\n<p>Les \u00e9tiquettes magn\u00e9tiques sont le premier choix si l&#8217;on souhaite changer fr\u00e9quemment les libell\u00e9s. En effet, ces \u00e9tiquettes s&#8217;enl\u00e8vent sans laisser de traces. Il n&#8217;y a plus besoin d&#8217;enlever les marquages viss\u00e9s ou coll\u00e9s, ce qui repr\u00e9sente un travail fastidieux.<\/p>\n\n\n\n<div class=\"wp-block-pixel-headline headlines is-subheadline-bottom has-text-align-left\"><h3 class=\"headline\" style=\"color:\">Une utilisation flexible<\/h3><\/div>\n\n\n\n<p class=\"has-text-align-left\">Les \u00e9tiquettes magn\u00e9tiques adh\u00e8rent de mani\u00e8re durable et peuvent tr\u00e8s bien \u00eatre fix\u00e9es sur des \u00e9tag\u00e8res en acier, par exemple. Gr\u00e2ce \u00e0 leur adh\u00e9rence magn\u00e9tique, elles sont id\u00e9ales pour l&#8217;identification des stocks dans les entrep\u00f4ts frigorifiques ou les chambres froides. Les \u00e9tiquettes permettent \u00e9galement d&#8217;\u00e9tablir de l&#8217;ordre dans chaque entrep\u00f4t, bureau ou service d&#8217;exp\u00e9dition. Si n\u00e9cessaire, les \u00e9tiquettes peuvent \u00eatre retir\u00e9es et r\u00e9utilis\u00e9es \u00e0 d&#8217;autres endroits.<\/p>\n\n\n\n<p>Pour r\u00e9pondre \u00e0 vos besoins, nous vous proposons diff\u00e9rentes \u00e9tiquettes magn\u00e9tiques dans de nombreuses tailles, couleurs et \u00e9paisseurs. N&#8217;h\u00e9sitez pas \u00e0 nous contacter, nous trouverons la solution adapt\u00e9e \u00e0 vos besoins !<\/p>\n\n<\/div><\/div>\n<\/div>\n<\/div>\n<\/section>\n\n<section class=\"gb-container gb-container-e3c025b6 gb-container-no-padding-top\">\n<div class=\"gb-container gb-container-cdfc75df\">\n<div class=\"gb-grid-wrapper gb-grid-wrapper-86319236\">\n<div class=\"gb-grid-column gb-grid-column-0018c00a\"><div class=\"gb-container gb-container-0018c00a\">\n\n<div class=\"wp-block-pixel-headline headlines is-subheadline-top has-text-align-left\"><h2 class=\"headline\" style=\"color:\">Les faits<\/h2><span class=\"subheadline\" style=\"color:var(--color-blue)\">\u00c9tiquettes magn\u00e9tiques<\/span><\/div>\n\n<\/div><\/div>\n\n<div class=\"gb-grid-column gb-grid-column-82c4152b\"><div class=\"gb-container gb-container-82c4152b\">\n<div class=\"gb-grid-wrapper gb-grid-wrapper-b39776b4\">\n<div class=\"gb-grid-column gb-grid-column-598342b5\"><div class=\"gb-container gb-container-598342b5\">\n\n<figure class=\"wp-block-table\"><table><tbody><tr><td><strong>Domaines d&#8217;application<\/strong><\/td><td>Pour tous types de rayonnages courant dans l&#8217;entrep\u00f4t, comme par exemple les rayonnages \u00e0 palettes, les rayonnages dynamiques, les rayonnages \u00e0 tablettes, les entrep\u00f4ts frigorifiques, etc. Ne convient pas \u00e0 une utilisation ext\u00e9rieur (la rouille en suspension se d\u00e9pose).<\/td><\/tr><tr><td><strong>Formats<\/strong><\/td><td>89 x 36 mm<br>170 x 25 mm<br>150 x 55 mm<br>150 x 74 mm<br>60 x 200 mm<br>250 x 100 mm<br>170 x 50 mm<br>180 x 70 mm<br>150 x 55 mm<br>Autres formats sur demande<\/td><\/tr><tr><td><strong>Mat\u00e9riaux<\/strong><\/td><td>1 mm, 1,5 mm, 3 mm (autres \u00e9paisseurs sur demande)<br>Les mat\u00e9riaux d&#8217;\u00e9tiquettes comme le poly\u00e9thyl\u00e8ne, le PVC, le polyester sont mont\u00e9s \/ coll\u00e9s imm\u00e9diatement sur l&#8217;aimant.<\/td><\/tr><\/tbody><\/table><\/figure>\n\n<\/div><\/div>\n\n<div class=\"gb-grid-column gb-grid-column-e4a7cdb0\"><div class=\"gb-container gb-container-e4a7cdb0\">\n\n<figure class=\"wp-block-table\"><table><tbody><tr><td><strong>Couleurs<\/strong><\/td><td>Pour obtenir un contraste suffisant entre l&#8217;arri\u00e8re-plan et les barres, les combinaisons de couleurs suivantes sont possibles : <br>Couleurs d&#8217;arri\u00e8re-plan : Blanc \/ Jaune \/ Orange \/ Vert \/ Bleu clair<\/td><\/tr><tr><td><strong>Fixation<\/strong><\/td><td>Magn\u00e9tique<\/td><\/tr><tr><td><strong>Type d&#8217;impression<\/strong><\/td><td>Impression num\u00e9rique ou par transfert thermique<\/td><\/tr><tr><td><strong>Particularit\u00e9s<\/strong><\/td><td>En cas de nouveau marquage, nettoyer \u00e9ventuellement les surfaces. Les entrep\u00f4ts frigorifiques (jusqu&#8217;\u00e0 -30 \u00b0C) peuvent \u00eatre marqu\u00e9s avec des \u00e9tiquettes magn\u00e9tiques sur un aimant de 1,5 mm d&#8217;\u00e9paisseur.<\/td><\/tr><\/tbody><\/table><\/figure>\n\n<\/div><\/div>\n<\/div>\n<\/div><\/div>\n<\/div>\n<\/div>\n<\/section>\n\n<section class=\"gb-container gb-container-46f72e58\" id=\"Etikettenkatalog\">\n<div class=\"gb-container gb-container-a7151950\">\n<div class=\"gb-grid-wrapper gb-grid-wrapper-dc53e7d7\">\n<div class=\"gb-grid-column gb-grid-column-f4ab6602\"><div class=\"gb-container gb-container-f4ab6602\">\n        \n            <!-- grid -->\n\n\t\t\t        \n                    \n            <div id=\"grid-block_718ddb9b86cef869633d5eab285de4b3\" class=\"grid grid:1 \" >\n\n\t\t\t\t\t\n\t\t\t\t<div class=\"grid-group grid-group-0\">\n\t\t\t\t\t\t\t\t\t\t<div class=\"grid-inner gb-grid-wrapper \">\n\t\t\t\t\t\t\t\t\t\t\t\t\t<div class=\"grid-item gb-grid-column\">\n\t\t\t\t\t\t\t\n\t\t\t\t\t\t\t\n\t\t\t\t\t\t\t\n\t\t\t\t\t\t\t\n\t\t\t\t\t\t\t\n\t\t\t\t\t\t\t<!-- pages -->\n\t\t\t\t\t\t\t\n\t\t\t\t\t\t\t\t<!-- posts -->\n\n\t\t\t\t\t\t\t\t\n\t\t\t\t\t\t\t\t<!-- contacts -->\n\n\t\t\t\t\t\t\t\t\n\t\t\t\t\t\t\t\t<!-- downloads -->\n\n\t\t\t\t\t\t\t\t\t\t\t\t\t\t\t\t\n\t\t\t\t\t\t\t\t\t<div class=\"download-entry layout-two-col\">\n\t\t\t\t\t\t\t\t\t\t\t\t\t\t\t\t\t\t\t\t<div class=\"download-image\">\n\t\t\t\t\t\t\t\t\t\t\t<img loading=\"lazy\" decoding=\"async\" width=\"552\" height=\"388\" src=\"https:\/\/www.prologistik.com\/wp-content\/uploads\/prologistik-mockup-Broschuere_Etiketten_De.png\" class=\"attachment-full size-full wp-post-image\" alt=\"Production logistics\" srcset=\"https:\/\/www.prologistik.com\/wp-content\/uploads\/prologistik-mockup-Broschuere_Etiketten_De.png 552w, https:\/\/www.prologistik.com\/wp-content\/uploads\/prologistik-mockup-Broschuere_Etiketten_De-300x211.png 300w, https:\/\/www.prologistik.com\/wp-content\/uploads\/prologistik-mockup-Broschuere_Etiketten_De-150x105.png 150w\" sizes=\"auto, (max-width: 552px) 100vw, 552px\" \/>\t\t\t\t\t\t\t\t\t\t<\/div>\n\t\t\t\t\t\t\t\t\t\t\t\t\t\t\t\t\t\t\t\t\t\t\t\t\t\t\t\t\t\t\t<div class=\"download-content\">\n\t\t\t\t\t\t\t\t\t\t\t\t\t\t\t\t\t\t\t\t\t\t<div class=\"subheadline\" style=\"color:var(--color-dark-cyan); display:none;\">mehr erfahren<\/div>\n\t\t\t\t\t\t\t\t\t\t\t<div class=\"download-headline\">\n\t\t\t\t\t\t\t\t\t\t\t\tCatalogue d&#8217;\u00e9tiquettes\t\t\t\t\t\t\t\t\t\t\t<\/div>\n\t\t\t\t\t\t\t\t\t\t\t\n\t\t\t\t\t\t\t\t\t\t\t\t\t\t\t\t\t\t\t\t\t\t\t\t\t\t\t\t\t\t\t\t\t<div class=\"download-copytext\">\n\t\t\t\t\t\t\t\t\t\t\t\t<p>Nous vous proposons une grande vari\u00e9t\u00e9 d&#8217;\u00e9tiquettes, car nous nous sommes donn\u00e9 pour mission de toujours trouver la solution qui vous convient. Cela inclut bien entendu des solutions personnalis\u00e9es qui vous permettent d&#8217;\u00e9tiqueter facilement vos produits, m\u00eame dans des circonstances particuli\u00e8res. Informez-vous d\u00e8s maintenant sur les services que nous proposons en consultant notre catalogue d&#8217;\u00e9tiquettes.<\/p>\n\t\t\t\t\t\t \t\t\t\t\t<\/div>\n\t\t\t\t\t\t\t\t\t\t\t\t\t\t\t\t\t\t\t\t\t\t<div class=\"is-layout-flex wp-block-buttons\">\n            <div class=\"wp-block-button is-style-outline\">\n                <a class=\"wp-block-button__link has-color-blue-color has-text-color wp-element-button download-button\" \n                   data-download-file=\"1\" \n                   data-lang=\"fr\">\n                   T\u00e9l\u00e9chargement\n                <\/a>\n            <\/div>\n        <\/div>\t\t\t\t\t\t\t\t\t\t\t\n\t\t\t\t\t\t\t\t\t\t<\/div>\n\t\t\t\t\t\t\t\t\t\t\t\t\t\t\t\t\t\t\t<\/div>\t\t\t\t\t\t\t\t\n\t\t\t\t\t\t\t\t\t\n\n\t\t\t\t\t\t\t\t<!-- companies -->\n\n\t\t\t\t\t\t\t\t\t\n\t\t\t\t\t\t\t\t\n\t\t\t\t\t\t\t<\/div>\t\t\t\t\t\t\t\n\t\t\t\t\t\t\t\t\t\t\t<\/div>\n\t\t\t\t<\/div>\n\t\t\t\t \n\n            <\/div>\n        \n            \n\t\t\t<!-- else -->\n\n\t\t\t        \n            <!-- end:grid -->\n        \n            \n<\/div><\/div>\n<\/div>\n<\/div>\n<\/section>\n\n        \n            <!-- contact-form -->\n        \n                    \n            <!-- end:contact-form -->\n        \n            ","protected":false},"excerpt":{"rendered":"","protected":false},"author":1,"featured_media":0,"parent":29514,"menu_order":4,"comment_status":"closed","ping_status":"closed","template":"","meta":{"_acf_changed":false,"footnotes":""},"class_list":["post-29528","page","type-page","status-publish"],"acf":[],"yoast_head":"<!-- This site is optimized with the Yoast SEO Premium plugin v26.9 (Yoast SEO v27.5) - https:\/\/yoast.com\/product\/yoast-seo-premium-wordpress\/ -->\n<title>Etiquettes magn\u00e9tiques pour une utilisation flexible<\/title>\n<meta name=\"description\" content=\"Pour des inscriptions qui changent souvent \u2714\ufe0f Types de rayonnages courants dans les entrep\u00f4ts, comme par exemple les rayonnages \u00e0 palettes, les rayonnages dynamiques, les rayonnages \u00e0 tablettes, les entrep\u00f4ts frigorifiques \u2714\ufe0f Ne convient pas pour une utilisation en ext\u00e9rieur \u2714\ufe0f\" \/>\n<meta name=\"robots\" content=\"index, follow, max-snippet:-1, max-image-preview:large, max-video-preview:-1\" \/>\n<link rel=\"canonical\" href=\"https:\/\/www.prologistik.com\/fr\/materiel-informatique\/labeling-etiquettes\/etiquettes-magnetiques\/\" \/>\n<meta property=\"og:locale\" content=\"fr_FR\" \/>\n<meta property=\"og:type\" content=\"article\" \/>\n<meta property=\"og:title\" content=\"\u00c9tiquettes magn\u00e9tiques\" \/>\n<meta property=\"og:description\" content=\"Pour des inscriptions qui changent souvent \u2714\ufe0f Types de rayonnages courants dans les entrep\u00f4ts, comme par exemple les rayonnages \u00e0 palettes, les rayonnages dynamiques, les rayonnages \u00e0 tablettes, les entrep\u00f4ts frigorifiques \u2714\ufe0f Ne convient pas pour une utilisation en ext\u00e9rieur \u2714\ufe0f\" \/>\n<meta property=\"og:url\" content=\"https:\/\/www.prologistik.com\/fr\/materiel-informatique\/labeling-etiquettes\/etiquettes-magnetiques\/\" \/>\n<meta property=\"og:site_name\" content=\"proLogistik Group\" \/>\n<meta property=\"article:modified_time\" content=\"2025-11-21T14:10:05+00:00\" \/>\n<meta name=\"twitter:card\" content=\"summary_large_image\" \/>\n<meta name=\"twitter:label1\" content=\"Dur\u00e9e de lecture estim\u00e9e\" \/>\n\t<meta name=\"twitter:data1\" content=\"2 minutes\" \/>\n<script type=\"application\/ld+json\" class=\"yoast-schema-graph\">{\"@context\":\"https:\\\/\\\/schema.org\",\"@graph\":[{\"@type\":\"WebPage\",\"@id\":\"https:\\\/\\\/www.prologistik.com\\\/fr\\\/materiel-informatique\\\/labeling-etiquettes\\\/etiquettes-magnetiques\\\/\",\"url\":\"https:\\\/\\\/www.prologistik.com\\\/fr\\\/materiel-informatique\\\/labeling-etiquettes\\\/etiquettes-magnetiques\\\/\",\"name\":\"Etiquettes magn\u00e9tiques pour une utilisation flexible\",\"isPartOf\":{\"@id\":\"https:\\\/\\\/www.prologistik.com\\\/fr\\\/#website\"},\"datePublished\":\"2023-02-28T15:41:49+00:00\",\"dateModified\":\"2025-11-21T14:10:05+00:00\",\"description\":\"Pour des inscriptions qui changent souvent \u2714\ufe0f Types de rayonnages courants dans les entrep\u00f4ts, comme par exemple les rayonnages \u00e0 palettes, les rayonnages dynamiques, les rayonnages \u00e0 tablettes, les entrep\u00f4ts frigorifiques \u2714\ufe0f Ne convient pas pour une utilisation en ext\u00e9rieur \u2714\ufe0f\",\"breadcrumb\":{\"@id\":\"https:\\\/\\\/www.prologistik.com\\\/fr\\\/materiel-informatique\\\/labeling-etiquettes\\\/etiquettes-magnetiques\\\/#breadcrumb\"},\"inLanguage\":\"fr-FR\",\"potentialAction\":[{\"@type\":\"ReadAction\",\"target\":[\"https:\\\/\\\/www.prologistik.com\\\/fr\\\/materiel-informatique\\\/labeling-etiquettes\\\/etiquettes-magnetiques\\\/\"]}]},{\"@type\":\"BreadcrumbList\",\"@id\":\"https:\\\/\\\/www.prologistik.com\\\/fr\\\/materiel-informatique\\\/labeling-etiquettes\\\/etiquettes-magnetiques\\\/#breadcrumb\",\"itemListElement\":[{\"@type\":\"ListItem\",\"position\":1,\"name\":\"Startseite\",\"item\":\"https:\\\/\\\/www.prologistik.com\\\/fr\\\/\"},{\"@type\":\"ListItem\",\"position\":2,\"name\":\"Hardware\",\"item\":\"https:\\\/\\\/www.prologistik.com\\\/fr\\\/materiel-informatique\\\/\"},{\"@type\":\"ListItem\",\"position\":3,\"name\":\"Labeling \\\/ \u00c9tiquettes\",\"item\":\"https:\\\/\\\/www.prologistik.com\\\/fr\\\/materiel-informatique\\\/labeling-etiquettes\\\/\"},{\"@type\":\"ListItem\",\"position\":4,\"name\":\"\u00c9tiquettes magn\u00e9tiques\"}]},{\"@type\":\"WebSite\",\"@id\":\"https:\\\/\\\/www.prologistik.com\\\/fr\\\/#website\",\"url\":\"https:\\\/\\\/www.prologistik.com\\\/fr\\\/\",\"name\":\"proLogistik Group\",\"description\":\"Software und Hardware f\u00fcr die Intralogistik\",\"publisher\":{\"@id\":\"https:\\\/\\\/www.prologistik.com\\\/fr\\\/#organization\"},\"potentialAction\":[{\"@type\":\"SearchAction\",\"target\":{\"@type\":\"EntryPoint\",\"urlTemplate\":\"https:\\\/\\\/www.prologistik.com\\\/fr\\\/?s={search_term_string}\"},\"query-input\":{\"@type\":\"PropertyValueSpecification\",\"valueRequired\":true,\"valueName\":\"search_term_string\"}}],\"inLanguage\":\"fr-FR\"},{\"@type\":\"Organization\",\"@id\":\"https:\\\/\\\/www.prologistik.com\\\/fr\\\/#organization\",\"name\":\"proLogistik Group\",\"url\":\"https:\\\/\\\/www.prologistik.com\\\/fr\\\/\",\"logo\":{\"@type\":\"ImageObject\",\"inLanguage\":\"fr-FR\",\"@id\":\"https:\\\/\\\/www.prologistik.com\\\/fr\\\/#\\\/schema\\\/logo\\\/image\\\/\",\"url\":\"https:\\\/\\\/www.prologistik.com\\\/wp-content\\\/uploads\\\/prologistik-logo-web.svg\",\"contentUrl\":\"https:\\\/\\\/www.prologistik.com\\\/wp-content\\\/uploads\\\/prologistik-logo-web.svg\",\"width\":320,\"height\":59,\"caption\":\"proLogistik Group\"},\"image\":{\"@id\":\"https:\\\/\\\/www.prologistik.com\\\/fr\\\/#\\\/schema\\\/logo\\\/image\\\/\"}}]}<\/script>\n<!-- \/ Yoast SEO Premium plugin. -->","yoast_head_json":{"title":"Etiquettes magn\u00e9tiques pour une utilisation flexible","description":"Pour des inscriptions qui changent souvent \u2714\ufe0f Types de rayonnages courants dans les entrep\u00f4ts, comme par exemple les rayonnages \u00e0 palettes, les rayonnages dynamiques, les rayonnages \u00e0 tablettes, les entrep\u00f4ts frigorifiques \u2714\ufe0f Ne convient pas pour une utilisation en ext\u00e9rieur \u2714\ufe0f","robots":{"index":"index","follow":"follow","max-snippet":"max-snippet:-1","max-image-preview":"max-image-preview:large","max-video-preview":"max-video-preview:-1"},"canonical":"https:\/\/www.prologistik.com\/fr\/materiel-informatique\/labeling-etiquettes\/etiquettes-magnetiques\/","og_locale":"fr_FR","og_type":"article","og_title":"\u00c9tiquettes magn\u00e9tiques","og_description":"Pour des inscriptions qui changent souvent \u2714\ufe0f Types de rayonnages courants dans les entrep\u00f4ts, comme par exemple les rayonnages \u00e0 palettes, les rayonnages dynamiques, les rayonnages \u00e0 tablettes, les entrep\u00f4ts frigorifiques \u2714\ufe0f Ne convient pas pour une utilisation en ext\u00e9rieur \u2714\ufe0f","og_url":"https:\/\/www.prologistik.com\/fr\/materiel-informatique\/labeling-etiquettes\/etiquettes-magnetiques\/","og_site_name":"proLogistik Group","article_modified_time":"2025-11-21T14:10:05+00:00","twitter_card":"summary_large_image","twitter_misc":{"Dur\u00e9e de lecture estim\u00e9e":"2 minutes"},"schema":{"@context":"https:\/\/schema.org","@graph":[{"@type":"WebPage","@id":"https:\/\/www.prologistik.com\/fr\/materiel-informatique\/labeling-etiquettes\/etiquettes-magnetiques\/","url":"https:\/\/www.prologistik.com\/fr\/materiel-informatique\/labeling-etiquettes\/etiquettes-magnetiques\/","name":"Etiquettes magn\u00e9tiques pour une utilisation flexible","isPartOf":{"@id":"https:\/\/www.prologistik.com\/fr\/#website"},"datePublished":"2023-02-28T15:41:49+00:00","dateModified":"2025-11-21T14:10:05+00:00","description":"Pour des inscriptions qui changent souvent \u2714\ufe0f Types de rayonnages courants dans les entrep\u00f4ts, comme par exemple les rayonnages \u00e0 palettes, les rayonnages dynamiques, les rayonnages \u00e0 tablettes, les entrep\u00f4ts frigorifiques \u2714\ufe0f Ne convient pas pour une utilisation en ext\u00e9rieur \u2714\ufe0f","breadcrumb":{"@id":"https:\/\/www.prologistik.com\/fr\/materiel-informatique\/labeling-etiquettes\/etiquettes-magnetiques\/#breadcrumb"},"inLanguage":"fr-FR","potentialAction":[{"@type":"ReadAction","target":["https:\/\/www.prologistik.com\/fr\/materiel-informatique\/labeling-etiquettes\/etiquettes-magnetiques\/"]}]},{"@type":"BreadcrumbList","@id":"https:\/\/www.prologistik.com\/fr\/materiel-informatique\/labeling-etiquettes\/etiquettes-magnetiques\/#breadcrumb","itemListElement":[{"@type":"ListItem","position":1,"name":"Startseite","item":"https:\/\/www.prologistik.com\/fr\/"},{"@type":"ListItem","position":2,"name":"Hardware","item":"https:\/\/www.prologistik.com\/fr\/materiel-informatique\/"},{"@type":"ListItem","position":3,"name":"Labeling \/ \u00c9tiquettes","item":"https:\/\/www.prologistik.com\/fr\/materiel-informatique\/labeling-etiquettes\/"},{"@type":"ListItem","position":4,"name":"\u00c9tiquettes magn\u00e9tiques"}]},{"@type":"WebSite","@id":"https:\/\/www.prologistik.com\/fr\/#website","url":"https:\/\/www.prologistik.com\/fr\/","name":"proLogistik Group","description":"Software und Hardware f\u00fcr die Intralogistik","publisher":{"@id":"https:\/\/www.prologistik.com\/fr\/#organization"},"potentialAction":[{"@type":"SearchAction","target":{"@type":"EntryPoint","urlTemplate":"https:\/\/www.prologistik.com\/fr\/?s={search_term_string}"},"query-input":{"@type":"PropertyValueSpecification","valueRequired":true,"valueName":"search_term_string"}}],"inLanguage":"fr-FR"},{"@type":"Organization","@id":"https:\/\/www.prologistik.com\/fr\/#organization","name":"proLogistik Group","url":"https:\/\/www.prologistik.com\/fr\/","logo":{"@type":"ImageObject","inLanguage":"fr-FR","@id":"https:\/\/www.prologistik.com\/fr\/#\/schema\/logo\/image\/","url":"https:\/\/www.prologistik.com\/wp-content\/uploads\/prologistik-logo-web.svg","contentUrl":"https:\/\/www.prologistik.com\/wp-content\/uploads\/prologistik-logo-web.svg","width":320,"height":59,"caption":"proLogistik Group"},"image":{"@id":"https:\/\/www.prologistik.com\/fr\/#\/schema\/logo\/image\/"}}]}},"_links":{"self":[{"href":"https:\/\/www.prologistik.com\/fr\/wp-json\/wp\/v2\/pages\/29528","targetHints":{"allow":["GET"]}}],"collection":[{"href":"https:\/\/www.prologistik.com\/fr\/wp-json\/wp\/v2\/pages"}],"about":[{"href":"https:\/\/www.prologistik.com\/fr\/wp-json\/wp\/v2\/types\/page"}],"author":[{"embeddable":true,"href":"https:\/\/www.prologistik.com\/fr\/wp-json\/wp\/v2\/users\/1"}],"replies":[{"embeddable":true,"href":"https:\/\/www.prologistik.com\/fr\/wp-json\/wp\/v2\/comments?post=29528"}],"version-history":[{"count":5,"href":"https:\/\/www.prologistik.com\/fr\/wp-json\/wp\/v2\/pages\/29528\/revisions"}],"predecessor-version":[{"id":55171,"href":"https:\/\/www.prologistik.com\/fr\/wp-json\/wp\/v2\/pages\/29528\/revisions\/55171"}],"up":[{"embeddable":true,"href":"https:\/\/www.prologistik.com\/fr\/wp-json\/wp\/v2\/pages\/29514"}],"wp:attachment":[{"href":"https:\/\/www.prologistik.com\/fr\/wp-json\/wp\/v2\/media?parent=29528"}],"curies":[{"name":"wp","href":"https:\/\/api.w.org\/{rel}","templated":true}]}}