{"id":43089,"date":"2024-11-19T13:42:25","date_gmt":"2024-11-19T12:42:25","guid":{"rendered":"https:\/\/www.prologistik.com\/?page_id=43089"},"modified":"2025-01-17T14:56:47","modified_gmt":"2025-01-17T13:56:47","slug":"thanks-for-your-download-request-2","status":"publish","type":"page","link":"https:\/\/www.prologistik.com\/en\/thanks-for-your-download-request-2\/","title":{"rendered":"Thank you for your download"},"content":{"rendered":"        \n            <!-- pagehead -->\n        \n                    \n\t\t\t<div id=\"pagehead-block_f3db268900a7c7a917dcf66ae2170134\" class=\"pagehead size-small\">\n\t\t\t\t\t\t\t<div class=\"pagehead-canvas\">\n\t\t\t\t<div class=\"pagehead-content has-bg-color bg-color-green\">\n\t\t\t\t\t<div class=\"pagehead-content-inner\">\n\t\t\t\t\t\t\t\t\t\t\t\t\t\t\t\t\t\t<h1 class=\"pagehead-headline\" data-aos=\"fade-up\" data-aos-delay=\"100\">Thank you for your download!<\/h1>\t\t\t\t\t\t\t\t\t\t\t<\/div>\n\t\t\t\t<\/div>\n\t\t\t<\/div>\n\t\t\t\n\t\t\t\t<div class=\"pagehead-background\">\n\t\t\t\t<!-- image_id: 10929 | alt: Header Tourenplanung -->\t\t\t\t\t\t\t\t\t<img decoding=\"async\" class=\"test\" src=\"https:\/\/www.prologistik.com\/wp-content\/uploads\/header_tourenplanung.jpg\" alt=\"Header Tourenplanung\" \/>\n\t\t\t\t\n\t\t\t\t<\/div>\n\t\t\t<\/div>\n        \n                    \n            <!-- end:pagehead -->\n        \n            \n\n<section class=\"gb-container gb-container-ae9262fb gb-container-half-padding-top\">\n<div data-aos=\"fade-up\" class=\"gb-container gb-container-7e7bc3e9\">\n\n<p>If you have any questions or need further information, please do not hesitate to contact us at any time \u2013 we are happy to assist you.<\/p>\n\n\n\n<p>Yours sincerely<br>Your team at the proLogistik Group<\/p>\n\n<\/div>\n<\/section>\n\n\n<p><\/p>\n","protected":false},"excerpt":{"rendered":"<p>If you have any questions or need further information, please do not hesitate to contact us at any time \u2013 we are happy to assist you. Yours sincerelyYour team at the proLogistik Group<\/p>\n","protected":false},"author":7,"featured_media":0,"parent":0,"menu_order":34,"comment_status":"closed","ping_status":"closed","template":"","meta":{"_acf_changed":false,"footnotes":""},"class_list":["post-43089","page","type-page","status-publish"],"acf":[],"yoast_head":"<!-- This site is optimized with the Yoast SEO Premium plugin v26.9 (Yoast SEO v27.3) - https:\/\/yoast.com\/product\/yoast-seo-premium-wordpress\/ -->\n<title>Danke f\u00fcr Ihre Anmeldung | proLogistik<\/title>\n<meta name=\"description\" content=\"Danke, dass Sie Benachrichtigungen \u00fcber Neuigkeiten rund um Supply Chain-L\u00f6sungen der proLogstik Group abonniert haben.\" \/>\n<meta name=\"robots\" content=\"index, follow, max-snippet:-1, max-image-preview:large, max-video-preview:-1\" \/>\n<link rel=\"canonical\" href=\"https:\/\/www.prologistik.com\/en\/thanks-for-your-download-request-2\/\" \/>\n<meta property=\"og:locale\" content=\"en_US\" \/>\n<meta property=\"og:type\" content=\"article\" \/>\n<meta property=\"og:title\" content=\"Thank you for your download\" \/>\n<meta property=\"og:description\" content=\"Danke, dass Sie Benachrichtigungen \u00fcber Neuigkeiten rund um Supply Chain-L\u00f6sungen der proLogstik Group abonniert haben.\" \/>\n<meta property=\"og:url\" content=\"https:\/\/www.prologistik.com\/en\/thanks-for-your-download-request-2\/\" \/>\n<meta property=\"og:site_name\" content=\"proLogistik Group\" \/>\n<meta property=\"article:modified_time\" content=\"2025-01-17T13:56:47+00:00\" \/>\n<meta name=\"twitter:card\" content=\"summary_large_image\" \/>\n<script type=\"application\/ld+json\" class=\"yoast-schema-graph\">{\"@context\":\"https:\\\/\\\/schema.org\",\"@graph\":[{\"@type\":\"WebPage\",\"@id\":\"https:\\\/\\\/www.prologistik.com\\\/en\\\/thanks-for-your-download-request-2\\\/\",\"url\":\"https:\\\/\\\/www.prologistik.com\\\/en\\\/thanks-for-your-download-request-2\\\/\",\"name\":\"Danke f\u00fcr Ihre Anmeldung | proLogistik\",\"isPartOf\":{\"@id\":\"https:\\\/\\\/www.prologistik.com\\\/en\\\/#website\"},\"datePublished\":\"2024-11-19T12:42:25+00:00\",\"dateModified\":\"2025-01-17T13:56:47+00:00\",\"description\":\"Danke, dass Sie Benachrichtigungen \u00fcber Neuigkeiten rund um Supply Chain-L\u00f6sungen der proLogstik Group abonniert haben.\",\"breadcrumb\":{\"@id\":\"https:\\\/\\\/www.prologistik.com\\\/en\\\/thanks-for-your-download-request-2\\\/#breadcrumb\"},\"inLanguage\":\"en-US\",\"potentialAction\":[{\"@type\":\"ReadAction\",\"target\":[\"https:\\\/\\\/www.prologistik.com\\\/en\\\/thanks-for-your-download-request-2\\\/\"]}]},{\"@type\":\"BreadcrumbList\",\"@id\":\"https:\\\/\\\/www.prologistik.com\\\/en\\\/thanks-for-your-download-request-2\\\/#breadcrumb\",\"itemListElement\":[{\"@type\":\"ListItem\",\"position\":1,\"name\":\"Startseite\",\"item\":\"https:\\\/\\\/www.prologistik.com\\\/en\\\/\"},{\"@type\":\"ListItem\",\"position\":2,\"name\":\"Thank you for your download\"}]},{\"@type\":\"WebSite\",\"@id\":\"https:\\\/\\\/www.prologistik.com\\\/en\\\/#website\",\"url\":\"https:\\\/\\\/www.prologistik.com\\\/en\\\/\",\"name\":\"proLogistik Group\",\"description\":\"Software und Hardware f\u00fcr die Intralogistik\",\"publisher\":{\"@id\":\"https:\\\/\\\/www.prologistik.com\\\/en\\\/#organization\"},\"potentialAction\":[{\"@type\":\"SearchAction\",\"target\":{\"@type\":\"EntryPoint\",\"urlTemplate\":\"https:\\\/\\\/www.prologistik.com\\\/en\\\/?s={search_term_string}\"},\"query-input\":{\"@type\":\"PropertyValueSpecification\",\"valueRequired\":true,\"valueName\":\"search_term_string\"}}],\"inLanguage\":\"en-US\"},{\"@type\":\"Organization\",\"@id\":\"https:\\\/\\\/www.prologistik.com\\\/en\\\/#organization\",\"name\":\"proLogistik Group\",\"url\":\"https:\\\/\\\/www.prologistik.com\\\/en\\\/\",\"logo\":{\"@type\":\"ImageObject\",\"inLanguage\":\"en-US\",\"@id\":\"https:\\\/\\\/www.prologistik.com\\\/en\\\/#\\\/schema\\\/logo\\\/image\\\/\",\"url\":\"https:\\\/\\\/www.prologistik.com\\\/wp-content\\\/uploads\\\/prologistik-logo-web.svg\",\"contentUrl\":\"https:\\\/\\\/www.prologistik.com\\\/wp-content\\\/uploads\\\/prologistik-logo-web.svg\",\"width\":320,\"height\":59,\"caption\":\"proLogistik Group\"},\"image\":{\"@id\":\"https:\\\/\\\/www.prologistik.com\\\/en\\\/#\\\/schema\\\/logo\\\/image\\\/\"}}]}<\/script>\n<!-- \/ Yoast SEO Premium plugin. -->","yoast_head_json":{"title":"Danke f\u00fcr Ihre Anmeldung | proLogistik","description":"Danke, dass Sie Benachrichtigungen \u00fcber Neuigkeiten rund um Supply Chain-L\u00f6sungen der proLogstik Group abonniert haben.","robots":{"index":"index","follow":"follow","max-snippet":"max-snippet:-1","max-image-preview":"max-image-preview:large","max-video-preview":"max-video-preview:-1"},"canonical":"https:\/\/www.prologistik.com\/en\/thanks-for-your-download-request-2\/","og_locale":"en_US","og_type":"article","og_title":"Thank you for your download","og_description":"Danke, dass Sie Benachrichtigungen \u00fcber Neuigkeiten rund um Supply Chain-L\u00f6sungen der proLogstik Group abonniert haben.","og_url":"https:\/\/www.prologistik.com\/en\/thanks-for-your-download-request-2\/","og_site_name":"proLogistik Group","article_modified_time":"2025-01-17T13:56:47+00:00","twitter_card":"summary_large_image","schema":{"@context":"https:\/\/schema.org","@graph":[{"@type":"WebPage","@id":"https:\/\/www.prologistik.com\/en\/thanks-for-your-download-request-2\/","url":"https:\/\/www.prologistik.com\/en\/thanks-for-your-download-request-2\/","name":"Danke f\u00fcr Ihre Anmeldung | proLogistik","isPartOf":{"@id":"https:\/\/www.prologistik.com\/en\/#website"},"datePublished":"2024-11-19T12:42:25+00:00","dateModified":"2025-01-17T13:56:47+00:00","description":"Danke, dass Sie Benachrichtigungen \u00fcber Neuigkeiten rund um Supply Chain-L\u00f6sungen der proLogstik Group abonniert haben.","breadcrumb":{"@id":"https:\/\/www.prologistik.com\/en\/thanks-for-your-download-request-2\/#breadcrumb"},"inLanguage":"en-US","potentialAction":[{"@type":"ReadAction","target":["https:\/\/www.prologistik.com\/en\/thanks-for-your-download-request-2\/"]}]},{"@type":"BreadcrumbList","@id":"https:\/\/www.prologistik.com\/en\/thanks-for-your-download-request-2\/#breadcrumb","itemListElement":[{"@type":"ListItem","position":1,"name":"Startseite","item":"https:\/\/www.prologistik.com\/en\/"},{"@type":"ListItem","position":2,"name":"Thank you for your download"}]},{"@type":"WebSite","@id":"https:\/\/www.prologistik.com\/en\/#website","url":"https:\/\/www.prologistik.com\/en\/","name":"proLogistik Group","description":"Software und Hardware f\u00fcr die Intralogistik","publisher":{"@id":"https:\/\/www.prologistik.com\/en\/#organization"},"potentialAction":[{"@type":"SearchAction","target":{"@type":"EntryPoint","urlTemplate":"https:\/\/www.prologistik.com\/en\/?s={search_term_string}"},"query-input":{"@type":"PropertyValueSpecification","valueRequired":true,"valueName":"search_term_string"}}],"inLanguage":"en-US"},{"@type":"Organization","@id":"https:\/\/www.prologistik.com\/en\/#organization","name":"proLogistik Group","url":"https:\/\/www.prologistik.com\/en\/","logo":{"@type":"ImageObject","inLanguage":"en-US","@id":"https:\/\/www.prologistik.com\/en\/#\/schema\/logo\/image\/","url":"https:\/\/www.prologistik.com\/wp-content\/uploads\/prologistik-logo-web.svg","contentUrl":"https:\/\/www.prologistik.com\/wp-content\/uploads\/prologistik-logo-web.svg","width":320,"height":59,"caption":"proLogistik Group"},"image":{"@id":"https:\/\/www.prologistik.com\/en\/#\/schema\/logo\/image\/"}}]}},"_links":{"self":[{"href":"https:\/\/www.prologistik.com\/en\/wp-json\/wp\/v2\/pages\/43089","targetHints":{"allow":["GET"]}}],"collection":[{"href":"https:\/\/www.prologistik.com\/en\/wp-json\/wp\/v2\/pages"}],"about":[{"href":"https:\/\/www.prologistik.com\/en\/wp-json\/wp\/v2\/types\/page"}],"author":[{"embeddable":true,"href":"https:\/\/www.prologistik.com\/en\/wp-json\/wp\/v2\/users\/7"}],"replies":[{"embeddable":true,"href":"https:\/\/www.prologistik.com\/en\/wp-json\/wp\/v2\/comments?post=43089"}],"version-history":[{"count":3,"href":"https:\/\/www.prologistik.com\/en\/wp-json\/wp\/v2\/pages\/43089\/revisions"}],"predecessor-version":[{"id":43108,"href":"https:\/\/www.prologistik.com\/en\/wp-json\/wp\/v2\/pages\/43089\/revisions\/43108"}],"wp:attachment":[{"href":"https:\/\/www.prologistik.com\/en\/wp-json\/wp\/v2\/media?parent=43089"}],"curies":[{"name":"wp","href":"https:\/\/api.w.org\/{rel}","templated":true}]}}